{"id":12204,"date":"2025-03-25T10:31:55","date_gmt":"2025-03-25T10:31:55","guid":{"rendered":"https:\/\/addio.eu\/product\/panel-de-interruptores-8\/"},"modified":"2025-03-25T10:31:55","modified_gmt":"2025-03-25T10:31:55","slug":"panel-de-interruptores-8","status":"publish","type":"product","link":"https:\/\/addio.eu\/es\/producto\/panel-de-interruptores-8\/","title":{"rendered":"Panel de interruptores 8"},"content":{"rendered":"<p class=\"\" data-start=\"660\" data-end=\"682\"><strong data-start=\"660\" data-end=\"682\">Color e iluminaci\u00f3n<\/strong><\/p>\n<p class=\"\" data-start=\"684\" data-end=\"919\">Todos los botones del panel de control est\u00e1n iluminados y se pueden configurar con los siguientes colores: verde, azul, amarillo, naranja, blanco y rojo. Tanto el color de la luz de fondo como el color activo se pueden configurar en el men\u00fa de cada bot\u00f3n. <\/p>\n<p class=\"\" data-start=\"921\" data-end=\"1055\">La intensidad de la luz de los botones se ajusta autom\u00e1ticamente en funci\u00f3n de las condiciones de luz ambiental, gracias a un sensor de luz incorporado.<\/p>\n<p class=\"\" data-start=\"1057\" data-end=\"1085\"><strong data-start=\"1057\" data-end=\"1085\">Zumbador y sonidos de los botones<\/strong><\/p>\n<p class=\"\" data-start=\"1087\" data-end=\"1344\">El panel de control cuenta con un zumbador incorporado, que puede proporcionar informaci\u00f3n con un breve pitido cuando se pulsa un bot\u00f3n. El zumbador tambi\u00e9n se puede controlar desde una fuente externa, como una entrada, una salida o una salida virtual, para activar funciones de alarma y mucho m\u00e1s. <\/p>\n<p class=\"\" data-start=\"1346\" data-end=\"1380\"><strong data-start=\"1346\" data-end=\"1380\">Instalaci\u00f3n y configuraci\u00f3n<\/strong><\/p>\n<p class=\"\" data-start=\"1382\" data-end=\"1525\">La configuraci\u00f3n de las funciones de los botones, los colores activos y pasivos, y mucho m\u00e1s, se almacena en nuestras cajas de rel\u00e9s y se realiza a trav\u00e9s de nuestro software, Addio CC.<\/p>\n<p data-start=\"1382\" data-end=\"1525\"><strong>Incluido en la caja<\/strong><br \/>\nLos paneles de interruptores Addio vienen con un cable de 5 metros y pegatinas adhesivas para los botones.<br \/>\nUn Art. no alternativo tambi\u00e9n incluye un soporte. <\/p>\n","protected":false},"excerpt":{"rendered":"<p class=\"\" data-start=\"62\" data-end=\"120\"><strong data-start=\"62\" data-end=\"120\">F\u00e1cil cableado e instalaci\u00f3n con los paneles de control Addio<\/strong><\/p>\n<p>Los paneles de control Addio son f\u00e1ciles de instalar utilizando la cinta de doble cara incluida o con un soporte de montaje (disponible como accesorio). Los teclados se conectan al puerto COM\/CAN de la caja de rel\u00e9s a trav\u00e9s del cable incluido. <\/p>\n<p>Los paneles de interruptores Addio son compatibles tanto con nuestros DRB de 12 V como con los de 24 V.<\/p>\n<div id=\"tw-target-rmn-container\" class=\"tw-target-rmn tw-ta-container tw-nfl\" tabindex=\"0\" role=\"text\">\n<p id=\"tw-target-rmn\" class=\"tw-data-placeholder tw-text-small tw-ta\" dir=\"ltr\"><strong data-start=\"333\" data-end=\"345\">Caracter\u00edsticas<\/strong><\/p>\n<\/div>\n<p class=\"\" data-start=\"347\" data-end=\"523\">Cada bot\u00f3n se puede configurar para controlar m\u00faltiples funciones y puede activar una salida y\/o servir como indicador para mostrar si una entrada, salida u otra funci\u00f3n interna espec\u00edfica.<\/p>\n<p class=\"\" data-start=\"525\" data-end=\"658\">Se pueden utilizar hasta cuatro paneles de control en un sistema, y se pueden configurar individualmente o funcionar en paralelo (cableado de escalera).<\/p>\n","protected":false},"featured_media":6239,"comment_status":"open","ping_status":"closed","template":"","meta":[],"product_brand":[],"product_cat":[328],"product_tag":[329],"class_list":{"0":"post-12204","1":"product","2":"type-product","3":"status-publish","4":"has-post-thumbnail","6":"product_cat-paneles-de-interruptores","7":"product_tag-8-botones","9":"first","10":"instock","11":"shipping-taxable","12":"product-type-simple"},"yoast_head":"<!-- This site is optimized with the Yoast SEO plugin v26.0 - https:\/\/yoast.com\/wordpress\/plugins\/seo\/ -->\n<title>Panel de interruptores 8 - Addio Electronics<\/title>\n<meta name=\"robots\" content=\"index, follow, max-snippet:-1, max-image-preview:large, max-video-preview:-1\" \/>\n<link rel=\"canonical\" href=\"https:\/\/addio.eu\/es\/producto\/panel-de-interruptores-8\/\" \/>\n<meta property=\"og:locale\" content=\"es_ES\" \/>\n<meta property=\"og:type\" content=\"article\" \/>\n<meta property=\"og:title\" content=\"Panel de interruptores 8 - Addio Electronics\" \/>\n<meta property=\"og:description\" content=\"F\u00e1cil cableado e instalaci\u00f3n con los paneles de control Addio Los paneles de control Addio son f\u00e1ciles de instalar utilizando la cinta de doble cara incluida o con un soporte de montaje (disponible como accesorio). Los teclados se conectan al puerto COM\/CAN de la caja de rel\u00e9s a trav\u00e9s del cable incluido.  Los paneles de interruptores Addio son compatibles tanto con nuestros DRB de 12 V como con los de 24 V. Caracter\u00edsticas  Cada bot\u00f3n se puede configurar para controlar m\u00faltiples funciones y puede activar una salida y\/o servir como indicador para mostrar si una entrada, salida u otra funci\u00f3n interna espec\u00edfica. Se pueden utilizar hasta cuatro paneles de control en un sistema, y se pueden configurar individualmente o funcionar en paralelo (cableado de escalera).\" \/>\n<meta property=\"og:url\" content=\"https:\/\/addio.eu\/es\/producto\/panel-de-interruptores-8\/\" \/>\n<meta property=\"og:site_name\" content=\"Addio Electronics\" \/>\n<meta property=\"article:publisher\" content=\"https:\/\/www.facebook.com\/AddioElectronicsAB\/\" \/>\n<meta property=\"og:image\" content=\"https:\/\/addio.eu\/wp-content\/uploads\/2025\/03\/sw8.png\" \/>\n\t<meta property=\"og:image:width\" content=\"1328\" \/>\n\t<meta property=\"og:image:height\" content=\"638\" \/>\n\t<meta property=\"og:image:type\" content=\"image\/png\" \/>\n<meta name=\"twitter:card\" content=\"summary_large_image\" \/>\n<meta name=\"twitter:label1\" content=\"Tiempo de lectura\" \/>\n\t<meta name=\"twitter:data1\" content=\"1 minuto\" \/>\n<script type=\"application\/ld+json\" class=\"yoast-schema-graph\">{\"@context\":\"https:\/\/schema.org\",\"@graph\":[{\"@type\":\"WebPage\",\"@id\":\"https:\/\/addio.eu\/es\/producto\/panel-de-interruptores-8\/\",\"url\":\"https:\/\/addio.eu\/es\/producto\/panel-de-interruptores-8\/\",\"name\":\"Panel de interruptores 8 - Addio Electronics\",\"isPartOf\":{\"@id\":\"https:\/\/addio.eu\/es\/#website\"},\"primaryImageOfPage\":{\"@id\":\"https:\/\/addio.eu\/es\/producto\/panel-de-interruptores-8\/#primaryimage\"},\"image\":{\"@id\":\"https:\/\/addio.eu\/es\/producto\/panel-de-interruptores-8\/#primaryimage\"},\"thumbnailUrl\":\"https:\/\/addio.eu\/wp-content\/uploads\/2025\/03\/sw8.png\",\"datePublished\":\"2025-03-25T10:31:55+00:00\",\"breadcrumb\":{\"@id\":\"https:\/\/addio.eu\/es\/producto\/panel-de-interruptores-8\/#breadcrumb\"},\"inLanguage\":\"es\",\"potentialAction\":[{\"@type\":\"ReadAction\",\"target\":[\"https:\/\/addio.eu\/es\/producto\/panel-de-interruptores-8\/\"]}]},{\"@type\":\"ImageObject\",\"inLanguage\":\"es\",\"@id\":\"https:\/\/addio.eu\/es\/producto\/panel-de-interruptores-8\/#primaryimage\",\"url\":\"https:\/\/addio.eu\/wp-content\/uploads\/2025\/03\/sw8.png\",\"contentUrl\":\"https:\/\/addio.eu\/wp-content\/uploads\/2025\/03\/sw8.png\",\"width\":1328,\"height\":638},{\"@type\":\"BreadcrumbList\",\"@id\":\"https:\/\/addio.eu\/es\/producto\/panel-de-interruptores-8\/#breadcrumb\",\"itemListElement\":[{\"@type\":\"ListItem\",\"position\":1,\"name\":\"Home\",\"item\":\"https:\/\/addio.eu\/es\/pagina-de-inicio-de-addio\/\"},{\"@type\":\"ListItem\",\"position\":2,\"name\":\"Productos\",\"item\":\"https:\/\/addio.eu\/es\/productos\/\"},{\"@type\":\"ListItem\",\"position\":3,\"name\":\"Panel de interruptores 8\"}]},{\"@type\":\"WebSite\",\"@id\":\"https:\/\/addio.eu\/es\/#website\",\"url\":\"https:\/\/addio.eu\/es\/\",\"name\":\"addio.eu\",\"description\":\"\",\"publisher\":{\"@id\":\"https:\/\/addio.eu\/es\/#organization\"},\"potentialAction\":[{\"@type\":\"SearchAction\",\"target\":{\"@type\":\"EntryPoint\",\"urlTemplate\":\"https:\/\/addio.eu\/es\/?s={search_term_string}\"},\"query-input\":{\"@type\":\"PropertyValueSpecification\",\"valueRequired\":true,\"valueName\":\"search_term_string\"}}],\"inLanguage\":\"es\"},{\"@type\":\"Organization\",\"@id\":\"https:\/\/addio.eu\/es\/#organization\",\"name\":\"Addio electronics\",\"url\":\"https:\/\/addio.eu\/es\/\",\"logo\":{\"@type\":\"ImageObject\",\"inLanguage\":\"es\",\"@id\":\"https:\/\/addio.eu\/es\/#\/schema\/logo\/image\/\",\"url\":\"https:\/\/addio.eu\/wp-content\/uploads\/2024\/10\/Lager_1-1.svg\",\"contentUrl\":\"https:\/\/addio.eu\/wp-content\/uploads\/2024\/10\/Lager_1-1.svg\",\"caption\":\"Addio electronics\"},\"image\":{\"@id\":\"https:\/\/addio.eu\/es\/#\/schema\/logo\/image\/\"},\"sameAs\":[\"https:\/\/www.facebook.com\/AddioElectronicsAB\/\",\"https:\/\/www.linkedin.com\/company\/addio-electronics-ab\"]}]}<\/script>\n<!-- \/ Yoast SEO plugin. -->","yoast_head_json":{"title":"Panel de interruptores 8 - Addio Electronics","robots":{"index":"index","follow":"follow","max-snippet":"max-snippet:-1","max-image-preview":"max-image-preview:large","max-video-preview":"max-video-preview:-1"},"canonical":"https:\/\/addio.eu\/es\/producto\/panel-de-interruptores-8\/","og_locale":"es_ES","og_type":"article","og_title":"Panel de interruptores 8 - Addio Electronics","og_description":"F\u00e1cil cableado e instalaci\u00f3n con los paneles de control Addio Los paneles de control Addio son f\u00e1ciles de instalar utilizando la cinta de doble cara incluida o con un soporte de montaje (disponible como accesorio). Los teclados se conectan al puerto COM\/CAN de la caja de rel\u00e9s a trav\u00e9s del cable incluido.  Los paneles de interruptores Addio son compatibles tanto con nuestros DRB de 12 V como con los de 24 V. Caracter\u00edsticas  Cada bot\u00f3n se puede configurar para controlar m\u00faltiples funciones y puede activar una salida y\/o servir como indicador para mostrar si una entrada, salida u otra funci\u00f3n interna espec\u00edfica. Se pueden utilizar hasta cuatro paneles de control en un sistema, y se pueden configurar individualmente o funcionar en paralelo (cableado de escalera).","og_url":"https:\/\/addio.eu\/es\/producto\/panel-de-interruptores-8\/","og_site_name":"Addio Electronics","article_publisher":"https:\/\/www.facebook.com\/AddioElectronicsAB\/","og_image":[{"width":1328,"height":638,"url":"https:\/\/addio.eu\/wp-content\/uploads\/2025\/03\/sw8.png","type":"image\/png"}],"twitter_card":"summary_large_image","twitter_misc":{"Tiempo de lectura":"1 minuto"},"schema":{"@context":"https:\/\/schema.org","@graph":[{"@type":"WebPage","@id":"https:\/\/addio.eu\/es\/producto\/panel-de-interruptores-8\/","url":"https:\/\/addio.eu\/es\/producto\/panel-de-interruptores-8\/","name":"Panel de interruptores 8 - Addio Electronics","isPartOf":{"@id":"https:\/\/addio.eu\/es\/#website"},"primaryImageOfPage":{"@id":"https:\/\/addio.eu\/es\/producto\/panel-de-interruptores-8\/#primaryimage"},"image":{"@id":"https:\/\/addio.eu\/es\/producto\/panel-de-interruptores-8\/#primaryimage"},"thumbnailUrl":"https:\/\/addio.eu\/wp-content\/uploads\/2025\/03\/sw8.png","datePublished":"2025-03-25T10:31:55+00:00","breadcrumb":{"@id":"https:\/\/addio.eu\/es\/producto\/panel-de-interruptores-8\/#breadcrumb"},"inLanguage":"es","potentialAction":[{"@type":"ReadAction","target":["https:\/\/addio.eu\/es\/producto\/panel-de-interruptores-8\/"]}]},{"@type":"ImageObject","inLanguage":"es","@id":"https:\/\/addio.eu\/es\/producto\/panel-de-interruptores-8\/#primaryimage","url":"https:\/\/addio.eu\/wp-content\/uploads\/2025\/03\/sw8.png","contentUrl":"https:\/\/addio.eu\/wp-content\/uploads\/2025\/03\/sw8.png","width":1328,"height":638},{"@type":"BreadcrumbList","@id":"https:\/\/addio.eu\/es\/producto\/panel-de-interruptores-8\/#breadcrumb","itemListElement":[{"@type":"ListItem","position":1,"name":"Home","item":"https:\/\/addio.eu\/es\/pagina-de-inicio-de-addio\/"},{"@type":"ListItem","position":2,"name":"Productos","item":"https:\/\/addio.eu\/es\/productos\/"},{"@type":"ListItem","position":3,"name":"Panel de interruptores 8"}]},{"@type":"WebSite","@id":"https:\/\/addio.eu\/es\/#website","url":"https:\/\/addio.eu\/es\/","name":"addio.eu","description":"","publisher":{"@id":"https:\/\/addio.eu\/es\/#organization"},"potentialAction":[{"@type":"SearchAction","target":{"@type":"EntryPoint","urlTemplate":"https:\/\/addio.eu\/es\/?s={search_term_string}"},"query-input":{"@type":"PropertyValueSpecification","valueRequired":true,"valueName":"search_term_string"}}],"inLanguage":"es"},{"@type":"Organization","@id":"https:\/\/addio.eu\/es\/#organization","name":"Addio electronics","url":"https:\/\/addio.eu\/es\/","logo":{"@type":"ImageObject","inLanguage":"es","@id":"https:\/\/addio.eu\/es\/#\/schema\/logo\/image\/","url":"https:\/\/addio.eu\/wp-content\/uploads\/2024\/10\/Lager_1-1.svg","contentUrl":"https:\/\/addio.eu\/wp-content\/uploads\/2024\/10\/Lager_1-1.svg","caption":"Addio electronics"},"image":{"@id":"https:\/\/addio.eu\/es\/#\/schema\/logo\/image\/"},"sameAs":["https:\/\/www.facebook.com\/AddioElectronicsAB\/","https:\/\/www.linkedin.com\/company\/addio-electronics-ab"]}]}},"_links":{"self":[{"href":"https:\/\/addio.eu\/es\/wp-json\/wp\/v2\/product\/12204","targetHints":{"allow":["GET"]}}],"collection":[{"href":"https:\/\/addio.eu\/es\/wp-json\/wp\/v2\/product"}],"about":[{"href":"https:\/\/addio.eu\/es\/wp-json\/wp\/v2\/types\/product"}],"replies":[{"embeddable":true,"href":"https:\/\/addio.eu\/es\/wp-json\/wp\/v2\/comments?post=12204"}],"wp:featuredmedia":[{"embeddable":true,"href":"https:\/\/addio.eu\/es\/wp-json\/wp\/v2\/media\/6239"}],"wp:attachment":[{"href":"https:\/\/addio.eu\/es\/wp-json\/wp\/v2\/media?parent=12204"}],"wp:term":[{"taxonomy":"product_brand","embeddable":true,"href":"https:\/\/addio.eu\/es\/wp-json\/wp\/v2\/product_brand?post=12204"},{"taxonomy":"product_cat","embeddable":true,"href":"https:\/\/addio.eu\/es\/wp-json\/wp\/v2\/product_cat?post=12204"},{"taxonomy":"product_tag","embeddable":true,"href":"https:\/\/addio.eu\/es\/wp-json\/wp\/v2\/product_tag?post=12204"}],"curies":[{"name":"wp","href":"https:\/\/api.w.org\/{rel}","templated":true}]}}