{"id":11639,"date":"2025-03-07T11:01:36","date_gmt":"2025-03-07T11:01:36","guid":{"rendered":"https:\/\/addio.eu\/product\/unidad-de-entrada-de-22-canales\/"},"modified":"2025-03-07T11:01:36","modified_gmt":"2025-03-07T11:01:36","slug":"unidad-de-entrada-de-22-canales","status":"publish","type":"product","link":"https:\/\/addio.eu\/es\/producto\/unidad-de-entrada-de-22-canales\/","title":{"rendered":"Unidad de entrada de 22 canales"},"content":{"rendered":"<p><strong>Tama\u00f1o<\/strong><br \/>\n74*71*21 mm<\/p>\n<p><strong>Peso<\/strong><br \/>\n53 g<\/p>\n","protected":false},"excerpt":{"rendered":"<p class=\"\" data-start=\"72\" data-end=\"283\">Como accesorio para los ADV DRB, existe una unidad de entrada con 22 entradas que se conecta al puerto COM\/CAN de los DRB.<\/p>\n<p class=\"\" data-start=\"285\" data-end=\"538\">La unidad cuenta con 3 conectores desmontables de 8 pines. Las entradas est\u00e1n etiquetadas como A, B y C, donde la entrada A tiene 6 entradas junto con conexiones de alimentaci\u00f3n positiva y negativa que se pueden utilizar para alimentar pulsadores externos. Las entradas B y C tienen 8 entradas cada una, numeradas del 1 al 8.  <\/p>\n<p class=\"\" data-start=\"540\" data-end=\"683\">El puerto de comunicaci\u00f3n consta de conectores RJ-10 dobles, que son id\u00e9nticos y est\u00e1n conectados en paralelo, lo que permite utilizar cualquiera de los conectores.<\/p>\n<p class=\"\" data-start=\"30\" data-end=\"270\"><strong>Cree su propio teclado<\/strong><br \/>\nSi desea crear su propio teclado con hasta 22 botones personalizables, como botones robustos para uso en exteriores, puede conectar los botones individuales a esta unidad, que luego se conecta a la unidad DRB a trav\u00e9s de un simple cable (a trav\u00e9s de CANBus).<\/p>\n<p class=\"\" data-start=\"272\" data-end=\"401\">En un sistema Addio, se pueden conectar 2 unidades, lo que le permite tener 22 funciones \u00fanicas en paralelo a trav\u00e9s de dos teclados id\u00e9nticos<\/p>\n","protected":false},"featured_media":5891,"comment_status":"open","ping_status":"closed","template":"","meta":[],"product_brand":[],"product_cat":[281],"product_tag":[],"class_list":{"0":"post-11639","1":"product","2":"type-product","3":"status-publish","4":"has-post-thumbnail","6":"product_cat-conectividad-can","8":"first","9":"instock","10":"shipping-taxable","11":"product-type-simple"},"yoast_head":"<!-- This site is optimized with the Yoast SEO plugin v26.0 - https:\/\/yoast.com\/wordpress\/plugins\/seo\/ -->\n<title>Unidad de entrada de 22 canales - Addio Electronics<\/title>\n<meta name=\"robots\" content=\"index, follow, max-snippet:-1, max-image-preview:large, max-video-preview:-1\" \/>\n<link rel=\"canonical\" href=\"https:\/\/addio.eu\/es\/producto\/unidad-de-entrada-de-22-canales\/\" \/>\n<meta property=\"og:locale\" content=\"es_ES\" \/>\n<meta property=\"og:type\" content=\"article\" \/>\n<meta property=\"og:title\" content=\"Unidad de entrada de 22 canales - Addio Electronics\" \/>\n<meta property=\"og:description\" content=\"Como accesorio para los ADV DRB, existe una unidad de entrada con 22 entradas que se conecta al puerto COM\/CAN de los DRB. La unidad cuenta con 3 conectores desmontables de 8 pines. Las entradas est\u00e1n etiquetadas como A, B y C, donde la entrada A tiene 6 entradas junto con conexiones de alimentaci\u00f3n positiva y negativa que se pueden utilizar para alimentar pulsadores externos. Las entradas B y C tienen 8 entradas cada una, numeradas del 1 al 8.  El puerto de comunicaci\u00f3n consta de conectores RJ-10 dobles, que son id\u00e9nticos y est\u00e1n conectados en paralelo, lo que permite utilizar cualquiera de los conectores. Cree su propio teclado Si desea crear su propio teclado con hasta 22 botones personalizables, como botones robustos para uso en exteriores, puede conectar los botones individuales a esta unidad, que luego se conecta a la unidad DRB a trav\u00e9s de un simple cable (a trav\u00e9s de CANBus). En un sistema Addio, se pueden conectar 2 unidades, lo que le permite tener 22 funciones \u00fanicas en paralelo a trav\u00e9s de dos teclados id\u00e9nticos\" \/>\n<meta property=\"og:url\" content=\"https:\/\/addio.eu\/es\/producto\/unidad-de-entrada-de-22-canales\/\" \/>\n<meta property=\"og:site_name\" content=\"Addio Electronics\" \/>\n<meta property=\"article:publisher\" content=\"https:\/\/www.facebook.com\/AddioElectronicsAB\/\" \/>\n<meta property=\"og:image\" content=\"https:\/\/addio.eu\/wp-content\/uploads\/2025\/03\/IMG_1659-scaled.jpg\" \/>\n\t<meta property=\"og:image:width\" content=\"2560\" \/>\n\t<meta property=\"og:image:height\" content=\"1920\" \/>\n\t<meta property=\"og:image:type\" content=\"image\/jpeg\" \/>\n<meta name=\"twitter:card\" content=\"summary_large_image\" \/>\n<script type=\"application\/ld+json\" class=\"yoast-schema-graph\">{\"@context\":\"https:\/\/schema.org\",\"@graph\":[{\"@type\":\"WebPage\",\"@id\":\"https:\/\/addio.eu\/es\/producto\/unidad-de-entrada-de-22-canales\/\",\"url\":\"https:\/\/addio.eu\/es\/producto\/unidad-de-entrada-de-22-canales\/\",\"name\":\"Unidad de entrada de 22 canales - Addio Electronics\",\"isPartOf\":{\"@id\":\"https:\/\/addio.eu\/es\/#website\"},\"primaryImageOfPage\":{\"@id\":\"https:\/\/addio.eu\/es\/producto\/unidad-de-entrada-de-22-canales\/#primaryimage\"},\"image\":{\"@id\":\"https:\/\/addio.eu\/es\/producto\/unidad-de-entrada-de-22-canales\/#primaryimage\"},\"thumbnailUrl\":\"https:\/\/addio.eu\/wp-content\/uploads\/2025\/03\/IMG_1659-scaled.jpg\",\"datePublished\":\"2025-03-07T11:01:36+00:00\",\"breadcrumb\":{\"@id\":\"https:\/\/addio.eu\/es\/producto\/unidad-de-entrada-de-22-canales\/#breadcrumb\"},\"inLanguage\":\"es\",\"potentialAction\":[{\"@type\":\"ReadAction\",\"target\":[\"https:\/\/addio.eu\/es\/producto\/unidad-de-entrada-de-22-canales\/\"]}]},{\"@type\":\"ImageObject\",\"inLanguage\":\"es\",\"@id\":\"https:\/\/addio.eu\/es\/producto\/unidad-de-entrada-de-22-canales\/#primaryimage\",\"url\":\"https:\/\/addio.eu\/wp-content\/uploads\/2025\/03\/IMG_1659-scaled.jpg\",\"contentUrl\":\"https:\/\/addio.eu\/wp-content\/uploads\/2025\/03\/IMG_1659-scaled.jpg\",\"width\":2560,\"height\":1920},{\"@type\":\"BreadcrumbList\",\"@id\":\"https:\/\/addio.eu\/es\/producto\/unidad-de-entrada-de-22-canales\/#breadcrumb\",\"itemListElement\":[{\"@type\":\"ListItem\",\"position\":1,\"name\":\"Home\",\"item\":\"https:\/\/addio.eu\/es\/pagina-de-inicio-de-addio\/\"},{\"@type\":\"ListItem\",\"position\":2,\"name\":\"Productos\",\"item\":\"https:\/\/addio.eu\/es\/productos\/\"},{\"@type\":\"ListItem\",\"position\":3,\"name\":\"Unidad de entrada de 22 canales\"}]},{\"@type\":\"WebSite\",\"@id\":\"https:\/\/addio.eu\/es\/#website\",\"url\":\"https:\/\/addio.eu\/es\/\",\"name\":\"addio.eu\",\"description\":\"\",\"publisher\":{\"@id\":\"https:\/\/addio.eu\/es\/#organization\"},\"potentialAction\":[{\"@type\":\"SearchAction\",\"target\":{\"@type\":\"EntryPoint\",\"urlTemplate\":\"https:\/\/addio.eu\/es\/?s={search_term_string}\"},\"query-input\":{\"@type\":\"PropertyValueSpecification\",\"valueRequired\":true,\"valueName\":\"search_term_string\"}}],\"inLanguage\":\"es\"},{\"@type\":\"Organization\",\"@id\":\"https:\/\/addio.eu\/es\/#organization\",\"name\":\"Addio electronics\",\"url\":\"https:\/\/addio.eu\/es\/\",\"logo\":{\"@type\":\"ImageObject\",\"inLanguage\":\"es\",\"@id\":\"https:\/\/addio.eu\/es\/#\/schema\/logo\/image\/\",\"url\":\"https:\/\/addio.eu\/wp-content\/uploads\/2024\/10\/Lager_1-1.svg\",\"contentUrl\":\"https:\/\/addio.eu\/wp-content\/uploads\/2024\/10\/Lager_1-1.svg\",\"caption\":\"Addio electronics\"},\"image\":{\"@id\":\"https:\/\/addio.eu\/es\/#\/schema\/logo\/image\/\"},\"sameAs\":[\"https:\/\/www.facebook.com\/AddioElectronicsAB\/\",\"https:\/\/www.linkedin.com\/company\/addio-electronics-ab\"]}]}<\/script>\n<!-- \/ Yoast SEO plugin. -->","yoast_head_json":{"title":"Unidad de entrada de 22 canales - Addio Electronics","robots":{"index":"index","follow":"follow","max-snippet":"max-snippet:-1","max-image-preview":"max-image-preview:large","max-video-preview":"max-video-preview:-1"},"canonical":"https:\/\/addio.eu\/es\/producto\/unidad-de-entrada-de-22-canales\/","og_locale":"es_ES","og_type":"article","og_title":"Unidad de entrada de 22 canales - Addio Electronics","og_description":"Como accesorio para los ADV DRB, existe una unidad de entrada con 22 entradas que se conecta al puerto COM\/CAN de los DRB. La unidad cuenta con 3 conectores desmontables de 8 pines. Las entradas est\u00e1n etiquetadas como A, B y C, donde la entrada A tiene 6 entradas junto con conexiones de alimentaci\u00f3n positiva y negativa que se pueden utilizar para alimentar pulsadores externos. Las entradas B y C tienen 8 entradas cada una, numeradas del 1 al 8.  El puerto de comunicaci\u00f3n consta de conectores RJ-10 dobles, que son id\u00e9nticos y est\u00e1n conectados en paralelo, lo que permite utilizar cualquiera de los conectores. Cree su propio teclado Si desea crear su propio teclado con hasta 22 botones personalizables, como botones robustos para uso en exteriores, puede conectar los botones individuales a esta unidad, que luego se conecta a la unidad DRB a trav\u00e9s de un simple cable (a trav\u00e9s de CANBus). En un sistema Addio, se pueden conectar 2 unidades, lo que le permite tener 22 funciones \u00fanicas en paralelo a trav\u00e9s de dos teclados id\u00e9nticos","og_url":"https:\/\/addio.eu\/es\/producto\/unidad-de-entrada-de-22-canales\/","og_site_name":"Addio Electronics","article_publisher":"https:\/\/www.facebook.com\/AddioElectronicsAB\/","og_image":[{"width":2560,"height":1920,"url":"https:\/\/addio.eu\/wp-content\/uploads\/2025\/03\/IMG_1659-scaled.jpg","type":"image\/jpeg"}],"twitter_card":"summary_large_image","schema":{"@context":"https:\/\/schema.org","@graph":[{"@type":"WebPage","@id":"https:\/\/addio.eu\/es\/producto\/unidad-de-entrada-de-22-canales\/","url":"https:\/\/addio.eu\/es\/producto\/unidad-de-entrada-de-22-canales\/","name":"Unidad de entrada de 22 canales - Addio Electronics","isPartOf":{"@id":"https:\/\/addio.eu\/es\/#website"},"primaryImageOfPage":{"@id":"https:\/\/addio.eu\/es\/producto\/unidad-de-entrada-de-22-canales\/#primaryimage"},"image":{"@id":"https:\/\/addio.eu\/es\/producto\/unidad-de-entrada-de-22-canales\/#primaryimage"},"thumbnailUrl":"https:\/\/addio.eu\/wp-content\/uploads\/2025\/03\/IMG_1659-scaled.jpg","datePublished":"2025-03-07T11:01:36+00:00","breadcrumb":{"@id":"https:\/\/addio.eu\/es\/producto\/unidad-de-entrada-de-22-canales\/#breadcrumb"},"inLanguage":"es","potentialAction":[{"@type":"ReadAction","target":["https:\/\/addio.eu\/es\/producto\/unidad-de-entrada-de-22-canales\/"]}]},{"@type":"ImageObject","inLanguage":"es","@id":"https:\/\/addio.eu\/es\/producto\/unidad-de-entrada-de-22-canales\/#primaryimage","url":"https:\/\/addio.eu\/wp-content\/uploads\/2025\/03\/IMG_1659-scaled.jpg","contentUrl":"https:\/\/addio.eu\/wp-content\/uploads\/2025\/03\/IMG_1659-scaled.jpg","width":2560,"height":1920},{"@type":"BreadcrumbList","@id":"https:\/\/addio.eu\/es\/producto\/unidad-de-entrada-de-22-canales\/#breadcrumb","itemListElement":[{"@type":"ListItem","position":1,"name":"Home","item":"https:\/\/addio.eu\/es\/pagina-de-inicio-de-addio\/"},{"@type":"ListItem","position":2,"name":"Productos","item":"https:\/\/addio.eu\/es\/productos\/"},{"@type":"ListItem","position":3,"name":"Unidad de entrada de 22 canales"}]},{"@type":"WebSite","@id":"https:\/\/addio.eu\/es\/#website","url":"https:\/\/addio.eu\/es\/","name":"addio.eu","description":"","publisher":{"@id":"https:\/\/addio.eu\/es\/#organization"},"potentialAction":[{"@type":"SearchAction","target":{"@type":"EntryPoint","urlTemplate":"https:\/\/addio.eu\/es\/?s={search_term_string}"},"query-input":{"@type":"PropertyValueSpecification","valueRequired":true,"valueName":"search_term_string"}}],"inLanguage":"es"},{"@type":"Organization","@id":"https:\/\/addio.eu\/es\/#organization","name":"Addio electronics","url":"https:\/\/addio.eu\/es\/","logo":{"@type":"ImageObject","inLanguage":"es","@id":"https:\/\/addio.eu\/es\/#\/schema\/logo\/image\/","url":"https:\/\/addio.eu\/wp-content\/uploads\/2024\/10\/Lager_1-1.svg","contentUrl":"https:\/\/addio.eu\/wp-content\/uploads\/2024\/10\/Lager_1-1.svg","caption":"Addio electronics"},"image":{"@id":"https:\/\/addio.eu\/es\/#\/schema\/logo\/image\/"},"sameAs":["https:\/\/www.facebook.com\/AddioElectronicsAB\/","https:\/\/www.linkedin.com\/company\/addio-electronics-ab"]}]}},"_links":{"self":[{"href":"https:\/\/addio.eu\/es\/wp-json\/wp\/v2\/product\/11639","targetHints":{"allow":["GET"]}}],"collection":[{"href":"https:\/\/addio.eu\/es\/wp-json\/wp\/v2\/product"}],"about":[{"href":"https:\/\/addio.eu\/es\/wp-json\/wp\/v2\/types\/product"}],"replies":[{"embeddable":true,"href":"https:\/\/addio.eu\/es\/wp-json\/wp\/v2\/comments?post=11639"}],"wp:featuredmedia":[{"embeddable":true,"href":"https:\/\/addio.eu\/es\/wp-json\/wp\/v2\/media\/5891"}],"wp:attachment":[{"href":"https:\/\/addio.eu\/es\/wp-json\/wp\/v2\/media?parent=11639"}],"wp:term":[{"taxonomy":"product_brand","embeddable":true,"href":"https:\/\/addio.eu\/es\/wp-json\/wp\/v2\/product_brand?post=11639"},{"taxonomy":"product_cat","embeddable":true,"href":"https:\/\/addio.eu\/es\/wp-json\/wp\/v2\/product_cat?post=11639"},{"taxonomy":"product_tag","embeddable":true,"href":"https:\/\/addio.eu\/es\/wp-json\/wp\/v2\/product_tag?post=11639"}],"curies":[{"name":"wp","href":"https:\/\/api.w.org\/{rel}","templated":true}]}}