{"id":11594,"date":"2025-03-07T10:42:15","date_gmt":"2025-03-07T10:42:15","guid":{"rendered":"https:\/\/addio.eu\/product\/bluetooth-ble-5-0-can\/"},"modified":"2025-03-07T10:42:15","modified_gmt":"2025-03-07T10:42:15","slug":"bluetooth-ble-5-0-can","status":"publish","type":"product","link":"https:\/\/addio.eu\/es\/producto\/bluetooth-ble-5-0-can\/","title":{"rendered":"Bluetooth BLE 5.0 CAN"},"content":{"rendered":"<p><strong>Tama\u00f1o<\/strong><br \/>\n50*25*16mm<\/p>\n<p><strong>Peso<\/strong><br \/>\n13g<\/p>\n","protected":false},"excerpt":{"rendered":"<p class=\"\" data-start=\"47\" data-end=\"110\"><strong data-start=\"47\" data-end=\"110\">Unidad Bluetooth para controlar su sistema a trav\u00e9s del tel\u00e9fono m\u00f3vil<\/strong><\/p>\n<p class=\"\" data-start=\"112\" data-end=\"367\">Como accesorio para todas las unidades ADV, se puede conectar un m\u00f3dulo Bluetooth a trav\u00e9s del puerto CAN para el control inal\u00e1mbrico a trav\u00e9s de una aplicaci\u00f3n m\u00f3vil para dispositivos iOS (Apple) y Android. El dispositivo m\u00f3vil debe ser compatible con Bluetooth 4.0 o posterior para establecer una conexi\u00f3n. <\/p>\n<p class=\"\" data-start=\"369\" data-end=\"632\">Es importante colocar el m\u00f3dulo en un lugar donde pueda mantener la mejor conexi\u00f3n posible con el dispositivo m\u00f3vil. Con una l\u00ednea de visi\u00f3n clara, se puede alcanzar un alcance de m\u00e1s de 150 metros, aunque esto depende en gran medida del dispositivo m\u00f3vil que se utilice. <\/p>\n<p class=\"\" data-start=\"634\" data-end=\"763\">El puerto de comunicaci\u00f3n consta de un conector RJ-10 en el lado corto del m\u00f3dulo, que se conecta al puerto COM\/CAN de la unidad.<\/p>\n","protected":false},"featured_media":5873,"comment_status":"open","ping_status":"closed","template":"","meta":[],"product_brand":[],"product_cat":[271],"product_tag":[272],"class_list":{"0":"post-11594","1":"product","2":"type-product","3":"status-publish","4":"has-post-thumbnail","6":"product_cat-bluetooth","7":"product_tag-bluetooth","9":"first","10":"instock","11":"shipping-taxable","12":"product-type-simple"},"yoast_head":"<!-- This site is optimized with the Yoast SEO plugin v26.0 - https:\/\/yoast.com\/wordpress\/plugins\/seo\/ -->\n<title>Bluetooth BLE 5.0 CAN - Addio Electronics<\/title>\n<meta name=\"robots\" content=\"index, follow, max-snippet:-1, max-image-preview:large, max-video-preview:-1\" \/>\n<link rel=\"canonical\" href=\"https:\/\/addio.eu\/es\/producto\/bluetooth-ble-5-0-can\/\" \/>\n<meta property=\"og:locale\" content=\"es_ES\" \/>\n<meta property=\"og:type\" content=\"article\" \/>\n<meta property=\"og:title\" content=\"Bluetooth BLE 5.0 CAN - Addio Electronics\" \/>\n<meta property=\"og:description\" content=\"Unidad Bluetooth para controlar su sistema a trav\u00e9s del tel\u00e9fono m\u00f3vil Como accesorio para todas las unidades ADV, se puede conectar un m\u00f3dulo Bluetooth a trav\u00e9s del puerto CAN para el control inal\u00e1mbrico a trav\u00e9s de una aplicaci\u00f3n m\u00f3vil para dispositivos iOS (Apple) y Android. El dispositivo m\u00f3vil debe ser compatible con Bluetooth 4.0 o posterior para establecer una conexi\u00f3n. Es importante colocar el m\u00f3dulo en un lugar donde pueda mantener la mejor conexi\u00f3n posible con el dispositivo m\u00f3vil. Con una l\u00ednea de visi\u00f3n clara, se puede alcanzar un alcance de m\u00e1s de 150 metros, aunque esto depende en gran medida del dispositivo m\u00f3vil que se utilice. El puerto de comunicaci\u00f3n consta de un conector RJ-10 en el lado corto del m\u00f3dulo, que se conecta al puerto COM\/CAN de la unidad.\" \/>\n<meta property=\"og:url\" content=\"https:\/\/addio.eu\/es\/producto\/bluetooth-ble-5-0-can\/\" \/>\n<meta property=\"og:site_name\" content=\"Addio Electronics\" \/>\n<meta property=\"article:publisher\" content=\"https:\/\/www.facebook.com\/AddioElectronicsAB\/\" \/>\n<meta property=\"og:image\" content=\"https:\/\/addio.eu\/wp-content\/uploads\/2025\/03\/IMG_1545.jpg\" \/>\n\t<meta property=\"og:image:width\" content=\"1065\" \/>\n\t<meta property=\"og:image:height\" content=\"774\" \/>\n\t<meta property=\"og:image:type\" content=\"image\/jpeg\" \/>\n<meta name=\"twitter:card\" content=\"summary_large_image\" \/>\n<script type=\"application\/ld+json\" class=\"yoast-schema-graph\">{\"@context\":\"https:\/\/schema.org\",\"@graph\":[{\"@type\":\"WebPage\",\"@id\":\"https:\/\/addio.eu\/es\/producto\/bluetooth-ble-5-0-can\/\",\"url\":\"https:\/\/addio.eu\/es\/producto\/bluetooth-ble-5-0-can\/\",\"name\":\"Bluetooth BLE 5.0 CAN - Addio Electronics\",\"isPartOf\":{\"@id\":\"https:\/\/addio.eu\/es\/#website\"},\"primaryImageOfPage\":{\"@id\":\"https:\/\/addio.eu\/es\/producto\/bluetooth-ble-5-0-can\/#primaryimage\"},\"image\":{\"@id\":\"https:\/\/addio.eu\/es\/producto\/bluetooth-ble-5-0-can\/#primaryimage\"},\"thumbnailUrl\":\"https:\/\/addio.eu\/wp-content\/uploads\/2025\/03\/IMG_1545.jpg\",\"datePublished\":\"2025-03-07T10:42:15+00:00\",\"breadcrumb\":{\"@id\":\"https:\/\/addio.eu\/es\/producto\/bluetooth-ble-5-0-can\/#breadcrumb\"},\"inLanguage\":\"es\",\"potentialAction\":[{\"@type\":\"ReadAction\",\"target\":[\"https:\/\/addio.eu\/es\/producto\/bluetooth-ble-5-0-can\/\"]}]},{\"@type\":\"ImageObject\",\"inLanguage\":\"es\",\"@id\":\"https:\/\/addio.eu\/es\/producto\/bluetooth-ble-5-0-can\/#primaryimage\",\"url\":\"https:\/\/addio.eu\/wp-content\/uploads\/2025\/03\/IMG_1545.jpg\",\"contentUrl\":\"https:\/\/addio.eu\/wp-content\/uploads\/2025\/03\/IMG_1545.jpg\",\"width\":1065,\"height\":774},{\"@type\":\"BreadcrumbList\",\"@id\":\"https:\/\/addio.eu\/es\/producto\/bluetooth-ble-5-0-can\/#breadcrumb\",\"itemListElement\":[{\"@type\":\"ListItem\",\"position\":1,\"name\":\"Home\",\"item\":\"https:\/\/addio.eu\/es\/pagina-de-inicio-de-addio\/\"},{\"@type\":\"ListItem\",\"position\":2,\"name\":\"Productos\",\"item\":\"https:\/\/addio.eu\/es\/productos\/\"},{\"@type\":\"ListItem\",\"position\":3,\"name\":\"Bluetooth BLE 5.0 CAN\"}]},{\"@type\":\"WebSite\",\"@id\":\"https:\/\/addio.eu\/es\/#website\",\"url\":\"https:\/\/addio.eu\/es\/\",\"name\":\"addio.eu\",\"description\":\"\",\"publisher\":{\"@id\":\"https:\/\/addio.eu\/es\/#organization\"},\"potentialAction\":[{\"@type\":\"SearchAction\",\"target\":{\"@type\":\"EntryPoint\",\"urlTemplate\":\"https:\/\/addio.eu\/es\/?s={search_term_string}\"},\"query-input\":{\"@type\":\"PropertyValueSpecification\",\"valueRequired\":true,\"valueName\":\"search_term_string\"}}],\"inLanguage\":\"es\"},{\"@type\":\"Organization\",\"@id\":\"https:\/\/addio.eu\/es\/#organization\",\"name\":\"Addio electronics\",\"url\":\"https:\/\/addio.eu\/es\/\",\"logo\":{\"@type\":\"ImageObject\",\"inLanguage\":\"es\",\"@id\":\"https:\/\/addio.eu\/es\/#\/schema\/logo\/image\/\",\"url\":\"https:\/\/addio.eu\/wp-content\/uploads\/2024\/10\/Lager_1-1.svg\",\"contentUrl\":\"https:\/\/addio.eu\/wp-content\/uploads\/2024\/10\/Lager_1-1.svg\",\"caption\":\"Addio electronics\"},\"image\":{\"@id\":\"https:\/\/addio.eu\/es\/#\/schema\/logo\/image\/\"},\"sameAs\":[\"https:\/\/www.facebook.com\/AddioElectronicsAB\/\",\"https:\/\/www.linkedin.com\/company\/addio-electronics-ab\"]}]}<\/script>\n<!-- \/ Yoast SEO plugin. -->","yoast_head_json":{"title":"Bluetooth BLE 5.0 CAN - Addio Electronics","robots":{"index":"index","follow":"follow","max-snippet":"max-snippet:-1","max-image-preview":"max-image-preview:large","max-video-preview":"max-video-preview:-1"},"canonical":"https:\/\/addio.eu\/es\/producto\/bluetooth-ble-5-0-can\/","og_locale":"es_ES","og_type":"article","og_title":"Bluetooth BLE 5.0 CAN - Addio Electronics","og_description":"Unidad Bluetooth para controlar su sistema a trav\u00e9s del tel\u00e9fono m\u00f3vil Como accesorio para todas las unidades ADV, se puede conectar un m\u00f3dulo Bluetooth a trav\u00e9s del puerto CAN para el control inal\u00e1mbrico a trav\u00e9s de una aplicaci\u00f3n m\u00f3vil para dispositivos iOS (Apple) y Android. El dispositivo m\u00f3vil debe ser compatible con Bluetooth 4.0 o posterior para establecer una conexi\u00f3n. Es importante colocar el m\u00f3dulo en un lugar donde pueda mantener la mejor conexi\u00f3n posible con el dispositivo m\u00f3vil. Con una l\u00ednea de visi\u00f3n clara, se puede alcanzar un alcance de m\u00e1s de 150 metros, aunque esto depende en gran medida del dispositivo m\u00f3vil que se utilice. El puerto de comunicaci\u00f3n consta de un conector RJ-10 en el lado corto del m\u00f3dulo, que se conecta al puerto COM\/CAN de la unidad.","og_url":"https:\/\/addio.eu\/es\/producto\/bluetooth-ble-5-0-can\/","og_site_name":"Addio Electronics","article_publisher":"https:\/\/www.facebook.com\/AddioElectronicsAB\/","og_image":[{"width":1065,"height":774,"url":"https:\/\/addio.eu\/wp-content\/uploads\/2025\/03\/IMG_1545.jpg","type":"image\/jpeg"}],"twitter_card":"summary_large_image","schema":{"@context":"https:\/\/schema.org","@graph":[{"@type":"WebPage","@id":"https:\/\/addio.eu\/es\/producto\/bluetooth-ble-5-0-can\/","url":"https:\/\/addio.eu\/es\/producto\/bluetooth-ble-5-0-can\/","name":"Bluetooth BLE 5.0 CAN - Addio Electronics","isPartOf":{"@id":"https:\/\/addio.eu\/es\/#website"},"primaryImageOfPage":{"@id":"https:\/\/addio.eu\/es\/producto\/bluetooth-ble-5-0-can\/#primaryimage"},"image":{"@id":"https:\/\/addio.eu\/es\/producto\/bluetooth-ble-5-0-can\/#primaryimage"},"thumbnailUrl":"https:\/\/addio.eu\/wp-content\/uploads\/2025\/03\/IMG_1545.jpg","datePublished":"2025-03-07T10:42:15+00:00","breadcrumb":{"@id":"https:\/\/addio.eu\/es\/producto\/bluetooth-ble-5-0-can\/#breadcrumb"},"inLanguage":"es","potentialAction":[{"@type":"ReadAction","target":["https:\/\/addio.eu\/es\/producto\/bluetooth-ble-5-0-can\/"]}]},{"@type":"ImageObject","inLanguage":"es","@id":"https:\/\/addio.eu\/es\/producto\/bluetooth-ble-5-0-can\/#primaryimage","url":"https:\/\/addio.eu\/wp-content\/uploads\/2025\/03\/IMG_1545.jpg","contentUrl":"https:\/\/addio.eu\/wp-content\/uploads\/2025\/03\/IMG_1545.jpg","width":1065,"height":774},{"@type":"BreadcrumbList","@id":"https:\/\/addio.eu\/es\/producto\/bluetooth-ble-5-0-can\/#breadcrumb","itemListElement":[{"@type":"ListItem","position":1,"name":"Home","item":"https:\/\/addio.eu\/es\/pagina-de-inicio-de-addio\/"},{"@type":"ListItem","position":2,"name":"Productos","item":"https:\/\/addio.eu\/es\/productos\/"},{"@type":"ListItem","position":3,"name":"Bluetooth BLE 5.0 CAN"}]},{"@type":"WebSite","@id":"https:\/\/addio.eu\/es\/#website","url":"https:\/\/addio.eu\/es\/","name":"addio.eu","description":"","publisher":{"@id":"https:\/\/addio.eu\/es\/#organization"},"potentialAction":[{"@type":"SearchAction","target":{"@type":"EntryPoint","urlTemplate":"https:\/\/addio.eu\/es\/?s={search_term_string}"},"query-input":{"@type":"PropertyValueSpecification","valueRequired":true,"valueName":"search_term_string"}}],"inLanguage":"es"},{"@type":"Organization","@id":"https:\/\/addio.eu\/es\/#organization","name":"Addio electronics","url":"https:\/\/addio.eu\/es\/","logo":{"@type":"ImageObject","inLanguage":"es","@id":"https:\/\/addio.eu\/es\/#\/schema\/logo\/image\/","url":"https:\/\/addio.eu\/wp-content\/uploads\/2024\/10\/Lager_1-1.svg","contentUrl":"https:\/\/addio.eu\/wp-content\/uploads\/2024\/10\/Lager_1-1.svg","caption":"Addio electronics"},"image":{"@id":"https:\/\/addio.eu\/es\/#\/schema\/logo\/image\/"},"sameAs":["https:\/\/www.facebook.com\/AddioElectronicsAB\/","https:\/\/www.linkedin.com\/company\/addio-electronics-ab"]}]}},"_links":{"self":[{"href":"https:\/\/addio.eu\/es\/wp-json\/wp\/v2\/product\/11594","targetHints":{"allow":["GET"]}}],"collection":[{"href":"https:\/\/addio.eu\/es\/wp-json\/wp\/v2\/product"}],"about":[{"href":"https:\/\/addio.eu\/es\/wp-json\/wp\/v2\/types\/product"}],"replies":[{"embeddable":true,"href":"https:\/\/addio.eu\/es\/wp-json\/wp\/v2\/comments?post=11594"}],"wp:featuredmedia":[{"embeddable":true,"href":"https:\/\/addio.eu\/es\/wp-json\/wp\/v2\/media\/5873"}],"wp:attachment":[{"href":"https:\/\/addio.eu\/es\/wp-json\/wp\/v2\/media?parent=11594"}],"wp:term":[{"taxonomy":"product_brand","embeddable":true,"href":"https:\/\/addio.eu\/es\/wp-json\/wp\/v2\/product_brand?post=11594"},{"taxonomy":"product_cat","embeddable":true,"href":"https:\/\/addio.eu\/es\/wp-json\/wp\/v2\/product_cat?post=11594"},{"taxonomy":"product_tag","embeddable":true,"href":"https:\/\/addio.eu\/es\/wp-json\/wp\/v2\/product_tag?post=11594"}],"curies":[{"name":"wp","href":"https:\/\/api.w.org\/{rel}","templated":true}]}}