{"id":11398,"date":"2025-03-07T10:22:19","date_gmt":"2025-03-07T10:22:19","guid":{"rendered":"https:\/\/addio.eu\/product\/drb-10024-8-adv\/"},"modified":"2026-02-10T16:57:57","modified_gmt":"2026-02-10T16:57:57","slug":"drb-10024-8-adv","status":"publish","type":"product","link":"https:\/\/addio.eu\/es\/producto\/drb-10024-8-adv\/","title":{"rendered":"DRB 10024-8 ADV"},"content":{"rendered":"<p>Para funciones automatizadas, el Addio CAN Master se puede conectar y utilizar para la integraci\u00f3n con las se\u00f1ales del veh\u00edculo utilizadas como entradas.<\/p>\n<p>El DRB se configura a trav\u00e9s de nuestro software ADDIO CC.<\/p>\n<table width=\"324\">\n<tbody>\n<tr>\n<td width=\"234\">Modelo<\/td>\n<td width=\"90\">DRB-10024-8 ADV<\/td>\n<\/tr>\n<tr>\n<td width=\"234\">Fuente de alimentaci\u00f3n<\/td>\n<td width=\"90\">18-31 VCC<\/td>\n<\/tr>\n<tr>\n<td width=\"234\">Consumo de energ\u00eda interno (aproximadamente) Modo normal sin salida activa \/ Modo de suspensi\u00f3n<\/td>\n<td width=\"90\">~30mA\/~10mA<\/td>\n<\/tr>\n<tr>\n<td width=\"234\">Protecci\u00f3n contra subtensi\u00f3n (ajustable)<\/td>\n<td width=\"90\">18-25V, pasos de 0,5V<\/td>\n<\/tr>\n<tr>\n<td width=\"234\">Protecci\u00f3n contra sobretensi\u00f3n (ajustable)<\/td>\n<td width=\"90\">26-31V, pasos de 1V<\/td>\n<\/tr>\n<tr>\n<td width=\"234\">Corriente total m\u00e1xima 1 minuto<\/td>\n<td width=\"90\">100A<\/td>\n<\/tr>\n<tr>\n<td width=\"234\">Corriente total m\u00e1xima continua<\/td>\n<td width=\"90\">100A<\/td>\n<\/tr>\n<tr>\n<td width=\"234\">N\u00famero total de entradas<\/td>\n<td width=\"90\">8 unidades<\/td>\n<\/tr>\n<tr>\n<td width=\"234\">Entradas digitales<\/td>\n<td width=\"90\">4 de 8 unidades<\/td>\n<\/tr>\n<tr>\n<td width=\"234\">Entradas anal\u00f3gicas<\/td>\n<td width=\"90\">4 de 8 unidades<\/td>\n<\/tr>\n<tr>\n<td width=\"234\">Resistencia de entrada @12V<\/td>\n<td width=\"90\">22k\u03a9<\/td>\n<\/tr>\n<tr>\n<td width=\"234\">Conexiones de entradas (terminales de tornillo enchufables)<\/td>\n<td width=\"90\">10 polos incl. +\/-<\/td>\n<\/tr>\n<tr>\n<td width=\"234\">N\u00famero de salidas<\/td>\n<td width=\"90\">8 unidades<\/td>\n<\/tr>\n<tr>\n<td width=\"234\">Conexiones de salida<\/td>\n<td width=\"90\">Conector de crimpado de cable<\/td>\n<\/tr>\n<tr>\n<td width=\"234\">Tama\u00f1o del fusible A, salidas<\/td>\n<td width=\"90\">5, 10, 15, 20, 25, 30<\/td>\n<\/tr>\n<tr>\n<td width=\"234\">Conexi\u00f3n de la fuente de alimentaci\u00f3n<\/td>\n<td width=\"90\">Tuerca M5<\/td>\n<\/tr>\n<tr>\n<td width=\"234\">Bluetooth<\/td>\n<td width=\"90\">S\u00ed, accesorio<\/td>\n<\/tr>\n<tr>\n<td width=\"234\">Control de motor H-Bridge (corriente preliminar)<\/td>\n<td width=\"90\">s\u00ed, m\u00e1x. 12A<\/td>\n<\/tr>\n<tr>\n<td width=\"234\">Indicaci\u00f3n de error<\/td>\n<td width=\"90\">LED RGB compartido<\/td>\n<\/tr>\n<tr>\n<td width=\"234\">Led por salida (color ajustable)<\/td>\n<td width=\"90\">s\u00ed, RGB<\/td>\n<\/tr>\n<tr>\n<td width=\"234\">Bus de comunicaci\u00f3n (bus CAN)<\/td>\n<td width=\"90\">S\u00ed, 2 unidades RJ10<\/td>\n<\/tr>\n<tr>\n<td width=\"234\">Conexiones de ordenador<\/td>\n<td width=\"90\">USB Mini<\/td>\n<\/tr>\n<tr>\n<td width=\"234\">Se\u00f1ales de puesta a tierra<\/td>\n<td width=\"90\">S\u00ed, con pull-up interno. Entrada 1-4<\/td>\n<\/tr>\n<tr>\n<td width=\"234\">Controlador manual, paneles de interruptores, sensores, etc.<\/td>\n<td width=\"90\">S\u00ed, como accesorio<\/td>\n<\/tr>\n<tr>\n<td width=\"234\">Tama\u00f1o (mm)<\/td>\n<td width=\"90\">170x92x21<\/td>\n<\/tr>\n<tr>\n<td width=\"234\">Peso<\/td>\n<td width=\"90\">206 g<\/td>\n<\/tr>\n<\/tbody>\n<\/table>\n","protected":false},"excerpt":{"rendered":"<div class=\"elementor-element elementor-element-28a1869 elementor-widget elementor-widget-woocommerce-product-title elementor-page-title elementor-widget-heading\" data-id=\"28a1869\" data-element_type=\"widget\" data-widget_type=\"woocommerce-product-title.default\">\n<div class=\"elementor-widget-container\"><\/div>\n<\/div>\n<div class=\"elementor-element elementor-element-b951bf8 elementor-widget elementor-widget-woocommerce-product-short-description\" data-id=\"b951bf8\" data-element_type=\"widget\" data-widget_type=\"woocommerce-product-short-description.default\">\n<div class=\"elementor-widget-container\">\n<div class=\"woocommerce-product-details__short-description\">\n<p class=\"\" data-start=\"112\" data-end=\"430\">DRB 10024-8 ADV es nuestra unidad de 24 V m\u00e1s potente, con 8 salidas y 8 entradas, y una corriente total continua de 100 amperios distribuidos en todas las salidas.<\/p>\n<p>Al igual que todos nuestros DRB, el 10024-8 ADV ofrece una amplia gama de caracter\u00edsticas, tales como:<\/p>\n<ul>\n<li>Funciones de rel\u00e9 como flash, atenuador y temporizador<\/li>\n<li>Funci\u00f3n de fusible a trav\u00e9s de interruptores de alta corriente<\/li>\n<li>Protecci\u00f3n de la bater\u00eda a trav\u00e9s de temporizadores o protecci\u00f3n de voltaje, individualmente por salida<\/li>\n<li>Funciones l\u00f3gicas basadas en reglas<\/li>\n<li>Hasta tres funciones diferentes por salida, como fija o intermitente<\/li>\n<\/ul>\n<p class=\"\" data-start=\"112\" data-end=\"430\">Las salidas est\u00e1n protegidas digitalmente hasta 30 amperios por salida.<\/p>\n<p class=\"\" data-start=\"432\" data-end=\"679\">La unidad se controla idealmente mediante nuestro panel de control de 8 botones (accesorio) conectado a trav\u00e9s de CAN-Bus, pero tambi\u00e9n se pueden configurar interruptores normales u otros tipos de se\u00f1ales, tanto digitales (alto\/bajo) como anal\u00f3gicas (voltajes variables), para controlar cada salida.<\/p>\n<\/div>\n<\/div>\n<\/div>\n","protected":false},"featured_media":11401,"comment_status":"open","ping_status":"closed","template":"","meta":[],"product_brand":[],"product_cat":[180],"product_tag":[182,236,234,235],"class_list":{"0":"post-11398","1":"product","2":"type-product","3":"status-publish","4":"has-post-thumbnail","6":"product_cat-cajas-de-reles-digitales","7":"product_tag-2-puertos-can","8":"product_tag-24v","9":"product_tag-8-entradas","10":"product_tag-8-salidas","12":"first","13":"instock","14":"shipping-taxable","15":"product-type-simple"},"yoast_head":"<!-- This site is optimized with the Yoast SEO plugin v26.0 - https:\/\/yoast.com\/wordpress\/plugins\/seo\/ -->\n<title>DRB 10024-8 ADV - Addio Electronics<\/title>\n<meta name=\"robots\" content=\"index, follow, max-snippet:-1, max-image-preview:large, max-video-preview:-1\" \/>\n<link rel=\"canonical\" href=\"https:\/\/addio.eu\/es\/producto\/drb-10024-8-adv\/\" \/>\n<meta property=\"og:locale\" content=\"es_ES\" \/>\n<meta property=\"og:type\" content=\"article\" \/>\n<meta property=\"og:title\" content=\"DRB 10024-8 ADV - Addio Electronics\" \/>\n<meta property=\"og:description\" content=\"DRB 10024-8 ADV es nuestra unidad de 24 V m\u00e1s potente, con 8 salidas y 8 entradas, y una corriente total continua de 100 amperios distribuidos en todas las salidas. Al igual que todos nuestros DRB, el 10024-8 ADV ofrece una amplia gama de caracter\u00edsticas, tales como:  Funciones de rel\u00e9 como flash, atenuador y temporizador  Funci\u00f3n de fusible a trav\u00e9s de interruptores de alta corriente  Protecci\u00f3n de la bater\u00eda a trav\u00e9s de temporizadores o protecci\u00f3n de voltaje, individualmente por salida  Funciones l\u00f3gicas basadas en reglas  Hasta tres funciones diferentes por salida, como fija o intermitente Las salidas est\u00e1n protegidas digitalmente hasta 30 amperios por salida. La unidad se controla idealmente mediante nuestro panel de control de 8 botones (accesorio) conectado a trav\u00e9s de CAN-Bus, pero tambi\u00e9n se pueden configurar interruptores normales u otros tipos de se\u00f1ales, tanto digitales (alto\/bajo) como anal\u00f3gicas (voltajes variables), para controlar cada salida.\" \/>\n<meta property=\"og:url\" content=\"https:\/\/addio.eu\/es\/producto\/drb-10024-8-adv\/\" \/>\n<meta property=\"og:site_name\" content=\"Addio Electronics\" \/>\n<meta property=\"article:publisher\" content=\"https:\/\/www.facebook.com\/AddioElectronicsAB\/\" \/>\n<meta property=\"article:modified_time\" content=\"2026-02-10T16:57:57+00:00\" \/>\n<meta property=\"og:image\" content=\"https:\/\/addio.eu\/wp-content\/uploads\/2025\/03\/IMG_1808-scaled.jpg\" \/>\n\t<meta property=\"og:image:width\" content=\"2560\" \/>\n\t<meta property=\"og:image:height\" content=\"1658\" \/>\n\t<meta property=\"og:image:type\" content=\"image\/jpeg\" \/>\n<meta name=\"twitter:card\" content=\"summary_large_image\" \/>\n<meta name=\"twitter:label1\" content=\"Tiempo de lectura\" \/>\n\t<meta name=\"twitter:data1\" content=\"1 minuto\" \/>\n<script type=\"application\/ld+json\" class=\"yoast-schema-graph\">{\"@context\":\"https:\/\/schema.org\",\"@graph\":[{\"@type\":\"WebPage\",\"@id\":\"https:\/\/addio.eu\/es\/producto\/drb-10024-8-adv\/\",\"url\":\"https:\/\/addio.eu\/es\/producto\/drb-10024-8-adv\/\",\"name\":\"DRB 10024-8 ADV - Addio Electronics\",\"isPartOf\":{\"@id\":\"https:\/\/addio.eu\/es\/#website\"},\"primaryImageOfPage\":{\"@id\":\"https:\/\/addio.eu\/es\/producto\/drb-10024-8-adv\/#primaryimage\"},\"image\":{\"@id\":\"https:\/\/addio.eu\/es\/producto\/drb-10024-8-adv\/#primaryimage\"},\"thumbnailUrl\":\"https:\/\/addio.eu\/wp-content\/uploads\/2025\/03\/IMG_1808-scaled.jpg\",\"datePublished\":\"2025-03-07T10:22:19+00:00\",\"dateModified\":\"2026-02-10T16:57:57+00:00\",\"breadcrumb\":{\"@id\":\"https:\/\/addio.eu\/es\/producto\/drb-10024-8-adv\/#breadcrumb\"},\"inLanguage\":\"es\",\"potentialAction\":[{\"@type\":\"ReadAction\",\"target\":[\"https:\/\/addio.eu\/es\/producto\/drb-10024-8-adv\/\"]}]},{\"@type\":\"ImageObject\",\"inLanguage\":\"es\",\"@id\":\"https:\/\/addio.eu\/es\/producto\/drb-10024-8-adv\/#primaryimage\",\"url\":\"https:\/\/addio.eu\/wp-content\/uploads\/2025\/03\/IMG_1808-scaled.jpg\",\"contentUrl\":\"https:\/\/addio.eu\/wp-content\/uploads\/2025\/03\/IMG_1808-scaled.jpg\",\"width\":2560,\"height\":1658},{\"@type\":\"BreadcrumbList\",\"@id\":\"https:\/\/addio.eu\/es\/producto\/drb-10024-8-adv\/#breadcrumb\",\"itemListElement\":[{\"@type\":\"ListItem\",\"position\":1,\"name\":\"Home\",\"item\":\"https:\/\/addio.eu\/es\/pagina-de-inicio-de-addio\/\"},{\"@type\":\"ListItem\",\"position\":2,\"name\":\"Productos\",\"item\":\"https:\/\/addio.eu\/es\/productos\/\"},{\"@type\":\"ListItem\",\"position\":3,\"name\":\"DRB 10024-8 ADV\"}]},{\"@type\":\"WebSite\",\"@id\":\"https:\/\/addio.eu\/es\/#website\",\"url\":\"https:\/\/addio.eu\/es\/\",\"name\":\"addio.eu\",\"description\":\"\",\"publisher\":{\"@id\":\"https:\/\/addio.eu\/es\/#organization\"},\"potentialAction\":[{\"@type\":\"SearchAction\",\"target\":{\"@type\":\"EntryPoint\",\"urlTemplate\":\"https:\/\/addio.eu\/es\/?s={search_term_string}\"},\"query-input\":{\"@type\":\"PropertyValueSpecification\",\"valueRequired\":true,\"valueName\":\"search_term_string\"}}],\"inLanguage\":\"es\"},{\"@type\":\"Organization\",\"@id\":\"https:\/\/addio.eu\/es\/#organization\",\"name\":\"Addio electronics\",\"url\":\"https:\/\/addio.eu\/es\/\",\"logo\":{\"@type\":\"ImageObject\",\"inLanguage\":\"es\",\"@id\":\"https:\/\/addio.eu\/es\/#\/schema\/logo\/image\/\",\"url\":\"https:\/\/addio.eu\/wp-content\/uploads\/2024\/10\/Lager_1-1.svg\",\"contentUrl\":\"https:\/\/addio.eu\/wp-content\/uploads\/2024\/10\/Lager_1-1.svg\",\"caption\":\"Addio electronics\"},\"image\":{\"@id\":\"https:\/\/addio.eu\/es\/#\/schema\/logo\/image\/\"},\"sameAs\":[\"https:\/\/www.facebook.com\/AddioElectronicsAB\/\",\"https:\/\/www.linkedin.com\/company\/addio-electronics-ab\"]}]}<\/script>\n<!-- \/ Yoast SEO plugin. -->","yoast_head_json":{"title":"DRB 10024-8 ADV - Addio Electronics","robots":{"index":"index","follow":"follow","max-snippet":"max-snippet:-1","max-image-preview":"max-image-preview:large","max-video-preview":"max-video-preview:-1"},"canonical":"https:\/\/addio.eu\/es\/producto\/drb-10024-8-adv\/","og_locale":"es_ES","og_type":"article","og_title":"DRB 10024-8 ADV - Addio Electronics","og_description":"DRB 10024-8 ADV es nuestra unidad de 24 V m\u00e1s potente, con 8 salidas y 8 entradas, y una corriente total continua de 100 amperios distribuidos en todas las salidas. Al igual que todos nuestros DRB, el 10024-8 ADV ofrece una amplia gama de caracter\u00edsticas, tales como:  Funciones de rel\u00e9 como flash, atenuador y temporizador  Funci\u00f3n de fusible a trav\u00e9s de interruptores de alta corriente  Protecci\u00f3n de la bater\u00eda a trav\u00e9s de temporizadores o protecci\u00f3n de voltaje, individualmente por salida  Funciones l\u00f3gicas basadas en reglas  Hasta tres funciones diferentes por salida, como fija o intermitente Las salidas est\u00e1n protegidas digitalmente hasta 30 amperios por salida. La unidad se controla idealmente mediante nuestro panel de control de 8 botones (accesorio) conectado a trav\u00e9s de CAN-Bus, pero tambi\u00e9n se pueden configurar interruptores normales u otros tipos de se\u00f1ales, tanto digitales (alto\/bajo) como anal\u00f3gicas (voltajes variables), para controlar cada salida.","og_url":"https:\/\/addio.eu\/es\/producto\/drb-10024-8-adv\/","og_site_name":"Addio Electronics","article_publisher":"https:\/\/www.facebook.com\/AddioElectronicsAB\/","article_modified_time":"2026-02-10T16:57:57+00:00","og_image":[{"width":2560,"height":1658,"url":"https:\/\/addio.eu\/wp-content\/uploads\/2025\/03\/IMG_1808-scaled.jpg","type":"image\/jpeg"}],"twitter_card":"summary_large_image","twitter_misc":{"Tiempo de lectura":"1 minuto"},"schema":{"@context":"https:\/\/schema.org","@graph":[{"@type":"WebPage","@id":"https:\/\/addio.eu\/es\/producto\/drb-10024-8-adv\/","url":"https:\/\/addio.eu\/es\/producto\/drb-10024-8-adv\/","name":"DRB 10024-8 ADV - Addio Electronics","isPartOf":{"@id":"https:\/\/addio.eu\/es\/#website"},"primaryImageOfPage":{"@id":"https:\/\/addio.eu\/es\/producto\/drb-10024-8-adv\/#primaryimage"},"image":{"@id":"https:\/\/addio.eu\/es\/producto\/drb-10024-8-adv\/#primaryimage"},"thumbnailUrl":"https:\/\/addio.eu\/wp-content\/uploads\/2025\/03\/IMG_1808-scaled.jpg","datePublished":"2025-03-07T10:22:19+00:00","dateModified":"2026-02-10T16:57:57+00:00","breadcrumb":{"@id":"https:\/\/addio.eu\/es\/producto\/drb-10024-8-adv\/#breadcrumb"},"inLanguage":"es","potentialAction":[{"@type":"ReadAction","target":["https:\/\/addio.eu\/es\/producto\/drb-10024-8-adv\/"]}]},{"@type":"ImageObject","inLanguage":"es","@id":"https:\/\/addio.eu\/es\/producto\/drb-10024-8-adv\/#primaryimage","url":"https:\/\/addio.eu\/wp-content\/uploads\/2025\/03\/IMG_1808-scaled.jpg","contentUrl":"https:\/\/addio.eu\/wp-content\/uploads\/2025\/03\/IMG_1808-scaled.jpg","width":2560,"height":1658},{"@type":"BreadcrumbList","@id":"https:\/\/addio.eu\/es\/producto\/drb-10024-8-adv\/#breadcrumb","itemListElement":[{"@type":"ListItem","position":1,"name":"Home","item":"https:\/\/addio.eu\/es\/pagina-de-inicio-de-addio\/"},{"@type":"ListItem","position":2,"name":"Productos","item":"https:\/\/addio.eu\/es\/productos\/"},{"@type":"ListItem","position":3,"name":"DRB 10024-8 ADV"}]},{"@type":"WebSite","@id":"https:\/\/addio.eu\/es\/#website","url":"https:\/\/addio.eu\/es\/","name":"addio.eu","description":"","publisher":{"@id":"https:\/\/addio.eu\/es\/#organization"},"potentialAction":[{"@type":"SearchAction","target":{"@type":"EntryPoint","urlTemplate":"https:\/\/addio.eu\/es\/?s={search_term_string}"},"query-input":{"@type":"PropertyValueSpecification","valueRequired":true,"valueName":"search_term_string"}}],"inLanguage":"es"},{"@type":"Organization","@id":"https:\/\/addio.eu\/es\/#organization","name":"Addio electronics","url":"https:\/\/addio.eu\/es\/","logo":{"@type":"ImageObject","inLanguage":"es","@id":"https:\/\/addio.eu\/es\/#\/schema\/logo\/image\/","url":"https:\/\/addio.eu\/wp-content\/uploads\/2024\/10\/Lager_1-1.svg","contentUrl":"https:\/\/addio.eu\/wp-content\/uploads\/2024\/10\/Lager_1-1.svg","caption":"Addio electronics"},"image":{"@id":"https:\/\/addio.eu\/es\/#\/schema\/logo\/image\/"},"sameAs":["https:\/\/www.facebook.com\/AddioElectronicsAB\/","https:\/\/www.linkedin.com\/company\/addio-electronics-ab"]}]}},"_links":{"self":[{"href":"https:\/\/addio.eu\/es\/wp-json\/wp\/v2\/product\/11398","targetHints":{"allow":["GET"]}}],"collection":[{"href":"https:\/\/addio.eu\/es\/wp-json\/wp\/v2\/product"}],"about":[{"href":"https:\/\/addio.eu\/es\/wp-json\/wp\/v2\/types\/product"}],"replies":[{"embeddable":true,"href":"https:\/\/addio.eu\/es\/wp-json\/wp\/v2\/comments?post=11398"}],"wp:featuredmedia":[{"embeddable":true,"href":"https:\/\/addio.eu\/es\/wp-json\/wp\/v2\/media\/11401"}],"wp:attachment":[{"href":"https:\/\/addio.eu\/es\/wp-json\/wp\/v2\/media?parent=11398"}],"wp:term":[{"taxonomy":"product_brand","embeddable":true,"href":"https:\/\/addio.eu\/es\/wp-json\/wp\/v2\/product_brand?post=11398"},{"taxonomy":"product_cat","embeddable":true,"href":"https:\/\/addio.eu\/es\/wp-json\/wp\/v2\/product_cat?post=11398"},{"taxonomy":"product_tag","embeddable":true,"href":"https:\/\/addio.eu\/es\/wp-json\/wp\/v2\/product_tag?post=11398"}],"curies":[{"name":"wp","href":"https:\/\/api.w.org\/{rel}","templated":true}]}}