{"id":11139,"date":"2025-02-04T13:00:24","date_gmt":"2025-02-04T13:00:24","guid":{"rendered":"https:\/\/addio.eu\/product\/drb-1612-4-adv\/"},"modified":"2026-02-10T17:02:51","modified_gmt":"2026-02-10T17:02:51","slug":"drb-1612-4-adv","status":"publish","type":"product","link":"https:\/\/addio.eu\/es\/producto\/drb-1612-4-adv\/","title":{"rendered":"DRB 1612-4 ADV"},"content":{"rendered":"<p>Para funciones automatizadas, el Addio CAN Master se puede utilizar para la integraci\u00f3n con las se\u00f1ales del veh\u00edculo.\u00bb<\/p>\n<p>El DRB se configura a trav\u00e9s de nuestro software ADDIO CC.<\/p>\n<table width=\"360\">\n<tbody>\n<tr>\n<td width=\"234\">Modelo<\/td>\n<td width=\"126\">DRB-1612-4 ADV<\/td>\n<\/tr>\n<tr>\n<td width=\"234\">Fuente de alimentaci\u00f3n<\/td>\n<td width=\"126\">10-22 VCC<\/td>\n<\/tr>\n<tr>\n<td width=\"234\">Consumo de energ\u00eda interno (aproximadamente) Modo normal sin salida activa \/ Modo de suspensi\u00f3n<\/td>\n<td width=\"126\">~20mA\/~4mA<\/td>\n<\/tr>\n<tr>\n<td width=\"234\">Protecci\u00f3n contra subtensi\u00f3n (ajustable)<\/td>\n<td width=\"126\">10-13V, pasos de 0.5V<\/td>\n<\/tr>\n<tr>\n<td width=\"234\">Protecci\u00f3n contra sobretensi\u00f3n (ajustable)<\/td>\n<td width=\"126\">16-26V, pasos de 2V<\/td>\n<\/tr>\n<tr>\n<td width=\"234\">Corriente total m\u00e1xima 1 minuto<\/td>\n<td width=\"126\">24A<\/td>\n<\/tr>\n<tr>\n<td width=\"234\">Corriente total m\u00e1xima continua<\/td>\n<td width=\"126\">16A<\/td>\n<\/tr>\n<tr>\n<td width=\"234\">N\u00famero total de entradas<\/td>\n<td width=\"126\">6 unidades<\/td>\n<\/tr>\n<tr>\n<td width=\"234\">Entradas digitales<\/td>\n<td width=\"126\">6 de 6 unidades<\/td>\n<\/tr>\n<tr>\n<td width=\"234\">Entradas anal\u00f3gicas<\/td>\n<td width=\"126\">2 de 6 unidades<\/td>\n<\/tr>\n<tr>\n<td width=\"234\">Resistencia de entrada @12V<\/td>\n<td width=\"126\">22k\u03a9<\/td>\n<\/tr>\n<tr>\n<td width=\"234\">Conexiones de entradas (terminales de tornillo enchufables)<\/td>\n<td width=\"126\">8 polos incl. +\/-<\/td>\n<\/tr>\n<tr>\n<td width=\"234\">N\u00famero de salidas<\/td>\n<td width=\"126\">4 unidades<\/td>\n<\/tr>\n<tr>\n<td width=\"234\">Conexiones de salidas<\/td>\n<td width=\"126\">Terminal de tornillo de 6 polos incl.<\/td>\n<\/tr>\n<tr>\n<td width=\"234\">Tama\u00f1o del fusible A, salidas<\/td>\n<td width=\"126\">1, 2, 3, 4, 5, 6.<\/td>\n<\/tr>\n<tr>\n<td width=\"234\">Conexi\u00f3n de la fuente de alimentaci\u00f3n<\/td>\n<td width=\"126\">Terminal de tornillo de 2 polos<\/td>\n<\/tr>\n<tr>\n<td width=\"234\">Bluetooth<\/td>\n<td width=\"126\">S\u00ed, accesorio<\/td>\n<\/tr>\n<tr>\n<td width=\"234\">Control del motor Puente H (corriente preliminar)<\/td>\n<td width=\"126\">No<\/td>\n<\/tr>\n<tr>\n<td width=\"234\">Indicaci\u00f3n de error<\/td>\n<td width=\"126\">No<\/td>\n<\/tr>\n<tr>\n<td width=\"234\">Led por salida (color ajustable)<\/td>\n<td width=\"126\">No<\/td>\n<\/tr>\n<tr>\n<td width=\"234\">Bus de comunicaci\u00f3n (bus CAN)<\/td>\n<td width=\"126\">S\u00ed, 1 unidad RJ10<\/td>\n<\/tr>\n<tr>\n<td width=\"234\">Conexiones de ordenador<\/td>\n<td width=\"126\">USB Micro<\/td>\n<\/tr>\n<tr>\n<td width=\"234\">Se\u00f1ales de puesta a tierra<\/td>\n<td width=\"126\">S\u00ed, con pull up interno Entrada 5-6<\/td>\n<\/tr>\n<tr>\n<td width=\"234\">Controlador manual, paneles de interruptores, sensores, etc.<\/td>\n<td width=\"126\">S\u00ed, como accesorio<\/td>\n<\/tr>\n<tr>\n<td width=\"234\">Tama\u00f1o (mm)<\/td>\n<td width=\"126\">66x74x21<\/td>\n<\/tr>\n<tr>\n<td width=\"234\">Peso<\/td>\n<td width=\"126\">50 g<\/td>\n<\/tr>\n<\/tbody>\n<\/table>\n<p>&nbsp;<\/p>\n","protected":false},"excerpt":{"rendered":"<p class=\"\" data-start=\"112\" data-end=\"430\">\u00abDRB 1612-4 ADV es nuestra unidad m\u00e1s peque\u00f1a con 4 salidas y 6 entradas, y una corriente total continua de 16 amperios distribuidos en todas las salidas.<\/p>\n<p>Al igual que todos nuestros DRB, el 1612-ADV ofrece una amplia gama de caracter\u00edsticas como:<\/p>\n<ul>\n<li>Funciones de rel\u00e9 como flash, atenuador y temporizador<\/li>\n<li>Funci\u00f3n de fusible a trav\u00e9s de interruptores de alta corriente<\/li>\n<li>Protecci\u00f3n de la bater\u00eda a trav\u00e9s de temporizadores o protecci\u00f3n de voltaje, individualmente por salida<\/li>\n<li>Funciones l\u00f3gicas basadas en reglas<\/li>\n<li>Hasta tres funciones diferentes por salida, como fija o intermitente<\/li>\n<\/ul>\n<p class=\"\" data-start=\"112\" data-end=\"430\">Las salidas est\u00e1n protegidas digitalmente hasta 6 amperios por salida (ajustable entre 2-6A).<\/p>\n<p class=\"\" data-start=\"112\" data-end=\"430\">La unidad es muy f\u00e1cil de colocar, ya que solo mide unos 7&#215;7 cm y pesa solo 50 gramos.<\/p>\n<p class=\"\" data-start=\"432\" data-end=\"679\">La unidad se controla idealmente con nuestro panel de control de 4 botones (accesorio) conectado a trav\u00e9s de CAN-Bus, pero tambi\u00e9n se pueden configurar interruptores regulares u otros tipos de se\u00f1ales, tanto digitales (alto\/bajo) como anal\u00f3gicas (voltajes variables), para controlar cada salida.\u00bb<\/p>\n","protected":false},"featured_media":11154,"comment_status":"open","ping_status":"closed","template":"","meta":[],"product_brand":[],"product_cat":[180],"product_tag":[181,182,183,184],"class_list":{"0":"post-11139","1":"product","2":"type-product","3":"status-publish","4":"has-post-thumbnail","6":"product_cat-cajas-de-reles-digitales","7":"product_tag-12v","8":"product_tag-2-puertos-can","9":"product_tag-4-salidas","10":"product_tag-6-entradas","12":"first","13":"instock","14":"shipping-taxable","15":"product-type-simple"},"yoast_head":"<!-- This site is optimized with the Yoast SEO plugin v26.0 - https:\/\/yoast.com\/wordpress\/plugins\/seo\/ -->\n<title>DRB 1612-4 ADV - Addio Electronics<\/title>\n<meta name=\"robots\" content=\"index, follow, max-snippet:-1, max-image-preview:large, max-video-preview:-1\" \/>\n<link rel=\"canonical\" href=\"https:\/\/addio.eu\/es\/producto\/drb-1612-4-adv\/\" \/>\n<meta property=\"og:locale\" content=\"es_ES\" \/>\n<meta property=\"og:type\" content=\"article\" \/>\n<meta property=\"og:title\" content=\"DRB 1612-4 ADV - Addio Electronics\" \/>\n<meta property=\"og:description\" content=\"&quot;DRB 1612-4 ADV es nuestra unidad m\u00e1s peque\u00f1a con 4 salidas y 6 entradas, y una corriente total continua de 16 amperios distribuidos en todas las salidas. Al igual que todos nuestros DRB, el 1612-ADV ofrece una amplia gama de caracter\u00edsticas como:  Funciones de rel\u00e9 como flash, atenuador y temporizador  Funci\u00f3n de fusible a trav\u00e9s de interruptores de alta corriente  Protecci\u00f3n de la bater\u00eda a trav\u00e9s de temporizadores o protecci\u00f3n de voltaje, individualmente por salida  Funciones l\u00f3gicas basadas en reglas  Hasta tres funciones diferentes por salida, como fija o intermitente Las salidas est\u00e1n protegidas digitalmente hasta 6 amperios por salida (ajustable entre 2-6A). La unidad es muy f\u00e1cil de colocar, ya que solo mide unos 7x7 cm y pesa solo 50 gramos. La unidad se controla idealmente con nuestro panel de control de 4 botones (accesorio) conectado a trav\u00e9s de CAN-Bus, pero tambi\u00e9n se pueden configurar interruptores regulares u otros tipos de se\u00f1ales, tanto digitales (alto\/bajo) como anal\u00f3gicas (voltajes variables), para controlar cada salida.&quot;\" \/>\n<meta property=\"og:url\" content=\"https:\/\/addio.eu\/es\/producto\/drb-1612-4-adv\/\" \/>\n<meta property=\"og:site_name\" content=\"Addio Electronics\" \/>\n<meta property=\"article:publisher\" content=\"https:\/\/www.facebook.com\/AddioElectronicsAB\/\" \/>\n<meta property=\"article:modified_time\" content=\"2026-02-10T17:02:51+00:00\" \/>\n<meta property=\"og:image\" content=\"https:\/\/addio.eu\/wp-content\/uploads\/2025\/02\/IMG_1706-scaled.jpg\" \/>\n\t<meta property=\"og:image:width\" content=\"2560\" \/>\n\t<meta property=\"og:image:height\" content=\"1920\" \/>\n\t<meta property=\"og:image:type\" content=\"image\/jpeg\" \/>\n<meta name=\"twitter:card\" content=\"summary_large_image\" \/>\n<meta name=\"twitter:label1\" content=\"Tiempo de lectura\" \/>\n\t<meta name=\"twitter:data1\" content=\"1 minuto\" \/>\n<script type=\"application\/ld+json\" class=\"yoast-schema-graph\">{\"@context\":\"https:\/\/schema.org\",\"@graph\":[{\"@type\":\"WebPage\",\"@id\":\"https:\/\/addio.eu\/es\/producto\/drb-1612-4-adv\/\",\"url\":\"https:\/\/addio.eu\/es\/producto\/drb-1612-4-adv\/\",\"name\":\"DRB 1612-4 ADV - Addio Electronics\",\"isPartOf\":{\"@id\":\"https:\/\/addio.eu\/es\/#website\"},\"primaryImageOfPage\":{\"@id\":\"https:\/\/addio.eu\/es\/producto\/drb-1612-4-adv\/#primaryimage\"},\"image\":{\"@id\":\"https:\/\/addio.eu\/es\/producto\/drb-1612-4-adv\/#primaryimage\"},\"thumbnailUrl\":\"https:\/\/addio.eu\/wp-content\/uploads\/2025\/02\/IMG_1706-scaled.jpg\",\"datePublished\":\"2025-02-04T13:00:24+00:00\",\"dateModified\":\"2026-02-10T17:02:51+00:00\",\"breadcrumb\":{\"@id\":\"https:\/\/addio.eu\/es\/producto\/drb-1612-4-adv\/#breadcrumb\"},\"inLanguage\":\"es\",\"potentialAction\":[{\"@type\":\"ReadAction\",\"target\":[\"https:\/\/addio.eu\/es\/producto\/drb-1612-4-adv\/\"]}]},{\"@type\":\"ImageObject\",\"inLanguage\":\"es\",\"@id\":\"https:\/\/addio.eu\/es\/producto\/drb-1612-4-adv\/#primaryimage\",\"url\":\"https:\/\/addio.eu\/wp-content\/uploads\/2025\/02\/IMG_1706-scaled.jpg\",\"contentUrl\":\"https:\/\/addio.eu\/wp-content\/uploads\/2025\/02\/IMG_1706-scaled.jpg\",\"width\":2560,\"height\":1920},{\"@type\":\"BreadcrumbList\",\"@id\":\"https:\/\/addio.eu\/es\/producto\/drb-1612-4-adv\/#breadcrumb\",\"itemListElement\":[{\"@type\":\"ListItem\",\"position\":1,\"name\":\"Home\",\"item\":\"https:\/\/addio.eu\/es\/pagina-de-inicio-de-addio\/\"},{\"@type\":\"ListItem\",\"position\":2,\"name\":\"Productos\",\"item\":\"https:\/\/addio.eu\/es\/productos\/\"},{\"@type\":\"ListItem\",\"position\":3,\"name\":\"DRB 1612-4 ADV\"}]},{\"@type\":\"WebSite\",\"@id\":\"https:\/\/addio.eu\/es\/#website\",\"url\":\"https:\/\/addio.eu\/es\/\",\"name\":\"addio.eu\",\"description\":\"\",\"publisher\":{\"@id\":\"https:\/\/addio.eu\/es\/#organization\"},\"potentialAction\":[{\"@type\":\"SearchAction\",\"target\":{\"@type\":\"EntryPoint\",\"urlTemplate\":\"https:\/\/addio.eu\/es\/?s={search_term_string}\"},\"query-input\":{\"@type\":\"PropertyValueSpecification\",\"valueRequired\":true,\"valueName\":\"search_term_string\"}}],\"inLanguage\":\"es\"},{\"@type\":\"Organization\",\"@id\":\"https:\/\/addio.eu\/es\/#organization\",\"name\":\"Addio electronics\",\"url\":\"https:\/\/addio.eu\/es\/\",\"logo\":{\"@type\":\"ImageObject\",\"inLanguage\":\"es\",\"@id\":\"https:\/\/addio.eu\/es\/#\/schema\/logo\/image\/\",\"url\":\"https:\/\/addio.eu\/wp-content\/uploads\/2024\/10\/Lager_1-1.svg\",\"contentUrl\":\"https:\/\/addio.eu\/wp-content\/uploads\/2024\/10\/Lager_1-1.svg\",\"caption\":\"Addio electronics\"},\"image\":{\"@id\":\"https:\/\/addio.eu\/es\/#\/schema\/logo\/image\/\"},\"sameAs\":[\"https:\/\/www.facebook.com\/AddioElectronicsAB\/\",\"https:\/\/www.linkedin.com\/company\/addio-electronics-ab\"]}]}<\/script>\n<!-- \/ Yoast SEO plugin. -->","yoast_head_json":{"title":"DRB 1612-4 ADV - Addio Electronics","robots":{"index":"index","follow":"follow","max-snippet":"max-snippet:-1","max-image-preview":"max-image-preview:large","max-video-preview":"max-video-preview:-1"},"canonical":"https:\/\/addio.eu\/es\/producto\/drb-1612-4-adv\/","og_locale":"es_ES","og_type":"article","og_title":"DRB 1612-4 ADV - Addio Electronics","og_description":"\"DRB 1612-4 ADV es nuestra unidad m\u00e1s peque\u00f1a con 4 salidas y 6 entradas, y una corriente total continua de 16 amperios distribuidos en todas las salidas. Al igual que todos nuestros DRB, el 1612-ADV ofrece una amplia gama de caracter\u00edsticas como:  Funciones de rel\u00e9 como flash, atenuador y temporizador  Funci\u00f3n de fusible a trav\u00e9s de interruptores de alta corriente  Protecci\u00f3n de la bater\u00eda a trav\u00e9s de temporizadores o protecci\u00f3n de voltaje, individualmente por salida  Funciones l\u00f3gicas basadas en reglas  Hasta tres funciones diferentes por salida, como fija o intermitente Las salidas est\u00e1n protegidas digitalmente hasta 6 amperios por salida (ajustable entre 2-6A). La unidad es muy f\u00e1cil de colocar, ya que solo mide unos 7x7 cm y pesa solo 50 gramos. La unidad se controla idealmente con nuestro panel de control de 4 botones (accesorio) conectado a trav\u00e9s de CAN-Bus, pero tambi\u00e9n se pueden configurar interruptores regulares u otros tipos de se\u00f1ales, tanto digitales (alto\/bajo) como anal\u00f3gicas (voltajes variables), para controlar cada salida.\"","og_url":"https:\/\/addio.eu\/es\/producto\/drb-1612-4-adv\/","og_site_name":"Addio Electronics","article_publisher":"https:\/\/www.facebook.com\/AddioElectronicsAB\/","article_modified_time":"2026-02-10T17:02:51+00:00","og_image":[{"width":2560,"height":1920,"url":"https:\/\/addio.eu\/wp-content\/uploads\/2025\/02\/IMG_1706-scaled.jpg","type":"image\/jpeg"}],"twitter_card":"summary_large_image","twitter_misc":{"Tiempo de lectura":"1 minuto"},"schema":{"@context":"https:\/\/schema.org","@graph":[{"@type":"WebPage","@id":"https:\/\/addio.eu\/es\/producto\/drb-1612-4-adv\/","url":"https:\/\/addio.eu\/es\/producto\/drb-1612-4-adv\/","name":"DRB 1612-4 ADV - Addio Electronics","isPartOf":{"@id":"https:\/\/addio.eu\/es\/#website"},"primaryImageOfPage":{"@id":"https:\/\/addio.eu\/es\/producto\/drb-1612-4-adv\/#primaryimage"},"image":{"@id":"https:\/\/addio.eu\/es\/producto\/drb-1612-4-adv\/#primaryimage"},"thumbnailUrl":"https:\/\/addio.eu\/wp-content\/uploads\/2025\/02\/IMG_1706-scaled.jpg","datePublished":"2025-02-04T13:00:24+00:00","dateModified":"2026-02-10T17:02:51+00:00","breadcrumb":{"@id":"https:\/\/addio.eu\/es\/producto\/drb-1612-4-adv\/#breadcrumb"},"inLanguage":"es","potentialAction":[{"@type":"ReadAction","target":["https:\/\/addio.eu\/es\/producto\/drb-1612-4-adv\/"]}]},{"@type":"ImageObject","inLanguage":"es","@id":"https:\/\/addio.eu\/es\/producto\/drb-1612-4-adv\/#primaryimage","url":"https:\/\/addio.eu\/wp-content\/uploads\/2025\/02\/IMG_1706-scaled.jpg","contentUrl":"https:\/\/addio.eu\/wp-content\/uploads\/2025\/02\/IMG_1706-scaled.jpg","width":2560,"height":1920},{"@type":"BreadcrumbList","@id":"https:\/\/addio.eu\/es\/producto\/drb-1612-4-adv\/#breadcrumb","itemListElement":[{"@type":"ListItem","position":1,"name":"Home","item":"https:\/\/addio.eu\/es\/pagina-de-inicio-de-addio\/"},{"@type":"ListItem","position":2,"name":"Productos","item":"https:\/\/addio.eu\/es\/productos\/"},{"@type":"ListItem","position":3,"name":"DRB 1612-4 ADV"}]},{"@type":"WebSite","@id":"https:\/\/addio.eu\/es\/#website","url":"https:\/\/addio.eu\/es\/","name":"addio.eu","description":"","publisher":{"@id":"https:\/\/addio.eu\/es\/#organization"},"potentialAction":[{"@type":"SearchAction","target":{"@type":"EntryPoint","urlTemplate":"https:\/\/addio.eu\/es\/?s={search_term_string}"},"query-input":{"@type":"PropertyValueSpecification","valueRequired":true,"valueName":"search_term_string"}}],"inLanguage":"es"},{"@type":"Organization","@id":"https:\/\/addio.eu\/es\/#organization","name":"Addio electronics","url":"https:\/\/addio.eu\/es\/","logo":{"@type":"ImageObject","inLanguage":"es","@id":"https:\/\/addio.eu\/es\/#\/schema\/logo\/image\/","url":"https:\/\/addio.eu\/wp-content\/uploads\/2024\/10\/Lager_1-1.svg","contentUrl":"https:\/\/addio.eu\/wp-content\/uploads\/2024\/10\/Lager_1-1.svg","caption":"Addio electronics"},"image":{"@id":"https:\/\/addio.eu\/es\/#\/schema\/logo\/image\/"},"sameAs":["https:\/\/www.facebook.com\/AddioElectronicsAB\/","https:\/\/www.linkedin.com\/company\/addio-electronics-ab"]}]}},"_links":{"self":[{"href":"https:\/\/addio.eu\/es\/wp-json\/wp\/v2\/product\/11139","targetHints":{"allow":["GET"]}}],"collection":[{"href":"https:\/\/addio.eu\/es\/wp-json\/wp\/v2\/product"}],"about":[{"href":"https:\/\/addio.eu\/es\/wp-json\/wp\/v2\/types\/product"}],"replies":[{"embeddable":true,"href":"https:\/\/addio.eu\/es\/wp-json\/wp\/v2\/comments?post=11139"}],"wp:featuredmedia":[{"embeddable":true,"href":"https:\/\/addio.eu\/es\/wp-json\/wp\/v2\/media\/11154"}],"wp:attachment":[{"href":"https:\/\/addio.eu\/es\/wp-json\/wp\/v2\/media?parent=11139"}],"wp:term":[{"taxonomy":"product_brand","embeddable":true,"href":"https:\/\/addio.eu\/es\/wp-json\/wp\/v2\/product_brand?post=11139"},{"taxonomy":"product_cat","embeddable":true,"href":"https:\/\/addio.eu\/es\/wp-json\/wp\/v2\/product_cat?post=11139"},{"taxonomy":"product_tag","embeddable":true,"href":"https:\/\/addio.eu\/es\/wp-json\/wp\/v2\/product_tag?post=11139"}],"curies":[{"name":"wp","href":"https:\/\/api.w.org\/{rel}","templated":true}]}}