{"id":8415,"date":"2024-10-18T18:10:36","date_gmt":"2024-10-18T18:10:36","guid":{"rendered":"https:\/\/addio.eu\/politica-de-cookies\/"},"modified":"2025-10-07T11:16:46","modified_gmt":"2025-10-07T11:16:46","slug":"politica-de-cookies","status":"publish","type":"page","link":"https:\/\/addio.eu\/es\/politica-de-cookies\/","title":{"rendered":"Pol\u00edtica de cookies"},"content":{"rendered":"\t\t<div data-elementor-type=\"wp-page\" data-elementor-id=\"8415\" class=\"elementor elementor-8415 elementor-2366\" data-elementor-post-type=\"page\">\n\t\t\t\t<div class=\"elementor-element elementor-element-482efb4 e-flex e-con-boxed e-con e-parent\" data-id=\"482efb4\" data-element_type=\"container\">\n\t\t\t\t\t<div class=\"e-con-inner\">\n\t\t<div class=\"elementor-element elementor-element-4abc206 e-con-full e-flex e-con e-child\" data-id=\"4abc206\" data-element_type=\"container\">\n\t\t<div class=\"elementor-element elementor-element-79a61e0 e-con-full e-flex e-con e-child\" data-id=\"79a61e0\" data-element_type=\"container\">\n\t\t\t\t<div class=\"elementor-element elementor-element-2ef6fc3 elementor-widget elementor-widget-text-editor\" data-id=\"2ef6fc3\" data-element_type=\"widget\" data-widget_type=\"text-editor.default\">\n\t\t\t\t<div class=\"elementor-widget-container\">\n\t\t\t\t\t\t\t\t\t<p><strong>Actualizado el 30 de septiembre<\/strong><\/p><p><strong>En Addio, utilizamos cookies y tecnolog\u00edas de seguimiento similares en nuestro sitio web (https:\/\/addio.eu) para mejorar su experiencia, analizar el uso y garantizar que nuestros servicios funcionen de manera eficiente. Esta Pol\u00edtica de Cookies explica qu\u00e9 son las cookies, c\u00f3mo las utilizamos, sus opciones con respecto a su uso y c\u00f3mo puede administrar sus preferencias de cookies. <\/strong><\/p><p><strong>1. \u00bfQu\u00e9 son las cookies?<\/strong><br>Las cookies son peque\u00f1os archivos de texto que se almacenan en su dispositivo (ordenador, tableta o tel\u00e9fono inteligente) cuando visita un sitio web. Permiten que el sitio web recuerde sus acciones y preferencias (como los datos de inicio de sesi\u00f3n, el idioma y las preferencias de visualizaci\u00f3n) durante un per\u00edodo de tiempo, para que no tenga que volver a introducirlos cada vez que visite el sitio o navegue entre p\u00e1ginas.<br>Existen diferentes tipos de cookies que utilizamos en nuestro sitio web, y cada una tiene un prop\u00f3sito espec\u00edfico. <\/p><p><strong>2. Tipos de cookies que utilizamos<\/strong><br>\n  <strong>2.1 Cookies esenciales<br>Estas cookies son necesarias para que el sitio web funcione correctamente. Sin ellas, es posible que no pueda utilizar ciertas funciones, como acceder a \u00e1reas seguras del sitio web o completar transacciones.\u2028Algunos ejemplos son:<\/strong>\n<\/p><ul><li>Cookies de gesti\u00f3n de sesi\u00f3n para permitirle iniciar sesi\u00f3n y utilizar el portal del cliente.<\/li><li>Cookies para mantener la seguridad e integridad de nuestros servicios.<br><br><\/li><\/ul><p><strong>2.2 Cookies de rendimiento y an\u00e1lisis<\/strong><br>Estas cookies nos ayudan a comprender c\u00f3mo interact\u00faan los visitantes con nuestro sitio web mediante la recopilaci\u00f3n de informaci\u00f3n de forma an\u00f3nima. Utilizamos estas cookies para analizar el comportamiento de los visitantes, rastrear los patrones de uso y mejorar la funcionalidad y el rendimiento general del sitio web.\u2028Algunos ejemplos son:<\/p><ul><li>Cookies de Google Analytics para rastrear el tr\u00e1fico del sitio web y las tendencias de uso.<br><br><\/li><\/ul><p><strong>2.3 Cookies de funcionalidad<\/strong><br>Las cookies de funcionalidad nos permiten recordar sus preferencias y proporcionar funciones personalizadas. Estas cookies ayudan a mejorar la experiencia del usuario al recordar las elecciones que ha realizado, como la configuraci\u00f3n de idioma o las preferencias de compra anteriores. <\/p><p><br><strong>2..4 Cookies de publicidad y segmentaci\u00f3n<br>Estas cookies se utilizan para ofrecerle anuncios relevantes en funci\u00f3n de sus intereses. Rastrean sus h\u00e1bitos de navegaci\u00f3n y nos permiten proporcionarle anuncios dirigidos en nuestro sitio o en plataformas de terceros. Estas cookies tambi\u00e9n limitan la cantidad de veces que ve un anuncio y ayudan a medir la eficacia de nuestras campa\u00f1as publicitarias.<\/strong>  <\/p><p><strong>2.5 Cookies de terceros<\/strong><br>Podemos permitir que proveedores de servicios externos, como Google, coloquen cookies en su dispositivo con fines anal\u00edticos y publicitarios. Estas cookies de terceros est\u00e1n sujetas a sus propias pol\u00edticas de privacidad y cookies, y no tenemos control sobre la informaci\u00f3n que recopilan. <\/p><p><strong>3. C\u00f3mo utilizamos las cookies<br>Utilizamos cookies por varias razones, entre ellas:<\/strong><\/p><ul><li>Para recordar su informaci\u00f3n de inicio de sesi\u00f3n y mantenerle conectado.<\/li><li>Para facilitar el procesamiento de sus pedidos y garantizar la seguridad de nuestras transacciones.<\/li><li>Para analizar y mejorar el rendimiento y el dise\u00f1o de nuestro sitio web.<\/li><li>Para comprender c\u00f3mo interact\u00faan los usuarios con nuestro sitio web y mejorar la usabilidad.<\/li><li>Para mostrar contenido y anuncios personalizados basados en su comportamiento de navegaci\u00f3n.<br><br><\/li><\/ul><p><strong>4. Su elecci\u00f3n con respecto a las cookies<\/strong><br>Tiene derecho a aceptar o rechazar las cookies en nuestro sitio web. En su primera visita a nuestro sitio web, se le presentar\u00e1 un banner de consentimiento de cookies que le permitir\u00e1 administrar sus preferencias.\u2028 <\/p><p><strong>4.1 Gesti\u00f3n de las preferencias de cookies<br>Puede administrar o deshabilitar las cookies en cualquier momento ajustando la configuraci\u00f3n de su navegador. Cada navegador proporciona diferentes formas de configurar las preferencias de cookies. A continuaci\u00f3n, se muestran enlaces para administrar las cookies en los navegadores m\u00e1s populares:<\/strong>  <\/p><ul><li>Google Chrome<\/li><li><a href=\"https:\/\/support.mozilla.org\/en-US\/kb\/enable-and-disable-cookies-website-preferences\">M<\/a><a href=\"https:\/\/support.mozilla.org\/en-US\/kb\/enable-and-disable-cookies-website-preferences\">ozilla Firefox<\/a><\/li><li><a href=\"https:\/\/support.apple.com\/guide\/safari\/manage-cookies-and-website-data-sfri11471\/mac\">Apple Safari<\/a><\/li><li><a href=\"https:\/\/support.microsoft.com\/en-us\/help\/4027947\/microsoft-edge-delete-cookies\">Microsoft Edge<\/a><\/li><\/ul><p>Tenga en cuenta que la desactivaci\u00f3n de las cookies puede afectar la funcionalidad de nuestro sitio web y es posible que no pueda acceder a ciertas funciones.\u2028<br>\n  <br>\n    <strong>4.2 Retirada del consentimiento de cookies<br>Si previamente dio su consentimiento para el uso de cookies y desea retirarlo, puede hacerlo borrando las cookies almacenadas en la configuraci\u00f3n de su navegador o ajustando sus preferencias de cookies a trav\u00e9s de la ventana emergente de configuraci\u00f3n de cookies en nuestro sitio web.<\/strong>\n  \n<\/p><p><strong>5 Servicios de terceros<\/strong><br>Utilizamos proveedores de servicios externos, como Google Analytics, para ayudarnos a comprender c\u00f3mo utilizan los visitantes nuestro sitio web. Estos servicios de terceros tambi\u00e9n pueden utilizar cookies para recopilar datos an\u00f3nimos, como el n\u00famero de visitantes del sitio y las p\u00e1ginas populares.<br>Para obtener m\u00e1s informaci\u00f3n sobre c\u00f3mo Google recopila y procesa datos a trav\u00e9s de sus cookies, puede visitar su pol\u00edtica de privacidad en <a href=\"https:\/\/policies.google.com\/privacy.\">https:\/\/policies.google.com\/privacy.<\/a> <\/p><p><strong>6 Actualizaci\u00f3n de esta Pol\u00edtica de Cookies<\/strong><br>Es posible que actualicemos esta Pol\u00edtica de Cookies de vez en cuando para reflejar los cambios en nuestras pr\u00e1cticas de uso de cookies o por razones legales. Cuando realicemos cambios significativos, publicaremos una versi\u00f3n actualizada de esta pol\u00edtica en nuestro sitio web con una fecha de entrada en vigor revisada.<br>Le recomendamos que revise esta pol\u00edtica peri\u00f3dicamente para mantenerse informado sobre c\u00f3mo utilizamos las cookies y sus opciones relacionadas. <\/p><p><strong>6 P\u00f3ngase en contacto con nosotros<\/strong><br>Si tiene alguna pregunta o inquietud sobre nuestro uso de cookies o esta Pol\u00edtica de Cookies, p\u00f3ngase en contacto con nosotros en:<\/p><p><strong>Addio <br>Correo electr\u00f3nico: <a href=\"mailto:info@addio.eu\">info@addio.eu<\/a><\/strong><\/p>\t\t\t\t\t\t\t\t<\/div>\n\t\t\t\t<\/div>\n\t\t\t\t<\/div>\n\t\t<div class=\"elementor-element elementor-element-a36d95e e-con-full e-flex e-con e-child\" data-id=\"a36d95e\" data-element_type=\"container\">\n\t\t\t\t<div class=\"elementor-element elementor-element-5cc2df3 elementor-icon-list--layout-traditional elementor-list-item-link-full_width elementor-widget elementor-widget-icon-list\" data-id=\"5cc2df3\" data-element_type=\"widget\" data-widget_type=\"icon-list.default\">\n\t\t\t\t<div class=\"elementor-widget-container\">\n\t\t\t\t\t\t\t<ul class=\"elementor-icon-list-items\">\n\t\t\t\t\t\t\t<li class=\"elementor-icon-list-item\">\n\t\t\t\t\t\t\t\t\t\t\t<span class=\"elementor-icon-list-icon\">\n\t\t\t\t\t\t\t<svg xmlns=\"http:\/\/www.w3.org\/2000\/svg\" width=\"34\" height=\"34\" viewBox=\"0 0 34 34\" fill=\"none\"><g clip-path=\"url(#clip0_102_8520)\"><path d=\"M8.9802 16.6182C8.87917 16.8627 8.87917 17.1373 8.9802 17.3818C9.02898 17.5031 9.10105 17.6136 9.19233 17.7071L16.2634 24.7782C16.4509 24.9657 16.7053 25.0711 16.9705 25.0711C17.2357 25.0711 17.4901 24.9657 17.6776 24.7782C17.8652 24.5906 17.9705 24.3363 17.9705 24.0711C17.9705 23.8058 17.8652 23.5515 17.6776 23.364L12.3107 17.997L24.0416 18.0041C24.1736 18.0046 24.3044 17.979 24.4265 17.9288C24.5485 17.8785 24.6594 17.8046 24.7528 17.7112C24.8461 17.6179 24.9201 17.507 24.9703 17.3849C25.0206 17.2628 25.0462 17.132 25.0457 17C25.0462 16.868 25.0206 16.7372 24.9703 16.6151C24.9201 16.493 24.8461 16.3821 24.7528 16.2888C24.6594 16.1954 24.5485 16.1215 24.4265 16.0712C24.3044 16.021 24.1736 15.9954 24.0416 15.9959L12.3107 16.003L17.6776 10.636C17.8652 10.4485 17.9705 10.1941 17.9705 9.92893C17.9705 9.66371 17.8652 9.40936 17.6776 9.22182C17.4901 9.03429 17.2357 8.92893 16.9705 8.92893C16.7053 8.92893 16.4509 9.03429 16.2634 9.22182L9.19233 16.2929C9.10105 16.3864 9.02898 16.4969 8.9802 16.6182Z\" fill=\"#00DB72\"><\/path><\/g><defs><clipPath id=\"clip0_102_8520\"><rect width=\"24\" height=\"24\" fill=\"white\" transform=\"translate(16.9707 33.9706) rotate(-135)\"><\/rect><\/clipPath><\/defs><\/svg>\t\t\t\t\t\t<\/span>\n\t\t\t\t\t\t\t\t\t\t<span class=\"elementor-icon-list-text\">Pol\u00edtica de cookies<\/span>\n\t\t\t\t\t\t\t\t\t<\/li>\n\t\t\t\t\t\t<\/ul>\n\t\t\t\t\t\t<\/div>\n\t\t\t\t<\/div>\n\t\t\t\t<div class=\"elementor-element elementor-element-8a5470c elementor-icon-list--layout-traditional elementor-list-item-link-full_width elementor-widget elementor-widget-icon-list\" data-id=\"8a5470c\" data-element_type=\"widget\" data-widget_type=\"icon-list.default\">\n\t\t\t\t<div class=\"elementor-widget-container\">\n\t\t\t\t\t\t\t<ul class=\"elementor-icon-list-items\">\n\t\t\t\t\t\t\t<li class=\"elementor-icon-list-item\">\n\t\t\t\t\t\t\t\t\t\t\t<a href=\"https:\/\/addio.eu\/privacy-policy\/\">\n\n\t\t\t\t\t\t\t\t\t\t\t\t<span class=\"elementor-icon-list-icon\">\n\t\t\t\t\t\t\t<svg xmlns=\"http:\/\/www.w3.org\/2000\/svg\" width=\"24\" height=\"24\" viewBox=\"0 0 24 24\" fill=\"none\"><path d=\"M17.9199 6.62C17.8185 6.37565 17.6243 6.18147 17.3799 6.08C17.2597 6.02876 17.1306 6.00158 16.9999 6H6.99994C6.73472 6 6.48037 6.10536 6.29283 6.29289C6.1053 6.48043 5.99994 6.73478 5.99994 7C5.99994 7.26522 6.1053 7.51957 6.29283 7.70711C6.48037 7.89464 6.73472 8 6.99994 8H14.5899L6.28994 16.29C6.19621 16.383 6.12182 16.4936 6.07105 16.6154C6.02028 16.7373 5.99414 16.868 5.99414 17C5.99414 17.132 6.02028 17.2627 6.07105 17.3846C6.12182 17.5064 6.19621 17.617 6.28994 17.71C6.3829 17.8037 6.4935 17.8781 6.61536 17.9289C6.73722 17.9797 6.86793 18.0058 6.99994 18.0058C7.13195 18.0058 7.26266 17.9797 7.38452 17.9289C7.50638 17.8781 7.61698 17.8037 7.70994 17.71L15.9999 9.41V17C15.9999 17.2652 16.1053 17.5196 16.2928 17.7071C16.4804 17.8946 16.7347 18 16.9999 18C17.2652 18 17.5195 17.8946 17.707 17.7071C17.8946 17.5196 17.9999 17.2652 17.9999 17V7C17.9984 6.86932 17.9712 6.74022 17.9199 6.62Z\" fill=\"#393939\"><\/path><\/svg>\t\t\t\t\t\t<\/span>\n\t\t\t\t\t\t\t\t\t\t<span class=\"elementor-icon-list-text\">Pol\u00edtica de privacidad<\/span>\n\t\t\t\t\t\t\t\t\t\t\t<\/a>\n\t\t\t\t\t\t\t\t\t<\/li>\n\t\t\t\t\t\t<\/ul>\n\t\t\t\t\t\t<\/div>\n\t\t\t\t<\/div>\n\t\t\t\t<div class=\"elementor-element elementor-element-4fc5578 elementor-icon-list--layout-traditional elementor-list-item-link-full_width elementor-widget elementor-widget-icon-list\" data-id=\"4fc5578\" data-element_type=\"widget\" data-widget_type=\"icon-list.default\">\n\t\t\t\t<div class=\"elementor-widget-container\">\n\t\t\t\t\t\t\t<ul class=\"elementor-icon-list-items\">\n\t\t\t\t\t\t\t<li class=\"elementor-icon-list-item\">\n\t\t\t\t\t\t\t\t\t\t\t<a href=\"https:\/\/addio.eu\/terms-and-conditions\/\">\n\n\t\t\t\t\t\t\t\t\t\t\t\t<span class=\"elementor-icon-list-icon\">\n\t\t\t\t\t\t\t<svg xmlns=\"http:\/\/www.w3.org\/2000\/svg\" width=\"24\" height=\"24\" viewBox=\"0 0 24 24\" fill=\"none\"><path d=\"M17.9199 6.62C17.8185 6.37565 17.6243 6.18147 17.3799 6.08C17.2597 6.02876 17.1306 6.00158 16.9999 6H6.99994C6.73472 6 6.48037 6.10536 6.29283 6.29289C6.1053 6.48043 5.99994 6.73478 5.99994 7C5.99994 7.26522 6.1053 7.51957 6.29283 7.70711C6.48037 7.89464 6.73472 8 6.99994 8H14.5899L6.28994 16.29C6.19621 16.383 6.12182 16.4936 6.07105 16.6154C6.02028 16.7373 5.99414 16.868 5.99414 17C5.99414 17.132 6.02028 17.2627 6.07105 17.3846C6.12182 17.5064 6.19621 17.617 6.28994 17.71C6.3829 17.8037 6.4935 17.8781 6.61536 17.9289C6.73722 17.9797 6.86793 18.0058 6.99994 18.0058C7.13195 18.0058 7.26266 17.9797 7.38452 17.9289C7.50638 17.8781 7.61698 17.8037 7.70994 17.71L15.9999 9.41V17C15.9999 17.2652 16.1053 17.5196 16.2928 17.7071C16.4804 17.8946 16.7347 18 16.9999 18C17.2652 18 17.5195 17.8946 17.707 17.7071C17.8946 17.5196 17.9999 17.2652 17.9999 17V7C17.9984 6.86932 17.9712 6.74022 17.9199 6.62Z\" fill=\"#393939\"><\/path><\/svg>\t\t\t\t\t\t<\/span>\n\t\t\t\t\t\t\t\t\t\t<span class=\"elementor-icon-list-text\">T\u00e9rminos y condiciones<\/span>\n\t\t\t\t\t\t\t\t\t\t\t<\/a>\n\t\t\t\t\t\t\t\t\t<\/li>\n\t\t\t\t\t\t<\/ul>\n\t\t\t\t\t\t<\/div>\n\t\t\t\t<\/div>\n\t\t\t\t<\/div>\n\t\t\t\t<\/div>\n\t\t\t\t\t<\/div>\n\t\t\t\t<\/div>\n\t\t\t\t<\/div>\n\t\t","protected":false},"excerpt":{"rendered":"<p>Actualizado el 30 de septiembre En Addio, utilizamos cookies y tecnolog\u00edas de seguimiento similares en nuestro sitio web (https:\/\/addio.eu) para mejorar su experiencia, analizar el uso y garantizar que nuestros servicios funcionen de manera eficiente. Esta Pol\u00edtica de Cookies explica qu\u00e9 son las cookies, c\u00f3mo las utilizamos, sus opciones con respecto a su uso y [&hellip;]<\/p>\n","protected":false},"author":3,"featured_media":0,"parent":0,"menu_order":0,"comment_status":"closed","ping_status":"closed","template":"","meta":{"footnotes":""},"class_list":["post-8415","page","type-page","status-publish","hentry"],"yoast_head":"<!-- This site is optimized with the Yoast SEO plugin v26.0 - https:\/\/yoast.com\/wordpress\/plugins\/seo\/ -->\n<title>Pol\u00edtica de cookies - Addio Electronics<\/title>\n<meta name=\"robots\" content=\"index, follow, max-snippet:-1, max-image-preview:large, max-video-preview:-1\" \/>\n<link rel=\"canonical\" href=\"https:\/\/addio.eu\/es\/politica-de-cookies\/\" \/>\n<meta property=\"og:locale\" content=\"es_ES\" \/>\n<meta property=\"og:type\" content=\"article\" \/>\n<meta property=\"og:title\" content=\"Pol\u00edtica de cookies - Addio Electronics\" \/>\n<meta property=\"og:description\" content=\"Actualizado el 30 de septiembre En Addio, utilizamos cookies y tecnolog\u00edas de seguimiento similares en nuestro sitio web (https:\/\/addio.eu) para mejorar su experiencia, analizar el uso y garantizar que nuestros servicios funcionen de manera eficiente. Esta Pol\u00edtica de Cookies explica qu\u00e9 son las cookies, c\u00f3mo las utilizamos, sus opciones con respecto a su uso y [&hellip;]\" \/>\n<meta property=\"og:url\" content=\"https:\/\/addio.eu\/es\/politica-de-cookies\/\" \/>\n<meta property=\"og:site_name\" content=\"Addio Electronics\" \/>\n<meta property=\"article:publisher\" content=\"https:\/\/www.facebook.com\/AddioElectronicsAB\/\" \/>\n<meta property=\"article:modified_time\" content=\"2025-10-07T11:16:46+00:00\" \/>\n<meta name=\"twitter:card\" content=\"summary_large_image\" \/>\n<meta name=\"twitter:label1\" content=\"Tiempo de lectura\" \/>\n\t<meta name=\"twitter:data1\" content=\"5 minuto\" \/>\n<script type=\"application\/ld+json\" class=\"yoast-schema-graph\">{\"@context\":\"https:\/\/schema.org\",\"@graph\":[{\"@type\":\"WebPage\",\"@id\":\"https:\/\/addio.eu\/es\/politica-de-cookies\/\",\"url\":\"https:\/\/addio.eu\/es\/politica-de-cookies\/\",\"name\":\"Pol\u00edtica de cookies - Addio Electronics\",\"isPartOf\":{\"@id\":\"https:\/\/addio.eu\/es\/#website\"},\"datePublished\":\"2024-10-18T18:10:36+00:00\",\"dateModified\":\"2025-10-07T11:16:46+00:00\",\"breadcrumb\":{\"@id\":\"https:\/\/addio.eu\/es\/politica-de-cookies\/#breadcrumb\"},\"inLanguage\":\"es\",\"potentialAction\":[{\"@type\":\"ReadAction\",\"target\":[\"https:\/\/addio.eu\/es\/politica-de-cookies\/\"]}]},{\"@type\":\"BreadcrumbList\",\"@id\":\"https:\/\/addio.eu\/es\/politica-de-cookies\/#breadcrumb\",\"itemListElement\":[{\"@type\":\"ListItem\",\"position\":1,\"name\":\"Home\",\"item\":\"https:\/\/addio.eu\/es\/pagina-de-inicio-de-addio\/\"},{\"@type\":\"ListItem\",\"position\":2,\"name\":\"Pol\u00edtica de cookies\"}]},{\"@type\":\"WebSite\",\"@id\":\"https:\/\/addio.eu\/es\/#website\",\"url\":\"https:\/\/addio.eu\/es\/\",\"name\":\"addio.eu\",\"description\":\"\",\"publisher\":{\"@id\":\"https:\/\/addio.eu\/es\/#organization\"},\"potentialAction\":[{\"@type\":\"SearchAction\",\"target\":{\"@type\":\"EntryPoint\",\"urlTemplate\":\"https:\/\/addio.eu\/es\/?s={search_term_string}\"},\"query-input\":{\"@type\":\"PropertyValueSpecification\",\"valueRequired\":true,\"valueName\":\"search_term_string\"}}],\"inLanguage\":\"es\"},{\"@type\":\"Organization\",\"@id\":\"https:\/\/addio.eu\/es\/#organization\",\"name\":\"Addio electronics\",\"url\":\"https:\/\/addio.eu\/es\/\",\"logo\":{\"@type\":\"ImageObject\",\"inLanguage\":\"es\",\"@id\":\"https:\/\/addio.eu\/es\/#\/schema\/logo\/image\/\",\"url\":\"https:\/\/addio.eu\/wp-content\/uploads\/2024\/10\/Lager_1-1.svg\",\"contentUrl\":\"https:\/\/addio.eu\/wp-content\/uploads\/2024\/10\/Lager_1-1.svg\",\"caption\":\"Addio electronics\"},\"image\":{\"@id\":\"https:\/\/addio.eu\/es\/#\/schema\/logo\/image\/\"},\"sameAs\":[\"https:\/\/www.facebook.com\/AddioElectronicsAB\/\",\"https:\/\/www.linkedin.com\/company\/addio-electronics-ab\"]}]}<\/script>\n<!-- \/ Yoast SEO plugin. -->","yoast_head_json":{"title":"Pol\u00edtica de cookies - Addio Electronics","robots":{"index":"index","follow":"follow","max-snippet":"max-snippet:-1","max-image-preview":"max-image-preview:large","max-video-preview":"max-video-preview:-1"},"canonical":"https:\/\/addio.eu\/es\/politica-de-cookies\/","og_locale":"es_ES","og_type":"article","og_title":"Pol\u00edtica de cookies - Addio Electronics","og_description":"Actualizado el 30 de septiembre En Addio, utilizamos cookies y tecnolog\u00edas de seguimiento similares en nuestro sitio web (https:\/\/addio.eu) para mejorar su experiencia, analizar el uso y garantizar que nuestros servicios funcionen de manera eficiente. Esta Pol\u00edtica de Cookies explica qu\u00e9 son las cookies, c\u00f3mo las utilizamos, sus opciones con respecto a su uso y [&hellip;]","og_url":"https:\/\/addio.eu\/es\/politica-de-cookies\/","og_site_name":"Addio Electronics","article_publisher":"https:\/\/www.facebook.com\/AddioElectronicsAB\/","article_modified_time":"2025-10-07T11:16:46+00:00","twitter_card":"summary_large_image","twitter_misc":{"Tiempo de lectura":"5 minuto"},"schema":{"@context":"https:\/\/schema.org","@graph":[{"@type":"WebPage","@id":"https:\/\/addio.eu\/es\/politica-de-cookies\/","url":"https:\/\/addio.eu\/es\/politica-de-cookies\/","name":"Pol\u00edtica de cookies - Addio Electronics","isPartOf":{"@id":"https:\/\/addio.eu\/es\/#website"},"datePublished":"2024-10-18T18:10:36+00:00","dateModified":"2025-10-07T11:16:46+00:00","breadcrumb":{"@id":"https:\/\/addio.eu\/es\/politica-de-cookies\/#breadcrumb"},"inLanguage":"es","potentialAction":[{"@type":"ReadAction","target":["https:\/\/addio.eu\/es\/politica-de-cookies\/"]}]},{"@type":"BreadcrumbList","@id":"https:\/\/addio.eu\/es\/politica-de-cookies\/#breadcrumb","itemListElement":[{"@type":"ListItem","position":1,"name":"Home","item":"https:\/\/addio.eu\/es\/pagina-de-inicio-de-addio\/"},{"@type":"ListItem","position":2,"name":"Pol\u00edtica de cookies"}]},{"@type":"WebSite","@id":"https:\/\/addio.eu\/es\/#website","url":"https:\/\/addio.eu\/es\/","name":"addio.eu","description":"","publisher":{"@id":"https:\/\/addio.eu\/es\/#organization"},"potentialAction":[{"@type":"SearchAction","target":{"@type":"EntryPoint","urlTemplate":"https:\/\/addio.eu\/es\/?s={search_term_string}"},"query-input":{"@type":"PropertyValueSpecification","valueRequired":true,"valueName":"search_term_string"}}],"inLanguage":"es"},{"@type":"Organization","@id":"https:\/\/addio.eu\/es\/#organization","name":"Addio electronics","url":"https:\/\/addio.eu\/es\/","logo":{"@type":"ImageObject","inLanguage":"es","@id":"https:\/\/addio.eu\/es\/#\/schema\/logo\/image\/","url":"https:\/\/addio.eu\/wp-content\/uploads\/2024\/10\/Lager_1-1.svg","contentUrl":"https:\/\/addio.eu\/wp-content\/uploads\/2024\/10\/Lager_1-1.svg","caption":"Addio electronics"},"image":{"@id":"https:\/\/addio.eu\/es\/#\/schema\/logo\/image\/"},"sameAs":["https:\/\/www.facebook.com\/AddioElectronicsAB\/","https:\/\/www.linkedin.com\/company\/addio-electronics-ab"]}]}},"_links":{"self":[{"href":"https:\/\/addio.eu\/es\/wp-json\/wp\/v2\/pages\/8415","targetHints":{"allow":["GET"]}}],"collection":[{"href":"https:\/\/addio.eu\/es\/wp-json\/wp\/v2\/pages"}],"about":[{"href":"https:\/\/addio.eu\/es\/wp-json\/wp\/v2\/types\/page"}],"author":[{"embeddable":true,"href":"https:\/\/addio.eu\/es\/wp-json\/wp\/v2\/users\/3"}],"replies":[{"embeddable":true,"href":"https:\/\/addio.eu\/es\/wp-json\/wp\/v2\/comments?post=8415"}],"version-history":[{"count":1,"href":"https:\/\/addio.eu\/es\/wp-json\/wp\/v2\/pages\/8415\/revisions"}],"predecessor-version":[{"id":8416,"href":"https:\/\/addio.eu\/es\/wp-json\/wp\/v2\/pages\/8415\/revisions\/8416"}],"wp:attachment":[{"href":"https:\/\/addio.eu\/es\/wp-json\/wp\/v2\/media?parent=8415"}],"curies":[{"name":"wp","href":"https:\/\/api.w.org\/{rel}","templated":true}]}}