{"id":13475,"date":"2025-03-24T11:20:39","date_gmt":"2025-03-24T11:20:39","guid":{"rendered":"https:\/\/addio.eu\/product\/can-master-kit\/"},"modified":"2025-03-24T11:20:39","modified_gmt":"2025-03-24T11:20:39","slug":"can-master-kit","status":"publish","type":"product","link":"https:\/\/addio.eu\/de\/produkt\/can-master-kit\/","title":{"rendered":"CAN Master Kit"},"content":{"rendered":"<p data-start=\"1346\" data-end=\"1380\"><strong>Installation<\/strong><br \/>\nVerbinden Sie den CAN Master mit dem Fahrzeug \u00fcber den Addio Induktiven CAN-Leser oder durch direkten Anschluss an die CAN-Bus-Verkabelung.<\/p>\n<p data-start=\"1346\" data-end=\"1380\"><strong>Kompatibilit\u00e4t<\/strong><br \/>\nDer CAN Master ist kompatibel mit unseren 12V und 24V ADV DRBs.<\/p>\n<p class=\"\" data-start=\"1346\" data-end=\"1380\"><strong data-start=\"1346\" data-end=\"1380\">Installation und Konfiguration<br \/>\n<\/strong>CAN Master Software und Addio CC.<\/p>\n<p data-start=\"1382\" data-end=\"1525\"><strong>Im Lieferumfang enthalten<\/strong><br \/>\nCAN Master, 0,5 Meter Kabel, RJ-Adapter.<\/p>\n<p><strong>Gr\u00f6\u00dfe<\/strong><br \/>\n68*67* 21 mm<\/p>\n","protected":false},"excerpt":{"rendered":"<p><strong>Addio CAN Master erm\u00f6glicht Ihrem Addio System, Ihre Fahrzeugsignale zu verbinden, zu scannen und zu nutzen.<\/strong><\/p>\n<p>Addio bietet die M\u00f6glichkeit, automatisierte Funktionen mit Integration in Ihr Fahrzeug zu erstellen. Die CAN-Signale in Ihrem Fahrzeug k\u00f6nnen als Eingangssignale f\u00fcr das Addio System verwendet werden. Damit k\u00f6nnen Sie automatisierte Funktionen erstellen, die auf die Bed\u00fcrfnisse der Benutzer zugeschnitten sind. Klassische Beispiele sind R\u00fccklichter oder Kameras, die bei eingelegtem R\u00fcckw\u00e4rtsgang als Eingang aktiviert werden.  <\/p>\n<p><strong>Die CAN Master Software<\/strong> wird verwendet, wenn der Installateur CAN-Signale vom Fahrzeug integrieren m\u00f6chte. Die Scanner-Funktionalit\u00e4t kann Signale von jedem Fahrzeug analysieren und erkennen, wie z.B. Scheinwerfer, T\u00fcren, Handbremse, R\u00fcckw\u00e4rtsgang, Geschwindigkeit und vieles mehr. <\/p>\n<p>Speichern Sie die Signale in der Addio Datenbank f\u00fcr eine reibungslose und einfache Installation in der Zukunft.<\/p>\n<p>&nbsp;<\/p>\n","protected":false},"featured_media":5958,"comment_status":"open","ping_status":"closed","template":"","meta":[],"product_brand":[],"product_cat":[418,289],"product_tag":[],"class_list":{"0":"post-13475","1":"product","2":"type-product","3":"status-publish","4":"has-post-thumbnail","6":"product_cat-can-integration","7":"product_cat-can-konnektivitat","9":"first","10":"instock","11":"shipping-taxable","12":"product-type-simple"},"yoast_head":"<!-- This site is optimized with the Yoast SEO plugin v26.0 - https:\/\/yoast.com\/wordpress\/plugins\/seo\/ -->\n<title>CAN Master Kit - Addio Electronics<\/title>\n<meta name=\"robots\" content=\"index, follow, max-snippet:-1, max-image-preview:large, max-video-preview:-1\" \/>\n<link rel=\"canonical\" href=\"https:\/\/addio.eu\/de\/produkt\/can-master-kit\/\" \/>\n<meta property=\"og:locale\" content=\"de_DE\" \/>\n<meta property=\"og:type\" content=\"article\" \/>\n<meta property=\"og:title\" content=\"CAN Master Kit - Addio Electronics\" \/>\n<meta property=\"og:description\" content=\"Addio CAN Master erm\u00f6glicht Ihrem Addio System, Ihre Fahrzeugsignale zu verbinden, zu scannen und zu nutzen. Addio bietet die M\u00f6glichkeit, automatisierte Funktionen mit Integration in Ihr Fahrzeug zu erstellen. Die CAN-Signale in Ihrem Fahrzeug k\u00f6nnen als Eingangssignale f\u00fcr das Addio System verwendet werden. Damit k\u00f6nnen Sie automatisierte Funktionen erstellen, die auf die Bed\u00fcrfnisse der Benutzer zugeschnitten sind. Klassische Beispiele sind R\u00fccklichter oder Kameras, die bei eingelegtem R\u00fcckw\u00e4rtsgang als Eingang aktiviert werden.  Die CAN Master Software wird verwendet, wenn der Installateur CAN-Signale vom Fahrzeug integrieren m\u00f6chte. Die Scanner-Funktionalit\u00e4t kann Signale von jedem Fahrzeug analysieren und erkennen, wie z.B. Scheinwerfer, T\u00fcren, Handbremse, R\u00fcckw\u00e4rtsgang, Geschwindigkeit und vieles mehr.  Speichern Sie die Signale in der Addio Datenbank f\u00fcr eine reibungslose und einfache Installation in der Zukunft. &nbsp;\" \/>\n<meta property=\"og:url\" content=\"https:\/\/addio.eu\/de\/produkt\/can-master-kit\/\" \/>\n<meta property=\"og:site_name\" content=\"Addio Electronics\" \/>\n<meta property=\"article:publisher\" content=\"https:\/\/www.facebook.com\/AddioElectronicsAB\/\" \/>\n<meta property=\"og:image\" content=\"https:\/\/addio.eu\/wp-content\/uploads\/2025\/03\/IMG_1824-scaled.jpg\" \/>\n\t<meta property=\"og:image:width\" content=\"2560\" \/>\n\t<meta property=\"og:image:height\" content=\"2215\" \/>\n\t<meta property=\"og:image:type\" content=\"image\/jpeg\" \/>\n<meta name=\"twitter:card\" content=\"summary_large_image\" \/>\n<script type=\"application\/ld+json\" class=\"yoast-schema-graph\">{\"@context\":\"https:\/\/schema.org\",\"@graph\":[{\"@type\":\"WebPage\",\"@id\":\"https:\/\/addio.eu\/de\/produkt\/can-master-kit\/\",\"url\":\"https:\/\/addio.eu\/de\/produkt\/can-master-kit\/\",\"name\":\"CAN Master Kit - Addio Electronics\",\"isPartOf\":{\"@id\":\"https:\/\/addio.eu\/de\/#website\"},\"primaryImageOfPage\":{\"@id\":\"https:\/\/addio.eu\/de\/produkt\/can-master-kit\/#primaryimage\"},\"image\":{\"@id\":\"https:\/\/addio.eu\/de\/produkt\/can-master-kit\/#primaryimage\"},\"thumbnailUrl\":\"https:\/\/addio.eu\/wp-content\/uploads\/2025\/03\/IMG_1824-scaled.jpg\",\"datePublished\":\"2025-03-24T11:20:39+00:00\",\"breadcrumb\":{\"@id\":\"https:\/\/addio.eu\/de\/produkt\/can-master-kit\/#breadcrumb\"},\"inLanguage\":\"de\",\"potentialAction\":[{\"@type\":\"ReadAction\",\"target\":[\"https:\/\/addio.eu\/de\/produkt\/can-master-kit\/\"]}]},{\"@type\":\"ImageObject\",\"inLanguage\":\"de\",\"@id\":\"https:\/\/addio.eu\/de\/produkt\/can-master-kit\/#primaryimage\",\"url\":\"https:\/\/addio.eu\/wp-content\/uploads\/2025\/03\/IMG_1824-scaled.jpg\",\"contentUrl\":\"https:\/\/addio.eu\/wp-content\/uploads\/2025\/03\/IMG_1824-scaled.jpg\",\"width\":2560,\"height\":2215},{\"@type\":\"BreadcrumbList\",\"@id\":\"https:\/\/addio.eu\/de\/produkt\/can-master-kit\/#breadcrumb\",\"itemListElement\":[{\"@type\":\"ListItem\",\"position\":1,\"name\":\"Home\",\"item\":\"https:\/\/addio.eu\/de\/addio-startseite\/\"},{\"@type\":\"ListItem\",\"position\":2,\"name\":\"Produkte\",\"item\":\"https:\/\/addio.eu\/de\/produkte\/\"},{\"@type\":\"ListItem\",\"position\":3,\"name\":\"CAN Master Kit\"}]},{\"@type\":\"WebSite\",\"@id\":\"https:\/\/addio.eu\/de\/#website\",\"url\":\"https:\/\/addio.eu\/de\/\",\"name\":\"addio.eu\",\"description\":\"\",\"publisher\":{\"@id\":\"https:\/\/addio.eu\/de\/#organization\"},\"potentialAction\":[{\"@type\":\"SearchAction\",\"target\":{\"@type\":\"EntryPoint\",\"urlTemplate\":\"https:\/\/addio.eu\/de\/?s={search_term_string}\"},\"query-input\":{\"@type\":\"PropertyValueSpecification\",\"valueRequired\":true,\"valueName\":\"search_term_string\"}}],\"inLanguage\":\"de\"},{\"@type\":\"Organization\",\"@id\":\"https:\/\/addio.eu\/de\/#organization\",\"name\":\"Addio-Elektronik\",\"url\":\"https:\/\/addio.eu\/de\/\",\"logo\":{\"@type\":\"ImageObject\",\"inLanguage\":\"de\",\"@id\":\"https:\/\/addio.eu\/de\/#\/schema\/logo\/image\/\",\"url\":\"https:\/\/addio.eu\/wp-content\/uploads\/2024\/10\/Lager_1-1.svg\",\"contentUrl\":\"https:\/\/addio.eu\/wp-content\/uploads\/2024\/10\/Lager_1-1.svg\",\"caption\":\"Addio-Elektronik\"},\"image\":{\"@id\":\"https:\/\/addio.eu\/de\/#\/schema\/logo\/image\/\"},\"sameAs\":[\"https:\/\/www.facebook.com\/AddioElectronicsAB\/\",\"https:\/\/www.linkedin.com\/company\/addio-electronics-ab\"]}]}<\/script>\n<!-- \/ Yoast SEO plugin. -->","yoast_head_json":{"title":"CAN Master Kit - Addio Electronics","robots":{"index":"index","follow":"follow","max-snippet":"max-snippet:-1","max-image-preview":"max-image-preview:large","max-video-preview":"max-video-preview:-1"},"canonical":"https:\/\/addio.eu\/de\/produkt\/can-master-kit\/","og_locale":"de_DE","og_type":"article","og_title":"CAN Master Kit - Addio Electronics","og_description":"Addio CAN Master erm\u00f6glicht Ihrem Addio System, Ihre Fahrzeugsignale zu verbinden, zu scannen und zu nutzen. Addio bietet die M\u00f6glichkeit, automatisierte Funktionen mit Integration in Ihr Fahrzeug zu erstellen. Die CAN-Signale in Ihrem Fahrzeug k\u00f6nnen als Eingangssignale f\u00fcr das Addio System verwendet werden. Damit k\u00f6nnen Sie automatisierte Funktionen erstellen, die auf die Bed\u00fcrfnisse der Benutzer zugeschnitten sind. Klassische Beispiele sind R\u00fccklichter oder Kameras, die bei eingelegtem R\u00fcckw\u00e4rtsgang als Eingang aktiviert werden.  Die CAN Master Software wird verwendet, wenn der Installateur CAN-Signale vom Fahrzeug integrieren m\u00f6chte. Die Scanner-Funktionalit\u00e4t kann Signale von jedem Fahrzeug analysieren und erkennen, wie z.B. Scheinwerfer, T\u00fcren, Handbremse, R\u00fcckw\u00e4rtsgang, Geschwindigkeit und vieles mehr.  Speichern Sie die Signale in der Addio Datenbank f\u00fcr eine reibungslose und einfache Installation in der Zukunft. &nbsp;","og_url":"https:\/\/addio.eu\/de\/produkt\/can-master-kit\/","og_site_name":"Addio Electronics","article_publisher":"https:\/\/www.facebook.com\/AddioElectronicsAB\/","og_image":[{"width":2560,"height":2215,"url":"https:\/\/addio.eu\/wp-content\/uploads\/2025\/03\/IMG_1824-scaled.jpg","type":"image\/jpeg"}],"twitter_card":"summary_large_image","schema":{"@context":"https:\/\/schema.org","@graph":[{"@type":"WebPage","@id":"https:\/\/addio.eu\/de\/produkt\/can-master-kit\/","url":"https:\/\/addio.eu\/de\/produkt\/can-master-kit\/","name":"CAN Master Kit - Addio Electronics","isPartOf":{"@id":"https:\/\/addio.eu\/de\/#website"},"primaryImageOfPage":{"@id":"https:\/\/addio.eu\/de\/produkt\/can-master-kit\/#primaryimage"},"image":{"@id":"https:\/\/addio.eu\/de\/produkt\/can-master-kit\/#primaryimage"},"thumbnailUrl":"https:\/\/addio.eu\/wp-content\/uploads\/2025\/03\/IMG_1824-scaled.jpg","datePublished":"2025-03-24T11:20:39+00:00","breadcrumb":{"@id":"https:\/\/addio.eu\/de\/produkt\/can-master-kit\/#breadcrumb"},"inLanguage":"de","potentialAction":[{"@type":"ReadAction","target":["https:\/\/addio.eu\/de\/produkt\/can-master-kit\/"]}]},{"@type":"ImageObject","inLanguage":"de","@id":"https:\/\/addio.eu\/de\/produkt\/can-master-kit\/#primaryimage","url":"https:\/\/addio.eu\/wp-content\/uploads\/2025\/03\/IMG_1824-scaled.jpg","contentUrl":"https:\/\/addio.eu\/wp-content\/uploads\/2025\/03\/IMG_1824-scaled.jpg","width":2560,"height":2215},{"@type":"BreadcrumbList","@id":"https:\/\/addio.eu\/de\/produkt\/can-master-kit\/#breadcrumb","itemListElement":[{"@type":"ListItem","position":1,"name":"Home","item":"https:\/\/addio.eu\/de\/addio-startseite\/"},{"@type":"ListItem","position":2,"name":"Produkte","item":"https:\/\/addio.eu\/de\/produkte\/"},{"@type":"ListItem","position":3,"name":"CAN Master Kit"}]},{"@type":"WebSite","@id":"https:\/\/addio.eu\/de\/#website","url":"https:\/\/addio.eu\/de\/","name":"addio.eu","description":"","publisher":{"@id":"https:\/\/addio.eu\/de\/#organization"},"potentialAction":[{"@type":"SearchAction","target":{"@type":"EntryPoint","urlTemplate":"https:\/\/addio.eu\/de\/?s={search_term_string}"},"query-input":{"@type":"PropertyValueSpecification","valueRequired":true,"valueName":"search_term_string"}}],"inLanguage":"de"},{"@type":"Organization","@id":"https:\/\/addio.eu\/de\/#organization","name":"Addio-Elektronik","url":"https:\/\/addio.eu\/de\/","logo":{"@type":"ImageObject","inLanguage":"de","@id":"https:\/\/addio.eu\/de\/#\/schema\/logo\/image\/","url":"https:\/\/addio.eu\/wp-content\/uploads\/2024\/10\/Lager_1-1.svg","contentUrl":"https:\/\/addio.eu\/wp-content\/uploads\/2024\/10\/Lager_1-1.svg","caption":"Addio-Elektronik"},"image":{"@id":"https:\/\/addio.eu\/de\/#\/schema\/logo\/image\/"},"sameAs":["https:\/\/www.facebook.com\/AddioElectronicsAB\/","https:\/\/www.linkedin.com\/company\/addio-electronics-ab"]}]}},"_links":{"self":[{"href":"https:\/\/addio.eu\/de\/wp-json\/wp\/v2\/product\/13475","targetHints":{"allow":["GET"]}}],"collection":[{"href":"https:\/\/addio.eu\/de\/wp-json\/wp\/v2\/product"}],"about":[{"href":"https:\/\/addio.eu\/de\/wp-json\/wp\/v2\/types\/product"}],"replies":[{"embeddable":true,"href":"https:\/\/addio.eu\/de\/wp-json\/wp\/v2\/comments?post=13475"}],"wp:featuredmedia":[{"embeddable":true,"href":"https:\/\/addio.eu\/de\/wp-json\/wp\/v2\/media\/5958"}],"wp:attachment":[{"href":"https:\/\/addio.eu\/de\/wp-json\/wp\/v2\/media?parent=13475"}],"wp:term":[{"taxonomy":"product_brand","embeddable":true,"href":"https:\/\/addio.eu\/de\/wp-json\/wp\/v2\/product_brand?post=13475"},{"taxonomy":"product_cat","embeddable":true,"href":"https:\/\/addio.eu\/de\/wp-json\/wp\/v2\/product_cat?post=13475"},{"taxonomy":"product_tag","embeddable":true,"href":"https:\/\/addio.eu\/de\/wp-json\/wp\/v2\/product_tag?post=13475"}],"curies":[{"name":"wp","href":"https:\/\/api.w.org\/{rel}","templated":true}]}}