{"id":13270,"date":"2025-03-02T08:15:23","date_gmt":"2025-03-02T08:15:23","guid":{"rendered":"https:\/\/addio.eu\/product\/drb-9012-8-adv\/"},"modified":"2026-02-10T17:02:03","modified_gmt":"2026-02-10T17:02:03","slug":"drb-9012-8-adv","status":"publish","type":"product","link":"https:\/\/addio.eu\/de\/produkt\/drb-9012-8-adv\/","title":{"rendered":"DRB 9012-8 ADV"},"content":{"rendered":"<p>F\u00fcr automatisierte Funktionen kann der Addio CAN Master angeschlossen und zur Integration mit Fahrzeugsignalen verwendet werden, die als Eing\u00e4nge dienen.<\/p>\n<p>Die DRB wird \u00fcber unsere Software ADDIO CC konfiguriert.<\/p>\n<p>&nbsp;<\/p>\n<table width=\"360\">\n<tbody>\n<tr>\n<td width=\"234\">Modell<\/td>\n<td width=\"126\">DRB-9012-8 ADV<\/td>\n<\/tr>\n<tr>\n<td width=\"234\">Stromversorgung<\/td>\n<td width=\"126\">10-22 VDC<\/td>\n<\/tr>\n<tr>\n<td width=\"234\">Interner Stromverbrauch (ungef\u00e4hr) Normalmodus kein Ausgang aktiv \/ Schlafmodus<\/td>\n<td width=\"126\">~30mA\/~10mA<\/td>\n<\/tr>\n<tr>\n<td width=\"234\">Unterspannungsschutz (einstellbar)<\/td>\n<td width=\"126\">10-13V, 0,5V Schritte<\/td>\n<\/tr>\n<tr>\n<td width=\"234\">\u00dcberspannungsschutz (einstellbar)<\/td>\n<td width=\"126\">16-26V, 2V Schritte<\/td>\n<\/tr>\n<tr>\n<td width=\"234\">Max. Gesamtstrom 1 Minute<\/td>\n<td width=\"126\">90A<\/td>\n<\/tr>\n<tr>\n<td width=\"234\">Max. Gesamtstrom dauerhaft<\/td>\n<td width=\"126\">70A<\/td>\n<\/tr>\n<tr>\n<td width=\"234\">Gesamtzahl der Eing\u00e4nge<\/td>\n<td width=\"126\">8 Stk.<\/td>\n<\/tr>\n<tr>\n<td width=\"234\">Digitale Eing\u00e4nge<\/td>\n<td width=\"126\">4 von 8 Stk.<\/td>\n<\/tr>\n<tr>\n<td width=\"234\">Analoge Eing\u00e4nge<\/td>\n<td width=\"126\">4 von 8 Stk.<\/td>\n<\/tr>\n<tr>\n<td width=\"234\">Eingangswiderstand @12V<\/td>\n<td width=\"126\">22k\u03a9<\/td>\n<\/tr>\n<tr>\n<td width=\"234\">Anschl\u00fcsse Eing\u00e4nge (schraubbare Klemmleisten)<\/td>\n<td width=\"126\">10-polig inkl. +\/-<\/td>\n<\/tr>\n<tr>\n<td width=\"234\">Anzahl der Ausg\u00e4nge<\/td>\n<td width=\"126\">8 Stk.<\/td>\n<\/tr>\n<tr>\n<td width=\"234\">Anschluss Ausg\u00e4nge<\/td>\n<td width=\"126\">Kabel-Crimpverbinder<\/td>\n<\/tr>\n<tr>\n<td width=\"234\">Sicherungsgr\u00f6\u00dfe A, Ausg\u00e4nge<\/td>\n<td width=\"126\">5, 10, 15, 20, (25 nur U7, U8)<\/td>\n<\/tr>\n<tr>\n<td width=\"234\">Anschluss Stromversorgung<\/td>\n<td width=\"126\">M5 Mutter<\/td>\n<\/tr>\n<tr>\n<td width=\"234\">Bluetooth<\/td>\n<td width=\"126\">Ja, Zubeh\u00f6r<\/td>\n<\/tr>\n<tr>\n<td width=\"234\">Motorsteuerung H-Br\u00fccke (Vorstrom)<\/td>\n<td width=\"126\">ja, max. 12A<\/td>\n<\/tr>\n<tr>\n<td width=\"234\">Fehleranzeige<\/td>\n<td width=\"126\">gemeinsame RGB-LED<\/td>\n<\/tr>\n<tr>\n<td width=\"234\">LED pro Ausgang (einstellbare Farbe)<\/td>\n<td width=\"126\">ja, RGB<\/td>\n<\/tr>\n<tr>\n<td width=\"234\">Kommunikationsbus (CAN-Bus)<\/td>\n<td width=\"126\">Ja 2 Stk. RJ10<\/td>\n<\/tr>\n<tr>\n<td width=\"234\">Computeranschl\u00fcsse<\/td>\n<td width=\"126\">USB Mini<\/td>\n<\/tr>\n<tr>\n<td width=\"234\">Erdungssignale<\/td>\n<td width=\"126\">Ja, mit internem Pull-up. Eingang 1-4<\/td>\n<\/tr>\n<tr>\n<td width=\"234\">Handregler, Schalttafeln, Sensoren usw.<\/td>\n<td width=\"126\">Ja, als Zubeh\u00f6r<\/td>\n<\/tr>\n<tr>\n<td width=\"234\">Gr\u00f6\u00dfe (mm)<\/td>\n<td width=\"126\">170x92x21<\/td>\n<\/tr>\n<tr>\n<td width=\"234\">Gewicht<\/td>\n<td width=\"126\">174<\/td>\n<\/tr>\n<\/tbody>\n<\/table>\n","protected":false},"excerpt":{"rendered":"<p class=\"\" data-start=\"112\" data-end=\"430\">DRB 9012-8 ADV ist unsere meistverkaufte Einheit mit 8 Ausg\u00e4ngen und 8 Eing\u00e4ngen sowie einem kontinuierlichen Gesamtstrom von 90 Ampere, der auf alle Ausg\u00e4nge verteilt ist.<\/p>\n<p>Wie alle unsere DRBs bietet auch der 9012-8 ADV eine Vielzahl von Funktionen, wie zum Beispiel:<\/p>\n<ul>\n<li>Relaisfunktionen wie Blinken, Dimmen und Timer<\/li>\n<li>Sicherungsfunktion \u00fcber Hochstromschalter<\/li>\n<li>Batterieschutz durch Timer oder Spannungsschutz, individuell pro Ausgang<\/li>\n<li>Regelbasierte logische Funktionen<\/li>\n<li>Bis zu drei verschiedene Funktionen pro Ausgang, wie z. B. Dauerbetrieb oder Blinken<\/li>\n<\/ul>\n<p class=\"\" data-start=\"112\" data-end=\"430\">Die Ausg\u00e4nge sind digital bis zu 25 Ampere pro Ausgang gesch\u00fctzt (einstellbar in 5-A-Schritten).<\/p>\n<p class=\"\" data-start=\"432\" data-end=\"679\">Die Einheit wird idealerweise \u00fcber unser 8-Tasten-Bedienfeld (Zubeh\u00f6r) gesteuert, das \u00fcber CAN-Bus angeschlossen ist. Es k\u00f6nnen aber auch normale Schalter oder andere Signalarten, sowohl digital (hoch\/niedrig) als auch analog (variable Spannungen), konfiguriert werden, um jeden Ausgang zu steuern.&#8220;<\/p>\n","protected":false},"featured_media":13277,"comment_status":"open","ping_status":"closed","template":"","meta":[],"product_brand":[],"product_cat":[175],"product_tag":[176,177,229,228],"class_list":{"0":"post-13270","1":"product","2":"type-product","3":"status-publish","4":"has-post-thumbnail","6":"product_cat-digitale-relaisboxen","7":"product_tag-12v","8":"product_tag-2-can-ports","9":"product_tag-8-ausgange","10":"product_tag-8-eingange","12":"first","13":"instock","14":"shipping-taxable","15":"product-type-simple"},"yoast_head":"<!-- This site is optimized with the Yoast SEO plugin v26.0 - https:\/\/yoast.com\/wordpress\/plugins\/seo\/ -->\n<title>DRB 9012-8 ADV - Addio Electronics<\/title>\n<meta name=\"robots\" content=\"index, follow, max-snippet:-1, max-image-preview:large, max-video-preview:-1\" \/>\n<link rel=\"canonical\" href=\"https:\/\/addio.eu\/de\/produkt\/drb-9012-8-adv\/\" \/>\n<meta property=\"og:locale\" content=\"de_DE\" \/>\n<meta property=\"og:type\" content=\"article\" \/>\n<meta property=\"og:title\" content=\"DRB 9012-8 ADV - Addio Electronics\" \/>\n<meta property=\"og:description\" content=\"DRB 9012-8 ADV ist unsere meistverkaufte Einheit mit 8 Ausg\u00e4ngen und 8 Eing\u00e4ngen sowie einem kontinuierlichen Gesamtstrom von 90 Ampere, der auf alle Ausg\u00e4nge verteilt ist. Wie alle unsere DRBs bietet auch der 9012-8 ADV eine Vielzahl von Funktionen, wie zum Beispiel:  Relaisfunktionen wie Blinken, Dimmen und Timer  Sicherungsfunktion \u00fcber Hochstromschalter  Batterieschutz durch Timer oder Spannungsschutz, individuell pro Ausgang  Regelbasierte logische Funktionen  Bis zu drei verschiedene Funktionen pro Ausgang, wie z. B. Dauerbetrieb oder Blinken Die Ausg\u00e4nge sind digital bis zu 25 Ampere pro Ausgang gesch\u00fctzt (einstellbar in 5-A-Schritten). Die Einheit wird idealerweise \u00fcber unser 8-Tasten-Bedienfeld (Zubeh\u00f6r) gesteuert, das \u00fcber CAN-Bus angeschlossen ist. Es k\u00f6nnen aber auch normale Schalter oder andere Signalarten, sowohl digital (hoch\/niedrig) als auch analog (variable Spannungen), konfiguriert werden, um jeden Ausgang zu steuern.&quot;\" \/>\n<meta property=\"og:url\" content=\"https:\/\/addio.eu\/de\/produkt\/drb-9012-8-adv\/\" \/>\n<meta property=\"og:site_name\" content=\"Addio Electronics\" \/>\n<meta property=\"article:publisher\" content=\"https:\/\/www.facebook.com\/AddioElectronicsAB\/\" \/>\n<meta property=\"article:modified_time\" content=\"2026-02-10T17:02:03+00:00\" \/>\n<meta property=\"og:image\" content=\"https:\/\/addio.eu\/wp-content\/uploads\/2025\/03\/IMG_1765-scaled.jpg\" \/>\n\t<meta property=\"og:image:width\" content=\"2560\" \/>\n\t<meta property=\"og:image:height\" content=\"1598\" \/>\n\t<meta property=\"og:image:type\" content=\"image\/jpeg\" \/>\n<meta name=\"twitter:card\" content=\"summary_large_image\" \/>\n<meta name=\"twitter:label1\" content=\"Gesch\u00e4tzte Lesezeit\" \/>\n\t<meta name=\"twitter:data1\" content=\"1 Minute\" \/>\n<script type=\"application\/ld+json\" class=\"yoast-schema-graph\">{\"@context\":\"https:\/\/schema.org\",\"@graph\":[{\"@type\":\"WebPage\",\"@id\":\"https:\/\/addio.eu\/de\/produkt\/drb-9012-8-adv\/\",\"url\":\"https:\/\/addio.eu\/de\/produkt\/drb-9012-8-adv\/\",\"name\":\"DRB 9012-8 ADV - Addio Electronics\",\"isPartOf\":{\"@id\":\"https:\/\/addio.eu\/de\/#website\"},\"primaryImageOfPage\":{\"@id\":\"https:\/\/addio.eu\/de\/produkt\/drb-9012-8-adv\/#primaryimage\"},\"image\":{\"@id\":\"https:\/\/addio.eu\/de\/produkt\/drb-9012-8-adv\/#primaryimage\"},\"thumbnailUrl\":\"https:\/\/addio.eu\/wp-content\/uploads\/2025\/03\/IMG_1765-scaled.jpg\",\"datePublished\":\"2025-03-02T08:15:23+00:00\",\"dateModified\":\"2026-02-10T17:02:03+00:00\",\"breadcrumb\":{\"@id\":\"https:\/\/addio.eu\/de\/produkt\/drb-9012-8-adv\/#breadcrumb\"},\"inLanguage\":\"de\",\"potentialAction\":[{\"@type\":\"ReadAction\",\"target\":[\"https:\/\/addio.eu\/de\/produkt\/drb-9012-8-adv\/\"]}]},{\"@type\":\"ImageObject\",\"inLanguage\":\"de\",\"@id\":\"https:\/\/addio.eu\/de\/produkt\/drb-9012-8-adv\/#primaryimage\",\"url\":\"https:\/\/addio.eu\/wp-content\/uploads\/2025\/03\/IMG_1765-scaled.jpg\",\"contentUrl\":\"https:\/\/addio.eu\/wp-content\/uploads\/2025\/03\/IMG_1765-scaled.jpg\",\"width\":2560,\"height\":1598},{\"@type\":\"BreadcrumbList\",\"@id\":\"https:\/\/addio.eu\/de\/produkt\/drb-9012-8-adv\/#breadcrumb\",\"itemListElement\":[{\"@type\":\"ListItem\",\"position\":1,\"name\":\"Home\",\"item\":\"https:\/\/addio.eu\/de\/addio-startseite\/\"},{\"@type\":\"ListItem\",\"position\":2,\"name\":\"Produkte\",\"item\":\"https:\/\/addio.eu\/de\/produkte\/\"},{\"@type\":\"ListItem\",\"position\":3,\"name\":\"DRB 9012-8 ADV\"}]},{\"@type\":\"WebSite\",\"@id\":\"https:\/\/addio.eu\/de\/#website\",\"url\":\"https:\/\/addio.eu\/de\/\",\"name\":\"addio.eu\",\"description\":\"\",\"publisher\":{\"@id\":\"https:\/\/addio.eu\/de\/#organization\"},\"potentialAction\":[{\"@type\":\"SearchAction\",\"target\":{\"@type\":\"EntryPoint\",\"urlTemplate\":\"https:\/\/addio.eu\/de\/?s={search_term_string}\"},\"query-input\":{\"@type\":\"PropertyValueSpecification\",\"valueRequired\":true,\"valueName\":\"search_term_string\"}}],\"inLanguage\":\"de\"},{\"@type\":\"Organization\",\"@id\":\"https:\/\/addio.eu\/de\/#organization\",\"name\":\"Addio-Elektronik\",\"url\":\"https:\/\/addio.eu\/de\/\",\"logo\":{\"@type\":\"ImageObject\",\"inLanguage\":\"de\",\"@id\":\"https:\/\/addio.eu\/de\/#\/schema\/logo\/image\/\",\"url\":\"https:\/\/addio.eu\/wp-content\/uploads\/2024\/10\/Lager_1-1.svg\",\"contentUrl\":\"https:\/\/addio.eu\/wp-content\/uploads\/2024\/10\/Lager_1-1.svg\",\"caption\":\"Addio-Elektronik\"},\"image\":{\"@id\":\"https:\/\/addio.eu\/de\/#\/schema\/logo\/image\/\"},\"sameAs\":[\"https:\/\/www.facebook.com\/AddioElectronicsAB\/\",\"https:\/\/www.linkedin.com\/company\/addio-electronics-ab\"]}]}<\/script>\n<!-- \/ Yoast SEO plugin. -->","yoast_head_json":{"title":"DRB 9012-8 ADV - Addio Electronics","robots":{"index":"index","follow":"follow","max-snippet":"max-snippet:-1","max-image-preview":"max-image-preview:large","max-video-preview":"max-video-preview:-1"},"canonical":"https:\/\/addio.eu\/de\/produkt\/drb-9012-8-adv\/","og_locale":"de_DE","og_type":"article","og_title":"DRB 9012-8 ADV - Addio Electronics","og_description":"DRB 9012-8 ADV ist unsere meistverkaufte Einheit mit 8 Ausg\u00e4ngen und 8 Eing\u00e4ngen sowie einem kontinuierlichen Gesamtstrom von 90 Ampere, der auf alle Ausg\u00e4nge verteilt ist. Wie alle unsere DRBs bietet auch der 9012-8 ADV eine Vielzahl von Funktionen, wie zum Beispiel:  Relaisfunktionen wie Blinken, Dimmen und Timer  Sicherungsfunktion \u00fcber Hochstromschalter  Batterieschutz durch Timer oder Spannungsschutz, individuell pro Ausgang  Regelbasierte logische Funktionen  Bis zu drei verschiedene Funktionen pro Ausgang, wie z. B. Dauerbetrieb oder Blinken Die Ausg\u00e4nge sind digital bis zu 25 Ampere pro Ausgang gesch\u00fctzt (einstellbar in 5-A-Schritten). Die Einheit wird idealerweise \u00fcber unser 8-Tasten-Bedienfeld (Zubeh\u00f6r) gesteuert, das \u00fcber CAN-Bus angeschlossen ist. Es k\u00f6nnen aber auch normale Schalter oder andere Signalarten, sowohl digital (hoch\/niedrig) als auch analog (variable Spannungen), konfiguriert werden, um jeden Ausgang zu steuern.\"","og_url":"https:\/\/addio.eu\/de\/produkt\/drb-9012-8-adv\/","og_site_name":"Addio Electronics","article_publisher":"https:\/\/www.facebook.com\/AddioElectronicsAB\/","article_modified_time":"2026-02-10T17:02:03+00:00","og_image":[{"width":2560,"height":1598,"url":"https:\/\/addio.eu\/wp-content\/uploads\/2025\/03\/IMG_1765-scaled.jpg","type":"image\/jpeg"}],"twitter_card":"summary_large_image","twitter_misc":{"Gesch\u00e4tzte Lesezeit":"1 Minute"},"schema":{"@context":"https:\/\/schema.org","@graph":[{"@type":"WebPage","@id":"https:\/\/addio.eu\/de\/produkt\/drb-9012-8-adv\/","url":"https:\/\/addio.eu\/de\/produkt\/drb-9012-8-adv\/","name":"DRB 9012-8 ADV - Addio Electronics","isPartOf":{"@id":"https:\/\/addio.eu\/de\/#website"},"primaryImageOfPage":{"@id":"https:\/\/addio.eu\/de\/produkt\/drb-9012-8-adv\/#primaryimage"},"image":{"@id":"https:\/\/addio.eu\/de\/produkt\/drb-9012-8-adv\/#primaryimage"},"thumbnailUrl":"https:\/\/addio.eu\/wp-content\/uploads\/2025\/03\/IMG_1765-scaled.jpg","datePublished":"2025-03-02T08:15:23+00:00","dateModified":"2026-02-10T17:02:03+00:00","breadcrumb":{"@id":"https:\/\/addio.eu\/de\/produkt\/drb-9012-8-adv\/#breadcrumb"},"inLanguage":"de","potentialAction":[{"@type":"ReadAction","target":["https:\/\/addio.eu\/de\/produkt\/drb-9012-8-adv\/"]}]},{"@type":"ImageObject","inLanguage":"de","@id":"https:\/\/addio.eu\/de\/produkt\/drb-9012-8-adv\/#primaryimage","url":"https:\/\/addio.eu\/wp-content\/uploads\/2025\/03\/IMG_1765-scaled.jpg","contentUrl":"https:\/\/addio.eu\/wp-content\/uploads\/2025\/03\/IMG_1765-scaled.jpg","width":2560,"height":1598},{"@type":"BreadcrumbList","@id":"https:\/\/addio.eu\/de\/produkt\/drb-9012-8-adv\/#breadcrumb","itemListElement":[{"@type":"ListItem","position":1,"name":"Home","item":"https:\/\/addio.eu\/de\/addio-startseite\/"},{"@type":"ListItem","position":2,"name":"Produkte","item":"https:\/\/addio.eu\/de\/produkte\/"},{"@type":"ListItem","position":3,"name":"DRB 9012-8 ADV"}]},{"@type":"WebSite","@id":"https:\/\/addio.eu\/de\/#website","url":"https:\/\/addio.eu\/de\/","name":"addio.eu","description":"","publisher":{"@id":"https:\/\/addio.eu\/de\/#organization"},"potentialAction":[{"@type":"SearchAction","target":{"@type":"EntryPoint","urlTemplate":"https:\/\/addio.eu\/de\/?s={search_term_string}"},"query-input":{"@type":"PropertyValueSpecification","valueRequired":true,"valueName":"search_term_string"}}],"inLanguage":"de"},{"@type":"Organization","@id":"https:\/\/addio.eu\/de\/#organization","name":"Addio-Elektronik","url":"https:\/\/addio.eu\/de\/","logo":{"@type":"ImageObject","inLanguage":"de","@id":"https:\/\/addio.eu\/de\/#\/schema\/logo\/image\/","url":"https:\/\/addio.eu\/wp-content\/uploads\/2024\/10\/Lager_1-1.svg","contentUrl":"https:\/\/addio.eu\/wp-content\/uploads\/2024\/10\/Lager_1-1.svg","caption":"Addio-Elektronik"},"image":{"@id":"https:\/\/addio.eu\/de\/#\/schema\/logo\/image\/"},"sameAs":["https:\/\/www.facebook.com\/AddioElectronicsAB\/","https:\/\/www.linkedin.com\/company\/addio-electronics-ab"]}]}},"_links":{"self":[{"href":"https:\/\/addio.eu\/de\/wp-json\/wp\/v2\/product\/13270","targetHints":{"allow":["GET"]}}],"collection":[{"href":"https:\/\/addio.eu\/de\/wp-json\/wp\/v2\/product"}],"about":[{"href":"https:\/\/addio.eu\/de\/wp-json\/wp\/v2\/types\/product"}],"replies":[{"embeddable":true,"href":"https:\/\/addio.eu\/de\/wp-json\/wp\/v2\/comments?post=13270"}],"wp:featuredmedia":[{"embeddable":true,"href":"https:\/\/addio.eu\/de\/wp-json\/wp\/v2\/media\/13277"}],"wp:attachment":[{"href":"https:\/\/addio.eu\/de\/wp-json\/wp\/v2\/media?parent=13270"}],"wp:term":[{"taxonomy":"product_brand","embeddable":true,"href":"https:\/\/addio.eu\/de\/wp-json\/wp\/v2\/product_brand?post=13270"},{"taxonomy":"product_cat","embeddable":true,"href":"https:\/\/addio.eu\/de\/wp-json\/wp\/v2\/product_cat?post=13270"},{"taxonomy":"product_tag","embeddable":true,"href":"https:\/\/addio.eu\/de\/wp-json\/wp\/v2\/product_tag?post=13270"}],"curies":[{"name":"wp","href":"https:\/\/api.w.org\/{rel}","templated":true}]}}