{"id":12960,"date":"2025-03-24T09:43:40","date_gmt":"2025-03-24T09:43:40","guid":{"rendered":"https:\/\/addio.eu\/product\/drb-8012-3-esp\/"},"modified":"2026-02-10T16:56:38","modified_gmt":"2026-02-10T16:56:38","slug":"drb-8012-3-esp","status":"publish","type":"product","link":"https:\/\/addio.eu\/de\/produkt\/drb-8012-3-esp\/","title":{"rendered":"DRB 8012-3 ESP"},"content":{"rendered":"<p>&nbsp;<\/p>\n<table width=\"310\">\n<tbody>\n<tr>\n<td width=\"234\">Modell<\/td>\n<td width=\"76\">DRB8012-3 ESP<\/td>\n<\/tr>\n<tr>\n<td width=\"234\">Stromversorgung<\/td>\n<td width=\"76\">10-22 VDC<\/td>\n<\/tr>\n<tr>\n<td width=\"234\">Interne Leistungsaufnahme (ungef\u00e4hr) Normalmodus ohne aktive Ausgabe \/ Schlafmodus<\/td>\n<td width=\"76\">~5mA\/~2mA<\/td>\n<\/tr>\n<tr>\n<td width=\"234\">Unterspannungsschutz (einstellbar)<\/td>\n<td width=\"76\">Fest 10V<\/td>\n<\/tr>\n<tr>\n<td width=\"234\">\u00dcberspannungsschutz (einstellbar)<\/td>\n<td width=\"76\">Nein<\/td>\n<\/tr>\n<tr>\n<td width=\"234\">Max. Gesamtstrom 1 Minute<\/td>\n<td width=\"76\">80A<\/td>\n<\/tr>\n<tr>\n<td width=\"234\">Max. Gesamtstrom dauerhaft<\/td>\n<td width=\"76\">80A<\/td>\n<\/tr>\n<tr>\n<td width=\"234\">Gesamtzahl der Eing\u00e4nge<\/td>\n<td width=\"76\">3 Stk<\/td>\n<\/tr>\n<tr>\n<td width=\"234\">Digitale Eing\u00e4nge<\/td>\n<td width=\"76\">3 von 3 Stk<\/td>\n<\/tr>\n<tr>\n<td width=\"234\">Analoge Eing\u00e4nge<\/td>\n<td width=\"76\">0 Stk<\/td>\n<\/tr>\n<tr>\n<td width=\"234\">Eingangswiderstand @12V<\/td>\n<td width=\"76\">22k\u03a9<\/td>\n<\/tr>\n<tr>\n<td width=\"234\">Anschl\u00fcsse Eing\u00e4nge (schraubbare Klemmleisten)<\/td>\n<td width=\"76\">10-polig inkl. +\/-<\/td>\n<\/tr>\n<tr>\n<td width=\"234\">Anzahl der Ausg\u00e4nge<\/td>\n<td width=\"76\">3 Stk<\/td>\n<\/tr>\n<tr>\n<td width=\"234\">Anschlussausg\u00e4nge<\/td>\n<td width=\"76\">M5 Mutter + Crimpverbinder<\/td>\n<\/tr>\n<tr>\n<td width=\"234\">Sicherungsgr\u00f6\u00dfe A, Ausg\u00e4nge<\/td>\n<td width=\"76\">Ausgang 1 Fest 80A, Ausgang 2-3 Fest 6A<\/td>\n<\/tr>\n<tr>\n<td width=\"234\">Anschluss Stromversorgung<\/td>\n<td width=\"76\">M5 Mutter<\/td>\n<\/tr>\n<tr>\n<td width=\"234\">Bluetooth<\/td>\n<td width=\"76\">Nein<\/td>\n<\/tr>\n<tr>\n<td width=\"234\">Motorsteuerungs-H-Br\u00fccke (Vorstrom)<\/td>\n<td width=\"76\">Nein<\/td>\n<\/tr>\n<tr>\n<td width=\"234\">Fehleranzeige<\/td>\n<td width=\"76\">Nein<\/td>\n<\/tr>\n<tr>\n<td width=\"234\">LED pro Ausgang (einstellbare Farbe)<\/td>\n<td width=\"76\">Nein<\/td>\n<\/tr>\n<tr>\n<td width=\"234\">Kommunikationsbus (CAN-Bus)<\/td>\n<td width=\"76\">Ja 1 Stk. RJ10<\/td>\n<\/tr>\n<tr>\n<td width=\"234\">Computeranschl\u00fcsse<\/td>\n<td width=\"76\">Nein<\/td>\n<\/tr>\n<tr>\n<td width=\"234\">Erdungssignale<\/td>\n<td width=\"76\">Ja, mit externem Widerstand zu Plus<\/td>\n<\/tr>\n<tr>\n<td width=\"234\">Handregler, Schaltfelder, Sensoren usw.<\/td>\n<td width=\"76\">Nein<\/td>\n<\/tr>\n<tr>\n<td width=\"234\">Gr\u00f6\u00dfe (mm)<\/td>\n<td width=\"76\">119x57x21<\/td>\n<\/tr>\n<tr>\n<td width=\"234\">Gewicht<\/td>\n<td width=\"76\"><\/td>\n<\/tr>\n<\/tbody>\n<\/table>\n","protected":false},"excerpt":{"rendered":"<p>Diese Einheit ist wie ein sehr leistungsstarkes Relais, das in der Lage ist, 80 Ampere an einem Hochleistungsausgang und zwei 6-Ampere-Niedrigleistungsausg\u00e4ngen zu schalten. Diese Einheit ist nicht konfigurierbar und wird nur \u00fcber CAN-BUS oder \u00fcber die drei Eing\u00e4nge gesteuert. <\/p>\n<p>Die Einheit kann verwendet werden, um den Hauptstrom von der Batterie f\u00fcr Hochlasten zu steuern, beispielsweise wenn Sie eine Hydraulikpumpe oder einen 230-VAC-Wechselrichter anschlie\u00dfen m\u00fcssen.<\/p>\n","protected":false},"featured_media":12969,"comment_status":"open","ping_status":"closed","template":"","meta":[],"product_brand":[],"product_cat":[175],"product_tag":[176,177,392,391],"class_list":{"0":"post-12960","1":"product","2":"type-product","3":"status-publish","4":"has-post-thumbnail","6":"product_cat-digitale-relaisboxen","7":"product_tag-12v","8":"product_tag-2-can-ports","9":"product_tag-3-ausgange","10":"product_tag-3-eingange","12":"first","13":"instock","14":"shipping-taxable","15":"product-type-simple"},"yoast_head":"<!-- This site is optimized with the Yoast SEO plugin v26.0 - https:\/\/yoast.com\/wordpress\/plugins\/seo\/ -->\n<title>DRB 8012-3 ESP - Addio Electronics<\/title>\n<meta name=\"robots\" content=\"index, follow, max-snippet:-1, max-image-preview:large, max-video-preview:-1\" \/>\n<link rel=\"canonical\" href=\"https:\/\/addio.eu\/de\/produkt\/drb-8012-3-esp\/\" \/>\n<meta property=\"og:locale\" content=\"de_DE\" \/>\n<meta property=\"og:type\" content=\"article\" \/>\n<meta property=\"og:title\" content=\"DRB 8012-3 ESP - Addio Electronics\" \/>\n<meta property=\"og:description\" content=\"Diese Einheit ist wie ein sehr leistungsstarkes Relais, das in der Lage ist, 80 Ampere an einem Hochleistungsausgang und zwei 6-Ampere-Niedrigleistungsausg\u00e4ngen zu schalten. Diese Einheit ist nicht konfigurierbar und wird nur \u00fcber CAN-BUS oder \u00fcber die drei Eing\u00e4nge gesteuert.  Die Einheit kann verwendet werden, um den Hauptstrom von der Batterie f\u00fcr Hochlasten zu steuern, beispielsweise wenn Sie eine Hydraulikpumpe oder einen 230-VAC-Wechselrichter anschlie\u00dfen m\u00fcssen.\" \/>\n<meta property=\"og:url\" content=\"https:\/\/addio.eu\/de\/produkt\/drb-8012-3-esp\/\" \/>\n<meta property=\"og:site_name\" content=\"Addio Electronics\" \/>\n<meta property=\"article:publisher\" content=\"https:\/\/www.facebook.com\/AddioElectronicsAB\/\" \/>\n<meta property=\"article:modified_time\" content=\"2026-02-10T16:56:38+00:00\" \/>\n<meta property=\"og:image\" content=\"https:\/\/addio.eu\/wp-content\/uploads\/2025\/03\/IMG_1729-scaled.jpg\" \/>\n\t<meta property=\"og:image:width\" content=\"2560\" \/>\n\t<meta property=\"og:image:height\" content=\"1211\" \/>\n\t<meta property=\"og:image:type\" content=\"image\/jpeg\" \/>\n<meta name=\"twitter:card\" content=\"summary_large_image\" \/>\n<meta name=\"twitter:label1\" content=\"Gesch\u00e4tzte Lesezeit\" \/>\n\t<meta name=\"twitter:data1\" content=\"1 Minute\" \/>\n<script type=\"application\/ld+json\" class=\"yoast-schema-graph\">{\"@context\":\"https:\/\/schema.org\",\"@graph\":[{\"@type\":\"WebPage\",\"@id\":\"https:\/\/addio.eu\/de\/produkt\/drb-8012-3-esp\/\",\"url\":\"https:\/\/addio.eu\/de\/produkt\/drb-8012-3-esp\/\",\"name\":\"DRB 8012-3 ESP - Addio Electronics\",\"isPartOf\":{\"@id\":\"https:\/\/addio.eu\/de\/#website\"},\"primaryImageOfPage\":{\"@id\":\"https:\/\/addio.eu\/de\/produkt\/drb-8012-3-esp\/#primaryimage\"},\"image\":{\"@id\":\"https:\/\/addio.eu\/de\/produkt\/drb-8012-3-esp\/#primaryimage\"},\"thumbnailUrl\":\"https:\/\/addio.eu\/wp-content\/uploads\/2025\/03\/IMG_1729-scaled.jpg\",\"datePublished\":\"2025-03-24T09:43:40+00:00\",\"dateModified\":\"2026-02-10T16:56:38+00:00\",\"breadcrumb\":{\"@id\":\"https:\/\/addio.eu\/de\/produkt\/drb-8012-3-esp\/#breadcrumb\"},\"inLanguage\":\"de\",\"potentialAction\":[{\"@type\":\"ReadAction\",\"target\":[\"https:\/\/addio.eu\/de\/produkt\/drb-8012-3-esp\/\"]}]},{\"@type\":\"ImageObject\",\"inLanguage\":\"de\",\"@id\":\"https:\/\/addio.eu\/de\/produkt\/drb-8012-3-esp\/#primaryimage\",\"url\":\"https:\/\/addio.eu\/wp-content\/uploads\/2025\/03\/IMG_1729-scaled.jpg\",\"contentUrl\":\"https:\/\/addio.eu\/wp-content\/uploads\/2025\/03\/IMG_1729-scaled.jpg\",\"width\":2560,\"height\":1211},{\"@type\":\"BreadcrumbList\",\"@id\":\"https:\/\/addio.eu\/de\/produkt\/drb-8012-3-esp\/#breadcrumb\",\"itemListElement\":[{\"@type\":\"ListItem\",\"position\":1,\"name\":\"Home\",\"item\":\"https:\/\/addio.eu\/de\/addio-startseite\/\"},{\"@type\":\"ListItem\",\"position\":2,\"name\":\"Produkte\",\"item\":\"https:\/\/addio.eu\/de\/produkte\/\"},{\"@type\":\"ListItem\",\"position\":3,\"name\":\"DRB 8012-3 ESP\"}]},{\"@type\":\"WebSite\",\"@id\":\"https:\/\/addio.eu\/de\/#website\",\"url\":\"https:\/\/addio.eu\/de\/\",\"name\":\"addio.eu\",\"description\":\"\",\"publisher\":{\"@id\":\"https:\/\/addio.eu\/de\/#organization\"},\"potentialAction\":[{\"@type\":\"SearchAction\",\"target\":{\"@type\":\"EntryPoint\",\"urlTemplate\":\"https:\/\/addio.eu\/de\/?s={search_term_string}\"},\"query-input\":{\"@type\":\"PropertyValueSpecification\",\"valueRequired\":true,\"valueName\":\"search_term_string\"}}],\"inLanguage\":\"de\"},{\"@type\":\"Organization\",\"@id\":\"https:\/\/addio.eu\/de\/#organization\",\"name\":\"Addio-Elektronik\",\"url\":\"https:\/\/addio.eu\/de\/\",\"logo\":{\"@type\":\"ImageObject\",\"inLanguage\":\"de\",\"@id\":\"https:\/\/addio.eu\/de\/#\/schema\/logo\/image\/\",\"url\":\"https:\/\/addio.eu\/wp-content\/uploads\/2024\/10\/Lager_1-1.svg\",\"contentUrl\":\"https:\/\/addio.eu\/wp-content\/uploads\/2024\/10\/Lager_1-1.svg\",\"caption\":\"Addio-Elektronik\"},\"image\":{\"@id\":\"https:\/\/addio.eu\/de\/#\/schema\/logo\/image\/\"},\"sameAs\":[\"https:\/\/www.facebook.com\/AddioElectronicsAB\/\",\"https:\/\/www.linkedin.com\/company\/addio-electronics-ab\"]}]}<\/script>\n<!-- \/ Yoast SEO plugin. -->","yoast_head_json":{"title":"DRB 8012-3 ESP - Addio Electronics","robots":{"index":"index","follow":"follow","max-snippet":"max-snippet:-1","max-image-preview":"max-image-preview:large","max-video-preview":"max-video-preview:-1"},"canonical":"https:\/\/addio.eu\/de\/produkt\/drb-8012-3-esp\/","og_locale":"de_DE","og_type":"article","og_title":"DRB 8012-3 ESP - Addio Electronics","og_description":"Diese Einheit ist wie ein sehr leistungsstarkes Relais, das in der Lage ist, 80 Ampere an einem Hochleistungsausgang und zwei 6-Ampere-Niedrigleistungsausg\u00e4ngen zu schalten. Diese Einheit ist nicht konfigurierbar und wird nur \u00fcber CAN-BUS oder \u00fcber die drei Eing\u00e4nge gesteuert.  Die Einheit kann verwendet werden, um den Hauptstrom von der Batterie f\u00fcr Hochlasten zu steuern, beispielsweise wenn Sie eine Hydraulikpumpe oder einen 230-VAC-Wechselrichter anschlie\u00dfen m\u00fcssen.","og_url":"https:\/\/addio.eu\/de\/produkt\/drb-8012-3-esp\/","og_site_name":"Addio Electronics","article_publisher":"https:\/\/www.facebook.com\/AddioElectronicsAB\/","article_modified_time":"2026-02-10T16:56:38+00:00","og_image":[{"width":2560,"height":1211,"url":"https:\/\/addio.eu\/wp-content\/uploads\/2025\/03\/IMG_1729-scaled.jpg","type":"image\/jpeg"}],"twitter_card":"summary_large_image","twitter_misc":{"Gesch\u00e4tzte Lesezeit":"1 Minute"},"schema":{"@context":"https:\/\/schema.org","@graph":[{"@type":"WebPage","@id":"https:\/\/addio.eu\/de\/produkt\/drb-8012-3-esp\/","url":"https:\/\/addio.eu\/de\/produkt\/drb-8012-3-esp\/","name":"DRB 8012-3 ESP - Addio Electronics","isPartOf":{"@id":"https:\/\/addio.eu\/de\/#website"},"primaryImageOfPage":{"@id":"https:\/\/addio.eu\/de\/produkt\/drb-8012-3-esp\/#primaryimage"},"image":{"@id":"https:\/\/addio.eu\/de\/produkt\/drb-8012-3-esp\/#primaryimage"},"thumbnailUrl":"https:\/\/addio.eu\/wp-content\/uploads\/2025\/03\/IMG_1729-scaled.jpg","datePublished":"2025-03-24T09:43:40+00:00","dateModified":"2026-02-10T16:56:38+00:00","breadcrumb":{"@id":"https:\/\/addio.eu\/de\/produkt\/drb-8012-3-esp\/#breadcrumb"},"inLanguage":"de","potentialAction":[{"@type":"ReadAction","target":["https:\/\/addio.eu\/de\/produkt\/drb-8012-3-esp\/"]}]},{"@type":"ImageObject","inLanguage":"de","@id":"https:\/\/addio.eu\/de\/produkt\/drb-8012-3-esp\/#primaryimage","url":"https:\/\/addio.eu\/wp-content\/uploads\/2025\/03\/IMG_1729-scaled.jpg","contentUrl":"https:\/\/addio.eu\/wp-content\/uploads\/2025\/03\/IMG_1729-scaled.jpg","width":2560,"height":1211},{"@type":"BreadcrumbList","@id":"https:\/\/addio.eu\/de\/produkt\/drb-8012-3-esp\/#breadcrumb","itemListElement":[{"@type":"ListItem","position":1,"name":"Home","item":"https:\/\/addio.eu\/de\/addio-startseite\/"},{"@type":"ListItem","position":2,"name":"Produkte","item":"https:\/\/addio.eu\/de\/produkte\/"},{"@type":"ListItem","position":3,"name":"DRB 8012-3 ESP"}]},{"@type":"WebSite","@id":"https:\/\/addio.eu\/de\/#website","url":"https:\/\/addio.eu\/de\/","name":"addio.eu","description":"","publisher":{"@id":"https:\/\/addio.eu\/de\/#organization"},"potentialAction":[{"@type":"SearchAction","target":{"@type":"EntryPoint","urlTemplate":"https:\/\/addio.eu\/de\/?s={search_term_string}"},"query-input":{"@type":"PropertyValueSpecification","valueRequired":true,"valueName":"search_term_string"}}],"inLanguage":"de"},{"@type":"Organization","@id":"https:\/\/addio.eu\/de\/#organization","name":"Addio-Elektronik","url":"https:\/\/addio.eu\/de\/","logo":{"@type":"ImageObject","inLanguage":"de","@id":"https:\/\/addio.eu\/de\/#\/schema\/logo\/image\/","url":"https:\/\/addio.eu\/wp-content\/uploads\/2024\/10\/Lager_1-1.svg","contentUrl":"https:\/\/addio.eu\/wp-content\/uploads\/2024\/10\/Lager_1-1.svg","caption":"Addio-Elektronik"},"image":{"@id":"https:\/\/addio.eu\/de\/#\/schema\/logo\/image\/"},"sameAs":["https:\/\/www.facebook.com\/AddioElectronicsAB\/","https:\/\/www.linkedin.com\/company\/addio-electronics-ab"]}]}},"_links":{"self":[{"href":"https:\/\/addio.eu\/de\/wp-json\/wp\/v2\/product\/12960","targetHints":{"allow":["GET"]}}],"collection":[{"href":"https:\/\/addio.eu\/de\/wp-json\/wp\/v2\/product"}],"about":[{"href":"https:\/\/addio.eu\/de\/wp-json\/wp\/v2\/types\/product"}],"replies":[{"embeddable":true,"href":"https:\/\/addio.eu\/de\/wp-json\/wp\/v2\/comments?post=12960"}],"wp:featuredmedia":[{"embeddable":true,"href":"https:\/\/addio.eu\/de\/wp-json\/wp\/v2\/media\/12969"}],"wp:attachment":[{"href":"https:\/\/addio.eu\/de\/wp-json\/wp\/v2\/media?parent=12960"}],"wp:term":[{"taxonomy":"product_brand","embeddable":true,"href":"https:\/\/addio.eu\/de\/wp-json\/wp\/v2\/product_brand?post=12960"},{"taxonomy":"product_cat","embeddable":true,"href":"https:\/\/addio.eu\/de\/wp-json\/wp\/v2\/product_cat?post=12960"},{"taxonomy":"product_tag","embeddable":true,"href":"https:\/\/addio.eu\/de\/wp-json\/wp\/v2\/product_tag?post=12960"}],"curies":[{"name":"wp","href":"https:\/\/api.w.org\/{rel}","templated":true}]}}