{"id":12870,"date":"2025-03-07T09:40:24","date_gmt":"2025-03-07T09:40:24","guid":{"rendered":"https:\/\/addio.eu\/product\/5012-4-adv\/"},"modified":"2026-02-10T17:01:26","modified_gmt":"2026-02-10T17:01:26","slug":"5012-4-adv","status":"publish","type":"product","link":"https:\/\/addio.eu\/de\/produkt\/5012-4-adv\/","title":{"rendered":"5012-4 ADV"},"content":{"rendered":"<p>DRB-5012-4 ADV ist eine 12-Volt-Einheit mit 4 Eing\u00e4ngen und 4 Ausg\u00e4ngen, einem maximalen Spitzenstrom von 50 A und CAN-Kommunikation.<\/p>\n<table width=\"333\">\n<tbody>\n<tr>\n<td width=\"234\">Modell<\/td>\n<td width=\"99\">DRB-5012-4 ADV<\/td>\n<\/tr>\n<tr>\n<td width=\"234\">Stromversorgung<\/td>\n<td width=\"99\">10-22 VDC<\/td>\n<\/tr>\n<tr>\n<td width=\"234\">Interner Stromverbrauch (ca.) Normalbetrieb ohne aktiven Ausgang \/ Ruhemodus<\/td>\n<td width=\"99\">~30mA\/~4mA<\/td>\n<\/tr>\n<tr>\n<td width=\"234\">Unterspannungsschutz (einstellbar)<\/td>\n<td width=\"99\">10-13V in 0,5-V-Schritten<\/td>\n<\/tr>\n<tr>\n<td width=\"234\">\u00dcberspannungsschutz (einstellbar)<\/td>\n<td width=\"99\">16-26V, 2V Schritte<\/td>\n<\/tr>\n<tr>\n<td width=\"234\">Max. Gesamtstrom 1 Minute<\/td>\n<td width=\"99\">50A<\/td>\n<\/tr>\n<tr>\n<td width=\"234\">Max. Gesamtstrom dauerhaft<\/td>\n<td width=\"99\">50A<\/td>\n<\/tr>\n<tr>\n<td width=\"234\">Gesamtzahl der Eing\u00e4nge<\/td>\n<td width=\"99\">4 Stk.<\/td>\n<\/tr>\n<tr>\n<td width=\"234\">Digitale Eing\u00e4nge<\/td>\n<td width=\"99\">4 von 4 Stk.<\/td>\n<\/tr>\n<tr>\n<td width=\"234\">Analoge Eing\u00e4nge<\/td>\n<td width=\"99\">2 von 4 Stk.<\/td>\n<\/tr>\n<tr>\n<td width=\"234\">Eingangswiderstand @12V<\/td>\n<td width=\"99\">22k\u03a9<\/td>\n<\/tr>\n<tr>\n<td width=\"234\">Eingangsanschl\u00fcsse (steckbare Schraubklemmen)<\/td>\n<td width=\"99\">6-polig inkl. +\/-<\/td>\n<\/tr>\n<tr>\n<td width=\"234\">Anzahl der Ausg\u00e4nge<\/td>\n<td width=\"99\">4 Stk.<\/td>\n<\/tr>\n<tr>\n<td width=\"234\">Anschluss Ausg\u00e4nge<\/td>\n<td width=\"99\">Kabel-Crimpverbinder<\/td>\n<\/tr>\n<tr>\n<td width=\"234\">Sicherungsgr\u00f6\u00dfe A, Ausg\u00e4nge<\/td>\n<td width=\"99\">2, 3, 5, 7,5, 10, 13, 15, 18, 20<\/td>\n<\/tr>\n<tr>\n<td width=\"234\">Anschluss Stromversorgung<\/td>\n<td width=\"99\">M5 Mutter<\/td>\n<\/tr>\n<tr>\n<td width=\"234\">Bluetooth<\/td>\n<td width=\"99\">Ja, Zubeh\u00f6r<\/td>\n<\/tr>\n<tr>\n<td width=\"234\">Motorsteuerung H-Br\u00fccke (vorl\u00e4ufige Stromst\u00e4rke)<\/td>\n<td width=\"99\">Ja, max. 12A<\/td>\n<\/tr>\n<tr>\n<td width=\"234\">Fehleranzeige<\/td>\n<td width=\"99\">gemeinsame RGB-LED<\/td>\n<\/tr>\n<tr>\n<td width=\"234\">LED pro Ausgang (einstellbare Farbe)<\/td>\n<td width=\"99\">Ja, RGB<\/td>\n<\/tr>\n<tr>\n<td width=\"234\">Kommunikationsbus (CAN-Bus)<\/td>\n<td width=\"99\">Ja 2 Stk. RJ10<\/td>\n<\/tr>\n<tr>\n<td width=\"234\">Computeranschl\u00fcsse<\/td>\n<td width=\"99\">USB Typ C<\/td>\n<\/tr>\n<tr>\n<td width=\"234\">Erdungssignale<\/td>\n<td width=\"99\">Ja, mit internem Pull-up Eingang 1-2<\/td>\n<\/tr>\n<tr>\n<td width=\"234\">Handregler, Schalttafeln, Sensoren usw.<\/td>\n<td width=\"99\">Ja, als Zubeh\u00f6r<\/td>\n<\/tr>\n<tr>\n<td width=\"234\">Gr\u00f6\u00dfe (mm)<\/td>\n<td width=\"99\">119x68x21<\/td>\n<\/tr>\n<tr>\n<td width=\"234\">Gewicht<\/td>\n<td width=\"99\">98g<\/td>\n<\/tr>\n<\/tbody>\n<\/table>\n","protected":false},"excerpt":{"rendered":"<div class=\"elementor-element elementor-element-28a1869 elementor-widget elementor-widget-woocommerce-product-title elementor-page-title elementor-widget-heading\" data-id=\"28a1869\" data-element_type=\"widget\" data-widget_type=\"woocommerce-product-title.default\">\n<div class=\"elementor-widget-container\"><\/div>\n<\/div>\n<div class=\"elementor-element elementor-element-b951bf8 elementor-widget elementor-widget-woocommerce-product-short-description\" data-id=\"b951bf8\" data-element_type=\"widget\" data-widget_type=\"woocommerce-product-short-description.default\">\n<div class=\"elementor-widget-container\">\n<div class=\"woocommerce-product-details__short-description\">\n<p class=\"\" data-start=\"112\" data-end=\"430\">DRB 5012-4 ADV ist unsere mittelgro\u00dfe, meistverkaufte 12-V-Einheit mit 4 Ausg\u00e4ngen und 4 Eing\u00e4ngen sowie einem kontinuierlichen Gesamtstrom von 50 Ampere, verteilt auf alle Ausg\u00e4nge.<\/p>\n<p>Wie alle unsere DRBs bietet die 5012-4 ADV eine Vielzahl von Funktionen, wie zum Beispiel:<\/p>\n<ul>\n<li>Relaisfunktionen wie Blinken, Dimmen und Timer<\/li>\n<li>Sicherungsfunktion \u00fcber Hochstromschalter<\/li>\n<li>Batterieschutz durch Timer oder Spannungsschutz, individuell pro Ausgang<\/li>\n<li>Regelbasierte logische Funktionen<\/li>\n<li>Bis zu drei verschiedene Funktionen pro Ausgang, wie z. B. Dauerbetrieb oder Blinken<\/li>\n<\/ul>\n<p class=\"\" data-start=\"112\" data-end=\"430\">Die Ausg\u00e4nge sind digital bis zu 20 Ampere pro Ausgang gesch\u00fctzt (in Intervallen einstellbar).<\/p>\n<p class=\"\" data-start=\"432\" data-end=\"679\">Die Einheit wird idealerweise \u00fcber unser 8-Tasten-Bedienfeld (Zubeh\u00f6r) gesteuert, das \u00fcber CAN-Bus angeschlossen ist, aber auch regul\u00e4re Schalter oder andere Arten von Signalen, sowohl digital (hoch\/niedrig) als auch analog (variable Spannungen), k\u00f6nnen konfiguriert werden, um jeden Ausgang zu steuern.<\/p>\n<\/div>\n<\/div>\n<\/div>\n","protected":false},"featured_media":12878,"comment_status":"open","ping_status":"closed","template":"","meta":[],"product_brand":[],"product_cat":[175],"product_tag":[176,177,178,387],"class_list":{"0":"post-12870","1":"product","2":"type-product","3":"status-publish","4":"has-post-thumbnail","6":"product_cat-digitale-relaisboxen","7":"product_tag-12v","8":"product_tag-2-can-ports","9":"product_tag-4-ausgange","10":"product_tag-4-eingange","12":"first","13":"instock","14":"shipping-taxable","15":"product-type-simple"},"yoast_head":"<!-- This site is optimized with the Yoast SEO plugin v26.0 - https:\/\/yoast.com\/wordpress\/plugins\/seo\/ -->\n<title>5012-4 ADV - Addio Electronics<\/title>\n<meta name=\"robots\" content=\"index, follow, max-snippet:-1, max-image-preview:large, max-video-preview:-1\" \/>\n<link rel=\"canonical\" href=\"https:\/\/addio.eu\/de\/produkt\/5012-4-adv\/\" \/>\n<meta property=\"og:locale\" content=\"de_DE\" \/>\n<meta property=\"og:type\" content=\"article\" \/>\n<meta property=\"og:title\" content=\"5012-4 ADV - Addio Electronics\" \/>\n<meta property=\"og:description\" content=\"DRB 5012-4 ADV ist unsere mittelgro\u00dfe, meistverkaufte 12-V-Einheit mit 4 Ausg\u00e4ngen und 4 Eing\u00e4ngen sowie einem kontinuierlichen Gesamtstrom von 50 Ampere, verteilt auf alle Ausg\u00e4nge. Wie alle unsere DRBs bietet die 5012-4 ADV eine Vielzahl von Funktionen, wie zum Beispiel:  Relaisfunktionen wie Blinken, Dimmen und Timer  Sicherungsfunktion \u00fcber Hochstromschalter  Batterieschutz durch Timer oder Spannungsschutz, individuell pro Ausgang  Regelbasierte logische Funktionen  Bis zu drei verschiedene Funktionen pro Ausgang, wie z. B. Dauerbetrieb oder Blinken Die Ausg\u00e4nge sind digital bis zu 20 Ampere pro Ausgang gesch\u00fctzt (in Intervallen einstellbar). Die Einheit wird idealerweise \u00fcber unser 8-Tasten-Bedienfeld (Zubeh\u00f6r) gesteuert, das \u00fcber CAN-Bus angeschlossen ist, aber auch regul\u00e4re Schalter oder andere Arten von Signalen, sowohl digital (hoch\/niedrig) als auch analog (variable Spannungen), k\u00f6nnen konfiguriert werden, um jeden Ausgang zu steuern.\" \/>\n<meta property=\"og:url\" content=\"https:\/\/addio.eu\/de\/produkt\/5012-4-adv\/\" \/>\n<meta property=\"og:site_name\" content=\"Addio Electronics\" \/>\n<meta property=\"article:publisher\" content=\"https:\/\/www.facebook.com\/AddioElectronicsAB\/\" \/>\n<meta property=\"article:modified_time\" content=\"2026-02-10T17:01:26+00:00\" \/>\n<meta property=\"og:image\" content=\"https:\/\/addio.eu\/wp-content\/uploads\/2025\/03\/IMG_1753-scaled.jpg\" \/>\n\t<meta property=\"og:image:width\" content=\"2560\" \/>\n\t<meta property=\"og:image:height\" content=\"1649\" \/>\n\t<meta property=\"og:image:type\" content=\"image\/jpeg\" \/>\n<meta name=\"twitter:card\" content=\"summary_large_image\" \/>\n<meta name=\"twitter:label1\" content=\"Gesch\u00e4tzte Lesezeit\" \/>\n\t<meta name=\"twitter:data1\" content=\"1 Minute\" \/>\n<script type=\"application\/ld+json\" class=\"yoast-schema-graph\">{\"@context\":\"https:\/\/schema.org\",\"@graph\":[{\"@type\":\"WebPage\",\"@id\":\"https:\/\/addio.eu\/de\/produkt\/5012-4-adv\/\",\"url\":\"https:\/\/addio.eu\/de\/produkt\/5012-4-adv\/\",\"name\":\"5012-4 ADV - Addio Electronics\",\"isPartOf\":{\"@id\":\"https:\/\/addio.eu\/de\/#website\"},\"primaryImageOfPage\":{\"@id\":\"https:\/\/addio.eu\/de\/produkt\/5012-4-adv\/#primaryimage\"},\"image\":{\"@id\":\"https:\/\/addio.eu\/de\/produkt\/5012-4-adv\/#primaryimage\"},\"thumbnailUrl\":\"https:\/\/addio.eu\/wp-content\/uploads\/2025\/03\/IMG_1753-scaled.jpg\",\"datePublished\":\"2025-03-07T09:40:24+00:00\",\"dateModified\":\"2026-02-10T17:01:26+00:00\",\"breadcrumb\":{\"@id\":\"https:\/\/addio.eu\/de\/produkt\/5012-4-adv\/#breadcrumb\"},\"inLanguage\":\"de\",\"potentialAction\":[{\"@type\":\"ReadAction\",\"target\":[\"https:\/\/addio.eu\/de\/produkt\/5012-4-adv\/\"]}]},{\"@type\":\"ImageObject\",\"inLanguage\":\"de\",\"@id\":\"https:\/\/addio.eu\/de\/produkt\/5012-4-adv\/#primaryimage\",\"url\":\"https:\/\/addio.eu\/wp-content\/uploads\/2025\/03\/IMG_1753-scaled.jpg\",\"contentUrl\":\"https:\/\/addio.eu\/wp-content\/uploads\/2025\/03\/IMG_1753-scaled.jpg\",\"width\":2560,\"height\":1649},{\"@type\":\"BreadcrumbList\",\"@id\":\"https:\/\/addio.eu\/de\/produkt\/5012-4-adv\/#breadcrumb\",\"itemListElement\":[{\"@type\":\"ListItem\",\"position\":1,\"name\":\"Home\",\"item\":\"https:\/\/addio.eu\/de\/addio-startseite\/\"},{\"@type\":\"ListItem\",\"position\":2,\"name\":\"Produkte\",\"item\":\"https:\/\/addio.eu\/de\/produkte\/\"},{\"@type\":\"ListItem\",\"position\":3,\"name\":\"5012-4 ADV\"}]},{\"@type\":\"WebSite\",\"@id\":\"https:\/\/addio.eu\/de\/#website\",\"url\":\"https:\/\/addio.eu\/de\/\",\"name\":\"addio.eu\",\"description\":\"\",\"publisher\":{\"@id\":\"https:\/\/addio.eu\/de\/#organization\"},\"potentialAction\":[{\"@type\":\"SearchAction\",\"target\":{\"@type\":\"EntryPoint\",\"urlTemplate\":\"https:\/\/addio.eu\/de\/?s={search_term_string}\"},\"query-input\":{\"@type\":\"PropertyValueSpecification\",\"valueRequired\":true,\"valueName\":\"search_term_string\"}}],\"inLanguage\":\"de\"},{\"@type\":\"Organization\",\"@id\":\"https:\/\/addio.eu\/de\/#organization\",\"name\":\"Addio-Elektronik\",\"url\":\"https:\/\/addio.eu\/de\/\",\"logo\":{\"@type\":\"ImageObject\",\"inLanguage\":\"de\",\"@id\":\"https:\/\/addio.eu\/de\/#\/schema\/logo\/image\/\",\"url\":\"https:\/\/addio.eu\/wp-content\/uploads\/2024\/10\/Lager_1-1.svg\",\"contentUrl\":\"https:\/\/addio.eu\/wp-content\/uploads\/2024\/10\/Lager_1-1.svg\",\"caption\":\"Addio-Elektronik\"},\"image\":{\"@id\":\"https:\/\/addio.eu\/de\/#\/schema\/logo\/image\/\"},\"sameAs\":[\"https:\/\/www.facebook.com\/AddioElectronicsAB\/\",\"https:\/\/www.linkedin.com\/company\/addio-electronics-ab\"]}]}<\/script>\n<!-- \/ Yoast SEO plugin. -->","yoast_head_json":{"title":"5012-4 ADV - Addio Electronics","robots":{"index":"index","follow":"follow","max-snippet":"max-snippet:-1","max-image-preview":"max-image-preview:large","max-video-preview":"max-video-preview:-1"},"canonical":"https:\/\/addio.eu\/de\/produkt\/5012-4-adv\/","og_locale":"de_DE","og_type":"article","og_title":"5012-4 ADV - Addio Electronics","og_description":"DRB 5012-4 ADV ist unsere mittelgro\u00dfe, meistverkaufte 12-V-Einheit mit 4 Ausg\u00e4ngen und 4 Eing\u00e4ngen sowie einem kontinuierlichen Gesamtstrom von 50 Ampere, verteilt auf alle Ausg\u00e4nge. Wie alle unsere DRBs bietet die 5012-4 ADV eine Vielzahl von Funktionen, wie zum Beispiel:  Relaisfunktionen wie Blinken, Dimmen und Timer  Sicherungsfunktion \u00fcber Hochstromschalter  Batterieschutz durch Timer oder Spannungsschutz, individuell pro Ausgang  Regelbasierte logische Funktionen  Bis zu drei verschiedene Funktionen pro Ausgang, wie z. B. Dauerbetrieb oder Blinken Die Ausg\u00e4nge sind digital bis zu 20 Ampere pro Ausgang gesch\u00fctzt (in Intervallen einstellbar). Die Einheit wird idealerweise \u00fcber unser 8-Tasten-Bedienfeld (Zubeh\u00f6r) gesteuert, das \u00fcber CAN-Bus angeschlossen ist, aber auch regul\u00e4re Schalter oder andere Arten von Signalen, sowohl digital (hoch\/niedrig) als auch analog (variable Spannungen), k\u00f6nnen konfiguriert werden, um jeden Ausgang zu steuern.","og_url":"https:\/\/addio.eu\/de\/produkt\/5012-4-adv\/","og_site_name":"Addio Electronics","article_publisher":"https:\/\/www.facebook.com\/AddioElectronicsAB\/","article_modified_time":"2026-02-10T17:01:26+00:00","og_image":[{"width":2560,"height":1649,"url":"https:\/\/addio.eu\/wp-content\/uploads\/2025\/03\/IMG_1753-scaled.jpg","type":"image\/jpeg"}],"twitter_card":"summary_large_image","twitter_misc":{"Gesch\u00e4tzte Lesezeit":"1 Minute"},"schema":{"@context":"https:\/\/schema.org","@graph":[{"@type":"WebPage","@id":"https:\/\/addio.eu\/de\/produkt\/5012-4-adv\/","url":"https:\/\/addio.eu\/de\/produkt\/5012-4-adv\/","name":"5012-4 ADV - Addio Electronics","isPartOf":{"@id":"https:\/\/addio.eu\/de\/#website"},"primaryImageOfPage":{"@id":"https:\/\/addio.eu\/de\/produkt\/5012-4-adv\/#primaryimage"},"image":{"@id":"https:\/\/addio.eu\/de\/produkt\/5012-4-adv\/#primaryimage"},"thumbnailUrl":"https:\/\/addio.eu\/wp-content\/uploads\/2025\/03\/IMG_1753-scaled.jpg","datePublished":"2025-03-07T09:40:24+00:00","dateModified":"2026-02-10T17:01:26+00:00","breadcrumb":{"@id":"https:\/\/addio.eu\/de\/produkt\/5012-4-adv\/#breadcrumb"},"inLanguage":"de","potentialAction":[{"@type":"ReadAction","target":["https:\/\/addio.eu\/de\/produkt\/5012-4-adv\/"]}]},{"@type":"ImageObject","inLanguage":"de","@id":"https:\/\/addio.eu\/de\/produkt\/5012-4-adv\/#primaryimage","url":"https:\/\/addio.eu\/wp-content\/uploads\/2025\/03\/IMG_1753-scaled.jpg","contentUrl":"https:\/\/addio.eu\/wp-content\/uploads\/2025\/03\/IMG_1753-scaled.jpg","width":2560,"height":1649},{"@type":"BreadcrumbList","@id":"https:\/\/addio.eu\/de\/produkt\/5012-4-adv\/#breadcrumb","itemListElement":[{"@type":"ListItem","position":1,"name":"Home","item":"https:\/\/addio.eu\/de\/addio-startseite\/"},{"@type":"ListItem","position":2,"name":"Produkte","item":"https:\/\/addio.eu\/de\/produkte\/"},{"@type":"ListItem","position":3,"name":"5012-4 ADV"}]},{"@type":"WebSite","@id":"https:\/\/addio.eu\/de\/#website","url":"https:\/\/addio.eu\/de\/","name":"addio.eu","description":"","publisher":{"@id":"https:\/\/addio.eu\/de\/#organization"},"potentialAction":[{"@type":"SearchAction","target":{"@type":"EntryPoint","urlTemplate":"https:\/\/addio.eu\/de\/?s={search_term_string}"},"query-input":{"@type":"PropertyValueSpecification","valueRequired":true,"valueName":"search_term_string"}}],"inLanguage":"de"},{"@type":"Organization","@id":"https:\/\/addio.eu\/de\/#organization","name":"Addio-Elektronik","url":"https:\/\/addio.eu\/de\/","logo":{"@type":"ImageObject","inLanguage":"de","@id":"https:\/\/addio.eu\/de\/#\/schema\/logo\/image\/","url":"https:\/\/addio.eu\/wp-content\/uploads\/2024\/10\/Lager_1-1.svg","contentUrl":"https:\/\/addio.eu\/wp-content\/uploads\/2024\/10\/Lager_1-1.svg","caption":"Addio-Elektronik"},"image":{"@id":"https:\/\/addio.eu\/de\/#\/schema\/logo\/image\/"},"sameAs":["https:\/\/www.facebook.com\/AddioElectronicsAB\/","https:\/\/www.linkedin.com\/company\/addio-electronics-ab"]}]}},"_links":{"self":[{"href":"https:\/\/addio.eu\/de\/wp-json\/wp\/v2\/product\/12870","targetHints":{"allow":["GET"]}}],"collection":[{"href":"https:\/\/addio.eu\/de\/wp-json\/wp\/v2\/product"}],"about":[{"href":"https:\/\/addio.eu\/de\/wp-json\/wp\/v2\/types\/product"}],"replies":[{"embeddable":true,"href":"https:\/\/addio.eu\/de\/wp-json\/wp\/v2\/comments?post=12870"}],"wp:featuredmedia":[{"embeddable":true,"href":"https:\/\/addio.eu\/de\/wp-json\/wp\/v2\/media\/12878"}],"wp:attachment":[{"href":"https:\/\/addio.eu\/de\/wp-json\/wp\/v2\/media?parent=12870"}],"wp:term":[{"taxonomy":"product_brand","embeddable":true,"href":"https:\/\/addio.eu\/de\/wp-json\/wp\/v2\/product_brand?post=12870"},{"taxonomy":"product_cat","embeddable":true,"href":"https:\/\/addio.eu\/de\/wp-json\/wp\/v2\/product_cat?post=12870"},{"taxonomy":"product_tag","embeddable":true,"href":"https:\/\/addio.eu\/de\/wp-json\/wp\/v2\/product_tag?post=12870"}],"curies":[{"name":"wp","href":"https:\/\/api.w.org\/{rel}","templated":true}]}}