{"id":12819,"date":"2025-03-24T09:47:26","date_gmt":"2025-03-24T09:47:26","guid":{"rendered":"https:\/\/addio.eu\/product\/drb-9012-8-std\/"},"modified":"2026-02-10T16:48:07","modified_gmt":"2026-02-10T16:48:07","slug":"drb-9012-8-std","status":"publish","type":"product","link":"https:\/\/addio.eu\/de\/produkt\/drb-9012-8-std\/","title":{"rendered":"DRB 9012-8 STD"},"content":{"rendered":"<table width=\"310\">\n<tbody>\n<tr>\n<td width=\"234\">Modell<\/td>\n<td width=\"76\">DRB-9012-8 STD<\/td>\n<\/tr>\n<tr>\n<td width=\"234\">Stromversorgung<\/td>\n<td width=\"76\">10-22 VDC<\/td>\n<\/tr>\n<tr>\n<td width=\"234\">Interne Leistungsaufnahme (ungef\u00e4hr)Normalmodus ohne aktive Ausg\u00e4nge \/ Schlafmodus<\/td>\n<td width=\"76\">~30mA\/~6mA<\/td>\n<\/tr>\n<tr>\n<td width=\"234\">Unterspannungsschutz (einstellbar)<\/td>\n<td width=\"76\">10-13V, 0,5V Schritte<\/td>\n<\/tr>\n<tr>\n<td width=\"234\">\u00dcberspannungsschutz (einstellbar)<\/td>\n<td width=\"76\">16-26V, 2V Schritte<\/td>\n<\/tr>\n<tr>\n<td width=\"234\">Max. Gesamtstrom 1 Minute<\/td>\n<td width=\"76\">90A<\/td>\n<\/tr>\n<tr>\n<td width=\"234\">Max. Gesamtstrom dauerhaft<\/td>\n<td width=\"76\">70A<\/td>\n<\/tr>\n<tr>\n<td width=\"234\">Gesamtzahl der Eing\u00e4nge<\/td>\n<td width=\"76\">8 Stk.<\/td>\n<\/tr>\n<tr>\n<td width=\"234\">Digitale Eing\u00e4nge<\/td>\n<td width=\"76\">8 von 8 Stk.<\/td>\n<\/tr>\n<tr>\n<td width=\"234\">Analoge Eing\u00e4nge<\/td>\n<td width=\"76\">4 von 8 Stk.<\/td>\n<\/tr>\n<tr>\n<td width=\"234\">Eingangswiderstand @12V<\/td>\n<td width=\"76\">22k\u03a9<\/td>\n<\/tr>\n<tr>\n<td width=\"234\">Anschl\u00fcsse Eing\u00e4nge (schraubbare Klemmleisten)<\/td>\n<td width=\"76\">10-polig inkl. +\/-<\/td>\n<\/tr>\n<tr>\n<td width=\"234\">Anzahl der Ausg\u00e4nge<\/td>\n<td width=\"76\">8 Stk.<\/td>\n<\/tr>\n<tr>\n<td width=\"234\">Anschluss Ausg\u00e4nge<\/td>\n<td width=\"76\">Kabel-Crimpverbinder<\/td>\n<\/tr>\n<tr>\n<td width=\"234\">Sicherungsgr\u00f6\u00dfe A, Ausg\u00e4nge<\/td>\n<td width=\"76\">5, 10, 15, 20, (25 nur U7, U8)<\/td>\n<\/tr>\n<tr>\n<td width=\"234\">Anschluss Stromversorgung<\/td>\n<td width=\"76\">M5 Mutter<\/td>\n<\/tr>\n<tr>\n<td width=\"234\">Bluetooth<\/td>\n<td width=\"76\">Nein<\/td>\n<\/tr>\n<tr>\n<td width=\"234\">Motorsteuerungs-H-Br\u00fccke (Vorstrom)<\/td>\n<td width=\"76\">Nein<\/td>\n<\/tr>\n<tr>\n<td width=\"234\">Fehleranzeige<\/td>\n<td width=\"76\">gemeinsame RGB-LED<\/td>\n<\/tr>\n<tr>\n<td width=\"234\">LED pro Ausgang (einstellbare Farbe)<\/td>\n<td width=\"76\">Nein<\/td>\n<\/tr>\n<tr>\n<td width=\"234\">Kommunikationsbus (CAN-Bus)<\/td>\n<td width=\"76\">Nein<\/td>\n<\/tr>\n<tr>\n<td width=\"234\">Computeranschl\u00fcsse<\/td>\n<td width=\"76\">USB Mini<\/td>\n<\/tr>\n<tr>\n<td width=\"234\">Erdungssignale<\/td>\n<td width=\"76\">Ja, mit externem Widerstand zu Plus<\/td>\n<\/tr>\n<tr>\n<td width=\"234\">Handregler, Schaltfelder, Sensoren usw.<\/td>\n<td width=\"76\">Nein<\/td>\n<\/tr>\n<tr>\n<td width=\"234\">Gr\u00f6\u00dfe (mm)<\/td>\n<td width=\"76\">170x92x21<\/td>\n<\/tr>\n<tr>\n<td width=\"234\">Gewicht<\/td>\n<td width=\"76\">174g<\/td>\n<\/tr>\n<\/tbody>\n<\/table>\n","protected":false},"excerpt":{"rendered":"<div class=\"elementor-element elementor-element-28a1869 elementor-widget elementor-widget-woocommerce-product-title elementor-page-title elementor-widget-heading\" data-id=\"28a1869\" data-element_type=\"widget\" data-widget_type=\"woocommerce-product-title.default\">\n<div class=\"elementor-widget-container\"><strong><span style=\"font-size: 16px;\">DRB 9012-8 STD ist unsere kostenoptimierte Einheit mit 8 Ausg\u00e4ngen und 8 Eing\u00e4ngen und einem kontinuierlichen Gesamtstrom von 90 Ampere, verteilt auf alle Ausg\u00e4nge.<\/span><\/strong><\/div>\n<div><\/div>\n<div class=\"elementor-widget-container\">Im Vergleich zu den ADV-Einheiten verf\u00fcgt die STD nicht \u00fcber CANBus-Kommunikation, keine eingebaute H-Br\u00fccke (Motorsteuerung), keine LEDs pro Ausgang und keine eingebauten Pullups an den Eing\u00e4ngen f\u00fcr GND-Eingangssignale.<strong>Die STD-Einheit kann nicht von unseren SwitchPanels oder Handsteuerungen gesteuert werden, da sie keine CAN\/COM-Ports besitzt.<\/strong><\/div>\n<\/div>\n<div class=\"elementor-element elementor-element-b951bf8 elementor-widget elementor-widget-woocommerce-product-short-description\" data-id=\"b951bf8\" data-element_type=\"widget\" data-widget_type=\"woocommerce-product-short-description.default\">\n<div class=\"elementor-widget-container\">\n<div class=\"woocommerce-product-details__short-description\">\n<p>Wie alle unsere DRBs bietet auch die 9012-8 STD eine breite Palette von Funktionen, wie z. B.:<\/p>\n<ul>\n<li>Relaisfunktionen wie Blinken, Dimmen und Timer<\/li>\n<li>Sicherungsfunktion \u00fcber Hochstromschalter<\/li>\n<li>Batterieschutz durch Timer oder Spannungsschutz, individuell pro Ausgang<\/li>\n<li>Regelbasierte logische Funktionen<\/li>\n<li>Bis zu drei verschiedene Funktionen pro Ausgang, wie z. B. Dauerbetrieb oder Blinken<\/li>\n<\/ul>\n<p class=\"\" data-start=\"112\" data-end=\"430\">Die Ausg\u00e4nge sind digital bis zu 25 Ampere pro Ausgang gesch\u00fctzt (einstellbar in 5-A-Schritten).<\/p>\n<\/div>\n<\/div>\n<\/div>\n","protected":false},"featured_media":12826,"comment_status":"open","ping_status":"closed","template":"","meta":[],"product_brand":[],"product_cat":[175],"product_tag":[176,229,228],"class_list":{"0":"post-12819","1":"product","2":"type-product","3":"status-publish","4":"has-post-thumbnail","6":"product_cat-digitale-relaisboxen","7":"product_tag-12v","8":"product_tag-8-ausgange","9":"product_tag-8-eingange","11":"first","12":"instock","13":"shipping-taxable","14":"product-type-simple"},"yoast_head":"<!-- This site is optimized with the Yoast SEO plugin v26.0 - https:\/\/yoast.com\/wordpress\/plugins\/seo\/ -->\n<title>DRB 9012-8 STD - Addio Electronics<\/title>\n<meta name=\"robots\" content=\"index, follow, max-snippet:-1, max-image-preview:large, max-video-preview:-1\" \/>\n<link rel=\"canonical\" href=\"https:\/\/addio.eu\/de\/produkt\/drb-9012-8-std\/\" \/>\n<meta property=\"og:locale\" content=\"de_DE\" \/>\n<meta property=\"og:type\" content=\"article\" \/>\n<meta property=\"og:title\" content=\"DRB 9012-8 STD - Addio Electronics\" \/>\n<meta property=\"og:description\" content=\"DRB 9012-8 STD ist unsere kostenoptimierte Einheit mit 8 Ausg\u00e4ngen und 8 Eing\u00e4ngen und einem kontinuierlichen Gesamtstrom von 90 Ampere, verteilt auf alle Ausg\u00e4nge. Im Vergleich zu den ADV-Einheiten verf\u00fcgt die STD nicht \u00fcber CANBus-Kommunikation, keine eingebaute H-Br\u00fccke (Motorsteuerung), keine LEDs pro Ausgang und keine eingebauten Pullups an den Eing\u00e4ngen f\u00fcr GND-Eingangssignale.Die STD-Einheit kann nicht von unseren SwitchPanels oder Handsteuerungen gesteuert werden, da sie keine CAN\/COM-Ports besitzt.   Wie alle unsere DRBs bietet auch die 9012-8 STD eine breite Palette von Funktionen, wie z. B.:  Relaisfunktionen wie Blinken, Dimmen und Timer  Sicherungsfunktion \u00fcber Hochstromschalter  Batterieschutz durch Timer oder Spannungsschutz, individuell pro Ausgang  Regelbasierte logische Funktionen  Bis zu drei verschiedene Funktionen pro Ausgang, wie z. B. Dauerbetrieb oder Blinken Die Ausg\u00e4nge sind digital bis zu 25 Ampere pro Ausgang gesch\u00fctzt (einstellbar in 5-A-Schritten).\" \/>\n<meta property=\"og:url\" content=\"https:\/\/addio.eu\/de\/produkt\/drb-9012-8-std\/\" \/>\n<meta property=\"og:site_name\" content=\"Addio Electronics\" \/>\n<meta property=\"article:publisher\" content=\"https:\/\/www.facebook.com\/AddioElectronicsAB\/\" \/>\n<meta property=\"article:modified_time\" content=\"2026-02-10T16:48:07+00:00\" \/>\n<meta property=\"og:image\" content=\"https:\/\/addio.eu\/wp-content\/uploads\/2025\/03\/IMG_1788-scaled.jpg\" \/>\n\t<meta property=\"og:image:width\" content=\"2560\" \/>\n\t<meta property=\"og:image:height\" content=\"1654\" \/>\n\t<meta property=\"og:image:type\" content=\"image\/jpeg\" \/>\n<meta name=\"twitter:card\" content=\"summary_large_image\" \/>\n<meta name=\"twitter:label1\" content=\"Gesch\u00e4tzte Lesezeit\" \/>\n\t<meta name=\"twitter:data1\" content=\"1 Minute\" \/>\n<script type=\"application\/ld+json\" class=\"yoast-schema-graph\">{\"@context\":\"https:\/\/schema.org\",\"@graph\":[{\"@type\":\"WebPage\",\"@id\":\"https:\/\/addio.eu\/de\/produkt\/drb-9012-8-std\/\",\"url\":\"https:\/\/addio.eu\/de\/produkt\/drb-9012-8-std\/\",\"name\":\"DRB 9012-8 STD - Addio Electronics\",\"isPartOf\":{\"@id\":\"https:\/\/addio.eu\/de\/#website\"},\"primaryImageOfPage\":{\"@id\":\"https:\/\/addio.eu\/de\/produkt\/drb-9012-8-std\/#primaryimage\"},\"image\":{\"@id\":\"https:\/\/addio.eu\/de\/produkt\/drb-9012-8-std\/#primaryimage\"},\"thumbnailUrl\":\"https:\/\/addio.eu\/wp-content\/uploads\/2025\/03\/IMG_1788-scaled.jpg\",\"datePublished\":\"2025-03-24T09:47:26+00:00\",\"dateModified\":\"2026-02-10T16:48:07+00:00\",\"breadcrumb\":{\"@id\":\"https:\/\/addio.eu\/de\/produkt\/drb-9012-8-std\/#breadcrumb\"},\"inLanguage\":\"de\",\"potentialAction\":[{\"@type\":\"ReadAction\",\"target\":[\"https:\/\/addio.eu\/de\/produkt\/drb-9012-8-std\/\"]}]},{\"@type\":\"ImageObject\",\"inLanguage\":\"de\",\"@id\":\"https:\/\/addio.eu\/de\/produkt\/drb-9012-8-std\/#primaryimage\",\"url\":\"https:\/\/addio.eu\/wp-content\/uploads\/2025\/03\/IMG_1788-scaled.jpg\",\"contentUrl\":\"https:\/\/addio.eu\/wp-content\/uploads\/2025\/03\/IMG_1788-scaled.jpg\",\"width\":2560,\"height\":1654},{\"@type\":\"BreadcrumbList\",\"@id\":\"https:\/\/addio.eu\/de\/produkt\/drb-9012-8-std\/#breadcrumb\",\"itemListElement\":[{\"@type\":\"ListItem\",\"position\":1,\"name\":\"Home\",\"item\":\"https:\/\/addio.eu\/de\/addio-startseite\/\"},{\"@type\":\"ListItem\",\"position\":2,\"name\":\"Produkte\",\"item\":\"https:\/\/addio.eu\/de\/produkte\/\"},{\"@type\":\"ListItem\",\"position\":3,\"name\":\"DRB 9012-8 STD\"}]},{\"@type\":\"WebSite\",\"@id\":\"https:\/\/addio.eu\/de\/#website\",\"url\":\"https:\/\/addio.eu\/de\/\",\"name\":\"addio.eu\",\"description\":\"\",\"publisher\":{\"@id\":\"https:\/\/addio.eu\/de\/#organization\"},\"potentialAction\":[{\"@type\":\"SearchAction\",\"target\":{\"@type\":\"EntryPoint\",\"urlTemplate\":\"https:\/\/addio.eu\/de\/?s={search_term_string}\"},\"query-input\":{\"@type\":\"PropertyValueSpecification\",\"valueRequired\":true,\"valueName\":\"search_term_string\"}}],\"inLanguage\":\"de\"},{\"@type\":\"Organization\",\"@id\":\"https:\/\/addio.eu\/de\/#organization\",\"name\":\"Addio-Elektronik\",\"url\":\"https:\/\/addio.eu\/de\/\",\"logo\":{\"@type\":\"ImageObject\",\"inLanguage\":\"de\",\"@id\":\"https:\/\/addio.eu\/de\/#\/schema\/logo\/image\/\",\"url\":\"https:\/\/addio.eu\/wp-content\/uploads\/2024\/10\/Lager_1-1.svg\",\"contentUrl\":\"https:\/\/addio.eu\/wp-content\/uploads\/2024\/10\/Lager_1-1.svg\",\"caption\":\"Addio-Elektronik\"},\"image\":{\"@id\":\"https:\/\/addio.eu\/de\/#\/schema\/logo\/image\/\"},\"sameAs\":[\"https:\/\/www.facebook.com\/AddioElectronicsAB\/\",\"https:\/\/www.linkedin.com\/company\/addio-electronics-ab\"]}]}<\/script>\n<!-- \/ Yoast SEO plugin. -->","yoast_head_json":{"title":"DRB 9012-8 STD - Addio Electronics","robots":{"index":"index","follow":"follow","max-snippet":"max-snippet:-1","max-image-preview":"max-image-preview:large","max-video-preview":"max-video-preview:-1"},"canonical":"https:\/\/addio.eu\/de\/produkt\/drb-9012-8-std\/","og_locale":"de_DE","og_type":"article","og_title":"DRB 9012-8 STD - Addio Electronics","og_description":"DRB 9012-8 STD ist unsere kostenoptimierte Einheit mit 8 Ausg\u00e4ngen und 8 Eing\u00e4ngen und einem kontinuierlichen Gesamtstrom von 90 Ampere, verteilt auf alle Ausg\u00e4nge. Im Vergleich zu den ADV-Einheiten verf\u00fcgt die STD nicht \u00fcber CANBus-Kommunikation, keine eingebaute H-Br\u00fccke (Motorsteuerung), keine LEDs pro Ausgang und keine eingebauten Pullups an den Eing\u00e4ngen f\u00fcr GND-Eingangssignale.Die STD-Einheit kann nicht von unseren SwitchPanels oder Handsteuerungen gesteuert werden, da sie keine CAN\/COM-Ports besitzt.   Wie alle unsere DRBs bietet auch die 9012-8 STD eine breite Palette von Funktionen, wie z. B.:  Relaisfunktionen wie Blinken, Dimmen und Timer  Sicherungsfunktion \u00fcber Hochstromschalter  Batterieschutz durch Timer oder Spannungsschutz, individuell pro Ausgang  Regelbasierte logische Funktionen  Bis zu drei verschiedene Funktionen pro Ausgang, wie z. B. Dauerbetrieb oder Blinken Die Ausg\u00e4nge sind digital bis zu 25 Ampere pro Ausgang gesch\u00fctzt (einstellbar in 5-A-Schritten).","og_url":"https:\/\/addio.eu\/de\/produkt\/drb-9012-8-std\/","og_site_name":"Addio Electronics","article_publisher":"https:\/\/www.facebook.com\/AddioElectronicsAB\/","article_modified_time":"2026-02-10T16:48:07+00:00","og_image":[{"width":2560,"height":1654,"url":"https:\/\/addio.eu\/wp-content\/uploads\/2025\/03\/IMG_1788-scaled.jpg","type":"image\/jpeg"}],"twitter_card":"summary_large_image","twitter_misc":{"Gesch\u00e4tzte Lesezeit":"1 Minute"},"schema":{"@context":"https:\/\/schema.org","@graph":[{"@type":"WebPage","@id":"https:\/\/addio.eu\/de\/produkt\/drb-9012-8-std\/","url":"https:\/\/addio.eu\/de\/produkt\/drb-9012-8-std\/","name":"DRB 9012-8 STD - Addio Electronics","isPartOf":{"@id":"https:\/\/addio.eu\/de\/#website"},"primaryImageOfPage":{"@id":"https:\/\/addio.eu\/de\/produkt\/drb-9012-8-std\/#primaryimage"},"image":{"@id":"https:\/\/addio.eu\/de\/produkt\/drb-9012-8-std\/#primaryimage"},"thumbnailUrl":"https:\/\/addio.eu\/wp-content\/uploads\/2025\/03\/IMG_1788-scaled.jpg","datePublished":"2025-03-24T09:47:26+00:00","dateModified":"2026-02-10T16:48:07+00:00","breadcrumb":{"@id":"https:\/\/addio.eu\/de\/produkt\/drb-9012-8-std\/#breadcrumb"},"inLanguage":"de","potentialAction":[{"@type":"ReadAction","target":["https:\/\/addio.eu\/de\/produkt\/drb-9012-8-std\/"]}]},{"@type":"ImageObject","inLanguage":"de","@id":"https:\/\/addio.eu\/de\/produkt\/drb-9012-8-std\/#primaryimage","url":"https:\/\/addio.eu\/wp-content\/uploads\/2025\/03\/IMG_1788-scaled.jpg","contentUrl":"https:\/\/addio.eu\/wp-content\/uploads\/2025\/03\/IMG_1788-scaled.jpg","width":2560,"height":1654},{"@type":"BreadcrumbList","@id":"https:\/\/addio.eu\/de\/produkt\/drb-9012-8-std\/#breadcrumb","itemListElement":[{"@type":"ListItem","position":1,"name":"Home","item":"https:\/\/addio.eu\/de\/addio-startseite\/"},{"@type":"ListItem","position":2,"name":"Produkte","item":"https:\/\/addio.eu\/de\/produkte\/"},{"@type":"ListItem","position":3,"name":"DRB 9012-8 STD"}]},{"@type":"WebSite","@id":"https:\/\/addio.eu\/de\/#website","url":"https:\/\/addio.eu\/de\/","name":"addio.eu","description":"","publisher":{"@id":"https:\/\/addio.eu\/de\/#organization"},"potentialAction":[{"@type":"SearchAction","target":{"@type":"EntryPoint","urlTemplate":"https:\/\/addio.eu\/de\/?s={search_term_string}"},"query-input":{"@type":"PropertyValueSpecification","valueRequired":true,"valueName":"search_term_string"}}],"inLanguage":"de"},{"@type":"Organization","@id":"https:\/\/addio.eu\/de\/#organization","name":"Addio-Elektronik","url":"https:\/\/addio.eu\/de\/","logo":{"@type":"ImageObject","inLanguage":"de","@id":"https:\/\/addio.eu\/de\/#\/schema\/logo\/image\/","url":"https:\/\/addio.eu\/wp-content\/uploads\/2024\/10\/Lager_1-1.svg","contentUrl":"https:\/\/addio.eu\/wp-content\/uploads\/2024\/10\/Lager_1-1.svg","caption":"Addio-Elektronik"},"image":{"@id":"https:\/\/addio.eu\/de\/#\/schema\/logo\/image\/"},"sameAs":["https:\/\/www.facebook.com\/AddioElectronicsAB\/","https:\/\/www.linkedin.com\/company\/addio-electronics-ab"]}]}},"_links":{"self":[{"href":"https:\/\/addio.eu\/de\/wp-json\/wp\/v2\/product\/12819","targetHints":{"allow":["GET"]}}],"collection":[{"href":"https:\/\/addio.eu\/de\/wp-json\/wp\/v2\/product"}],"about":[{"href":"https:\/\/addio.eu\/de\/wp-json\/wp\/v2\/types\/product"}],"replies":[{"embeddable":true,"href":"https:\/\/addio.eu\/de\/wp-json\/wp\/v2\/comments?post=12819"}],"wp:featuredmedia":[{"embeddable":true,"href":"https:\/\/addio.eu\/de\/wp-json\/wp\/v2\/media\/12826"}],"wp:attachment":[{"href":"https:\/\/addio.eu\/de\/wp-json\/wp\/v2\/media?parent=12819"}],"wp:term":[{"taxonomy":"product_brand","embeddable":true,"href":"https:\/\/addio.eu\/de\/wp-json\/wp\/v2\/product_brand?post=12819"},{"taxonomy":"product_cat","embeddable":true,"href":"https:\/\/addio.eu\/de\/wp-json\/wp\/v2\/product_cat?post=12819"},{"taxonomy":"product_tag","embeddable":true,"href":"https:\/\/addio.eu\/de\/wp-json\/wp\/v2\/product_tag?post=12819"}],"curies":[{"name":"wp","href":"https:\/\/api.w.org\/{rel}","templated":true}]}}