{"id":12058,"date":"2025-03-07T11:27:18","date_gmt":"2025-03-07T11:27:18","guid":{"rendered":"https:\/\/addio.eu\/product\/kit-16-poliger-stapelbarer-stecker\/"},"modified":"2025-03-07T11:27:18","modified_gmt":"2025-03-07T11:27:18","slug":"kit-16-poliger-stapelbarer-stecker","status":"publish","type":"product","link":"https:\/\/addio.eu\/de\/produkt\/kit-16-poliger-stapelbarer-stecker\/","title":{"rendered":"Kit 16-poliger stapelbarer Stecker"},"content":{"rendered":"","protected":false},"excerpt":{"rendered":"<p class=\"\" data-start=\"207\" data-end=\"660\">Dieser 16-polige stapelbare Stecker ist das perfekte Zubeh\u00f6r f\u00fcr unsere digitalen Relaisboxen mit Flachstiftanschl\u00fcssen. Er wurde f\u00fcr effiziente und kompakte Verbindungen entwickelt und erm\u00f6glicht eine nahtlose Integration zwischen den Modulen, wodurch ein zuverl\u00e4ssiger elektrischer Kontakt in Umgebungen mit beengten Platzverh\u00e4ltnissen gew\u00e4hrleistet wird. Dank der Stapelfunktion k\u00f6nnen Sie Ihr System problemlos durch den Anschluss mehrerer Einheiten erweitern, was ihn zu einer idealen L\u00f6sung f\u00fcr Industrie- und Automobilanwendungen macht.  <\/p>\n","protected":false},"featured_media":5988,"comment_status":"open","ping_status":"closed","template":"","meta":[],"product_brand":[],"product_cat":[314],"product_tag":[],"class_list":{"0":"post-12058","1":"product","2":"type-product","3":"status-publish","4":"has-post-thumbnail","6":"product_cat-zubehor","8":"first","9":"instock","10":"shipping-taxable","11":"product-type-simple"},"yoast_head":"<!-- This site is optimized with the Yoast SEO plugin v26.0 - https:\/\/yoast.com\/wordpress\/plugins\/seo\/ -->\n<title>Kit 16-poliger stapelbarer Stecker - Addio Electronics<\/title>\n<meta name=\"robots\" content=\"index, follow, max-snippet:-1, max-image-preview:large, max-video-preview:-1\" \/>\n<link rel=\"canonical\" href=\"https:\/\/addio.eu\/de\/produkt\/kit-16-poliger-stapelbarer-stecker\/\" \/>\n<meta property=\"og:locale\" content=\"de_DE\" \/>\n<meta property=\"og:type\" content=\"article\" \/>\n<meta property=\"og:title\" content=\"Kit 16-poliger stapelbarer Stecker - Addio Electronics\" \/>\n<meta property=\"og:description\" content=\"Dieser 16-polige stapelbare Stecker ist das perfekte Zubeh\u00f6r f\u00fcr unsere digitalen Relaisboxen mit Flachstiftanschl\u00fcssen. Er wurde f\u00fcr effiziente und kompakte Verbindungen entwickelt und erm\u00f6glicht eine nahtlose Integration zwischen den Modulen, wodurch ein zuverl\u00e4ssiger elektrischer Kontakt in Umgebungen mit beengten Platzverh\u00e4ltnissen gew\u00e4hrleistet wird. Dank der Stapelfunktion k\u00f6nnen Sie Ihr System problemlos durch den Anschluss mehrerer Einheiten erweitern, was ihn zu einer idealen L\u00f6sung f\u00fcr Industrie- und Automobilanwendungen macht.\" \/>\n<meta property=\"og:url\" content=\"https:\/\/addio.eu\/de\/produkt\/kit-16-poliger-stapelbarer-stecker\/\" \/>\n<meta property=\"og:site_name\" content=\"Addio Electronics\" \/>\n<meta property=\"article:publisher\" content=\"https:\/\/www.facebook.com\/AddioElectronicsAB\/\" \/>\n<meta property=\"og:image\" content=\"https:\/\/addio.eu\/wp-content\/uploads\/2025\/03\/IMG_1625-scaled.jpg\" \/>\n\t<meta property=\"og:image:width\" content=\"2560\" \/>\n\t<meta property=\"og:image:height\" content=\"1641\" \/>\n\t<meta property=\"og:image:type\" content=\"image\/jpeg\" \/>\n<meta name=\"twitter:card\" content=\"summary_large_image\" \/>\n<script type=\"application\/ld+json\" class=\"yoast-schema-graph\">{\"@context\":\"https:\/\/schema.org\",\"@graph\":[{\"@type\":\"WebPage\",\"@id\":\"https:\/\/addio.eu\/de\/produkt\/kit-16-poliger-stapelbarer-stecker\/\",\"url\":\"https:\/\/addio.eu\/de\/produkt\/kit-16-poliger-stapelbarer-stecker\/\",\"name\":\"Kit 16-poliger stapelbarer Stecker - Addio Electronics\",\"isPartOf\":{\"@id\":\"https:\/\/addio.eu\/de\/#website\"},\"primaryImageOfPage\":{\"@id\":\"https:\/\/addio.eu\/de\/produkt\/kit-16-poliger-stapelbarer-stecker\/#primaryimage\"},\"image\":{\"@id\":\"https:\/\/addio.eu\/de\/produkt\/kit-16-poliger-stapelbarer-stecker\/#primaryimage\"},\"thumbnailUrl\":\"https:\/\/addio.eu\/wp-content\/uploads\/2025\/03\/IMG_1625-scaled.jpg\",\"datePublished\":\"2025-03-07T11:27:18+00:00\",\"breadcrumb\":{\"@id\":\"https:\/\/addio.eu\/de\/produkt\/kit-16-poliger-stapelbarer-stecker\/#breadcrumb\"},\"inLanguage\":\"de\",\"potentialAction\":[{\"@type\":\"ReadAction\",\"target\":[\"https:\/\/addio.eu\/de\/produkt\/kit-16-poliger-stapelbarer-stecker\/\"]}]},{\"@type\":\"ImageObject\",\"inLanguage\":\"de\",\"@id\":\"https:\/\/addio.eu\/de\/produkt\/kit-16-poliger-stapelbarer-stecker\/#primaryimage\",\"url\":\"https:\/\/addio.eu\/wp-content\/uploads\/2025\/03\/IMG_1625-scaled.jpg\",\"contentUrl\":\"https:\/\/addio.eu\/wp-content\/uploads\/2025\/03\/IMG_1625-scaled.jpg\",\"width\":2560,\"height\":1641},{\"@type\":\"BreadcrumbList\",\"@id\":\"https:\/\/addio.eu\/de\/produkt\/kit-16-poliger-stapelbarer-stecker\/#breadcrumb\",\"itemListElement\":[{\"@type\":\"ListItem\",\"position\":1,\"name\":\"Home\",\"item\":\"https:\/\/addio.eu\/de\/addio-startseite\/\"},{\"@type\":\"ListItem\",\"position\":2,\"name\":\"Produkte\",\"item\":\"https:\/\/addio.eu\/de\/produkte\/\"},{\"@type\":\"ListItem\",\"position\":3,\"name\":\"Kit 16-poliger stapelbarer Stecker\"}]},{\"@type\":\"WebSite\",\"@id\":\"https:\/\/addio.eu\/de\/#website\",\"url\":\"https:\/\/addio.eu\/de\/\",\"name\":\"addio.eu\",\"description\":\"\",\"publisher\":{\"@id\":\"https:\/\/addio.eu\/de\/#organization\"},\"potentialAction\":[{\"@type\":\"SearchAction\",\"target\":{\"@type\":\"EntryPoint\",\"urlTemplate\":\"https:\/\/addio.eu\/de\/?s={search_term_string}\"},\"query-input\":{\"@type\":\"PropertyValueSpecification\",\"valueRequired\":true,\"valueName\":\"search_term_string\"}}],\"inLanguage\":\"de\"},{\"@type\":\"Organization\",\"@id\":\"https:\/\/addio.eu\/de\/#organization\",\"name\":\"Addio-Elektronik\",\"url\":\"https:\/\/addio.eu\/de\/\",\"logo\":{\"@type\":\"ImageObject\",\"inLanguage\":\"de\",\"@id\":\"https:\/\/addio.eu\/de\/#\/schema\/logo\/image\/\",\"url\":\"https:\/\/addio.eu\/wp-content\/uploads\/2024\/10\/Lager_1-1.svg\",\"contentUrl\":\"https:\/\/addio.eu\/wp-content\/uploads\/2024\/10\/Lager_1-1.svg\",\"caption\":\"Addio-Elektronik\"},\"image\":{\"@id\":\"https:\/\/addio.eu\/de\/#\/schema\/logo\/image\/\"},\"sameAs\":[\"https:\/\/www.facebook.com\/AddioElectronicsAB\/\",\"https:\/\/www.linkedin.com\/company\/addio-electronics-ab\"]}]}<\/script>\n<!-- \/ Yoast SEO plugin. -->","yoast_head_json":{"title":"Kit 16-poliger stapelbarer Stecker - Addio Electronics","robots":{"index":"index","follow":"follow","max-snippet":"max-snippet:-1","max-image-preview":"max-image-preview:large","max-video-preview":"max-video-preview:-1"},"canonical":"https:\/\/addio.eu\/de\/produkt\/kit-16-poliger-stapelbarer-stecker\/","og_locale":"de_DE","og_type":"article","og_title":"Kit 16-poliger stapelbarer Stecker - Addio Electronics","og_description":"Dieser 16-polige stapelbare Stecker ist das perfekte Zubeh\u00f6r f\u00fcr unsere digitalen Relaisboxen mit Flachstiftanschl\u00fcssen. Er wurde f\u00fcr effiziente und kompakte Verbindungen entwickelt und erm\u00f6glicht eine nahtlose Integration zwischen den Modulen, wodurch ein zuverl\u00e4ssiger elektrischer Kontakt in Umgebungen mit beengten Platzverh\u00e4ltnissen gew\u00e4hrleistet wird. Dank der Stapelfunktion k\u00f6nnen Sie Ihr System problemlos durch den Anschluss mehrerer Einheiten erweitern, was ihn zu einer idealen L\u00f6sung f\u00fcr Industrie- und Automobilanwendungen macht.","og_url":"https:\/\/addio.eu\/de\/produkt\/kit-16-poliger-stapelbarer-stecker\/","og_site_name":"Addio Electronics","article_publisher":"https:\/\/www.facebook.com\/AddioElectronicsAB\/","og_image":[{"width":2560,"height":1641,"url":"https:\/\/addio.eu\/wp-content\/uploads\/2025\/03\/IMG_1625-scaled.jpg","type":"image\/jpeg"}],"twitter_card":"summary_large_image","schema":{"@context":"https:\/\/schema.org","@graph":[{"@type":"WebPage","@id":"https:\/\/addio.eu\/de\/produkt\/kit-16-poliger-stapelbarer-stecker\/","url":"https:\/\/addio.eu\/de\/produkt\/kit-16-poliger-stapelbarer-stecker\/","name":"Kit 16-poliger stapelbarer Stecker - Addio Electronics","isPartOf":{"@id":"https:\/\/addio.eu\/de\/#website"},"primaryImageOfPage":{"@id":"https:\/\/addio.eu\/de\/produkt\/kit-16-poliger-stapelbarer-stecker\/#primaryimage"},"image":{"@id":"https:\/\/addio.eu\/de\/produkt\/kit-16-poliger-stapelbarer-stecker\/#primaryimage"},"thumbnailUrl":"https:\/\/addio.eu\/wp-content\/uploads\/2025\/03\/IMG_1625-scaled.jpg","datePublished":"2025-03-07T11:27:18+00:00","breadcrumb":{"@id":"https:\/\/addio.eu\/de\/produkt\/kit-16-poliger-stapelbarer-stecker\/#breadcrumb"},"inLanguage":"de","potentialAction":[{"@type":"ReadAction","target":["https:\/\/addio.eu\/de\/produkt\/kit-16-poliger-stapelbarer-stecker\/"]}]},{"@type":"ImageObject","inLanguage":"de","@id":"https:\/\/addio.eu\/de\/produkt\/kit-16-poliger-stapelbarer-stecker\/#primaryimage","url":"https:\/\/addio.eu\/wp-content\/uploads\/2025\/03\/IMG_1625-scaled.jpg","contentUrl":"https:\/\/addio.eu\/wp-content\/uploads\/2025\/03\/IMG_1625-scaled.jpg","width":2560,"height":1641},{"@type":"BreadcrumbList","@id":"https:\/\/addio.eu\/de\/produkt\/kit-16-poliger-stapelbarer-stecker\/#breadcrumb","itemListElement":[{"@type":"ListItem","position":1,"name":"Home","item":"https:\/\/addio.eu\/de\/addio-startseite\/"},{"@type":"ListItem","position":2,"name":"Produkte","item":"https:\/\/addio.eu\/de\/produkte\/"},{"@type":"ListItem","position":3,"name":"Kit 16-poliger stapelbarer Stecker"}]},{"@type":"WebSite","@id":"https:\/\/addio.eu\/de\/#website","url":"https:\/\/addio.eu\/de\/","name":"addio.eu","description":"","publisher":{"@id":"https:\/\/addio.eu\/de\/#organization"},"potentialAction":[{"@type":"SearchAction","target":{"@type":"EntryPoint","urlTemplate":"https:\/\/addio.eu\/de\/?s={search_term_string}"},"query-input":{"@type":"PropertyValueSpecification","valueRequired":true,"valueName":"search_term_string"}}],"inLanguage":"de"},{"@type":"Organization","@id":"https:\/\/addio.eu\/de\/#organization","name":"Addio-Elektronik","url":"https:\/\/addio.eu\/de\/","logo":{"@type":"ImageObject","inLanguage":"de","@id":"https:\/\/addio.eu\/de\/#\/schema\/logo\/image\/","url":"https:\/\/addio.eu\/wp-content\/uploads\/2024\/10\/Lager_1-1.svg","contentUrl":"https:\/\/addio.eu\/wp-content\/uploads\/2024\/10\/Lager_1-1.svg","caption":"Addio-Elektronik"},"image":{"@id":"https:\/\/addio.eu\/de\/#\/schema\/logo\/image\/"},"sameAs":["https:\/\/www.facebook.com\/AddioElectronicsAB\/","https:\/\/www.linkedin.com\/company\/addio-electronics-ab"]}]}},"_links":{"self":[{"href":"https:\/\/addio.eu\/de\/wp-json\/wp\/v2\/product\/12058","targetHints":{"allow":["GET"]}}],"collection":[{"href":"https:\/\/addio.eu\/de\/wp-json\/wp\/v2\/product"}],"about":[{"href":"https:\/\/addio.eu\/de\/wp-json\/wp\/v2\/types\/product"}],"replies":[{"embeddable":true,"href":"https:\/\/addio.eu\/de\/wp-json\/wp\/v2\/comments?post=12058"}],"wp:featuredmedia":[{"embeddable":true,"href":"https:\/\/addio.eu\/de\/wp-json\/wp\/v2\/media\/5988"}],"wp:attachment":[{"href":"https:\/\/addio.eu\/de\/wp-json\/wp\/v2\/media?parent=12058"}],"wp:term":[{"taxonomy":"product_brand","embeddable":true,"href":"https:\/\/addio.eu\/de\/wp-json\/wp\/v2\/product_brand?post=12058"},{"taxonomy":"product_cat","embeddable":true,"href":"https:\/\/addio.eu\/de\/wp-json\/wp\/v2\/product_cat?post=12058"},{"taxonomy":"product_tag","embeddable":true,"href":"https:\/\/addio.eu\/de\/wp-json\/wp\/v2\/product_tag?post=12058"}],"curies":[{"name":"wp","href":"https:\/\/api.w.org\/{rel}","templated":true}]}}