{"id":11694,"date":"2025-03-07T11:01:36","date_gmt":"2025-03-07T11:01:36","guid":{"rendered":"https:\/\/addio.eu\/product\/22-kanal-eingangseinheit\/"},"modified":"2025-03-07T11:01:36","modified_gmt":"2025-03-07T11:01:36","slug":"22-kanal-eingangseinheit","status":"publish","type":"product","link":"https:\/\/addio.eu\/de\/produkt\/22-kanal-eingangseinheit\/","title":{"rendered":"22-Kanal-Eingangseinheit"},"content":{"rendered":"<p><strong>Gr\u00f6\u00dfe<\/strong><br \/>\n74*71*21 mm<\/p>\n<p><strong>Gewicht<\/strong><br \/>\n53 g<\/p>\n","protected":false},"excerpt":{"rendered":"<p class=\"\" data-start=\"72\" data-end=\"283\">Als Zubeh\u00f6r f\u00fcr die ADV DRBs gibt es eine Eingangseinheit mit 22 Eing\u00e4ngen, die an den COM\/CAN-Port der DRBs angeschlossen wird.<\/p>\n<p class=\"\" data-start=\"285\" data-end=\"538\">Die Einheit verf\u00fcgt \u00fcber 3 abnehmbare 8-polige Steckverbinder. Die Eing\u00e4nge sind mit A, B und C beschriftet, wobei Eingang A 6 Eing\u00e4nge sowie Plus- und Minus-Stromanschl\u00fcsse besitzt, die zur Stromversorgung externer Taster verwendet werden k\u00f6nnen. Die Eing\u00e4nge B und C haben jeweils 8 Eing\u00e4nge, nummeriert von 1-8.  <\/p>\n<p class=\"\" data-start=\"540\" data-end=\"683\">Der Kommunikationsport besteht aus zwei RJ-10-Steckverbindern, die identisch und parallel geschaltet sind, sodass jeder der Steckverbinder verwendet werden kann.<\/p>\n<p class=\"\" data-start=\"30\" data-end=\"270\"><strong>Erstellen Sie Ihr eigenes Tastenfeld<\/strong><br \/>\nWenn Sie ein eigenes Tastenfeld mit bis zu 22 anpassbaren Tasten erstellen m\u00f6chten, wie z.B. robuste Tasten f\u00fcr den Au\u00dfeneinsatz, k\u00f6nnen Sie die einzelnen Tasten an diese Einheit anschlie\u00dfen, die dann \u00fcber ein einfaches Kabel (via CANBus) mit der DRB-Einheit verbunden wird.<\/p>\n<p class=\"\" data-start=\"272\" data-end=\"401\">In einem Addio-System k\u00f6nnen 2 Einheiten angeschlossen werden, wodurch Sie 22 einzigartige Funktionen parallel auf zwei identischen Tastenfeldern verf\u00fcgen k\u00f6nnen.<\/p>\n","protected":false},"featured_media":5891,"comment_status":"open","ping_status":"closed","template":"","meta":[],"product_brand":[],"product_cat":[289],"product_tag":[],"class_list":{"0":"post-11694","1":"product","2":"type-product","3":"status-publish","4":"has-post-thumbnail","6":"product_cat-can-konnektivitat","8":"first","9":"instock","10":"shipping-taxable","11":"product-type-simple"},"yoast_head":"<!-- This site is optimized with the Yoast SEO plugin v26.0 - https:\/\/yoast.com\/wordpress\/plugins\/seo\/ -->\n<title>22-Kanal-Eingangseinheit - Addio Electronics<\/title>\n<meta name=\"robots\" content=\"index, follow, max-snippet:-1, max-image-preview:large, max-video-preview:-1\" \/>\n<link rel=\"canonical\" href=\"https:\/\/addio.eu\/de\/produkt\/22-kanal-eingangseinheit\/\" \/>\n<meta property=\"og:locale\" content=\"de_DE\" \/>\n<meta property=\"og:type\" content=\"article\" \/>\n<meta property=\"og:title\" content=\"22-Kanal-Eingangseinheit - Addio Electronics\" \/>\n<meta property=\"og:description\" content=\"Als Zubeh\u00f6r f\u00fcr die ADV DRBs gibt es eine Eingangseinheit mit 22 Eing\u00e4ngen, die an den COM\/CAN-Port der DRBs angeschlossen wird. Die Einheit verf\u00fcgt \u00fcber 3 abnehmbare 8-polige Steckverbinder. Die Eing\u00e4nge sind mit A, B und C beschriftet, wobei Eingang A 6 Eing\u00e4nge sowie Plus- und Minus-Stromanschl\u00fcsse besitzt, die zur Stromversorgung externer Taster verwendet werden k\u00f6nnen. Die Eing\u00e4nge B und C haben jeweils 8 Eing\u00e4nge, nummeriert von 1-8.  Der Kommunikationsport besteht aus zwei RJ-10-Steckverbindern, die identisch und parallel geschaltet sind, sodass jeder der Steckverbinder verwendet werden kann. Erstellen Sie Ihr eigenes Tastenfeld Wenn Sie ein eigenes Tastenfeld mit bis zu 22 anpassbaren Tasten erstellen m\u00f6chten, wie z.B. robuste Tasten f\u00fcr den Au\u00dfeneinsatz, k\u00f6nnen Sie die einzelnen Tasten an diese Einheit anschlie\u00dfen, die dann \u00fcber ein einfaches Kabel (via CANBus) mit der DRB-Einheit verbunden wird. In einem Addio-System k\u00f6nnen 2 Einheiten angeschlossen werden, wodurch Sie 22 einzigartige Funktionen parallel auf zwei identischen Tastenfeldern verf\u00fcgen k\u00f6nnen.\" \/>\n<meta property=\"og:url\" content=\"https:\/\/addio.eu\/de\/produkt\/22-kanal-eingangseinheit\/\" \/>\n<meta property=\"og:site_name\" content=\"Addio Electronics\" \/>\n<meta property=\"article:publisher\" content=\"https:\/\/www.facebook.com\/AddioElectronicsAB\/\" \/>\n<meta property=\"og:image\" content=\"https:\/\/addio.eu\/wp-content\/uploads\/2025\/03\/IMG_1659-scaled.jpg\" \/>\n\t<meta property=\"og:image:width\" content=\"2560\" \/>\n\t<meta property=\"og:image:height\" content=\"1920\" \/>\n\t<meta property=\"og:image:type\" content=\"image\/jpeg\" \/>\n<meta name=\"twitter:card\" content=\"summary_large_image\" \/>\n<script type=\"application\/ld+json\" class=\"yoast-schema-graph\">{\"@context\":\"https:\/\/schema.org\",\"@graph\":[{\"@type\":\"WebPage\",\"@id\":\"https:\/\/addio.eu\/de\/produkt\/22-kanal-eingangseinheit\/\",\"url\":\"https:\/\/addio.eu\/de\/produkt\/22-kanal-eingangseinheit\/\",\"name\":\"22-Kanal-Eingangseinheit - Addio Electronics\",\"isPartOf\":{\"@id\":\"https:\/\/addio.eu\/de\/#website\"},\"primaryImageOfPage\":{\"@id\":\"https:\/\/addio.eu\/de\/produkt\/22-kanal-eingangseinheit\/#primaryimage\"},\"image\":{\"@id\":\"https:\/\/addio.eu\/de\/produkt\/22-kanal-eingangseinheit\/#primaryimage\"},\"thumbnailUrl\":\"https:\/\/addio.eu\/wp-content\/uploads\/2025\/03\/IMG_1659-scaled.jpg\",\"datePublished\":\"2025-03-07T11:01:36+00:00\",\"breadcrumb\":{\"@id\":\"https:\/\/addio.eu\/de\/produkt\/22-kanal-eingangseinheit\/#breadcrumb\"},\"inLanguage\":\"de\",\"potentialAction\":[{\"@type\":\"ReadAction\",\"target\":[\"https:\/\/addio.eu\/de\/produkt\/22-kanal-eingangseinheit\/\"]}]},{\"@type\":\"ImageObject\",\"inLanguage\":\"de\",\"@id\":\"https:\/\/addio.eu\/de\/produkt\/22-kanal-eingangseinheit\/#primaryimage\",\"url\":\"https:\/\/addio.eu\/wp-content\/uploads\/2025\/03\/IMG_1659-scaled.jpg\",\"contentUrl\":\"https:\/\/addio.eu\/wp-content\/uploads\/2025\/03\/IMG_1659-scaled.jpg\",\"width\":2560,\"height\":1920},{\"@type\":\"BreadcrumbList\",\"@id\":\"https:\/\/addio.eu\/de\/produkt\/22-kanal-eingangseinheit\/#breadcrumb\",\"itemListElement\":[{\"@type\":\"ListItem\",\"position\":1,\"name\":\"Home\",\"item\":\"https:\/\/addio.eu\/de\/addio-startseite\/\"},{\"@type\":\"ListItem\",\"position\":2,\"name\":\"Produkte\",\"item\":\"https:\/\/addio.eu\/de\/produkte\/\"},{\"@type\":\"ListItem\",\"position\":3,\"name\":\"22-Kanal-Eingangseinheit\"}]},{\"@type\":\"WebSite\",\"@id\":\"https:\/\/addio.eu\/de\/#website\",\"url\":\"https:\/\/addio.eu\/de\/\",\"name\":\"addio.eu\",\"description\":\"\",\"publisher\":{\"@id\":\"https:\/\/addio.eu\/de\/#organization\"},\"potentialAction\":[{\"@type\":\"SearchAction\",\"target\":{\"@type\":\"EntryPoint\",\"urlTemplate\":\"https:\/\/addio.eu\/de\/?s={search_term_string}\"},\"query-input\":{\"@type\":\"PropertyValueSpecification\",\"valueRequired\":true,\"valueName\":\"search_term_string\"}}],\"inLanguage\":\"de\"},{\"@type\":\"Organization\",\"@id\":\"https:\/\/addio.eu\/de\/#organization\",\"name\":\"Addio-Elektronik\",\"url\":\"https:\/\/addio.eu\/de\/\",\"logo\":{\"@type\":\"ImageObject\",\"inLanguage\":\"de\",\"@id\":\"https:\/\/addio.eu\/de\/#\/schema\/logo\/image\/\",\"url\":\"https:\/\/addio.eu\/wp-content\/uploads\/2024\/10\/Lager_1-1.svg\",\"contentUrl\":\"https:\/\/addio.eu\/wp-content\/uploads\/2024\/10\/Lager_1-1.svg\",\"caption\":\"Addio-Elektronik\"},\"image\":{\"@id\":\"https:\/\/addio.eu\/de\/#\/schema\/logo\/image\/\"},\"sameAs\":[\"https:\/\/www.facebook.com\/AddioElectronicsAB\/\",\"https:\/\/www.linkedin.com\/company\/addio-electronics-ab\"]}]}<\/script>\n<!-- \/ Yoast SEO plugin. -->","yoast_head_json":{"title":"22-Kanal-Eingangseinheit - Addio Electronics","robots":{"index":"index","follow":"follow","max-snippet":"max-snippet:-1","max-image-preview":"max-image-preview:large","max-video-preview":"max-video-preview:-1"},"canonical":"https:\/\/addio.eu\/de\/produkt\/22-kanal-eingangseinheit\/","og_locale":"de_DE","og_type":"article","og_title":"22-Kanal-Eingangseinheit - Addio Electronics","og_description":"Als Zubeh\u00f6r f\u00fcr die ADV DRBs gibt es eine Eingangseinheit mit 22 Eing\u00e4ngen, die an den COM\/CAN-Port der DRBs angeschlossen wird. Die Einheit verf\u00fcgt \u00fcber 3 abnehmbare 8-polige Steckverbinder. Die Eing\u00e4nge sind mit A, B und C beschriftet, wobei Eingang A 6 Eing\u00e4nge sowie Plus- und Minus-Stromanschl\u00fcsse besitzt, die zur Stromversorgung externer Taster verwendet werden k\u00f6nnen. Die Eing\u00e4nge B und C haben jeweils 8 Eing\u00e4nge, nummeriert von 1-8.  Der Kommunikationsport besteht aus zwei RJ-10-Steckverbindern, die identisch und parallel geschaltet sind, sodass jeder der Steckverbinder verwendet werden kann. Erstellen Sie Ihr eigenes Tastenfeld Wenn Sie ein eigenes Tastenfeld mit bis zu 22 anpassbaren Tasten erstellen m\u00f6chten, wie z.B. robuste Tasten f\u00fcr den Au\u00dfeneinsatz, k\u00f6nnen Sie die einzelnen Tasten an diese Einheit anschlie\u00dfen, die dann \u00fcber ein einfaches Kabel (via CANBus) mit der DRB-Einheit verbunden wird. In einem Addio-System k\u00f6nnen 2 Einheiten angeschlossen werden, wodurch Sie 22 einzigartige Funktionen parallel auf zwei identischen Tastenfeldern verf\u00fcgen k\u00f6nnen.","og_url":"https:\/\/addio.eu\/de\/produkt\/22-kanal-eingangseinheit\/","og_site_name":"Addio Electronics","article_publisher":"https:\/\/www.facebook.com\/AddioElectronicsAB\/","og_image":[{"width":2560,"height":1920,"url":"https:\/\/addio.eu\/wp-content\/uploads\/2025\/03\/IMG_1659-scaled.jpg","type":"image\/jpeg"}],"twitter_card":"summary_large_image","schema":{"@context":"https:\/\/schema.org","@graph":[{"@type":"WebPage","@id":"https:\/\/addio.eu\/de\/produkt\/22-kanal-eingangseinheit\/","url":"https:\/\/addio.eu\/de\/produkt\/22-kanal-eingangseinheit\/","name":"22-Kanal-Eingangseinheit - Addio Electronics","isPartOf":{"@id":"https:\/\/addio.eu\/de\/#website"},"primaryImageOfPage":{"@id":"https:\/\/addio.eu\/de\/produkt\/22-kanal-eingangseinheit\/#primaryimage"},"image":{"@id":"https:\/\/addio.eu\/de\/produkt\/22-kanal-eingangseinheit\/#primaryimage"},"thumbnailUrl":"https:\/\/addio.eu\/wp-content\/uploads\/2025\/03\/IMG_1659-scaled.jpg","datePublished":"2025-03-07T11:01:36+00:00","breadcrumb":{"@id":"https:\/\/addio.eu\/de\/produkt\/22-kanal-eingangseinheit\/#breadcrumb"},"inLanguage":"de","potentialAction":[{"@type":"ReadAction","target":["https:\/\/addio.eu\/de\/produkt\/22-kanal-eingangseinheit\/"]}]},{"@type":"ImageObject","inLanguage":"de","@id":"https:\/\/addio.eu\/de\/produkt\/22-kanal-eingangseinheit\/#primaryimage","url":"https:\/\/addio.eu\/wp-content\/uploads\/2025\/03\/IMG_1659-scaled.jpg","contentUrl":"https:\/\/addio.eu\/wp-content\/uploads\/2025\/03\/IMG_1659-scaled.jpg","width":2560,"height":1920},{"@type":"BreadcrumbList","@id":"https:\/\/addio.eu\/de\/produkt\/22-kanal-eingangseinheit\/#breadcrumb","itemListElement":[{"@type":"ListItem","position":1,"name":"Home","item":"https:\/\/addio.eu\/de\/addio-startseite\/"},{"@type":"ListItem","position":2,"name":"Produkte","item":"https:\/\/addio.eu\/de\/produkte\/"},{"@type":"ListItem","position":3,"name":"22-Kanal-Eingangseinheit"}]},{"@type":"WebSite","@id":"https:\/\/addio.eu\/de\/#website","url":"https:\/\/addio.eu\/de\/","name":"addio.eu","description":"","publisher":{"@id":"https:\/\/addio.eu\/de\/#organization"},"potentialAction":[{"@type":"SearchAction","target":{"@type":"EntryPoint","urlTemplate":"https:\/\/addio.eu\/de\/?s={search_term_string}"},"query-input":{"@type":"PropertyValueSpecification","valueRequired":true,"valueName":"search_term_string"}}],"inLanguage":"de"},{"@type":"Organization","@id":"https:\/\/addio.eu\/de\/#organization","name":"Addio-Elektronik","url":"https:\/\/addio.eu\/de\/","logo":{"@type":"ImageObject","inLanguage":"de","@id":"https:\/\/addio.eu\/de\/#\/schema\/logo\/image\/","url":"https:\/\/addio.eu\/wp-content\/uploads\/2024\/10\/Lager_1-1.svg","contentUrl":"https:\/\/addio.eu\/wp-content\/uploads\/2024\/10\/Lager_1-1.svg","caption":"Addio-Elektronik"},"image":{"@id":"https:\/\/addio.eu\/de\/#\/schema\/logo\/image\/"},"sameAs":["https:\/\/www.facebook.com\/AddioElectronicsAB\/","https:\/\/www.linkedin.com\/company\/addio-electronics-ab"]}]}},"_links":{"self":[{"href":"https:\/\/addio.eu\/de\/wp-json\/wp\/v2\/product\/11694","targetHints":{"allow":["GET"]}}],"collection":[{"href":"https:\/\/addio.eu\/de\/wp-json\/wp\/v2\/product"}],"about":[{"href":"https:\/\/addio.eu\/de\/wp-json\/wp\/v2\/types\/product"}],"replies":[{"embeddable":true,"href":"https:\/\/addio.eu\/de\/wp-json\/wp\/v2\/comments?post=11694"}],"wp:featuredmedia":[{"embeddable":true,"href":"https:\/\/addio.eu\/de\/wp-json\/wp\/v2\/media\/5891"}],"wp:attachment":[{"href":"https:\/\/addio.eu\/de\/wp-json\/wp\/v2\/media?parent=11694"}],"wp:term":[{"taxonomy":"product_brand","embeddable":true,"href":"https:\/\/addio.eu\/de\/wp-json\/wp\/v2\/product_brand?post=11694"},{"taxonomy":"product_cat","embeddable":true,"href":"https:\/\/addio.eu\/de\/wp-json\/wp\/v2\/product_cat?post=11694"},{"taxonomy":"product_tag","embeddable":true,"href":"https:\/\/addio.eu\/de\/wp-json\/wp\/v2\/product_tag?post=11694"}],"curies":[{"name":"wp","href":"https:\/\/api.w.org\/{rel}","templated":true}]}}