{"id":11491,"date":"2025-03-07T10:28:46","date_gmt":"2025-03-07T10:28:46","guid":{"rendered":"https:\/\/addio.eu\/product\/schaltpanel-4\/"},"modified":"2025-03-07T10:28:46","modified_gmt":"2025-03-07T10:28:46","slug":"schaltpanel-4","status":"publish","type":"product","link":"https:\/\/addio.eu\/de\/produkt\/schaltpanel-4\/","title":{"rendered":"Schaltpanel 4"},"content":{"rendered":"<p class=\"\" data-start=\"660\" data-end=\"682\"><strong data-start=\"660\" data-end=\"682\">Farbe und Beleuchtung<\/strong><\/p>\n<p class=\"\" data-start=\"684\" data-end=\"919\">Alle Tasten auf dem Bedienfeld sind beleuchtet und k\u00f6nnen mit den folgenden Farben konfiguriert werden: Gr\u00fcn, Blau, Gelb, Orange, Wei\u00df und Rot. Sowohl die Hintergrundlichtfarbe als auch die aktive Farbe k\u00f6nnen im Men\u00fc f\u00fcr jede Taste eingestellt werden. <\/p>\n<p class=\"\" data-start=\"921\" data-end=\"1055\">Die Lichtintensit\u00e4t der Tasten passt sich dank eines eingebauten Lichtsensors automatisch an die Umgebungslichtbedingungen an.<\/p>\n<p class=\"\" data-start=\"1057\" data-end=\"1085\"><strong data-start=\"1057\" data-end=\"1085\">Summer- und Tastent\u00f6ne<\/strong><\/p>\n<p class=\"\" data-start=\"1087\" data-end=\"1344\">Das Bedienfeld verf\u00fcgt \u00fcber einen eingebauten Summer, der bei Bet\u00e4tigung einer Taste eine kurze R\u00fcckmeldung geben kann. Der Summer kann auch von einer externen Quelle gesteuert werden, z. B. von einem Eingang, Ausgang oder virtuellen Ausgang, um Alarmfunktionen und mehr auszul\u00f6sen. <\/p>\n<p class=\"\" data-start=\"1346\" data-end=\"1380\"><strong data-start=\"1346\" data-end=\"1380\">Installation und Konfiguration<\/strong><\/p>\n<p class=\"\" data-start=\"1382\" data-end=\"1525\">Die Konfiguration von Tastenfunktionen, aktiven und passiven Farben und mehr wird in unseren Relaisboxen gespeichert und \u00fcber unsere Software Addio CC vorgenommen.<\/p>\n<p data-start=\"1382\" data-end=\"1525\"><strong>Im Lieferumfang enthalten<\/strong><br \/>\nDie Addio Switch Panels werden mit einem 5-Meter-Kabel und selbstklebenden Tastenaufklebern geliefert.<br \/>\nEine alternative Art.-Nr. enth\u00e4lt auch eine Halterung. <\/p>\n","protected":false},"excerpt":{"rendered":"<p class=\"\" data-start=\"62\" data-end=\"120\"><strong data-start=\"62\" data-end=\"120\">Einfache Verkabelung und Installation mit Addio-Bedienfeldern<\/strong><\/p>\n<p class=\"\" data-start=\"122\" data-end=\"331\">Addio-Bedienfelder lassen sich einfach mit dem mitgelieferten doppelseitigen Klebeband oder mit einer Montagehalterung (als Zubeh\u00f6r erh\u00e4ltlich) installieren. Die Keypads werden \u00fcber das mitgelieferte Kabel mit dem COM\/CAN-Anschluss der Relaisbox verbunden. <\/p>\n<p class=\"\" data-start=\"333\" data-end=\"345\"><strong data-start=\"333\" data-end=\"345\">Funktionen<\/strong><\/p>\n<p class=\"\" data-start=\"347\" data-end=\"523\">Jede Taste kann auf mehrere Positionen eingestellt werden und einen Ausgang aktivieren und\/oder als Anzeige dienen, um anzuzeigen, ob ein bestimmter Eingang, Ausgang oder eine andere interne Funktion aktiv ist.<\/p>\n<p class=\"\" data-start=\"525\" data-end=\"658\">Es k\u00f6nnen bis zu vier Bedienfelder in einem System verwendet werden, und sie k\u00f6nnen einzeln konfiguriert werden oder parallel arbeiten (Treppenhausschaltung).<\/p>\n","protected":false},"featured_media":5843,"comment_status":"open","ping_status":"closed","template":"","meta":[],"product_brand":[],"product_cat":[261],"product_tag":[262],"class_list":{"0":"post-11491","1":"product","2":"type-product","3":"status-publish","4":"has-post-thumbnail","6":"product_cat-schaltpanels","7":"product_tag-4-tasten","9":"first","10":"instock","11":"shipping-taxable","12":"product-type-simple"},"yoast_head":"<!-- This site is optimized with the Yoast SEO plugin v26.0 - https:\/\/yoast.com\/wordpress\/plugins\/seo\/ -->\n<title>Schaltpanel 4 - Addio Electronics<\/title>\n<meta name=\"robots\" content=\"index, follow, max-snippet:-1, max-image-preview:large, max-video-preview:-1\" \/>\n<link rel=\"canonical\" href=\"https:\/\/addio.eu\/de\/produkt\/schaltpanel-4\/\" \/>\n<meta property=\"og:locale\" content=\"de_DE\" \/>\n<meta property=\"og:type\" content=\"article\" \/>\n<meta property=\"og:title\" content=\"Schaltpanel 4 - Addio Electronics\" \/>\n<meta property=\"og:description\" content=\"Einfache Verkabelung und Installation mit Addio-Bedienfeldern Addio-Bedienfelder lassen sich einfach mit dem mitgelieferten doppelseitigen Klebeband oder mit einer Montagehalterung (als Zubeh\u00f6r erh\u00e4ltlich) installieren. Die Keypads werden \u00fcber das mitgelieferte Kabel mit dem COM\/CAN-Anschluss der Relaisbox verbunden. Funktionen Jede Taste kann auf mehrere Positionen eingestellt werden und einen Ausgang aktivieren und\/oder als Anzeige dienen, um anzuzeigen, ob ein bestimmter Eingang, Ausgang oder eine andere interne Funktion aktiv ist. Es k\u00f6nnen bis zu vier Bedienfelder in einem System verwendet werden, und sie k\u00f6nnen einzeln konfiguriert werden oder parallel arbeiten (Treppenhausschaltung).\" \/>\n<meta property=\"og:url\" content=\"https:\/\/addio.eu\/de\/produkt\/schaltpanel-4\/\" \/>\n<meta property=\"og:site_name\" content=\"Addio Electronics\" \/>\n<meta property=\"article:publisher\" content=\"https:\/\/www.facebook.com\/AddioElectronicsAB\/\" \/>\n<meta property=\"og:image\" content=\"https:\/\/addio.eu\/wp-content\/uploads\/2025\/03\/IMG_1586-scaled.jpg\" \/>\n\t<meta property=\"og:image:width\" content=\"2560\" \/>\n\t<meta property=\"og:image:height\" content=\"1920\" \/>\n\t<meta property=\"og:image:type\" content=\"image\/jpeg\" \/>\n<meta name=\"twitter:card\" content=\"summary_large_image\" \/>\n<meta name=\"twitter:label1\" content=\"Gesch\u00e4tzte Lesezeit\" \/>\n\t<meta name=\"twitter:data1\" content=\"1 Minute\" \/>\n<script type=\"application\/ld+json\" class=\"yoast-schema-graph\">{\"@context\":\"https:\/\/schema.org\",\"@graph\":[{\"@type\":\"WebPage\",\"@id\":\"https:\/\/addio.eu\/de\/produkt\/schaltpanel-4\/\",\"url\":\"https:\/\/addio.eu\/de\/produkt\/schaltpanel-4\/\",\"name\":\"Schaltpanel 4 - Addio Electronics\",\"isPartOf\":{\"@id\":\"https:\/\/addio.eu\/de\/#website\"},\"primaryImageOfPage\":{\"@id\":\"https:\/\/addio.eu\/de\/produkt\/schaltpanel-4\/#primaryimage\"},\"image\":{\"@id\":\"https:\/\/addio.eu\/de\/produkt\/schaltpanel-4\/#primaryimage\"},\"thumbnailUrl\":\"https:\/\/addio.eu\/wp-content\/uploads\/2025\/03\/IMG_1586-scaled.jpg\",\"datePublished\":\"2025-03-07T10:28:46+00:00\",\"breadcrumb\":{\"@id\":\"https:\/\/addio.eu\/de\/produkt\/schaltpanel-4\/#breadcrumb\"},\"inLanguage\":\"de\",\"potentialAction\":[{\"@type\":\"ReadAction\",\"target\":[\"https:\/\/addio.eu\/de\/produkt\/schaltpanel-4\/\"]}]},{\"@type\":\"ImageObject\",\"inLanguage\":\"de\",\"@id\":\"https:\/\/addio.eu\/de\/produkt\/schaltpanel-4\/#primaryimage\",\"url\":\"https:\/\/addio.eu\/wp-content\/uploads\/2025\/03\/IMG_1586-scaled.jpg\",\"contentUrl\":\"https:\/\/addio.eu\/wp-content\/uploads\/2025\/03\/IMG_1586-scaled.jpg\",\"width\":2560,\"height\":1920},{\"@type\":\"BreadcrumbList\",\"@id\":\"https:\/\/addio.eu\/de\/produkt\/schaltpanel-4\/#breadcrumb\",\"itemListElement\":[{\"@type\":\"ListItem\",\"position\":1,\"name\":\"Home\",\"item\":\"https:\/\/addio.eu\/de\/addio-startseite\/\"},{\"@type\":\"ListItem\",\"position\":2,\"name\":\"Produkte\",\"item\":\"https:\/\/addio.eu\/de\/produkte\/\"},{\"@type\":\"ListItem\",\"position\":3,\"name\":\"Schaltpanel 4\"}]},{\"@type\":\"WebSite\",\"@id\":\"https:\/\/addio.eu\/de\/#website\",\"url\":\"https:\/\/addio.eu\/de\/\",\"name\":\"addio.eu\",\"description\":\"\",\"publisher\":{\"@id\":\"https:\/\/addio.eu\/de\/#organization\"},\"potentialAction\":[{\"@type\":\"SearchAction\",\"target\":{\"@type\":\"EntryPoint\",\"urlTemplate\":\"https:\/\/addio.eu\/de\/?s={search_term_string}\"},\"query-input\":{\"@type\":\"PropertyValueSpecification\",\"valueRequired\":true,\"valueName\":\"search_term_string\"}}],\"inLanguage\":\"de\"},{\"@type\":\"Organization\",\"@id\":\"https:\/\/addio.eu\/de\/#organization\",\"name\":\"Addio-Elektronik\",\"url\":\"https:\/\/addio.eu\/de\/\",\"logo\":{\"@type\":\"ImageObject\",\"inLanguage\":\"de\",\"@id\":\"https:\/\/addio.eu\/de\/#\/schema\/logo\/image\/\",\"url\":\"https:\/\/addio.eu\/wp-content\/uploads\/2024\/10\/Lager_1-1.svg\",\"contentUrl\":\"https:\/\/addio.eu\/wp-content\/uploads\/2024\/10\/Lager_1-1.svg\",\"caption\":\"Addio-Elektronik\"},\"image\":{\"@id\":\"https:\/\/addio.eu\/de\/#\/schema\/logo\/image\/\"},\"sameAs\":[\"https:\/\/www.facebook.com\/AddioElectronicsAB\/\",\"https:\/\/www.linkedin.com\/company\/addio-electronics-ab\"]}]}<\/script>\n<!-- \/ Yoast SEO plugin. -->","yoast_head_json":{"title":"Schaltpanel 4 - Addio Electronics","robots":{"index":"index","follow":"follow","max-snippet":"max-snippet:-1","max-image-preview":"max-image-preview:large","max-video-preview":"max-video-preview:-1"},"canonical":"https:\/\/addio.eu\/de\/produkt\/schaltpanel-4\/","og_locale":"de_DE","og_type":"article","og_title":"Schaltpanel 4 - Addio Electronics","og_description":"Einfache Verkabelung und Installation mit Addio-Bedienfeldern Addio-Bedienfelder lassen sich einfach mit dem mitgelieferten doppelseitigen Klebeband oder mit einer Montagehalterung (als Zubeh\u00f6r erh\u00e4ltlich) installieren. Die Keypads werden \u00fcber das mitgelieferte Kabel mit dem COM\/CAN-Anschluss der Relaisbox verbunden. Funktionen Jede Taste kann auf mehrere Positionen eingestellt werden und einen Ausgang aktivieren und\/oder als Anzeige dienen, um anzuzeigen, ob ein bestimmter Eingang, Ausgang oder eine andere interne Funktion aktiv ist. Es k\u00f6nnen bis zu vier Bedienfelder in einem System verwendet werden, und sie k\u00f6nnen einzeln konfiguriert werden oder parallel arbeiten (Treppenhausschaltung).","og_url":"https:\/\/addio.eu\/de\/produkt\/schaltpanel-4\/","og_site_name":"Addio Electronics","article_publisher":"https:\/\/www.facebook.com\/AddioElectronicsAB\/","og_image":[{"width":2560,"height":1920,"url":"https:\/\/addio.eu\/wp-content\/uploads\/2025\/03\/IMG_1586-scaled.jpg","type":"image\/jpeg"}],"twitter_card":"summary_large_image","twitter_misc":{"Gesch\u00e4tzte Lesezeit":"1 Minute"},"schema":{"@context":"https:\/\/schema.org","@graph":[{"@type":"WebPage","@id":"https:\/\/addio.eu\/de\/produkt\/schaltpanel-4\/","url":"https:\/\/addio.eu\/de\/produkt\/schaltpanel-4\/","name":"Schaltpanel 4 - Addio Electronics","isPartOf":{"@id":"https:\/\/addio.eu\/de\/#website"},"primaryImageOfPage":{"@id":"https:\/\/addio.eu\/de\/produkt\/schaltpanel-4\/#primaryimage"},"image":{"@id":"https:\/\/addio.eu\/de\/produkt\/schaltpanel-4\/#primaryimage"},"thumbnailUrl":"https:\/\/addio.eu\/wp-content\/uploads\/2025\/03\/IMG_1586-scaled.jpg","datePublished":"2025-03-07T10:28:46+00:00","breadcrumb":{"@id":"https:\/\/addio.eu\/de\/produkt\/schaltpanel-4\/#breadcrumb"},"inLanguage":"de","potentialAction":[{"@type":"ReadAction","target":["https:\/\/addio.eu\/de\/produkt\/schaltpanel-4\/"]}]},{"@type":"ImageObject","inLanguage":"de","@id":"https:\/\/addio.eu\/de\/produkt\/schaltpanel-4\/#primaryimage","url":"https:\/\/addio.eu\/wp-content\/uploads\/2025\/03\/IMG_1586-scaled.jpg","contentUrl":"https:\/\/addio.eu\/wp-content\/uploads\/2025\/03\/IMG_1586-scaled.jpg","width":2560,"height":1920},{"@type":"BreadcrumbList","@id":"https:\/\/addio.eu\/de\/produkt\/schaltpanel-4\/#breadcrumb","itemListElement":[{"@type":"ListItem","position":1,"name":"Home","item":"https:\/\/addio.eu\/de\/addio-startseite\/"},{"@type":"ListItem","position":2,"name":"Produkte","item":"https:\/\/addio.eu\/de\/produkte\/"},{"@type":"ListItem","position":3,"name":"Schaltpanel 4"}]},{"@type":"WebSite","@id":"https:\/\/addio.eu\/de\/#website","url":"https:\/\/addio.eu\/de\/","name":"addio.eu","description":"","publisher":{"@id":"https:\/\/addio.eu\/de\/#organization"},"potentialAction":[{"@type":"SearchAction","target":{"@type":"EntryPoint","urlTemplate":"https:\/\/addio.eu\/de\/?s={search_term_string}"},"query-input":{"@type":"PropertyValueSpecification","valueRequired":true,"valueName":"search_term_string"}}],"inLanguage":"de"},{"@type":"Organization","@id":"https:\/\/addio.eu\/de\/#organization","name":"Addio-Elektronik","url":"https:\/\/addio.eu\/de\/","logo":{"@type":"ImageObject","inLanguage":"de","@id":"https:\/\/addio.eu\/de\/#\/schema\/logo\/image\/","url":"https:\/\/addio.eu\/wp-content\/uploads\/2024\/10\/Lager_1-1.svg","contentUrl":"https:\/\/addio.eu\/wp-content\/uploads\/2024\/10\/Lager_1-1.svg","caption":"Addio-Elektronik"},"image":{"@id":"https:\/\/addio.eu\/de\/#\/schema\/logo\/image\/"},"sameAs":["https:\/\/www.facebook.com\/AddioElectronicsAB\/","https:\/\/www.linkedin.com\/company\/addio-electronics-ab"]}]}},"_links":{"self":[{"href":"https:\/\/addio.eu\/de\/wp-json\/wp\/v2\/product\/11491","targetHints":{"allow":["GET"]}}],"collection":[{"href":"https:\/\/addio.eu\/de\/wp-json\/wp\/v2\/product"}],"about":[{"href":"https:\/\/addio.eu\/de\/wp-json\/wp\/v2\/types\/product"}],"replies":[{"embeddable":true,"href":"https:\/\/addio.eu\/de\/wp-json\/wp\/v2\/comments?post=11491"}],"wp:featuredmedia":[{"embeddable":true,"href":"https:\/\/addio.eu\/de\/wp-json\/wp\/v2\/media\/5843"}],"wp:attachment":[{"href":"https:\/\/addio.eu\/de\/wp-json\/wp\/v2\/media?parent=11491"}],"wp:term":[{"taxonomy":"product_brand","embeddable":true,"href":"https:\/\/addio.eu\/de\/wp-json\/wp\/v2\/product_brand?post=11491"},{"taxonomy":"product_cat","embeddable":true,"href":"https:\/\/addio.eu\/de\/wp-json\/wp\/v2\/product_cat?post=11491"},{"taxonomy":"product_tag","embeddable":true,"href":"https:\/\/addio.eu\/de\/wp-json\/wp\/v2\/product_tag?post=11491"}],"curies":[{"name":"wp","href":"https:\/\/api.w.org\/{rel}","templated":true}]}}