{"id":11123,"date":"2025-02-04T13:00:24","date_gmt":"2025-02-04T13:00:24","guid":{"rendered":"https:\/\/addio.eu\/product\/drb-1612-4-adv\/"},"modified":"2026-02-10T17:02:34","modified_gmt":"2026-02-10T17:02:34","slug":"drb-1612-4-adv","status":"publish","type":"product","link":"https:\/\/addio.eu\/de\/produkt\/drb-1612-4-adv\/","title":{"rendered":"DRB 1612-4 ADV"},"content":{"rendered":"<p>F\u00fcr automatisierte Funktionen kann der Addio CAN Master zur Integration mit Fahrzeugsignalen verwendet werden.<\/p>\n<p>Die DRB wird \u00fcber unsere Software ADDIO CC konfiguriert.<\/p>\n<table width=\"360\">\n<tbody>\n<tr>\n<td width=\"234\">Modell<\/td>\n<td width=\"126\">DRB-1612-4 ADV<\/td>\n<\/tr>\n<tr>\n<td width=\"234\">Stromversorgung<\/td>\n<td width=\"126\">10-22 VDC<\/td>\n<\/tr>\n<tr>\n<td width=\"234\">Interner Stromverbrauch (ungef\u00e4hr) Normalbetrieb, keine Ausgabe aktiv \/ Ruhemodus<\/td>\n<td width=\"126\">~20mA\/~4mA<\/td>\n<\/tr>\n<tr>\n<td width=\"234\">Unterspannungsschutz (einstellbar)<\/td>\n<td width=\"126\">10-13V, 0,5V Schritte<\/td>\n<\/tr>\n<tr>\n<td width=\"234\">\u00dcberspannungsschutz (einstellbar)<\/td>\n<td width=\"126\">16-26V, 2V Schritte<\/td>\n<\/tr>\n<tr>\n<td width=\"234\">Max. Gesamtstrom 1 Minute<\/td>\n<td width=\"126\">24A<\/td>\n<\/tr>\n<tr>\n<td width=\"234\">Max. Dauergesamtstrom<\/td>\n<td width=\"126\">16A<\/td>\n<\/tr>\n<tr>\n<td width=\"234\">Gesamtzahl der Eing\u00e4nge<\/td>\n<td width=\"126\">6 Stk.<\/td>\n<\/tr>\n<tr>\n<td width=\"234\">Digitale Eing\u00e4nge<\/td>\n<td width=\"126\">6 von 6 Stk.<\/td>\n<\/tr>\n<tr>\n<td width=\"234\">Analoge Eing\u00e4nge<\/td>\n<td width=\"126\">2 von 6 Stk.<\/td>\n<\/tr>\n<tr>\n<td width=\"234\">Eingangswiderstand @12V<\/td>\n<td width=\"126\">22k\u03a9<\/td>\n<\/tr>\n<tr>\n<td width=\"234\">Anschl\u00fcsse Eing\u00e4nge (steckbare Schraubklemmen)<\/td>\n<td width=\"126\">8-polig inkl. +\/-<\/td>\n<\/tr>\n<tr>\n<td width=\"234\">Anzahl der Ausg\u00e4nge<\/td>\n<td width=\"126\">4 Stk.<\/td>\n<\/tr>\n<tr>\n<td width=\"234\">Anschl\u00fcsse Ausg\u00e4nge<\/td>\n<td width=\"126\">6-polige Schraubklemme inkl.<\/td>\n<\/tr>\n<tr>\n<td width=\"234\">Sicherungsgr\u00f6\u00dfe A, Ausg\u00e4nge<\/td>\n<td width=\"126\">1, 2, 3, 4, 5, 6.<\/td>\n<\/tr>\n<tr>\n<td width=\"234\">Anschluss Stromversorgung<\/td>\n<td width=\"126\">2p Schraubklemme<\/td>\n<\/tr>\n<tr>\n<td width=\"234\">Bluetooth<\/td>\n<td width=\"126\">Ja, Zubeh\u00f6r<\/td>\n<\/tr>\n<tr>\n<td width=\"234\">Motorsteuerungs-H-Br\u00fccke (Vorstrom)<\/td>\n<td width=\"126\">Nein<\/td>\n<\/tr>\n<tr>\n<td width=\"234\">Fehleranzeige<\/td>\n<td width=\"126\">Nein<\/td>\n<\/tr>\n<tr>\n<td width=\"234\">LED pro Ausgang (einstellbare Farbe)<\/td>\n<td width=\"126\">Nein<\/td>\n<\/tr>\n<tr>\n<td width=\"234\">Kommunikationsbus (CAN-Bus)<\/td>\n<td width=\"126\">Ja 1 Stk. RJ10<\/td>\n<\/tr>\n<tr>\n<td width=\"234\">Computeranschl\u00fcsse<\/td>\n<td width=\"126\">USB Micro<\/td>\n<\/tr>\n<tr>\n<td width=\"234\">Erdungssignale<\/td>\n<td width=\"126\">Ja, mit internem Pull-up Eingang 5-6<\/td>\n<\/tr>\n<tr>\n<td width=\"234\">Handregler, Schalttafeln, Sensoren usw.<\/td>\n<td width=\"126\">Ja, als Zubeh\u00f6r<\/td>\n<\/tr>\n<tr>\n<td width=\"234\">Gr\u00f6\u00dfe (mm)<\/td>\n<td width=\"126\">66x74x21<\/td>\n<\/tr>\n<tr>\n<td width=\"234\">Gewicht<\/td>\n<td width=\"126\">50 g<\/td>\n<\/tr>\n<\/tbody>\n<\/table>\n<p>&nbsp;<\/p>\n","protected":false},"excerpt":{"rendered":"<p class=\"\" data-start=\"112\" data-end=\"430\">Der DRB 1612-4 ADV ist unser kleinstes Ger\u00e4t mit 4 Ausg\u00e4ngen und 6 Eing\u00e4ngen und einem Dauergesamtstrom von 16 Ampere, verteilt auf alle Ausg\u00e4nge.<\/p>\n<p>Wie alle unsere DRBs bietet der 1612-ADV eine Vielzahl von Funktionen, wie zum Beispiel:<\/p>\n<ul>\n<li>Relaisfunktionen wie Blinken, Dimmen und Timer<\/li>\n<li>Sicherungsfunktion \u00fcber Hochstromschalter<\/li>\n<li>Batterieschutz durch Timer oder Spannungsschutz, individuell pro Ausgang<\/li>\n<li>Regelbasierte logische Funktionen<\/li>\n<li>Bis zu drei verschiedene Funktionen pro Ausgang, wie z. B. Dauerbetrieb oder Blinken<\/li>\n<\/ul>\n<p class=\"\" data-start=\"112\" data-end=\"430\">Die Ausg\u00e4nge sind digital gesch\u00fctzt bis zu 6 Ampere pro Ausgang (einstellbar zwischen 2-6A).<\/p>\n<p class=\"\" data-start=\"112\" data-end=\"430\">Das Ger\u00e4t ist sehr einfach zu platzieren, da es nur etwa 7&#215;7 cm gro\u00df ist und nur 50 Gramm wiegt.<\/p>\n<p class=\"\" data-start=\"432\" data-end=\"679\">Das Ger\u00e4t wird idealerweise \u00fcber unser 4-Tasten-Bedienfeld (Zubeh\u00f6r), das \u00fcber CAN-Bus verbunden ist, gesteuert, aber auch normale Schalter oder andere Signalarten, sowohl digital (High\/Low) als auch analog (variable Spannungen), k\u00f6nnen zur Steuerung jedes Ausgangs konfiguriert werden.<\/p>\n","protected":false},"featured_media":11138,"comment_status":"open","ping_status":"closed","template":"","meta":[],"product_brand":[],"product_cat":[175],"product_tag":[176,177,178,179],"class_list":{"0":"post-11123","1":"product","2":"type-product","3":"status-publish","4":"has-post-thumbnail","6":"product_cat-digitale-relaisboxen","7":"product_tag-12v","8":"product_tag-2-can-ports","9":"product_tag-4-ausgange","10":"product_tag-6-eingange","12":"first","13":"instock","14":"shipping-taxable","15":"product-type-simple"},"yoast_head":"<!-- This site is optimized with the Yoast SEO plugin v26.0 - https:\/\/yoast.com\/wordpress\/plugins\/seo\/ -->\n<title>DRB 1612-4 ADV - Addio Electronics<\/title>\n<meta name=\"robots\" content=\"index, follow, max-snippet:-1, max-image-preview:large, max-video-preview:-1\" \/>\n<link rel=\"canonical\" href=\"https:\/\/addio.eu\/de\/produkt\/drb-1612-4-adv\/\" \/>\n<meta property=\"og:locale\" content=\"de_DE\" \/>\n<meta property=\"og:type\" content=\"article\" \/>\n<meta property=\"og:title\" content=\"DRB 1612-4 ADV - Addio Electronics\" \/>\n<meta property=\"og:description\" content=\"Der DRB 1612-4 ADV ist unser kleinstes Ger\u00e4t mit 4 Ausg\u00e4ngen und 6 Eing\u00e4ngen und einem Dauergesamtstrom von 16 Ampere, verteilt auf alle Ausg\u00e4nge. Wie alle unsere DRBs bietet der 1612-ADV eine Vielzahl von Funktionen, wie zum Beispiel:  Relaisfunktionen wie Blinken, Dimmen und Timer  Sicherungsfunktion \u00fcber Hochstromschalter  Batterieschutz durch Timer oder Spannungsschutz, individuell pro Ausgang  Regelbasierte logische Funktionen  Bis zu drei verschiedene Funktionen pro Ausgang, wie z. B. Dauerbetrieb oder Blinken Die Ausg\u00e4nge sind digital gesch\u00fctzt bis zu 6 Ampere pro Ausgang (einstellbar zwischen 2-6A). Das Ger\u00e4t ist sehr einfach zu platzieren, da es nur etwa 7x7 cm gro\u00df ist und nur 50 Gramm wiegt. Das Ger\u00e4t wird idealerweise \u00fcber unser 4-Tasten-Bedienfeld (Zubeh\u00f6r), das \u00fcber CAN-Bus verbunden ist, gesteuert, aber auch normale Schalter oder andere Signalarten, sowohl digital (High\/Low) als auch analog (variable Spannungen), k\u00f6nnen zur Steuerung jedes Ausgangs konfiguriert werden.\" \/>\n<meta property=\"og:url\" content=\"https:\/\/addio.eu\/de\/produkt\/drb-1612-4-adv\/\" \/>\n<meta property=\"og:site_name\" content=\"Addio Electronics\" \/>\n<meta property=\"article:publisher\" content=\"https:\/\/www.facebook.com\/AddioElectronicsAB\/\" \/>\n<meta property=\"article:modified_time\" content=\"2026-02-10T17:02:34+00:00\" \/>\n<meta property=\"og:image\" content=\"https:\/\/addio.eu\/wp-content\/uploads\/2025\/02\/IMG_1706-scaled.jpg\" \/>\n\t<meta property=\"og:image:width\" content=\"2560\" \/>\n\t<meta property=\"og:image:height\" content=\"1920\" \/>\n\t<meta property=\"og:image:type\" content=\"image\/jpeg\" \/>\n<meta name=\"twitter:card\" content=\"summary_large_image\" \/>\n<meta name=\"twitter:label1\" content=\"Gesch\u00e4tzte Lesezeit\" \/>\n\t<meta name=\"twitter:data1\" content=\"1 Minute\" \/>\n<script type=\"application\/ld+json\" class=\"yoast-schema-graph\">{\"@context\":\"https:\/\/schema.org\",\"@graph\":[{\"@type\":\"WebPage\",\"@id\":\"https:\/\/addio.eu\/de\/produkt\/drb-1612-4-adv\/\",\"url\":\"https:\/\/addio.eu\/de\/produkt\/drb-1612-4-adv\/\",\"name\":\"DRB 1612-4 ADV - Addio Electronics\",\"isPartOf\":{\"@id\":\"https:\/\/addio.eu\/de\/#website\"},\"primaryImageOfPage\":{\"@id\":\"https:\/\/addio.eu\/de\/produkt\/drb-1612-4-adv\/#primaryimage\"},\"image\":{\"@id\":\"https:\/\/addio.eu\/de\/produkt\/drb-1612-4-adv\/#primaryimage\"},\"thumbnailUrl\":\"https:\/\/addio.eu\/wp-content\/uploads\/2025\/02\/IMG_1706-scaled.jpg\",\"datePublished\":\"2025-02-04T13:00:24+00:00\",\"dateModified\":\"2026-02-10T17:02:34+00:00\",\"breadcrumb\":{\"@id\":\"https:\/\/addio.eu\/de\/produkt\/drb-1612-4-adv\/#breadcrumb\"},\"inLanguage\":\"de\",\"potentialAction\":[{\"@type\":\"ReadAction\",\"target\":[\"https:\/\/addio.eu\/de\/produkt\/drb-1612-4-adv\/\"]}]},{\"@type\":\"ImageObject\",\"inLanguage\":\"de\",\"@id\":\"https:\/\/addio.eu\/de\/produkt\/drb-1612-4-adv\/#primaryimage\",\"url\":\"https:\/\/addio.eu\/wp-content\/uploads\/2025\/02\/IMG_1706-scaled.jpg\",\"contentUrl\":\"https:\/\/addio.eu\/wp-content\/uploads\/2025\/02\/IMG_1706-scaled.jpg\",\"width\":2560,\"height\":1920},{\"@type\":\"BreadcrumbList\",\"@id\":\"https:\/\/addio.eu\/de\/produkt\/drb-1612-4-adv\/#breadcrumb\",\"itemListElement\":[{\"@type\":\"ListItem\",\"position\":1,\"name\":\"Home\",\"item\":\"https:\/\/addio.eu\/de\/addio-startseite\/\"},{\"@type\":\"ListItem\",\"position\":2,\"name\":\"Produkte\",\"item\":\"https:\/\/addio.eu\/de\/produkte\/\"},{\"@type\":\"ListItem\",\"position\":3,\"name\":\"DRB 1612-4 ADV\"}]},{\"@type\":\"WebSite\",\"@id\":\"https:\/\/addio.eu\/de\/#website\",\"url\":\"https:\/\/addio.eu\/de\/\",\"name\":\"addio.eu\",\"description\":\"\",\"publisher\":{\"@id\":\"https:\/\/addio.eu\/de\/#organization\"},\"potentialAction\":[{\"@type\":\"SearchAction\",\"target\":{\"@type\":\"EntryPoint\",\"urlTemplate\":\"https:\/\/addio.eu\/de\/?s={search_term_string}\"},\"query-input\":{\"@type\":\"PropertyValueSpecification\",\"valueRequired\":true,\"valueName\":\"search_term_string\"}}],\"inLanguage\":\"de\"},{\"@type\":\"Organization\",\"@id\":\"https:\/\/addio.eu\/de\/#organization\",\"name\":\"Addio-Elektronik\",\"url\":\"https:\/\/addio.eu\/de\/\",\"logo\":{\"@type\":\"ImageObject\",\"inLanguage\":\"de\",\"@id\":\"https:\/\/addio.eu\/de\/#\/schema\/logo\/image\/\",\"url\":\"https:\/\/addio.eu\/wp-content\/uploads\/2024\/10\/Lager_1-1.svg\",\"contentUrl\":\"https:\/\/addio.eu\/wp-content\/uploads\/2024\/10\/Lager_1-1.svg\",\"caption\":\"Addio-Elektronik\"},\"image\":{\"@id\":\"https:\/\/addio.eu\/de\/#\/schema\/logo\/image\/\"},\"sameAs\":[\"https:\/\/www.facebook.com\/AddioElectronicsAB\/\",\"https:\/\/www.linkedin.com\/company\/addio-electronics-ab\"]}]}<\/script>\n<!-- \/ Yoast SEO plugin. -->","yoast_head_json":{"title":"DRB 1612-4 ADV - Addio Electronics","robots":{"index":"index","follow":"follow","max-snippet":"max-snippet:-1","max-image-preview":"max-image-preview:large","max-video-preview":"max-video-preview:-1"},"canonical":"https:\/\/addio.eu\/de\/produkt\/drb-1612-4-adv\/","og_locale":"de_DE","og_type":"article","og_title":"DRB 1612-4 ADV - Addio Electronics","og_description":"Der DRB 1612-4 ADV ist unser kleinstes Ger\u00e4t mit 4 Ausg\u00e4ngen und 6 Eing\u00e4ngen und einem Dauergesamtstrom von 16 Ampere, verteilt auf alle Ausg\u00e4nge. Wie alle unsere DRBs bietet der 1612-ADV eine Vielzahl von Funktionen, wie zum Beispiel:  Relaisfunktionen wie Blinken, Dimmen und Timer  Sicherungsfunktion \u00fcber Hochstromschalter  Batterieschutz durch Timer oder Spannungsschutz, individuell pro Ausgang  Regelbasierte logische Funktionen  Bis zu drei verschiedene Funktionen pro Ausgang, wie z. B. Dauerbetrieb oder Blinken Die Ausg\u00e4nge sind digital gesch\u00fctzt bis zu 6 Ampere pro Ausgang (einstellbar zwischen 2-6A). Das Ger\u00e4t ist sehr einfach zu platzieren, da es nur etwa 7x7 cm gro\u00df ist und nur 50 Gramm wiegt. Das Ger\u00e4t wird idealerweise \u00fcber unser 4-Tasten-Bedienfeld (Zubeh\u00f6r), das \u00fcber CAN-Bus verbunden ist, gesteuert, aber auch normale Schalter oder andere Signalarten, sowohl digital (High\/Low) als auch analog (variable Spannungen), k\u00f6nnen zur Steuerung jedes Ausgangs konfiguriert werden.","og_url":"https:\/\/addio.eu\/de\/produkt\/drb-1612-4-adv\/","og_site_name":"Addio Electronics","article_publisher":"https:\/\/www.facebook.com\/AddioElectronicsAB\/","article_modified_time":"2026-02-10T17:02:34+00:00","og_image":[{"width":2560,"height":1920,"url":"https:\/\/addio.eu\/wp-content\/uploads\/2025\/02\/IMG_1706-scaled.jpg","type":"image\/jpeg"}],"twitter_card":"summary_large_image","twitter_misc":{"Gesch\u00e4tzte Lesezeit":"1 Minute"},"schema":{"@context":"https:\/\/schema.org","@graph":[{"@type":"WebPage","@id":"https:\/\/addio.eu\/de\/produkt\/drb-1612-4-adv\/","url":"https:\/\/addio.eu\/de\/produkt\/drb-1612-4-adv\/","name":"DRB 1612-4 ADV - Addio Electronics","isPartOf":{"@id":"https:\/\/addio.eu\/de\/#website"},"primaryImageOfPage":{"@id":"https:\/\/addio.eu\/de\/produkt\/drb-1612-4-adv\/#primaryimage"},"image":{"@id":"https:\/\/addio.eu\/de\/produkt\/drb-1612-4-adv\/#primaryimage"},"thumbnailUrl":"https:\/\/addio.eu\/wp-content\/uploads\/2025\/02\/IMG_1706-scaled.jpg","datePublished":"2025-02-04T13:00:24+00:00","dateModified":"2026-02-10T17:02:34+00:00","breadcrumb":{"@id":"https:\/\/addio.eu\/de\/produkt\/drb-1612-4-adv\/#breadcrumb"},"inLanguage":"de","potentialAction":[{"@type":"ReadAction","target":["https:\/\/addio.eu\/de\/produkt\/drb-1612-4-adv\/"]}]},{"@type":"ImageObject","inLanguage":"de","@id":"https:\/\/addio.eu\/de\/produkt\/drb-1612-4-adv\/#primaryimage","url":"https:\/\/addio.eu\/wp-content\/uploads\/2025\/02\/IMG_1706-scaled.jpg","contentUrl":"https:\/\/addio.eu\/wp-content\/uploads\/2025\/02\/IMG_1706-scaled.jpg","width":2560,"height":1920},{"@type":"BreadcrumbList","@id":"https:\/\/addio.eu\/de\/produkt\/drb-1612-4-adv\/#breadcrumb","itemListElement":[{"@type":"ListItem","position":1,"name":"Home","item":"https:\/\/addio.eu\/de\/addio-startseite\/"},{"@type":"ListItem","position":2,"name":"Produkte","item":"https:\/\/addio.eu\/de\/produkte\/"},{"@type":"ListItem","position":3,"name":"DRB 1612-4 ADV"}]},{"@type":"WebSite","@id":"https:\/\/addio.eu\/de\/#website","url":"https:\/\/addio.eu\/de\/","name":"addio.eu","description":"","publisher":{"@id":"https:\/\/addio.eu\/de\/#organization"},"potentialAction":[{"@type":"SearchAction","target":{"@type":"EntryPoint","urlTemplate":"https:\/\/addio.eu\/de\/?s={search_term_string}"},"query-input":{"@type":"PropertyValueSpecification","valueRequired":true,"valueName":"search_term_string"}}],"inLanguage":"de"},{"@type":"Organization","@id":"https:\/\/addio.eu\/de\/#organization","name":"Addio-Elektronik","url":"https:\/\/addio.eu\/de\/","logo":{"@type":"ImageObject","inLanguage":"de","@id":"https:\/\/addio.eu\/de\/#\/schema\/logo\/image\/","url":"https:\/\/addio.eu\/wp-content\/uploads\/2024\/10\/Lager_1-1.svg","contentUrl":"https:\/\/addio.eu\/wp-content\/uploads\/2024\/10\/Lager_1-1.svg","caption":"Addio-Elektronik"},"image":{"@id":"https:\/\/addio.eu\/de\/#\/schema\/logo\/image\/"},"sameAs":["https:\/\/www.facebook.com\/AddioElectronicsAB\/","https:\/\/www.linkedin.com\/company\/addio-electronics-ab"]}]}},"_links":{"self":[{"href":"https:\/\/addio.eu\/de\/wp-json\/wp\/v2\/product\/11123","targetHints":{"allow":["GET"]}}],"collection":[{"href":"https:\/\/addio.eu\/de\/wp-json\/wp\/v2\/product"}],"about":[{"href":"https:\/\/addio.eu\/de\/wp-json\/wp\/v2\/types\/product"}],"replies":[{"embeddable":true,"href":"https:\/\/addio.eu\/de\/wp-json\/wp\/v2\/comments?post=11123"}],"wp:featuredmedia":[{"embeddable":true,"href":"https:\/\/addio.eu\/de\/wp-json\/wp\/v2\/media\/11138"}],"wp:attachment":[{"href":"https:\/\/addio.eu\/de\/wp-json\/wp\/v2\/media?parent=11123"}],"wp:term":[{"taxonomy":"product_brand","embeddable":true,"href":"https:\/\/addio.eu\/de\/wp-json\/wp\/v2\/product_brand?post=11123"},{"taxonomy":"product_cat","embeddable":true,"href":"https:\/\/addio.eu\/de\/wp-json\/wp\/v2\/product_cat?post=11123"},{"taxonomy":"product_tag","embeddable":true,"href":"https:\/\/addio.eu\/de\/wp-json\/wp\/v2\/product_tag?post=11123"}],"curies":[{"name":"wp","href":"https:\/\/api.w.org\/{rel}","templated":true}]}}