{"id":9008,"date":"2025-04-03T08:20:46","date_gmt":"2025-04-03T08:20:46","guid":{"rendered":"https:\/\/addio.eu\/datenschutzerklaerung-von-car-electric-ble-remote\/"},"modified":"2025-10-07T11:23:06","modified_gmt":"2025-10-07T11:23:06","slug":"datenschutzerklaerung-von-car-electric-ble-remote","status":"publish","type":"page","link":"https:\/\/addio.eu\/de\/datenschutzerklaerung-von-car-electric-ble-remote\/","title":{"rendered":"Datenschutzerkl\u00e4rung von \u201ecar electric &#8211; BLE remote\u201c"},"content":{"rendered":"\t\t<div data-elementor-type=\"wp-page\" data-elementor-id=\"9008\" class=\"elementor elementor-9008 elementor-6270\" data-elementor-post-type=\"page\">\n\t\t\t\t<div class=\"elementor-element elementor-element-0c2cb60 e-flex e-con-boxed e-con e-parent\" data-id=\"0c2cb60\" data-element_type=\"container\">\n\t\t\t\t\t<div class=\"e-con-inner\">\n\t\t\t\t<div class=\"elementor-element elementor-element-758cfa2 elementor-widget elementor-widget-heading\" data-id=\"758cfa2\" data-element_type=\"widget\" data-widget_type=\"heading.default\">\n\t\t\t\t<div class=\"elementor-widget-container\">\n\t\t\t\t\t<h1 class=\"elementor-heading-title elementor-size-default\">Datenschutzerkl\u00e4rung von \u201ecar electric &#8211; BLE remote\u201c<\/h1>\t\t\t\t<\/div>\n\t\t\t\t<\/div>\n\t\t<div class=\"elementor-element elementor-element-1f616ec e-con-full e-flex e-con e-child\" data-id=\"1f616ec\" data-element_type=\"container\">\n\t\t<div class=\"elementor-element elementor-element-8e80135 e-con-full e-flex e-con e-child\" data-id=\"8e80135\" data-element_type=\"container\">\n\t\t\t\t<div class=\"elementor-element elementor-element-17537e1 elementor-widget elementor-widget-text-editor\" data-id=\"17537e1\" data-element_type=\"widget\" data-widget_type=\"text-editor.default\">\n\t\t\t\t<div class=\"elementor-widget-container\">\n\t\t\t\t\t\t\t\t\t<p>Diese Anwendung wird von Addio Electronics AB entwickelt und gewartet. Diese Anwendung erhebt einige personenbezogene Daten von ihren Nutzern. <\/p><p><br>Dieses Dokument kann zu Referenzzwecken ausgedruckt werden, indem Sie den Druckbefehl in den Einstellungen eines beliebigen Browsers verwenden.<\/p><p><br><b>Richtlinien\u00fcbersicht<br>Personenbezogene Daten, die f\u00fcr die folgenden Zwecke und unter Verwendung der folgenden Dienste verarbeitet werden:<br>Standortbasierte Interaktionen<br>Geolocation und nicht-kontinuierliche Geolocation<br>Personenbezogene Daten: geografische Position<\/b><\/p><p><br><b>Vollst\u00e4ndige Richtlinie<br>Addio Electronics AB hat die App \u201eCar Electric &#8211; BLE Remote\u201c als kostenlose App entwickelt. Dieser SERVICE wird von Addio Electronics AB kostenlos zur Verf\u00fcgung gestellt und ist zur Nutzung im Ist-Zustand vorgesehen. Dar\u00fcber hinaus wurde diese App f\u00fcr die engagierten Kunden entwickelt, die unser elektronisches Produkt namens Digital Relay Box verwenden.<\/b>  <\/p><p><br>Diese Seite dient dazu, Besucher \u00fcber unsere Richtlinien bez\u00fcglich der Erhebung, Nutzung und Offenlegung personenbezogener Daten zu informieren, falls sich jemand entscheidet, unseren Dienst zu nutzen.<\/p><p><br>Wenn Sie sich entscheiden, unseren Dienst zu nutzen, stimmen Sie der Erhebung und Nutzung von Informationen im Zusammenhang mit dieser Richtlinie zu. Die von uns erhobenen personenbezogenen Daten werden zur Bereitstellung und Verbesserung des Dienstes verwendet. Wir werden Ihre Informationen mit niemandem teilen oder verwenden, au\u00dfer wie in dieser Datenschutzerkl\u00e4rung beschrieben.  <\/p><p><br>Die in dieser Datenschutzerkl\u00e4rung verwendeten Begriffe haben die gleiche Bedeutung wie in unseren Allgemeinen Gesch\u00e4ftsbedingungen, die unter \u201eCar Electric &#8211; BLE Remote\u201c zug\u00e4nglich sind, sofern in dieser Datenschutzerkl\u00e4rung nichts anderes definiert ist.<\/p><p><b>Erhebung und Nutzung von Informationen<br>F\u00fcr eine bessere Erfahrung bei der Nutzung unseres Dienstes k\u00f6nnen wir Sie bitten, uns bestimmte personenbezogene Daten zur Verf\u00fcgung zu stellen, einschlie\u00dflich, aber nicht beschr\u00e4nkt auf Bluetooth, Speicher, Geolocation. Die von uns angeforderten Informationen werden von uns gespeichert und wie in dieser Datenschutzerkl\u00e4rung beschrieben verwendet.<\/b> <\/p><p><br>Die App nutzt Dienste Dritter, die Informationen sammeln k\u00f6nnen, die zur Identifizierung Ihrer Person verwendet werden.<br>Link zur Datenschutzerkl\u00e4rung von Drittanbietern, die von der App genutzt werden<br>https:\/\/policies.google.com\/privacy<\/p><p><br><b>Google Play-Dienste<\/b><\/p><p><b>Protokolldaten<br>Wir m\u00f6chten Sie dar\u00fcber informieren, dass wir bei jeder Nutzung unseres Dienstes, im Falle eines Fehlers in der App, Daten und Informationen (\u00fcber Produkte Dritter) auf Ihrem Telefon sammeln, die als Protokolldaten bezeichnet werden. Diese Protokolldaten k\u00f6nnen Informationen wie die Internetprotokoll-Adresse (\u201eIP\u201c) Ihres Ger\u00e4ts, den Ger\u00e4tenamen, die Version des Betriebssystems, die Konfiguration der App bei der Nutzung unseres Dienstes, die Uhrzeit und das Datum Ihrer Dienstnutzung sowie andere Statistiken umfassen.<\/b> <\/p><p><b>Cookies<\/b><br>Cookies sind Dateien mit einer geringen Datenmenge, die \u00fcblicherweise als anonyme eindeutige Identifikatoren verwendet werden. Diese werden von den von Ihnen besuchten Websites an Ihren Browser gesendet und im internen Speicher Ihres Ger\u00e4ts gespeichert.<br>Dieser Dienst verwendet diese \u201eCookies\u201c nicht explizit. Die App kann jedoch Code und Bibliotheken Dritter verwenden, die \u201eCookies\u201c nutzen, um Informationen zu sammeln und ihre Dienste zu verbessern. Sie haben die M\u00f6glichkeit, diese Cookies entweder zu akzeptieren oder abzulehnen und zu erfahren, wann ein Cookie an Ihr Ger\u00e4t gesendet wird. Wenn Sie sich entscheiden, unsere Cookies abzulehnen, k\u00f6nnen Sie m\u00f6glicherweise einige Teile dieses Dienstes nicht nutzen.    <\/p><p><b>Dienstleister<br>Wir k\u00f6nnen Drittunternehmen und Einzelpersonen aus den folgenden Gr\u00fcnden beauftragen:<br>Um unseren Dienst zu erleichtern;<br>Um den Dienst in unserem Namen bereitzustellen;<br>Um dienstbezogene Leistungen zu erbringen; oder<br>Um uns bei der Analyse der Nutzung unseres Dienstes zu unterst\u00fctzen.<br>Wir m\u00f6chten die Nutzer dieses Dienstes dar\u00fcber informieren, dass diese Dritten Zugriff auf Ihre personenbezogenen Daten haben. Der Grund daf\u00fcr ist die Erf\u00fcllung der ihnen in unserem Namen \u00fcbertragenen Aufgaben. Sie sind jedoch verpflichtet, die Informationen nicht offenzulegen oder f\u00fcr andere Zwecke zu verwenden.<\/b>  <\/p><p><b>Sicherheit<\/b><br>Wir sch\u00e4tzen Ihr Vertrauen, uns Ihre personenbezogenen Daten zur Verf\u00fcgung zu stellen, daher bem\u00fchen wir uns, kommerziell akzeptable Mittel zu ihrem Schutz einzusetzen. Bitte beachten Sie jedoch, dass keine Methode der \u00dcbertragung \u00fcber das Internet oder der elektronischen Speicherung zu 100 % sicher und zuverl\u00e4ssig ist, und wir k\u00f6nnen ihre absolute Sicherheit nicht garantieren. <\/p><p><b>Links zu anderen Websites<br>Dieser Dienst kann Links zu anderen Websites enthalten. Wenn Sie auf einen Drittanbieter-Link klicken, werden Sie zu dieser Website weitergeleitet. Beachten Sie, dass diese externen Websites nicht von uns betrieben werden. Daher raten wir Ihnen dringend, die Datenschutzerkl\u00e4rung dieser Websites zu \u00fcberpr\u00fcfen. Wir haben keine Kontrolle \u00fcber und \u00fcbernehmen keine Verantwortung f\u00fcr den Inhalt, die Datenschutzrichtlinien oder die Praktiken von Websites oder Diensten Dritter.<\/b>    <\/p><p><b>Datenschutz f\u00fcr Kinder<br>Diese Dienste richten sich nicht an Personen unter 13 Jahren. Wir sammeln wissentlich keine personenbezogenen Daten von Kindern unter 13 Jahren. Falls wir entdecken, dass ein Kind unter 13 Jahren uns personenbezogene Daten zur Verf\u00fcgung gestellt hat, l\u00f6schen wir diese umgehend von unseren Servern. Wenn Sie ein Elternteil oder Erziehungsberechtigter sind und wissen, dass Ihr Kind uns personenbezogene Daten zur Verf\u00fcgung gestellt hat, kontaktieren Sie uns bitte, damit wir die notwendigen Ma\u00dfnahmen ergreifen k\u00f6nnen.<\/b>   <\/p><p><b>\u00c4nderungen dieser Datenschutzerkl\u00e4rung<br>Wir k\u00f6nnen unsere Datenschutzerkl\u00e4rung von Zeit zu Zeit aktualisieren. Daher wird Ihnen geraten, diese Seite regelm\u00e4\u00dfig auf \u00c4nderungen zu \u00fcberpr\u00fcfen. Wir werden Sie \u00fcber \u00c4nderungen informieren, indem wir die neue Datenschutzerkl\u00e4rung auf dieser Seite ver\u00f6ffentlichen.<br>Diese Richtlinie ist g\u00fcltig ab dem 28.02.2022<\/b>  <\/p><p><b>Kontaktieren Sie uns<br>Wenn Sie Fragen oder Anregungen zu unserer Datenschutzerkl\u00e4rung haben, z\u00f6gern Sie nicht, uns unter info@addio.eu zu kontaktieren.<\/b><\/p>\t\t\t\t\t\t\t\t<\/div>\n\t\t\t\t<\/div>\n\t\t\t\t<\/div>\n\t\t<div class=\"elementor-element elementor-element-1c4e995 e-con-full e-flex e-con e-child\" data-id=\"1c4e995\" data-element_type=\"container\">\n\t\t\t\t<div class=\"elementor-element elementor-element-37670bc elementor-icon-list--layout-traditional elementor-list-item-link-full_width elementor-widget elementor-widget-icon-list\" data-id=\"37670bc\" data-element_type=\"widget\" data-widget_type=\"icon-list.default\">\n\t\t\t\t<div class=\"elementor-widget-container\">\n\t\t\t\t\t\t\t<ul class=\"elementor-icon-list-items\">\n\t\t\t\t\t\t\t<li class=\"elementor-icon-list-item\">\n\t\t\t\t\t\t\t\t\t\t\t<a href=\"https:\/\/addio.eu\/cookie-policy\/\">\n\n\t\t\t\t\t\t\t\t\t\t\t\t<span class=\"elementor-icon-list-icon\">\n\t\t\t\t\t\t\t<svg xmlns=\"http:\/\/www.w3.org\/2000\/svg\" width=\"24\" height=\"24\" viewBox=\"0 0 24 24\" fill=\"none\"><path d=\"M17.9199 6.62C17.8185 6.37565 17.6243 6.18147 17.3799 6.08C17.2597 6.02876 17.1306 6.00158 16.9999 6H6.99994C6.73472 6 6.48037 6.10536 6.29283 6.29289C6.1053 6.48043 5.99994 6.73478 5.99994 7C5.99994 7.26522 6.1053 7.51957 6.29283 7.70711C6.48037 7.89464 6.73472 8 6.99994 8H14.5899L6.28994 16.29C6.19621 16.383 6.12182 16.4936 6.07105 16.6154C6.02028 16.7373 5.99414 16.868 5.99414 17C5.99414 17.132 6.02028 17.2627 6.07105 17.3846C6.12182 17.5064 6.19621 17.617 6.28994 17.71C6.3829 17.8037 6.4935 17.8781 6.61536 17.9289C6.73722 17.9797 6.86793 18.0058 6.99994 18.0058C7.13195 18.0058 7.26266 17.9797 7.38452 17.9289C7.50638 17.8781 7.61698 17.8037 7.70994 17.71L15.9999 9.41V17C15.9999 17.2652 16.1053 17.5196 16.2928 17.7071C16.4804 17.8946 16.7347 18 16.9999 18C17.2652 18 17.5195 17.8946 17.707 17.7071C17.8946 17.5196 17.9999 17.2652 17.9999 17V7C17.9984 6.86932 17.9712 6.74022 17.9199 6.62Z\" fill=\"#393939\"><\/path><\/svg>\t\t\t\t\t\t<\/span>\n\t\t\t\t\t\t\t\t\t\t<span class=\"elementor-icon-list-text\">Cookie-Richtlinie<\/span>\n\t\t\t\t\t\t\t\t\t\t\t<\/a>\n\t\t\t\t\t\t\t\t\t<\/li>\n\t\t\t\t\t\t<\/ul>\n\t\t\t\t\t\t<\/div>\n\t\t\t\t<\/div>\n\t\t\t\t<div class=\"elementor-element elementor-element-270a44c elementor-icon-list--layout-traditional elementor-list-item-link-full_width elementor-widget elementor-widget-icon-list\" data-id=\"270a44c\" data-element_type=\"widget\" data-widget_type=\"icon-list.default\">\n\t\t\t\t<div class=\"elementor-widget-container\">\n\t\t\t\t\t\t\t<ul class=\"elementor-icon-list-items\">\n\t\t\t\t\t\t\t<li class=\"elementor-icon-list-item\">\n\t\t\t\t\t\t\t\t\t\t\t<a href=\"https:\/\/addio.eu\/privacy-policy\/\">\n\n\t\t\t\t\t\t\t\t\t\t\t\t<span class=\"elementor-icon-list-icon\">\n\t\t\t\t\t\t\t<svg xmlns=\"http:\/\/www.w3.org\/2000\/svg\" width=\"24\" height=\"24\" viewBox=\"0 0 24 24\" fill=\"none\"><path d=\"M17.9199 6.62C17.8185 6.37565 17.6243 6.18147 17.3799 6.08C17.2597 6.02876 17.1306 6.00158 16.9999 6H6.99994C6.73472 6 6.48037 6.10536 6.29283 6.29289C6.1053 6.48043 5.99994 6.73478 5.99994 7C5.99994 7.26522 6.1053 7.51957 6.29283 7.70711C6.48037 7.89464 6.73472 8 6.99994 8H14.5899L6.28994 16.29C6.19621 16.383 6.12182 16.4936 6.07105 16.6154C6.02028 16.7373 5.99414 16.868 5.99414 17C5.99414 17.132 6.02028 17.2627 6.07105 17.3846C6.12182 17.5064 6.19621 17.617 6.28994 17.71C6.3829 17.8037 6.4935 17.8781 6.61536 17.9289C6.73722 17.9797 6.86793 18.0058 6.99994 18.0058C7.13195 18.0058 7.26266 17.9797 7.38452 17.9289C7.50638 17.8781 7.61698 17.8037 7.70994 17.71L15.9999 9.41V17C15.9999 17.2652 16.1053 17.5196 16.2928 17.7071C16.4804 17.8946 16.7347 18 16.9999 18C17.2652 18 17.5195 17.8946 17.707 17.7071C17.8946 17.5196 17.9999 17.2652 17.9999 17V7C17.9984 6.86932 17.9712 6.74022 17.9199 6.62Z\" fill=\"#393939\"><\/path><\/svg>\t\t\t\t\t\t<\/span>\n\t\t\t\t\t\t\t\t\t\t<span class=\"elementor-icon-list-text\">Datenschutzrichtlinie<\/span>\n\t\t\t\t\t\t\t\t\t\t\t<\/a>\n\t\t\t\t\t\t\t\t\t<\/li>\n\t\t\t\t\t\t<\/ul>\n\t\t\t\t\t\t<\/div>\n\t\t\t\t<\/div>\n\t\t\t\t<div class=\"elementor-element elementor-element-8af7789 elementor-icon-list--layout-traditional elementor-list-item-link-full_width elementor-widget elementor-widget-icon-list\" data-id=\"8af7789\" data-element_type=\"widget\" data-widget_type=\"icon-list.default\">\n\t\t\t\t<div class=\"elementor-widget-container\">\n\t\t\t\t\t\t\t<ul class=\"elementor-icon-list-items\">\n\t\t\t\t\t\t\t<li class=\"elementor-icon-list-item\">\n\t\t\t\t\t\t\t\t\t\t\t<a href=\"https:\/\/addio.eu\/terms-and-conditions\/\">\n\n\t\t\t\t\t\t\t\t\t\t\t\t<span class=\"elementor-icon-list-icon\">\n\t\t\t\t\t\t\t<svg xmlns=\"http:\/\/www.w3.org\/2000\/svg\" width=\"24\" height=\"24\" viewBox=\"0 0 24 24\" fill=\"none\"><path d=\"M17.9199 6.62C17.8185 6.37565 17.6243 6.18147 17.3799 6.08C17.2597 6.02876 17.1306 6.00158 16.9999 6H6.99994C6.73472 6 6.48037 6.10536 6.29283 6.29289C6.1053 6.48043 5.99994 6.73478 5.99994 7C5.99994 7.26522 6.1053 7.51957 6.29283 7.70711C6.48037 7.89464 6.73472 8 6.99994 8H14.5899L6.28994 16.29C6.19621 16.383 6.12182 16.4936 6.07105 16.6154C6.02028 16.7373 5.99414 16.868 5.99414 17C5.99414 17.132 6.02028 17.2627 6.07105 17.3846C6.12182 17.5064 6.19621 17.617 6.28994 17.71C6.3829 17.8037 6.4935 17.8781 6.61536 17.9289C6.73722 17.9797 6.86793 18.0058 6.99994 18.0058C7.13195 18.0058 7.26266 17.9797 7.38452 17.9289C7.50638 17.8781 7.61698 17.8037 7.70994 17.71L15.9999 9.41V17C15.9999 17.2652 16.1053 17.5196 16.2928 17.7071C16.4804 17.8946 16.7347 18 16.9999 18C17.2652 18 17.5195 17.8946 17.707 17.7071C17.8946 17.5196 17.9999 17.2652 17.9999 17V7C17.9984 6.86932 17.9712 6.74022 17.9199 6.62Z\" fill=\"#393939\"><\/path><\/svg>\t\t\t\t\t\t<\/span>\n\t\t\t\t\t\t\t\t\t\t<span class=\"elementor-icon-list-text\">Allgemeine Gesch\u00e4ftsbedingungen<\/span>\n\t\t\t\t\t\t\t\t\t\t\t<\/a>\n\t\t\t\t\t\t\t\t\t<\/li>\n\t\t\t\t\t\t<\/ul>\n\t\t\t\t\t\t<\/div>\n\t\t\t\t<\/div>\n\t\t\t\t<\/div>\n\t\t\t\t<\/div>\n\t\t\t\t\t<\/div>\n\t\t\t\t<\/div>\n\t\t\t\t<\/div>\n\t\t","protected":false},"excerpt":{"rendered":"<p>Diese Anwendung wird von Addio Electronics AB entwickelt und gewartet. Diese Anwendung erhebt einige personenbezogene Daten von ihren Nutzern. Dieses Dokument kann zu Referenzzwecken ausgedruckt werden, indem Sie den Druckbefehl in den Einstellungen eines beliebigen Browsers verwenden. Richtlinien\u00fcbersichtPersonenbezogene Daten, die f\u00fcr die folgenden Zwecke und unter Verwendung der folgenden Dienste verarbeitet werden:Standortbasierte InteraktionenGeolocation und nicht-kontinuierliche [&hellip;]<\/p>\n","protected":false},"author":1,"featured_media":0,"parent":0,"menu_order":0,"comment_status":"closed","ping_status":"closed","template":"","meta":{"footnotes":""},"class_list":["post-9008","page","type-page","status-publish","hentry"],"yoast_head":"<!-- This site is optimized with the Yoast SEO plugin v26.0 - https:\/\/yoast.com\/wordpress\/plugins\/seo\/ -->\n<title>Datenschutzerkl\u00e4rung von \u201ecar electric - BLE remote\u201c - Addio Electronics<\/title>\n<meta name=\"robots\" content=\"index, follow, max-snippet:-1, max-image-preview:large, max-video-preview:-1\" \/>\n<link rel=\"canonical\" href=\"https:\/\/addio.eu\/de\/datenschutzerklaerung-von-car-electric-ble-remote\/\" \/>\n<meta property=\"og:locale\" content=\"de_DE\" \/>\n<meta property=\"og:type\" content=\"article\" \/>\n<meta property=\"og:title\" content=\"Datenschutzerkl\u00e4rung von \u201ecar electric - BLE remote\u201c - Addio Electronics\" \/>\n<meta property=\"og:description\" content=\"Diese Anwendung wird von Addio Electronics AB entwickelt und gewartet. Diese Anwendung erhebt einige personenbezogene Daten von ihren Nutzern. Dieses Dokument kann zu Referenzzwecken ausgedruckt werden, indem Sie den Druckbefehl in den Einstellungen eines beliebigen Browsers verwenden. Richtlinien\u00fcbersichtPersonenbezogene Daten, die f\u00fcr die folgenden Zwecke und unter Verwendung der folgenden Dienste verarbeitet werden:Standortbasierte InteraktionenGeolocation und nicht-kontinuierliche [&hellip;]\" \/>\n<meta property=\"og:url\" content=\"https:\/\/addio.eu\/de\/datenschutzerklaerung-von-car-electric-ble-remote\/\" \/>\n<meta property=\"og:site_name\" content=\"Addio Electronics\" \/>\n<meta property=\"article:publisher\" content=\"https:\/\/www.facebook.com\/AddioElectronicsAB\/\" \/>\n<meta property=\"article:modified_time\" content=\"2025-10-07T11:23:06+00:00\" \/>\n<meta name=\"twitter:card\" content=\"summary_large_image\" \/>\n<meta name=\"twitter:label1\" content=\"Gesch\u00e4tzte Lesezeit\" \/>\n\t<meta name=\"twitter:data1\" content=\"4 Minute\" \/>\n<script type=\"application\/ld+json\" class=\"yoast-schema-graph\">{\"@context\":\"https:\/\/schema.org\",\"@graph\":[{\"@type\":\"WebPage\",\"@id\":\"https:\/\/addio.eu\/de\/datenschutzerklaerung-von-car-electric-ble-remote\/\",\"url\":\"https:\/\/addio.eu\/de\/datenschutzerklaerung-von-car-electric-ble-remote\/\",\"name\":\"Datenschutzerkl\u00e4rung von \u201ecar electric - BLE remote\u201c - Addio Electronics\",\"isPartOf\":{\"@id\":\"https:\/\/addio.eu\/de\/#website\"},\"datePublished\":\"2025-04-03T08:20:46+00:00\",\"dateModified\":\"2025-10-07T11:23:06+00:00\",\"breadcrumb\":{\"@id\":\"https:\/\/addio.eu\/de\/datenschutzerklaerung-von-car-electric-ble-remote\/#breadcrumb\"},\"inLanguage\":\"de\",\"potentialAction\":[{\"@type\":\"ReadAction\",\"target\":[\"https:\/\/addio.eu\/de\/datenschutzerklaerung-von-car-electric-ble-remote\/\"]}]},{\"@type\":\"BreadcrumbList\",\"@id\":\"https:\/\/addio.eu\/de\/datenschutzerklaerung-von-car-electric-ble-remote\/#breadcrumb\",\"itemListElement\":[{\"@type\":\"ListItem\",\"position\":1,\"name\":\"Home\",\"item\":\"https:\/\/addio.eu\/de\/addio-startseite\/\"},{\"@type\":\"ListItem\",\"position\":2,\"name\":\"Datenschutzerkl\u00e4rung von \u201ecar electric &#8211; BLE remote\u201c\"}]},{\"@type\":\"WebSite\",\"@id\":\"https:\/\/addio.eu\/de\/#website\",\"url\":\"https:\/\/addio.eu\/de\/\",\"name\":\"addio.eu\",\"description\":\"\",\"publisher\":{\"@id\":\"https:\/\/addio.eu\/de\/#organization\"},\"potentialAction\":[{\"@type\":\"SearchAction\",\"target\":{\"@type\":\"EntryPoint\",\"urlTemplate\":\"https:\/\/addio.eu\/de\/?s={search_term_string}\"},\"query-input\":{\"@type\":\"PropertyValueSpecification\",\"valueRequired\":true,\"valueName\":\"search_term_string\"}}],\"inLanguage\":\"de\"},{\"@type\":\"Organization\",\"@id\":\"https:\/\/addio.eu\/de\/#organization\",\"name\":\"Addio-Elektronik\",\"url\":\"https:\/\/addio.eu\/de\/\",\"logo\":{\"@type\":\"ImageObject\",\"inLanguage\":\"de\",\"@id\":\"https:\/\/addio.eu\/de\/#\/schema\/logo\/image\/\",\"url\":\"https:\/\/addio.eu\/wp-content\/uploads\/2024\/10\/Lager_1-1.svg\",\"contentUrl\":\"https:\/\/addio.eu\/wp-content\/uploads\/2024\/10\/Lager_1-1.svg\",\"caption\":\"Addio-Elektronik\"},\"image\":{\"@id\":\"https:\/\/addio.eu\/de\/#\/schema\/logo\/image\/\"},\"sameAs\":[\"https:\/\/www.facebook.com\/AddioElectronicsAB\/\",\"https:\/\/www.linkedin.com\/company\/addio-electronics-ab\"]}]}<\/script>\n<!-- \/ Yoast SEO plugin. -->","yoast_head_json":{"title":"Datenschutzerkl\u00e4rung von \u201ecar electric - BLE remote\u201c - Addio Electronics","robots":{"index":"index","follow":"follow","max-snippet":"max-snippet:-1","max-image-preview":"max-image-preview:large","max-video-preview":"max-video-preview:-1"},"canonical":"https:\/\/addio.eu\/de\/datenschutzerklaerung-von-car-electric-ble-remote\/","og_locale":"de_DE","og_type":"article","og_title":"Datenschutzerkl\u00e4rung von \u201ecar electric - BLE remote\u201c - Addio Electronics","og_description":"Diese Anwendung wird von Addio Electronics AB entwickelt und gewartet. Diese Anwendung erhebt einige personenbezogene Daten von ihren Nutzern. Dieses Dokument kann zu Referenzzwecken ausgedruckt werden, indem Sie den Druckbefehl in den Einstellungen eines beliebigen Browsers verwenden. Richtlinien\u00fcbersichtPersonenbezogene Daten, die f\u00fcr die folgenden Zwecke und unter Verwendung der folgenden Dienste verarbeitet werden:Standortbasierte InteraktionenGeolocation und nicht-kontinuierliche [&hellip;]","og_url":"https:\/\/addio.eu\/de\/datenschutzerklaerung-von-car-electric-ble-remote\/","og_site_name":"Addio Electronics","article_publisher":"https:\/\/www.facebook.com\/AddioElectronicsAB\/","article_modified_time":"2025-10-07T11:23:06+00:00","twitter_card":"summary_large_image","twitter_misc":{"Gesch\u00e4tzte Lesezeit":"4 Minute"},"schema":{"@context":"https:\/\/schema.org","@graph":[{"@type":"WebPage","@id":"https:\/\/addio.eu\/de\/datenschutzerklaerung-von-car-electric-ble-remote\/","url":"https:\/\/addio.eu\/de\/datenschutzerklaerung-von-car-electric-ble-remote\/","name":"Datenschutzerkl\u00e4rung von \u201ecar electric - BLE remote\u201c - Addio Electronics","isPartOf":{"@id":"https:\/\/addio.eu\/de\/#website"},"datePublished":"2025-04-03T08:20:46+00:00","dateModified":"2025-10-07T11:23:06+00:00","breadcrumb":{"@id":"https:\/\/addio.eu\/de\/datenschutzerklaerung-von-car-electric-ble-remote\/#breadcrumb"},"inLanguage":"de","potentialAction":[{"@type":"ReadAction","target":["https:\/\/addio.eu\/de\/datenschutzerklaerung-von-car-electric-ble-remote\/"]}]},{"@type":"BreadcrumbList","@id":"https:\/\/addio.eu\/de\/datenschutzerklaerung-von-car-electric-ble-remote\/#breadcrumb","itemListElement":[{"@type":"ListItem","position":1,"name":"Home","item":"https:\/\/addio.eu\/de\/addio-startseite\/"},{"@type":"ListItem","position":2,"name":"Datenschutzerkl\u00e4rung von \u201ecar electric &#8211; BLE remote\u201c"}]},{"@type":"WebSite","@id":"https:\/\/addio.eu\/de\/#website","url":"https:\/\/addio.eu\/de\/","name":"addio.eu","description":"","publisher":{"@id":"https:\/\/addio.eu\/de\/#organization"},"potentialAction":[{"@type":"SearchAction","target":{"@type":"EntryPoint","urlTemplate":"https:\/\/addio.eu\/de\/?s={search_term_string}"},"query-input":{"@type":"PropertyValueSpecification","valueRequired":true,"valueName":"search_term_string"}}],"inLanguage":"de"},{"@type":"Organization","@id":"https:\/\/addio.eu\/de\/#organization","name":"Addio-Elektronik","url":"https:\/\/addio.eu\/de\/","logo":{"@type":"ImageObject","inLanguage":"de","@id":"https:\/\/addio.eu\/de\/#\/schema\/logo\/image\/","url":"https:\/\/addio.eu\/wp-content\/uploads\/2024\/10\/Lager_1-1.svg","contentUrl":"https:\/\/addio.eu\/wp-content\/uploads\/2024\/10\/Lager_1-1.svg","caption":"Addio-Elektronik"},"image":{"@id":"https:\/\/addio.eu\/de\/#\/schema\/logo\/image\/"},"sameAs":["https:\/\/www.facebook.com\/AddioElectronicsAB\/","https:\/\/www.linkedin.com\/company\/addio-electronics-ab"]}]}},"_links":{"self":[{"href":"https:\/\/addio.eu\/de\/wp-json\/wp\/v2\/pages\/9008","targetHints":{"allow":["GET"]}}],"collection":[{"href":"https:\/\/addio.eu\/de\/wp-json\/wp\/v2\/pages"}],"about":[{"href":"https:\/\/addio.eu\/de\/wp-json\/wp\/v2\/types\/page"}],"author":[{"embeddable":true,"href":"https:\/\/addio.eu\/de\/wp-json\/wp\/v2\/users\/1"}],"replies":[{"embeddable":true,"href":"https:\/\/addio.eu\/de\/wp-json\/wp\/v2\/comments?post=9008"}],"version-history":[{"count":1,"href":"https:\/\/addio.eu\/de\/wp-json\/wp\/v2\/pages\/9008\/revisions"}],"predecessor-version":[{"id":9009,"href":"https:\/\/addio.eu\/de\/wp-json\/wp\/v2\/pages\/9008\/revisions\/9009"}],"wp:attachment":[{"href":"https:\/\/addio.eu\/de\/wp-json\/wp\/v2\/media?parent=9008"}],"curies":[{"name":"wp","href":"https:\/\/api.w.org\/{rel}","templated":true}]}}