{"id":8500,"date":"2024-10-18T20:08:19","date_gmt":"2024-10-18T20:08:19","guid":{"rendered":"https:\/\/addio.eu\/datenschutzrichtlinie\/"},"modified":"2025-10-07T11:18:32","modified_gmt":"2025-10-07T11:18:32","slug":"datenschutzrichtlinie","status":"publish","type":"page","link":"https:\/\/addio.eu\/de\/datenschutzrichtlinie\/","title":{"rendered":"Datenschutzrichtlinie"},"content":{"rendered":"\t\t<div data-elementor-type=\"wp-page\" data-elementor-id=\"8500\" class=\"elementor elementor-8500 elementor-2381\" data-elementor-post-type=\"page\">\n\t\t\t\t<div class=\"elementor-element elementor-element-80633f2 e-flex e-con-boxed e-con e-parent\" data-id=\"80633f2\" data-element_type=\"container\">\n\t\t\t\t\t<div class=\"e-con-inner\">\n\t\t<div class=\"elementor-element elementor-element-190492a e-con-full e-flex e-con e-child\" data-id=\"190492a\" data-element_type=\"container\">\n\t\t<div class=\"elementor-element elementor-element-4b1b113 e-con-full e-flex e-con e-child\" data-id=\"4b1b113\" data-element_type=\"container\">\n\t\t\t\t<div class=\"elementor-element elementor-element-351288c elementor-widget elementor-widget-text-editor\" data-id=\"351288c\" data-element_type=\"widget\" data-widget_type=\"text-editor.default\">\n\t\t\t\t<div class=\"elementor-widget-container\">\n\t\t\t\t\t\t\t\t\t<p><strong>Aktualisiert am 30. September<\/strong><\/p><p><strong>Bei Addio verpflichten wir uns, Ihre Privatsph\u00e4re zu sch\u00fctzen und die Sicherheit Ihrer pers\u00f6nlichen Daten zu gew\u00e4hrleisten. Diese Datenschutzerkl\u00e4rung beschreibt, wie wir personenbezogene Daten, die wir \u00fcber unsere Website (<a href=\"https:\/\/addio.eu\">https:\/\/addio.eu<\/a>) und im Zusammenhang mit dem weltweiten Verkauf unserer digitalen Relaisboxen erheben, nutzen, speichern und sch\u00fctzen. Durch die Nutzung unserer Dienste stimmen Sie der Erhebung und Nutzung von Informationen gem\u00e4\u00df dieser Richtlinie zu.  <\/strong><\/p><p><strong>1. Datenerhebung und -nutzung<\/strong><\/p><p><strong>1.1 Pers\u00f6nliche Daten<\/strong><br>Wenn Sie ein Produkt bei uns kaufen oder ein Konto auf unserer Website erstellen, erfassen und speichern wir pers\u00f6nliche Informationen, die zur Abwicklung der Transaktion und zur Bereitstellung unserer Dienste erforderlich sind. Diese Informationen k\u00f6nnen umfassen: <\/p><ul><li>Vollst\u00e4ndiger Name<\/li><li>Email-Adresse<\/li><li>Rechnungs- und Versand-<\/li><li>adresse<\/li><li>Zahlungsinformationen<\/li><li>Kontakttelefonnummer<\/li><\/ul><p>Diese Informationen erm\u00f6glichen es uns, Ihre Bestellungen zu bearbeiten, Ihre Produkte zu liefern und Ihr Kundenkonto auf unserer Plattform zu verwalten.<\/p><p><strong>1.2 Automatisch erhobene Daten<br>Wir verwenden Cookies und \u00e4hnliche Technologien, um Ihr Erlebnis auf unserer Website zu verbessern. Diese Technologien erm\u00f6glichen uns:<\/strong> <\/p><ul><li>Browseraktivit\u00e4ten und Benutzerpr\u00e4ferenzen verfolgen<\/li><li>Website-Funktionalit\u00e4t und -Leistung verbessern<\/li><li>Analysedaten sammeln, um das Nutzerverhalten besser zu verstehen<br><br><\/li><\/ul><p>Diese Informationen erm\u00f6glichen es uns, Ihre Bestellungen zu bearbeiten, Ihre Produkte zu liefern und Ihr Kundenkonto auf unserer Plattform zu verwalten.<\/p><p><strong>2. Kontoerstellung und Zahlungsabwicklung<\/strong><\/p><p><br><strong>2.1 Kontoerstellung<br>Wenn Sie Ihren ersten Kauf \u00fcber Stripe t\u00e4tigen, erstellen wir ein Kundenkonto f\u00fcr Sie, um zuk\u00fcnftige Transaktionen zu vereinfachen. Nach Ihrem ersten Kauf erhalten Sie eine Best\u00e4tigungs-Email. Sie m\u00fcssen den Verifizierungsprozess abschlie\u00dfen, bevor Sie Zugang zu Ihrem Konto in unserem Kundenportal erhalten.<br>Ihr Konto ist durch ein sicheres Passwort gesch\u00fctzt, f\u00fcr dessen Pflege Sie verantwortlich sind. Bitte stellen Sie sicher, dass Ihre Anmeldedaten vertraulich bleiben, um unbefugten Zugriff auf Ihr Konto zu verhindern.<\/strong>   <\/p><p><strong>2.2 Zahlungsinformationen<br>Alle Zahlungen auf unserer Website werden sicher \u00fcber Stripe abgewickelt. Wir speichern keine sensiblen Zahlungsdetails wie Kreditkartennummern. Stripe ist vollst\u00e4ndig konform mit dem Payment Card Industry Data Security Standard (PCI DSS) und gew\u00e4hrleistet so den Schutz Ihrer Zahlungsinformationen.<\/strong>  <\/p><p><strong>3. Zustimmung zu den Allgemeinen Gesch\u00e4ftsbedingungen<\/strong><br>Um eine Bestellung aufzugeben, ein Konto zu erstellen oder unsere Dienste zu nutzen, m\u00fcssen Kunden unseren Allgemeinen Gesch\u00e4ftsbedingungen sowie dieser Datenschutzerkl\u00e4rung zustimmen. Indem Sie eine Transaktion durchf\u00fchren, best\u00e4tigen Sie, dass Sie diese Bedingungen gelesen, verstanden und ihnen zugestimmt haben. <br><br><strong>4. Datenweitergabe und internationale \u00dcbermittlungen<br>Wir geben pers\u00f6nliche Daten nicht zu Marketingzwecken oder f\u00fcr unabh\u00e4ngige Gesch\u00e4ftszwecke an Dritte weiter oder verkaufen sie. Die von Ihnen bereitgestellten Daten werden nur dann an Dritte weitergegeben, wenn dies zur Abwicklung einer Transaktion oder zur Einhaltung gesetzlicher Vorschriften erforderlich ist. Dies umfasst:<\/strong>  <\/p><ul><li>Drittanbieter-Zahlungsdienstleister (z. B. Stripe) zur Abwicklung von Transaktionen<\/li><li>Versand- und Logistikdienstleister f\u00fcr die Produktlieferung<br><br><\/li><\/ul><p><strong>DSGVO-Konformit\u00e4t<\/strong><br>Da wir in der Europ\u00e4ischen Union (EU) ans\u00e4ssig sind, halten wir uns an die Datenschutz-Grundverordnung (DSGVO). F\u00fcr Daten\u00fcbermittlungen in L\u00e4nder au\u00dferhalb der EU\/EWR stellen wir sicher, dass geeignete Schutzma\u00dfnahmen, wie Standardvertragsklauseln (SCCs), vorhanden sind, um Ihre Daten zu sch\u00fctzen und lokale Vorschriften einzuhalten. <\/p><p><strong>Datenverarbeiter<br>Alle Drittanbieter-Datenverarbeiter, mit denen wir zusammenarbeiten, werden \u00fcberpr\u00fcft, um sicherzustellen, dass sie unsere Datenschutzstandards erf\u00fcllen und die geltenden Vorschriften einhalten.<\/strong><\/p><p><strong>5. Datenaufbewahrung<br>Wir speichern Ihre pers\u00f6nlichen Daten, solange Ihr Konto aktiv und f\u00fcr die in dieser Richtlinie dargelegten Zwecke erforderlich ist. Wenn Sie sich innerhalb von 24 Monaten nicht in Ihr Konto einloggen, beginnen wir mit dem L\u00f6schen Ihres Kontos und der zugeh\u00f6rigen Daten. Bevor wir mit der L\u00f6schung fortfahren, werden wir Sie per Email benachrichtigen und Ihnen 3 Monate Zeit geben, sich einzuloggen und die L\u00f6schung zu verhindern.<\/strong>  <\/p><p><strong>6. Ihre Datenrechte<br>Gem\u00e4\u00df der DSGVO und anderen anwendbaren Datenschutzgesetzen haben Sie folgende Rechte bez\u00fcglich Ihrer pers\u00f6nlichen Daten:<\/strong><\/p><ul><li>Auskunftsrecht: Sie k\u00f6nnen eine Kopie der pers\u00f6nlichen Daten anfordern, die wir \u00fcber Sie gespeichert haben.<\/li><li>Recht auf Berichtigung: Sie k\u00f6nnen verlangen, dass wir ungenaue oder unvollst\u00e4ndige Daten korrigieren.<\/li><li>Recht auf L\u00f6schung (\u201eRecht auf Vergessenwerden\u201c): Sie k\u00f6nnen verlangen, dass wir Ihre pers\u00f6nlichen Daten unter bestimmten Bedingungen l\u00f6schen.<\/li><li>Recht auf Daten\u00fcbertragbarkeit: Sie k\u00f6nnen eine Kopie Ihrer pers\u00f6nlichen Daten in einem strukturierten, g\u00e4ngigen und maschinenlesbaren Format anfordern.<\/li><li>Recht auf Einschr\u00e4nkung der Verarbeitung: Sie k\u00f6nnen verlangen, dass wir die Verarbeitung Ihrer Daten unter bestimmten Umst\u00e4nden einschr\u00e4nken.<\/li><li>Widerspruchsrecht: Sie k\u00f6nnen der Verarbeitung Ihrer Daten f\u00fcr bestimmte Zwecke, wie Direktmarketing, widersprechen.<br><br><\/li><\/ul><p>Um Ihre Rechte auszu\u00fcben, kontaktieren Sie uns bitte unter info@addio.eu. Wir bem\u00fchen uns, alle Anfragen innerhalb von 30 Tagen zu beantworten. <\/p><p><strong>7. Sicherheitsma\u00dfnahmen<\/strong><br>Wir nehmen den Schutz Ihrer pers\u00f6nlichen Daten ernst und implementieren eine Reihe von Ma\u00dfnahmen, um diese zu sch\u00fctzen:<\/p><ul><li>Datenverschl\u00fcsselung: Wir verschl\u00fcsseln sensible Informationen, einschlie\u00dflich Zahlungsdaten, um eine sichere \u00dcbertragung \u00fcber das Internet zu gew\u00e4hrleisten.<\/li><li>Sicherer Zugriff: Der Zugriff auf pers\u00f6nliche Daten ist nur autorisiertem Personal gestattet.<br>Regelm\u00e4\u00dfige Audits: Wir f\u00fchren regelm\u00e4\u00dfige Sicherheitsaudits und Schwachstellenanalysen durch, um die Sicherheit unserer Systeme zu gew\u00e4hrleisten.<\/li><li>Zwei-Faktor-Authentifizierung (2FA): Wir ermutigen Benutzer, 2FA f\u00fcr eine zus\u00e4tzliche Sicherheitsebene des Kontos zu aktivieren.<\/li><li>Datenminimierung: Wir erheben und speichern nur die Daten, die f\u00fcr unseren Gesch\u00e4ftsbetrieb und unsere Dienste notwendig sind.<br><br><\/li><\/ul><p><strong>8. Cookies und Tracking-Technologien<\/strong><br>Wir verwenden Cookies, um Benutzeraktivit\u00e4ten und Pr\u00e4ferenzen zu verfolgen und Ihr Erlebnis auf unserer Website zu verbessern. Sie k\u00f6nnen Ihre Cookie-Pr\u00e4ferenzen und -Zustimmung \u00fcber unsere <a href=\"https:\/\/addio.eu\/cookie-policy\/\">Cookie-Richtlinie<\/a> verwalten. <\/p><p><strong>9. Kundensupport und Kommunikation<br>Bei Fragen, Bedenken oder Anfragen bez\u00fcglich Ihrer Daten oder dieser Datenschutzerkl\u00e4rung kontaktieren Sie bitte unser Kundensupport-Team unter info@addio.eu oder besuchen Sie unsere Kundensupport-Seite f\u00fcr weitere Informationen.<\/strong><\/p><p><strong>\u00c4nderungen dieser Datenschutzerkl\u00e4rung<br>Wir behalten uns das Recht vor, diese Datenschutzerkl\u00e4rung zu aktualisieren, um \u00c4nderungen unserer Praktiken, gesetzlichen Anforderungen oder betrieblichen Bed\u00fcrfnisse widerzuspiegeln. Alle Aktualisierungen werden auf dieser Seite mit einem aktualisierten G\u00fcltigkeitsdatum ver\u00f6ffentlicht. Wir empfehlen Ihnen, diese Richtlinie regelm\u00e4\u00dfig zu \u00fcberpr\u00fcfen, um dar\u00fcber informiert zu bleiben, wie wir Ihre pers\u00f6nlichen Daten sch\u00fctzen.<\/strong>  <\/p>\t\t\t\t\t\t\t\t<\/div>\n\t\t\t\t<\/div>\n\t\t\t\t<\/div>\n\t\t<div class=\"elementor-element elementor-element-df3def4 e-con-full e-flex e-con e-child\" data-id=\"df3def4\" data-element_type=\"container\">\n\t\t\t\t<div class=\"elementor-element elementor-element-6840190 elementor-icon-list--layout-traditional elementor-list-item-link-full_width elementor-widget elementor-widget-icon-list\" data-id=\"6840190\" data-element_type=\"widget\" data-widget_type=\"icon-list.default\">\n\t\t\t\t<div class=\"elementor-widget-container\">\n\t\t\t\t\t\t\t<ul class=\"elementor-icon-list-items\">\n\t\t\t\t\t\t\t<li class=\"elementor-icon-list-item\">\n\t\t\t\t\t\t\t\t\t\t\t<a href=\"https:\/\/addio.eu\/cookie-policy\/\">\n\n\t\t\t\t\t\t\t\t\t\t\t\t<span class=\"elementor-icon-list-icon\">\n\t\t\t\t\t\t\t<svg xmlns=\"http:\/\/www.w3.org\/2000\/svg\" width=\"24\" height=\"24\" viewBox=\"0 0 24 24\" fill=\"none\"><path d=\"M17.9199 6.62C17.8185 6.37565 17.6243 6.18147 17.3799 6.08C17.2597 6.02876 17.1306 6.00158 16.9999 6H6.99994C6.73472 6 6.48037 6.10536 6.29283 6.29289C6.1053 6.48043 5.99994 6.73478 5.99994 7C5.99994 7.26522 6.1053 7.51957 6.29283 7.70711C6.48037 7.89464 6.73472 8 6.99994 8H14.5899L6.28994 16.29C6.19621 16.383 6.12182 16.4936 6.07105 16.6154C6.02028 16.7373 5.99414 16.868 5.99414 17C5.99414 17.132 6.02028 17.2627 6.07105 17.3846C6.12182 17.5064 6.19621 17.617 6.28994 17.71C6.3829 17.8037 6.4935 17.8781 6.61536 17.9289C6.73722 17.9797 6.86793 18.0058 6.99994 18.0058C7.13195 18.0058 7.26266 17.9797 7.38452 17.9289C7.50638 17.8781 7.61698 17.8037 7.70994 17.71L15.9999 9.41V17C15.9999 17.2652 16.1053 17.5196 16.2928 17.7071C16.4804 17.8946 16.7347 18 16.9999 18C17.2652 18 17.5195 17.8946 17.707 17.7071C17.8946 17.5196 17.9999 17.2652 17.9999 17V7C17.9984 6.86932 17.9712 6.74022 17.9199 6.62Z\" fill=\"#393939\"><\/path><\/svg>\t\t\t\t\t\t<\/span>\n\t\t\t\t\t\t\t\t\t\t<span class=\"elementor-icon-list-text\">Cookie-Richtlinie<\/span>\n\t\t\t\t\t\t\t\t\t\t\t<\/a>\n\t\t\t\t\t\t\t\t\t<\/li>\n\t\t\t\t\t\t<\/ul>\n\t\t\t\t\t\t<\/div>\n\t\t\t\t<\/div>\n\t\t\t\t<div class=\"elementor-element elementor-element-37f3efb elementor-icon-list--layout-traditional elementor-list-item-link-full_width elementor-widget elementor-widget-icon-list\" data-id=\"37f3efb\" data-element_type=\"widget\" data-widget_type=\"icon-list.default\">\n\t\t\t\t<div class=\"elementor-widget-container\">\n\t\t\t\t\t\t\t<ul class=\"elementor-icon-list-items\">\n\t\t\t\t\t\t\t<li class=\"elementor-icon-list-item\">\n\t\t\t\t\t\t\t\t\t\t\t<span class=\"elementor-icon-list-icon\">\n\t\t\t\t\t\t\t<svg xmlns=\"http:\/\/www.w3.org\/2000\/svg\" width=\"34\" height=\"34\" viewBox=\"0 0 34 34\" fill=\"none\"><g clip-path=\"url(#clip0_102_8520)\"><path d=\"M8.9802 16.6182C8.87917 16.8627 8.87917 17.1373 8.9802 17.3818C9.02898 17.5031 9.10105 17.6136 9.19233 17.7071L16.2634 24.7782C16.4509 24.9657 16.7053 25.0711 16.9705 25.0711C17.2357 25.0711 17.4901 24.9657 17.6776 24.7782C17.8652 24.5906 17.9705 24.3363 17.9705 24.0711C17.9705 23.8058 17.8652 23.5515 17.6776 23.364L12.3107 17.997L24.0416 18.0041C24.1736 18.0046 24.3044 17.979 24.4265 17.9288C24.5485 17.8785 24.6594 17.8046 24.7528 17.7112C24.8461 17.6179 24.9201 17.507 24.9703 17.3849C25.0206 17.2628 25.0462 17.132 25.0457 17C25.0462 16.868 25.0206 16.7372 24.9703 16.6151C24.9201 16.493 24.8461 16.3821 24.7528 16.2888C24.6594 16.1954 24.5485 16.1215 24.4265 16.0712C24.3044 16.021 24.1736 15.9954 24.0416 15.9959L12.3107 16.003L17.6776 10.636C17.8652 10.4485 17.9705 10.1941 17.9705 9.92893C17.9705 9.66371 17.8652 9.40936 17.6776 9.22182C17.4901 9.03429 17.2357 8.92893 16.9705 8.92893C16.7053 8.92893 16.4509 9.03429 16.2634 9.22182L9.19233 16.2929C9.10105 16.3864 9.02898 16.4969 8.9802 16.6182Z\" fill=\"#00DB72\"><\/path><\/g><defs><clipPath id=\"clip0_102_8520\"><rect width=\"24\" height=\"24\" fill=\"white\" transform=\"translate(16.9707 33.9706) rotate(-135)\"><\/rect><\/clipPath><\/defs><\/svg>\t\t\t\t\t\t<\/span>\n\t\t\t\t\t\t\t\t\t\t<span class=\"elementor-icon-list-text\">Datenschutzrichtlinie<\/span>\n\t\t\t\t\t\t\t\t\t<\/li>\n\t\t\t\t\t\t<\/ul>\n\t\t\t\t\t\t<\/div>\n\t\t\t\t<\/div>\n\t\t\t\t<div class=\"elementor-element elementor-element-1afe948 elementor-icon-list--layout-traditional elementor-list-item-link-full_width elementor-widget elementor-widget-icon-list\" data-id=\"1afe948\" data-element_type=\"widget\" data-widget_type=\"icon-list.default\">\n\t\t\t\t<div class=\"elementor-widget-container\">\n\t\t\t\t\t\t\t<ul class=\"elementor-icon-list-items\">\n\t\t\t\t\t\t\t<li class=\"elementor-icon-list-item\">\n\t\t\t\t\t\t\t\t\t\t\t<a href=\"https:\/\/addio.eu\/terms-and-conditions\/\">\n\n\t\t\t\t\t\t\t\t\t\t\t\t<span class=\"elementor-icon-list-icon\">\n\t\t\t\t\t\t\t<svg xmlns=\"http:\/\/www.w3.org\/2000\/svg\" width=\"24\" height=\"24\" viewBox=\"0 0 24 24\" fill=\"none\"><path d=\"M17.9199 6.62C17.8185 6.37565 17.6243 6.18147 17.3799 6.08C17.2597 6.02876 17.1306 6.00158 16.9999 6H6.99994C6.73472 6 6.48037 6.10536 6.29283 6.29289C6.1053 6.48043 5.99994 6.73478 5.99994 7C5.99994 7.26522 6.1053 7.51957 6.29283 7.70711C6.48037 7.89464 6.73472 8 6.99994 8H14.5899L6.28994 16.29C6.19621 16.383 6.12182 16.4936 6.07105 16.6154C6.02028 16.7373 5.99414 16.868 5.99414 17C5.99414 17.132 6.02028 17.2627 6.07105 17.3846C6.12182 17.5064 6.19621 17.617 6.28994 17.71C6.3829 17.8037 6.4935 17.8781 6.61536 17.9289C6.73722 17.9797 6.86793 18.0058 6.99994 18.0058C7.13195 18.0058 7.26266 17.9797 7.38452 17.9289C7.50638 17.8781 7.61698 17.8037 7.70994 17.71L15.9999 9.41V17C15.9999 17.2652 16.1053 17.5196 16.2928 17.7071C16.4804 17.8946 16.7347 18 16.9999 18C17.2652 18 17.5195 17.8946 17.707 17.7071C17.8946 17.5196 17.9999 17.2652 17.9999 17V7C17.9984 6.86932 17.9712 6.74022 17.9199 6.62Z\" fill=\"#393939\"><\/path><\/svg>\t\t\t\t\t\t<\/span>\n\t\t\t\t\t\t\t\t\t\t<span class=\"elementor-icon-list-text\">Allgemeine Gesch\u00e4ftsbedingungen<\/span>\n\t\t\t\t\t\t\t\t\t\t\t<\/a>\n\t\t\t\t\t\t\t\t\t<\/li>\n\t\t\t\t\t\t<\/ul>\n\t\t\t\t\t\t<\/div>\n\t\t\t\t<\/div>\n\t\t\t\t<\/div>\n\t\t\t\t<\/div>\n\t\t\t\t\t<\/div>\n\t\t\t\t<\/div>\n\t\t\t\t<\/div>\n\t\t","protected":false},"excerpt":{"rendered":"<p>Aktualisiert am 30. September Bei Addio verpflichten wir uns, Ihre Privatsph\u00e4re zu sch\u00fctzen und die Sicherheit Ihrer pers\u00f6nlichen Daten zu gew\u00e4hrleisten. Diese Datenschutzerkl\u00e4rung beschreibt, wie wir personenbezogene Daten, die wir \u00fcber unsere Website (https:\/\/addio.eu) und im Zusammenhang mit dem weltweiten Verkauf unserer digitalen Relaisboxen erheben, nutzen, speichern und sch\u00fctzen. Durch die Nutzung unserer Dienste stimmen [&hellip;]<\/p>\n","protected":false},"author":3,"featured_media":0,"parent":0,"menu_order":0,"comment_status":"closed","ping_status":"closed","template":"","meta":{"footnotes":""},"class_list":["post-8500","page","type-page","status-publish","hentry"],"yoast_head":"<!-- This site is optimized with the Yoast SEO plugin v26.0 - https:\/\/yoast.com\/wordpress\/plugins\/seo\/ -->\n<title>Datenschutzrichtlinie - Addio Electronics<\/title>\n<meta name=\"robots\" content=\"index, follow, max-snippet:-1, max-image-preview:large, max-video-preview:-1\" \/>\n<link rel=\"canonical\" href=\"https:\/\/addio.eu\/de\/datenschutzrichtlinie\/\" \/>\n<meta property=\"og:locale\" content=\"de_DE\" \/>\n<meta property=\"og:type\" content=\"article\" \/>\n<meta property=\"og:title\" content=\"Datenschutzrichtlinie - Addio Electronics\" \/>\n<meta property=\"og:description\" content=\"Aktualisiert am 30. September Bei Addio verpflichten wir uns, Ihre Privatsph\u00e4re zu sch\u00fctzen und die Sicherheit Ihrer pers\u00f6nlichen Daten zu gew\u00e4hrleisten. Diese Datenschutzerkl\u00e4rung beschreibt, wie wir personenbezogene Daten, die wir \u00fcber unsere Website (https:\/\/addio.eu) und im Zusammenhang mit dem weltweiten Verkauf unserer digitalen Relaisboxen erheben, nutzen, speichern und sch\u00fctzen. Durch die Nutzung unserer Dienste stimmen [&hellip;]\" \/>\n<meta property=\"og:url\" content=\"https:\/\/addio.eu\/de\/datenschutzrichtlinie\/\" \/>\n<meta property=\"og:site_name\" content=\"Addio Electronics\" \/>\n<meta property=\"article:publisher\" content=\"https:\/\/www.facebook.com\/AddioElectronicsAB\/\" \/>\n<meta property=\"article:modified_time\" content=\"2025-10-07T11:18:32+00:00\" \/>\n<meta name=\"twitter:card\" content=\"summary_large_image\" \/>\n<meta name=\"twitter:label1\" content=\"Gesch\u00e4tzte Lesezeit\" \/>\n\t<meta name=\"twitter:data1\" content=\"5 Minute\" \/>\n<script type=\"application\/ld+json\" class=\"yoast-schema-graph\">{\"@context\":\"https:\/\/schema.org\",\"@graph\":[{\"@type\":\"WebPage\",\"@id\":\"https:\/\/addio.eu\/de\/datenschutzrichtlinie\/\",\"url\":\"https:\/\/addio.eu\/de\/datenschutzrichtlinie\/\",\"name\":\"Datenschutzrichtlinie - Addio Electronics\",\"isPartOf\":{\"@id\":\"https:\/\/addio.eu\/de\/#website\"},\"datePublished\":\"2024-10-18T20:08:19+00:00\",\"dateModified\":\"2025-10-07T11:18:32+00:00\",\"breadcrumb\":{\"@id\":\"https:\/\/addio.eu\/de\/datenschutzrichtlinie\/#breadcrumb\"},\"inLanguage\":\"de\",\"potentialAction\":[{\"@type\":\"ReadAction\",\"target\":[\"https:\/\/addio.eu\/de\/datenschutzrichtlinie\/\"]}]},{\"@type\":\"BreadcrumbList\",\"@id\":\"https:\/\/addio.eu\/de\/datenschutzrichtlinie\/#breadcrumb\",\"itemListElement\":[{\"@type\":\"ListItem\",\"position\":1,\"name\":\"Home\",\"item\":\"https:\/\/addio.eu\/de\/addio-startseite\/\"},{\"@type\":\"ListItem\",\"position\":2,\"name\":\"Datenschutzrichtlinie\"}]},{\"@type\":\"WebSite\",\"@id\":\"https:\/\/addio.eu\/de\/#website\",\"url\":\"https:\/\/addio.eu\/de\/\",\"name\":\"addio.eu\",\"description\":\"\",\"publisher\":{\"@id\":\"https:\/\/addio.eu\/de\/#organization\"},\"potentialAction\":[{\"@type\":\"SearchAction\",\"target\":{\"@type\":\"EntryPoint\",\"urlTemplate\":\"https:\/\/addio.eu\/de\/?s={search_term_string}\"},\"query-input\":{\"@type\":\"PropertyValueSpecification\",\"valueRequired\":true,\"valueName\":\"search_term_string\"}}],\"inLanguage\":\"de\"},{\"@type\":\"Organization\",\"@id\":\"https:\/\/addio.eu\/de\/#organization\",\"name\":\"Addio-Elektronik\",\"url\":\"https:\/\/addio.eu\/de\/\",\"logo\":{\"@type\":\"ImageObject\",\"inLanguage\":\"de\",\"@id\":\"https:\/\/addio.eu\/de\/#\/schema\/logo\/image\/\",\"url\":\"https:\/\/addio.eu\/wp-content\/uploads\/2024\/10\/Lager_1-1.svg\",\"contentUrl\":\"https:\/\/addio.eu\/wp-content\/uploads\/2024\/10\/Lager_1-1.svg\",\"caption\":\"Addio-Elektronik\"},\"image\":{\"@id\":\"https:\/\/addio.eu\/de\/#\/schema\/logo\/image\/\"},\"sameAs\":[\"https:\/\/www.facebook.com\/AddioElectronicsAB\/\",\"https:\/\/www.linkedin.com\/company\/addio-electronics-ab\"]}]}<\/script>\n<!-- \/ Yoast SEO plugin. -->","yoast_head_json":{"title":"Datenschutzrichtlinie - Addio Electronics","robots":{"index":"index","follow":"follow","max-snippet":"max-snippet:-1","max-image-preview":"max-image-preview:large","max-video-preview":"max-video-preview:-1"},"canonical":"https:\/\/addio.eu\/de\/datenschutzrichtlinie\/","og_locale":"de_DE","og_type":"article","og_title":"Datenschutzrichtlinie - Addio Electronics","og_description":"Aktualisiert am 30. September Bei Addio verpflichten wir uns, Ihre Privatsph\u00e4re zu sch\u00fctzen und die Sicherheit Ihrer pers\u00f6nlichen Daten zu gew\u00e4hrleisten. Diese Datenschutzerkl\u00e4rung beschreibt, wie wir personenbezogene Daten, die wir \u00fcber unsere Website (https:\/\/addio.eu) und im Zusammenhang mit dem weltweiten Verkauf unserer digitalen Relaisboxen erheben, nutzen, speichern und sch\u00fctzen. Durch die Nutzung unserer Dienste stimmen [&hellip;]","og_url":"https:\/\/addio.eu\/de\/datenschutzrichtlinie\/","og_site_name":"Addio Electronics","article_publisher":"https:\/\/www.facebook.com\/AddioElectronicsAB\/","article_modified_time":"2025-10-07T11:18:32+00:00","twitter_card":"summary_large_image","twitter_misc":{"Gesch\u00e4tzte Lesezeit":"5 Minute"},"schema":{"@context":"https:\/\/schema.org","@graph":[{"@type":"WebPage","@id":"https:\/\/addio.eu\/de\/datenschutzrichtlinie\/","url":"https:\/\/addio.eu\/de\/datenschutzrichtlinie\/","name":"Datenschutzrichtlinie - Addio Electronics","isPartOf":{"@id":"https:\/\/addio.eu\/de\/#website"},"datePublished":"2024-10-18T20:08:19+00:00","dateModified":"2025-10-07T11:18:32+00:00","breadcrumb":{"@id":"https:\/\/addio.eu\/de\/datenschutzrichtlinie\/#breadcrumb"},"inLanguage":"de","potentialAction":[{"@type":"ReadAction","target":["https:\/\/addio.eu\/de\/datenschutzrichtlinie\/"]}]},{"@type":"BreadcrumbList","@id":"https:\/\/addio.eu\/de\/datenschutzrichtlinie\/#breadcrumb","itemListElement":[{"@type":"ListItem","position":1,"name":"Home","item":"https:\/\/addio.eu\/de\/addio-startseite\/"},{"@type":"ListItem","position":2,"name":"Datenschutzrichtlinie"}]},{"@type":"WebSite","@id":"https:\/\/addio.eu\/de\/#website","url":"https:\/\/addio.eu\/de\/","name":"addio.eu","description":"","publisher":{"@id":"https:\/\/addio.eu\/de\/#organization"},"potentialAction":[{"@type":"SearchAction","target":{"@type":"EntryPoint","urlTemplate":"https:\/\/addio.eu\/de\/?s={search_term_string}"},"query-input":{"@type":"PropertyValueSpecification","valueRequired":true,"valueName":"search_term_string"}}],"inLanguage":"de"},{"@type":"Organization","@id":"https:\/\/addio.eu\/de\/#organization","name":"Addio-Elektronik","url":"https:\/\/addio.eu\/de\/","logo":{"@type":"ImageObject","inLanguage":"de","@id":"https:\/\/addio.eu\/de\/#\/schema\/logo\/image\/","url":"https:\/\/addio.eu\/wp-content\/uploads\/2024\/10\/Lager_1-1.svg","contentUrl":"https:\/\/addio.eu\/wp-content\/uploads\/2024\/10\/Lager_1-1.svg","caption":"Addio-Elektronik"},"image":{"@id":"https:\/\/addio.eu\/de\/#\/schema\/logo\/image\/"},"sameAs":["https:\/\/www.facebook.com\/AddioElectronicsAB\/","https:\/\/www.linkedin.com\/company\/addio-electronics-ab"]}]}},"_links":{"self":[{"href":"https:\/\/addio.eu\/de\/wp-json\/wp\/v2\/pages\/8500","targetHints":{"allow":["GET"]}}],"collection":[{"href":"https:\/\/addio.eu\/de\/wp-json\/wp\/v2\/pages"}],"about":[{"href":"https:\/\/addio.eu\/de\/wp-json\/wp\/v2\/types\/page"}],"author":[{"embeddable":true,"href":"https:\/\/addio.eu\/de\/wp-json\/wp\/v2\/users\/3"}],"replies":[{"embeddable":true,"href":"https:\/\/addio.eu\/de\/wp-json\/wp\/v2\/comments?post=8500"}],"version-history":[{"count":3,"href":"https:\/\/addio.eu\/de\/wp-json\/wp\/v2\/pages\/8500\/revisions"}],"predecessor-version":[{"id":8505,"href":"https:\/\/addio.eu\/de\/wp-json\/wp\/v2\/pages\/8500\/revisions\/8505"}],"wp:attachment":[{"href":"https:\/\/addio.eu\/de\/wp-json\/wp\/v2\/media?parent=8500"}],"curies":[{"name":"wp","href":"https:\/\/api.w.org\/{rel}","templated":true}]}}