{"id":8419,"date":"2024-10-18T18:10:36","date_gmt":"2024-10-18T18:10:36","guid":{"rendered":"https:\/\/addio.eu\/cookie-richtlinie\/"},"modified":"2025-10-07T11:17:03","modified_gmt":"2025-10-07T11:17:03","slug":"cookie-richtlinie","status":"publish","type":"page","link":"https:\/\/addio.eu\/de\/cookie-richtlinie\/","title":{"rendered":"Cookie-Richtlinie"},"content":{"rendered":"\t\t<div data-elementor-type=\"wp-page\" data-elementor-id=\"8419\" class=\"elementor elementor-8419 elementor-2366\" data-elementor-post-type=\"page\">\n\t\t\t\t<div class=\"elementor-element elementor-element-482efb4 e-flex e-con-boxed e-con e-parent\" data-id=\"482efb4\" data-element_type=\"container\">\n\t\t\t\t\t<div class=\"e-con-inner\">\n\t\t<div class=\"elementor-element elementor-element-4abc206 e-con-full e-flex e-con e-child\" data-id=\"4abc206\" data-element_type=\"container\">\n\t\t<div class=\"elementor-element elementor-element-79a61e0 e-con-full e-flex e-con e-child\" data-id=\"79a61e0\" data-element_type=\"container\">\n\t\t\t\t<div class=\"elementor-element elementor-element-2ef6fc3 elementor-widget elementor-widget-text-editor\" data-id=\"2ef6fc3\" data-element_type=\"widget\" data-widget_type=\"text-editor.default\">\n\t\t\t\t<div class=\"elementor-widget-container\">\n\t\t\t\t\t\t\t\t\t<p><strong>Aktualisiert am 30. September<\/strong><\/p><p><strong>Bei Addio verwenden wir auf unserer Website (https:\/\/addio.eu) Cookies und \u00e4hnliche Tracking-Technologien, um Ihre Erfahrung zu verbessern, die Nutzung zu analysieren und sicherzustellen, dass unsere Dienste effizient funktionieren. Diese Cookie-Richtlinie erl\u00e4utert, was Cookies sind, wie wir sie verwenden, welche Wahlm\u00f6glichkeiten Sie bez\u00fcglich ihrer Nutzung haben und wie Sie Ihre Cookie-Einstellungen verwalten k\u00f6nnen. <\/strong><\/p><p><strong>1. Was sind Cookies?<\/strong><br>Cookies sind kleine Textdateien, die auf Ihrem Ger\u00e4t (Computer, Tablet oder Smartphone) gespeichert werden, wenn Sie eine Website besuchen. Sie erm\u00f6glichen es der Website, sich \u00fcber einen bestimmten Zeitraum an Ihre Aktionen und Pr\u00e4ferenzen (wie Anmeldedaten, Sprache und Anzeigeeinstellungen) zu erinnern, sodass Sie diese nicht jedes Mal neu eingeben m\u00fcssen, wenn Sie die Website besuchen oder zwischen den Seiten navigieren.<br>Es gibt verschiedene Arten von Cookies, die wir auf unserer Website verwenden, und jede dient einem bestimmten Zweck. <\/p><p><strong>2. Arten von Cookies, die wir verwenden<\/strong><br>\n  <strong>2.1 Essenzielle Cookies<br>Diese Cookies sind f\u00fcr das ordnungsgem\u00e4\u00dfe Funktionieren der Website unerl\u00e4sslich. Ohne sie k\u00f6nnen Sie m\u00f6glicherweise bestimmte Funktionen nicht nutzen, wie den Zugriff auf sichere Bereiche der Website oder den Abschluss von Transaktionen. Beispiele hierf\u00fcr sind:<\/strong>\n<\/p><ul><li>Session-Management-Cookies, um Ihnen die Anmeldung und Nutzung des Kundenportals zu erm\u00f6glichen.<\/li><li>Cookies zur Aufrechterhaltung der Sicherheit und Integrit\u00e4t unserer Dienste.<br><br><\/li><\/ul><p><strong>2.2 Performance- und Analyse-Cookies<\/strong><br>Diese Cookies helfen uns zu verstehen, wie Besucher mit unserer Website interagieren, indem sie Informationen anonym sammeln. Wir verwenden diese Cookies, um das Besucherverhalten zu analysieren, Nutzungsmuster zu verfolgen und die allgemeine Funktionalit\u00e4t und Leistung der Website zu verbessern. Beispiele hierf\u00fcr sind:<\/p><ul><li>Google Analytics-Cookies zur Verfolgung des Website-Traffics und der Nutzungstrends.<br><br><\/li><\/ul><p><strong>2.3 Funktionalit\u00e4ts-Cookies<\/strong><br>Funktionalit\u00e4ts-Cookies erm\u00f6glichen es uns, Ihre Pr\u00e4ferenzen zu speichern und personalisierte Funktionen bereitzustellen. Diese Cookies tragen dazu bei, die Benutzererfahrung zu verbessern, indem sie sich an von Ihnen getroffene Entscheidungen erinnern, wie z. B. Spracheinstellungen oder fr\u00fchere Einkaufpr\u00e4ferenzen. <\/p><p><br><strong>2.4 Werbe- und Targeting-Cookies<br>Diese Cookies werden verwendet, um Ihnen relevante Werbung basierend auf Ihren Interessen anzuzeigen. Sie verfolgen Ihre Surfgewohnheiten und erm\u00f6glichen es uns, Ihnen gezielte Werbung auf unserer Website oder auf Drittanbieterplattformen bereitzustellen. Diese Cookies begrenzen auch die H\u00e4ufigkeit, mit der Sie eine Anzeige sehen, und helfen, die Wirksamkeit unserer Werbekampagnen zu messen.<\/strong>  <\/p><p><strong>2.5 Drittanbieter-Cookies<\/strong><br>Wir k\u00f6nnen Drittanbietern, wie z. B. Google, erlauben, Cookies auf Ihrem Ger\u00e4t f\u00fcr Analyse- und Werbezwecke zu platzieren. Diese Drittanbieter-Cookies unterliegen ihren eigenen Datenschutz- und Cookie-Richtlinien, und wir haben keine Kontrolle \u00fcber die von ihnen gesammelten Informationen. <\/p><p><strong>3. Wie wir Cookies verwenden<br>Wir verwenden Cookies aus verschiedenen Gr\u00fcnden, darunter:<\/strong><\/p><ul><li>Um Ihre Anmeldeinformationen zu speichern und Sie angemeldet zu halten.<\/li><li>Um die Bearbeitung Ihrer Bestellungen zu erleichtern und die Sicherheit unserer Transaktionen zu gew\u00e4hrleisten.<\/li><li>Um die Leistung und das Design unserer Website zu analysieren und zu verbessern.<\/li><li>Um zu verstehen, wie Benutzer mit unserer Website interagieren, und die Benutzerfreundlichkeit zu verbessern.<\/li><li>Um personalisierte Inhalte und Werbung basierend auf Ihrem Surfverhalten anzuzeigen.<br><br><\/li><\/ul><p><strong>4. Ihre Wahl bez\u00fcglich Cookies <\/strong><br>Sie haben das Recht, Cookies auf unserer Website zu akzeptieren oder abzulehnen. Bei Ihrem ersten Besuch auf unserer Website wird Ihnen ein Cookie-Zustimmungsbanner angezeigt, \u00fcber das Sie Ihre Pr\u00e4ferenzen verwalten k\u00f6nnen. <\/p><p><strong>4.1 Cookie-Einstellungen verwalten<br>Sie k\u00f6nnen Cookies jederzeit verwalten oder deaktivieren, indem Sie die Einstellungen in Ihrem Browser anpassen. Jeder Browser bietet unterschiedliche M\u00f6glichkeiten zur Konfiguration der Cookie-Einstellungen. Nachfolgend finden Sie Links zur Verwaltung von Cookies in g\u00e4ngigen Browsern:<\/strong>  <\/p><ul><li>Google Chrome<\/li><li><a href=\"https:\/\/support.mozilla.org\/en-US\/kb\/enable-and-disable-cookies-website-preferences\">M<\/a><a href=\"https:\/\/support.mozilla.org\/en-US\/kb\/enable-and-disable-cookies-website-preferences\">ozilla Firefox<\/a><\/li><li><a href=\"https:\/\/support.apple.com\/guide\/safari\/manage-cookies-and-website-data-sfri11471\/mac\">Apple Safari<\/a><\/li><li><a href=\"https:\/\/support.microsoft.com\/en-us\/help\/4027947\/microsoft-edge-delete-cookies\">Microsoft Edge<\/a><\/li><\/ul><p>Bitte beachten Sie, dass das Deaktivieren von Cookies die Funktionalit\u00e4t unserer Website beeintr\u00e4chtigen kann und Sie m\u00f6glicherweise nicht auf bestimmte Funktionen zugreifen k\u00f6nnen.<br>\n  <br>\n    <strong>4.2 Widerruf der Cookie-Zustimmung<br>Wenn Sie zuvor der Verwendung von Cookies zugestimmt haben und Ihre Zustimmung widerrufen m\u00f6chten, k\u00f6nnen Sie dies tun, indem Sie die in Ihren Browsereinstellungen gespeicherten Cookies l\u00f6schen oder Ihre Cookie-Einstellungen \u00fcber das Pop-up-Fenster f\u00fcr Cookie-Einstellungen auf unserer Website anpassen.<\/strong>\n  \n<\/p><p><strong>5 Drittanbieterdienste<\/strong><br>Wir nutzen Drittanbieterdienste wie Google Analytics, um zu verstehen, wie Besucher unsere Website nutzen. Diese Drittanbieterdienste k\u00f6nnen auch Cookies verwenden, um anonyme Daten zu sammeln, wie die Anzahl der Besucher der Website und beliebte Seiten.<br>Weitere Informationen dar\u00fcber, wie Google Daten \u00fcber seine Cookies sammelt und verarbeitet, finden Sie in deren Datenschutzerkl\u00e4rung unter <a href=\"https:\/\/policies.google.com\/privacy.\">https:\/\/policies.google.com\/privacy.<\/a> <\/p><p><strong>6 Aktualisierung dieser Cookie-Richtlinie<\/strong><br>Wir k\u00f6nnen diese Cookie-Richtlinie von Zeit zu Zeit aktualisieren, um \u00c4nderungen unserer Cookie-Nutzungspraktiken oder aus rechtlichen Gr\u00fcnden widerzuspiegeln. Wenn wir wesentliche \u00c4nderungen vornehmen, werden wir eine aktualisierte Version dieser Richtlinie mit einem \u00fcberarbeiteten G\u00fcltigkeitsdatum auf unserer Website ver\u00f6ffentlichen.<br>Wir empfehlen Ihnen, diese Richtlinie regelm\u00e4\u00dfig zu \u00fcberpr\u00fcfen, um \u00fcber unsere Verwendung von Cookies und Ihre diesbez\u00fcglichen Wahlm\u00f6glichkeiten informiert zu bleiben. <\/p><p><strong>6 Kontaktieren Sie uns <\/strong><br>Wenn Sie Fragen oder Bedenken bez\u00fcglich unserer Verwendung von Cookies oder dieser Cookie-Richtlinie haben, kontaktieren Sie uns bitte unter:<\/p><p><strong>Addio <br>Email: <a href=\"mailto:info@addio.eu\">info@addio.eu<\/a><\/strong><\/p>\t\t\t\t\t\t\t\t<\/div>\n\t\t\t\t<\/div>\n\t\t\t\t<\/div>\n\t\t<div class=\"elementor-element elementor-element-a36d95e e-con-full e-flex e-con e-child\" data-id=\"a36d95e\" data-element_type=\"container\">\n\t\t\t\t<div class=\"elementor-element elementor-element-5cc2df3 elementor-icon-list--layout-traditional elementor-list-item-link-full_width elementor-widget elementor-widget-icon-list\" data-id=\"5cc2df3\" data-element_type=\"widget\" data-widget_type=\"icon-list.default\">\n\t\t\t\t<div class=\"elementor-widget-container\">\n\t\t\t\t\t\t\t<ul class=\"elementor-icon-list-items\">\n\t\t\t\t\t\t\t<li class=\"elementor-icon-list-item\">\n\t\t\t\t\t\t\t\t\t\t\t<span class=\"elementor-icon-list-icon\">\n\t\t\t\t\t\t\t<svg xmlns=\"http:\/\/www.w3.org\/2000\/svg\" width=\"34\" height=\"34\" viewBox=\"0 0 34 34\" fill=\"none\"><g clip-path=\"url(#clip0_102_8520)\"><path d=\"M8.9802 16.6182C8.87917 16.8627 8.87917 17.1373 8.9802 17.3818C9.02898 17.5031 9.10105 17.6136 9.19233 17.7071L16.2634 24.7782C16.4509 24.9657 16.7053 25.0711 16.9705 25.0711C17.2357 25.0711 17.4901 24.9657 17.6776 24.7782C17.8652 24.5906 17.9705 24.3363 17.9705 24.0711C17.9705 23.8058 17.8652 23.5515 17.6776 23.364L12.3107 17.997L24.0416 18.0041C24.1736 18.0046 24.3044 17.979 24.4265 17.9288C24.5485 17.8785 24.6594 17.8046 24.7528 17.7112C24.8461 17.6179 24.9201 17.507 24.9703 17.3849C25.0206 17.2628 25.0462 17.132 25.0457 17C25.0462 16.868 25.0206 16.7372 24.9703 16.6151C24.9201 16.493 24.8461 16.3821 24.7528 16.2888C24.6594 16.1954 24.5485 16.1215 24.4265 16.0712C24.3044 16.021 24.1736 15.9954 24.0416 15.9959L12.3107 16.003L17.6776 10.636C17.8652 10.4485 17.9705 10.1941 17.9705 9.92893C17.9705 9.66371 17.8652 9.40936 17.6776 9.22182C17.4901 9.03429 17.2357 8.92893 16.9705 8.92893C16.7053 8.92893 16.4509 9.03429 16.2634 9.22182L9.19233 16.2929C9.10105 16.3864 9.02898 16.4969 8.9802 16.6182Z\" fill=\"#00DB72\"><\/path><\/g><defs><clipPath id=\"clip0_102_8520\"><rect width=\"24\" height=\"24\" fill=\"white\" transform=\"translate(16.9707 33.9706) rotate(-135)\"><\/rect><\/clipPath><\/defs><\/svg>\t\t\t\t\t\t<\/span>\n\t\t\t\t\t\t\t\t\t\t<span class=\"elementor-icon-list-text\">Cookie-Richtlinie<\/span>\n\t\t\t\t\t\t\t\t\t<\/li>\n\t\t\t\t\t\t<\/ul>\n\t\t\t\t\t\t<\/div>\n\t\t\t\t<\/div>\n\t\t\t\t<div class=\"elementor-element elementor-element-8a5470c elementor-icon-list--layout-traditional elementor-list-item-link-full_width elementor-widget elementor-widget-icon-list\" data-id=\"8a5470c\" data-element_type=\"widget\" data-widget_type=\"icon-list.default\">\n\t\t\t\t<div class=\"elementor-widget-container\">\n\t\t\t\t\t\t\t<ul class=\"elementor-icon-list-items\">\n\t\t\t\t\t\t\t<li class=\"elementor-icon-list-item\">\n\t\t\t\t\t\t\t\t\t\t\t<a href=\"https:\/\/addio.eu\/privacy-policy\/\">\n\n\t\t\t\t\t\t\t\t\t\t\t\t<span class=\"elementor-icon-list-icon\">\n\t\t\t\t\t\t\t<svg xmlns=\"http:\/\/www.w3.org\/2000\/svg\" width=\"24\" height=\"24\" viewBox=\"0 0 24 24\" fill=\"none\"><path d=\"M17.9199 6.62C17.8185 6.37565 17.6243 6.18147 17.3799 6.08C17.2597 6.02876 17.1306 6.00158 16.9999 6H6.99994C6.73472 6 6.48037 6.10536 6.29283 6.29289C6.1053 6.48043 5.99994 6.73478 5.99994 7C5.99994 7.26522 6.1053 7.51957 6.29283 7.70711C6.48037 7.89464 6.73472 8 6.99994 8H14.5899L6.28994 16.29C6.19621 16.383 6.12182 16.4936 6.07105 16.6154C6.02028 16.7373 5.99414 16.868 5.99414 17C5.99414 17.132 6.02028 17.2627 6.07105 17.3846C6.12182 17.5064 6.19621 17.617 6.28994 17.71C6.3829 17.8037 6.4935 17.8781 6.61536 17.9289C6.73722 17.9797 6.86793 18.0058 6.99994 18.0058C7.13195 18.0058 7.26266 17.9797 7.38452 17.9289C7.50638 17.8781 7.61698 17.8037 7.70994 17.71L15.9999 9.41V17C15.9999 17.2652 16.1053 17.5196 16.2928 17.7071C16.4804 17.8946 16.7347 18 16.9999 18C17.2652 18 17.5195 17.8946 17.707 17.7071C17.8946 17.5196 17.9999 17.2652 17.9999 17V7C17.9984 6.86932 17.9712 6.74022 17.9199 6.62Z\" fill=\"#393939\"><\/path><\/svg>\t\t\t\t\t\t<\/span>\n\t\t\t\t\t\t\t\t\t\t<span class=\"elementor-icon-list-text\">Datenschutzrichtlinie<\/span>\n\t\t\t\t\t\t\t\t\t\t\t<\/a>\n\t\t\t\t\t\t\t\t\t<\/li>\n\t\t\t\t\t\t<\/ul>\n\t\t\t\t\t\t<\/div>\n\t\t\t\t<\/div>\n\t\t\t\t<div class=\"elementor-element elementor-element-4fc5578 elementor-icon-list--layout-traditional elementor-list-item-link-full_width elementor-widget elementor-widget-icon-list\" data-id=\"4fc5578\" data-element_type=\"widget\" data-widget_type=\"icon-list.default\">\n\t\t\t\t<div class=\"elementor-widget-container\">\n\t\t\t\t\t\t\t<ul class=\"elementor-icon-list-items\">\n\t\t\t\t\t\t\t<li class=\"elementor-icon-list-item\">\n\t\t\t\t\t\t\t\t\t\t\t<a href=\"https:\/\/addio.eu\/terms-and-conditions\/\">\n\n\t\t\t\t\t\t\t\t\t\t\t\t<span class=\"elementor-icon-list-icon\">\n\t\t\t\t\t\t\t<svg xmlns=\"http:\/\/www.w3.org\/2000\/svg\" width=\"24\" height=\"24\" viewBox=\"0 0 24 24\" fill=\"none\"><path d=\"M17.9199 6.62C17.8185 6.37565 17.6243 6.18147 17.3799 6.08C17.2597 6.02876 17.1306 6.00158 16.9999 6H6.99994C6.73472 6 6.48037 6.10536 6.29283 6.29289C6.1053 6.48043 5.99994 6.73478 5.99994 7C5.99994 7.26522 6.1053 7.51957 6.29283 7.70711C6.48037 7.89464 6.73472 8 6.99994 8H14.5899L6.28994 16.29C6.19621 16.383 6.12182 16.4936 6.07105 16.6154C6.02028 16.7373 5.99414 16.868 5.99414 17C5.99414 17.132 6.02028 17.2627 6.07105 17.3846C6.12182 17.5064 6.19621 17.617 6.28994 17.71C6.3829 17.8037 6.4935 17.8781 6.61536 17.9289C6.73722 17.9797 6.86793 18.0058 6.99994 18.0058C7.13195 18.0058 7.26266 17.9797 7.38452 17.9289C7.50638 17.8781 7.61698 17.8037 7.70994 17.71L15.9999 9.41V17C15.9999 17.2652 16.1053 17.5196 16.2928 17.7071C16.4804 17.8946 16.7347 18 16.9999 18C17.2652 18 17.5195 17.8946 17.707 17.7071C17.8946 17.5196 17.9999 17.2652 17.9999 17V7C17.9984 6.86932 17.9712 6.74022 17.9199 6.62Z\" fill=\"#393939\"><\/path><\/svg>\t\t\t\t\t\t<\/span>\n\t\t\t\t\t\t\t\t\t\t<span class=\"elementor-icon-list-text\">Allgemeine Gesch\u00e4ftsbedingungen<\/span>\n\t\t\t\t\t\t\t\t\t\t\t<\/a>\n\t\t\t\t\t\t\t\t\t<\/li>\n\t\t\t\t\t\t<\/ul>\n\t\t\t\t\t\t<\/div>\n\t\t\t\t<\/div>\n\t\t\t\t<\/div>\n\t\t\t\t<\/div>\n\t\t\t\t\t<\/div>\n\t\t\t\t<\/div>\n\t\t\t\t<\/div>\n\t\t","protected":false},"excerpt":{"rendered":"<p>Aktualisiert am 30. September Bei Addio verwenden wir auf unserer Website (https:\/\/addio.eu) Cookies und \u00e4hnliche Tracking-Technologien, um Ihre Erfahrung zu verbessern, die Nutzung zu analysieren und sicherzustellen, dass unsere Dienste effizient funktionieren. Diese Cookie-Richtlinie erl\u00e4utert, was Cookies sind, wie wir sie verwenden, welche Wahlm\u00f6glichkeiten Sie bez\u00fcglich ihrer Nutzung haben und wie Sie Ihre Cookie-Einstellungen verwalten [&hellip;]<\/p>\n","protected":false},"author":3,"featured_media":0,"parent":0,"menu_order":0,"comment_status":"closed","ping_status":"closed","template":"","meta":{"footnotes":""},"class_list":["post-8419","page","type-page","status-publish","hentry"],"yoast_head":"<!-- This site is optimized with the Yoast SEO plugin v26.0 - https:\/\/yoast.com\/wordpress\/plugins\/seo\/ -->\n<title>Cookie-Richtlinie - Addio Electronics<\/title>\n<meta name=\"robots\" content=\"index, follow, max-snippet:-1, max-image-preview:large, max-video-preview:-1\" \/>\n<link rel=\"canonical\" href=\"https:\/\/addio.eu\/de\/cookie-richtlinie\/\" \/>\n<meta property=\"og:locale\" content=\"de_DE\" \/>\n<meta property=\"og:type\" content=\"article\" \/>\n<meta property=\"og:title\" content=\"Cookie-Richtlinie - Addio Electronics\" \/>\n<meta property=\"og:description\" content=\"Aktualisiert am 30. September Bei Addio verwenden wir auf unserer Website (https:\/\/addio.eu) Cookies und \u00e4hnliche Tracking-Technologien, um Ihre Erfahrung zu verbessern, die Nutzung zu analysieren und sicherzustellen, dass unsere Dienste effizient funktionieren. Diese Cookie-Richtlinie erl\u00e4utert, was Cookies sind, wie wir sie verwenden, welche Wahlm\u00f6glichkeiten Sie bez\u00fcglich ihrer Nutzung haben und wie Sie Ihre Cookie-Einstellungen verwalten [&hellip;]\" \/>\n<meta property=\"og:url\" content=\"https:\/\/addio.eu\/de\/cookie-richtlinie\/\" \/>\n<meta property=\"og:site_name\" content=\"Addio Electronics\" \/>\n<meta property=\"article:publisher\" content=\"https:\/\/www.facebook.com\/AddioElectronicsAB\/\" \/>\n<meta property=\"article:modified_time\" content=\"2025-10-07T11:17:03+00:00\" \/>\n<meta name=\"twitter:card\" content=\"summary_large_image\" \/>\n<meta name=\"twitter:label1\" content=\"Gesch\u00e4tzte Lesezeit\" \/>\n\t<meta name=\"twitter:data1\" content=\"4 Minute\" \/>\n<script type=\"application\/ld+json\" class=\"yoast-schema-graph\">{\"@context\":\"https:\/\/schema.org\",\"@graph\":[{\"@type\":\"WebPage\",\"@id\":\"https:\/\/addio.eu\/de\/cookie-richtlinie\/\",\"url\":\"https:\/\/addio.eu\/de\/cookie-richtlinie\/\",\"name\":\"Cookie-Richtlinie - Addio Electronics\",\"isPartOf\":{\"@id\":\"https:\/\/addio.eu\/de\/#website\"},\"datePublished\":\"2024-10-18T18:10:36+00:00\",\"dateModified\":\"2025-10-07T11:17:03+00:00\",\"breadcrumb\":{\"@id\":\"https:\/\/addio.eu\/de\/cookie-richtlinie\/#breadcrumb\"},\"inLanguage\":\"de\",\"potentialAction\":[{\"@type\":\"ReadAction\",\"target\":[\"https:\/\/addio.eu\/de\/cookie-richtlinie\/\"]}]},{\"@type\":\"BreadcrumbList\",\"@id\":\"https:\/\/addio.eu\/de\/cookie-richtlinie\/#breadcrumb\",\"itemListElement\":[{\"@type\":\"ListItem\",\"position\":1,\"name\":\"Home\",\"item\":\"https:\/\/addio.eu\/de\/addio-startseite\/\"},{\"@type\":\"ListItem\",\"position\":2,\"name\":\"Cookie-Richtlinie\"}]},{\"@type\":\"WebSite\",\"@id\":\"https:\/\/addio.eu\/de\/#website\",\"url\":\"https:\/\/addio.eu\/de\/\",\"name\":\"addio.eu\",\"description\":\"\",\"publisher\":{\"@id\":\"https:\/\/addio.eu\/de\/#organization\"},\"potentialAction\":[{\"@type\":\"SearchAction\",\"target\":{\"@type\":\"EntryPoint\",\"urlTemplate\":\"https:\/\/addio.eu\/de\/?s={search_term_string}\"},\"query-input\":{\"@type\":\"PropertyValueSpecification\",\"valueRequired\":true,\"valueName\":\"search_term_string\"}}],\"inLanguage\":\"de\"},{\"@type\":\"Organization\",\"@id\":\"https:\/\/addio.eu\/de\/#organization\",\"name\":\"Addio-Elektronik\",\"url\":\"https:\/\/addio.eu\/de\/\",\"logo\":{\"@type\":\"ImageObject\",\"inLanguage\":\"de\",\"@id\":\"https:\/\/addio.eu\/de\/#\/schema\/logo\/image\/\",\"url\":\"https:\/\/addio.eu\/wp-content\/uploads\/2024\/10\/Lager_1-1.svg\",\"contentUrl\":\"https:\/\/addio.eu\/wp-content\/uploads\/2024\/10\/Lager_1-1.svg\",\"caption\":\"Addio-Elektronik\"},\"image\":{\"@id\":\"https:\/\/addio.eu\/de\/#\/schema\/logo\/image\/\"},\"sameAs\":[\"https:\/\/www.facebook.com\/AddioElectronicsAB\/\",\"https:\/\/www.linkedin.com\/company\/addio-electronics-ab\"]}]}<\/script>\n<!-- \/ Yoast SEO plugin. -->","yoast_head_json":{"title":"Cookie-Richtlinie - Addio Electronics","robots":{"index":"index","follow":"follow","max-snippet":"max-snippet:-1","max-image-preview":"max-image-preview:large","max-video-preview":"max-video-preview:-1"},"canonical":"https:\/\/addio.eu\/de\/cookie-richtlinie\/","og_locale":"de_DE","og_type":"article","og_title":"Cookie-Richtlinie - Addio Electronics","og_description":"Aktualisiert am 30. September Bei Addio verwenden wir auf unserer Website (https:\/\/addio.eu) Cookies und \u00e4hnliche Tracking-Technologien, um Ihre Erfahrung zu verbessern, die Nutzung zu analysieren und sicherzustellen, dass unsere Dienste effizient funktionieren. Diese Cookie-Richtlinie erl\u00e4utert, was Cookies sind, wie wir sie verwenden, welche Wahlm\u00f6glichkeiten Sie bez\u00fcglich ihrer Nutzung haben und wie Sie Ihre Cookie-Einstellungen verwalten [&hellip;]","og_url":"https:\/\/addio.eu\/de\/cookie-richtlinie\/","og_site_name":"Addio Electronics","article_publisher":"https:\/\/www.facebook.com\/AddioElectronicsAB\/","article_modified_time":"2025-10-07T11:17:03+00:00","twitter_card":"summary_large_image","twitter_misc":{"Gesch\u00e4tzte Lesezeit":"4 Minute"},"schema":{"@context":"https:\/\/schema.org","@graph":[{"@type":"WebPage","@id":"https:\/\/addio.eu\/de\/cookie-richtlinie\/","url":"https:\/\/addio.eu\/de\/cookie-richtlinie\/","name":"Cookie-Richtlinie - Addio Electronics","isPartOf":{"@id":"https:\/\/addio.eu\/de\/#website"},"datePublished":"2024-10-18T18:10:36+00:00","dateModified":"2025-10-07T11:17:03+00:00","breadcrumb":{"@id":"https:\/\/addio.eu\/de\/cookie-richtlinie\/#breadcrumb"},"inLanguage":"de","potentialAction":[{"@type":"ReadAction","target":["https:\/\/addio.eu\/de\/cookie-richtlinie\/"]}]},{"@type":"BreadcrumbList","@id":"https:\/\/addio.eu\/de\/cookie-richtlinie\/#breadcrumb","itemListElement":[{"@type":"ListItem","position":1,"name":"Home","item":"https:\/\/addio.eu\/de\/addio-startseite\/"},{"@type":"ListItem","position":2,"name":"Cookie-Richtlinie"}]},{"@type":"WebSite","@id":"https:\/\/addio.eu\/de\/#website","url":"https:\/\/addio.eu\/de\/","name":"addio.eu","description":"","publisher":{"@id":"https:\/\/addio.eu\/de\/#organization"},"potentialAction":[{"@type":"SearchAction","target":{"@type":"EntryPoint","urlTemplate":"https:\/\/addio.eu\/de\/?s={search_term_string}"},"query-input":{"@type":"PropertyValueSpecification","valueRequired":true,"valueName":"search_term_string"}}],"inLanguage":"de"},{"@type":"Organization","@id":"https:\/\/addio.eu\/de\/#organization","name":"Addio-Elektronik","url":"https:\/\/addio.eu\/de\/","logo":{"@type":"ImageObject","inLanguage":"de","@id":"https:\/\/addio.eu\/de\/#\/schema\/logo\/image\/","url":"https:\/\/addio.eu\/wp-content\/uploads\/2024\/10\/Lager_1-1.svg","contentUrl":"https:\/\/addio.eu\/wp-content\/uploads\/2024\/10\/Lager_1-1.svg","caption":"Addio-Elektronik"},"image":{"@id":"https:\/\/addio.eu\/de\/#\/schema\/logo\/image\/"},"sameAs":["https:\/\/www.facebook.com\/AddioElectronicsAB\/","https:\/\/www.linkedin.com\/company\/addio-electronics-ab"]}]}},"_links":{"self":[{"href":"https:\/\/addio.eu\/de\/wp-json\/wp\/v2\/pages\/8419","targetHints":{"allow":["GET"]}}],"collection":[{"href":"https:\/\/addio.eu\/de\/wp-json\/wp\/v2\/pages"}],"about":[{"href":"https:\/\/addio.eu\/de\/wp-json\/wp\/v2\/types\/page"}],"author":[{"embeddable":true,"href":"https:\/\/addio.eu\/de\/wp-json\/wp\/v2\/users\/3"}],"replies":[{"embeddable":true,"href":"https:\/\/addio.eu\/de\/wp-json\/wp\/v2\/comments?post=8419"}],"version-history":[{"count":1,"href":"https:\/\/addio.eu\/de\/wp-json\/wp\/v2\/pages\/8419\/revisions"}],"predecessor-version":[{"id":8420,"href":"https:\/\/addio.eu\/de\/wp-json\/wp\/v2\/pages\/8419\/revisions\/8420"}],"wp:attachment":[{"href":"https:\/\/addio.eu\/de\/wp-json\/wp\/v2\/media?parent=8419"}],"curies":[{"name":"wp","href":"https:\/\/api.w.org\/{rel}","templated":true}]}}