{"id":13912,"date":"2025-03-07T11:15:14","date_gmt":"2025-03-07T11:15:14","guid":{"rendered":"https:\/\/addio.eu\/product\/pir-sensor\/"},"modified":"2025-03-07T11:15:14","modified_gmt":"2025-03-07T11:15:14","slug":"pir-sensor","status":"publish","type":"product","link":"https:\/\/addio.eu\/da\/vare\/pir-sensor\/","title":{"rendered":"PIR-sensor"},"content":{"rendered":"","protected":false},"excerpt":{"rendered":"<p class=\"\" data-start=\"31\" data-end=\"127\">N\u00e5r der registreres bev\u00e6gelse, t\u00e6ndes belysningen, og slukningstiden kan konfigureres. Standard er 2 min. <\/p>\n<p class=\"\" data-start=\"129\" data-end=\"419\">\u2022 Indgangssp\u00e6nding: 12 &amp; 24V<br data-start=\"154\" data-end=\"157\">\u2022 Maksimal belastning: 84W<br data-start=\"176\" data-end=\"179\" data-is-only-node=\"\">\u2022 Detektionsvinkel: 140\u00b0 horisontalt, 140\u00b0 vertikalt<br data-start=\"228\" data-end=\"231\">\u2022 R\u00e6kkevidde: 5m<br data-start=\"242\" data-end=\"245\">\u2022 Slukketimer justerbar i 1-minuts intervaller<br data-start=\"290\" data-end=\"293\">\u2022 Mulighed for at deaktivere IR-sensorens output via terminalindgang<br data-start=\"352\" data-end=\"355\">\u2022 Dimensioner: 67x59x30mm (inklusive \u00f8rer, terminal og sensor)&#8221;<\/p>\n<p>Denne sensor fungerer uafh\u00e6ngigt eller sammen med vores DRB&#8217;er.<\/p>\n","protected":false},"featured_media":5934,"comment_status":"open","ping_status":"closed","template":"","meta":[],"product_brand":[],"product_cat":[303],"product_tag":[],"class_list":{"0":"post-13912","1":"product","2":"type-product","3":"status-publish","4":"has-post-thumbnail","6":"product_cat-sensorer","8":"first","9":"instock","10":"shipping-taxable","11":"product-type-simple"},"yoast_head":"<!-- This site is optimized with the Yoast SEO plugin v26.0 - https:\/\/yoast.com\/wordpress\/plugins\/seo\/ -->\n<title>PIR-sensor - Addio Electronics<\/title>\n<meta name=\"robots\" content=\"index, follow, max-snippet:-1, max-image-preview:large, max-video-preview:-1\" \/>\n<link rel=\"canonical\" href=\"https:\/\/addio.eu\/da\/vare\/pir-sensor\/\" \/>\n<meta property=\"og:locale\" content=\"da_DK\" \/>\n<meta property=\"og:type\" content=\"article\" \/>\n<meta property=\"og:title\" content=\"PIR-sensor - Addio Electronics\" \/>\n<meta property=\"og:description\" content=\"N\u00e5r der registreres bev\u00e6gelse, t\u00e6ndes belysningen, og slukningstiden kan konfigureres. Standard er 2 min. \u2022 Indgangssp\u00e6nding: 12 &amp; 24V\u2022 Maksimal belastning: 84W\u2022 Detektionsvinkel: 140\u00b0 horisontalt, 140\u00b0 vertikalt\u2022 R\u00e6kkevidde: 5m\u2022 Slukketimer justerbar i 1-minuts intervaller\u2022 Mulighed for at deaktivere IR-sensorens output via terminalindgang\u2022 Dimensioner: 67x59x30mm (inklusive \u00f8rer, terminal og sensor)&quot; Denne sensor fungerer uafh\u00e6ngigt eller sammen med vores DRB&#039;er.\" \/>\n<meta property=\"og:url\" content=\"https:\/\/addio.eu\/da\/vare\/pir-sensor\/\" \/>\n<meta property=\"og:site_name\" content=\"Addio Electronics\" \/>\n<meta property=\"article:publisher\" content=\"https:\/\/www.facebook.com\/AddioElectronicsAB\/\" \/>\n<meta property=\"og:image\" content=\"https:\/\/addio.eu\/wp-content\/uploads\/2025\/03\/IMG_1610-scaled.jpg\" \/>\n\t<meta property=\"og:image:width\" content=\"2560\" \/>\n\t<meta property=\"og:image:height\" content=\"2415\" \/>\n\t<meta property=\"og:image:type\" content=\"image\/jpeg\" \/>\n<meta name=\"twitter:card\" content=\"summary_large_image\" \/>\n<script type=\"application\/ld+json\" class=\"yoast-schema-graph\">{\"@context\":\"https:\/\/schema.org\",\"@graph\":[{\"@type\":\"WebPage\",\"@id\":\"https:\/\/addio.eu\/da\/vare\/pir-sensor\/\",\"url\":\"https:\/\/addio.eu\/da\/vare\/pir-sensor\/\",\"name\":\"PIR-sensor - Addio Electronics\",\"isPartOf\":{\"@id\":\"https:\/\/addio.eu\/da\/#website\"},\"primaryImageOfPage\":{\"@id\":\"https:\/\/addio.eu\/da\/vare\/pir-sensor\/#primaryimage\"},\"image\":{\"@id\":\"https:\/\/addio.eu\/da\/vare\/pir-sensor\/#primaryimage\"},\"thumbnailUrl\":\"https:\/\/addio.eu\/wp-content\/uploads\/2025\/03\/IMG_1610-scaled.jpg\",\"datePublished\":\"2025-03-07T11:15:14+00:00\",\"breadcrumb\":{\"@id\":\"https:\/\/addio.eu\/da\/vare\/pir-sensor\/#breadcrumb\"},\"inLanguage\":\"da-DK\",\"potentialAction\":[{\"@type\":\"ReadAction\",\"target\":[\"https:\/\/addio.eu\/da\/vare\/pir-sensor\/\"]}]},{\"@type\":\"ImageObject\",\"inLanguage\":\"da-DK\",\"@id\":\"https:\/\/addio.eu\/da\/vare\/pir-sensor\/#primaryimage\",\"url\":\"https:\/\/addio.eu\/wp-content\/uploads\/2025\/03\/IMG_1610-scaled.jpg\",\"contentUrl\":\"https:\/\/addio.eu\/wp-content\/uploads\/2025\/03\/IMG_1610-scaled.jpg\",\"width\":2560,\"height\":2415},{\"@type\":\"BreadcrumbList\",\"@id\":\"https:\/\/addio.eu\/da\/vare\/pir-sensor\/#breadcrumb\",\"itemListElement\":[{\"@type\":\"ListItem\",\"position\":1,\"name\":\"Home\",\"item\":\"https:\/\/addio.eu\/da\/addio-forside\/\"},{\"@type\":\"ListItem\",\"position\":2,\"name\":\"Produkter\",\"item\":\"https:\/\/addio.eu\/da\/produkter\/\"},{\"@type\":\"ListItem\",\"position\":3,\"name\":\"PIR-sensor\"}]},{\"@type\":\"WebSite\",\"@id\":\"https:\/\/addio.eu\/da\/#website\",\"url\":\"https:\/\/addio.eu\/da\/\",\"name\":\"addio.eu\",\"description\":\"\",\"publisher\":{\"@id\":\"https:\/\/addio.eu\/da\/#organization\"},\"potentialAction\":[{\"@type\":\"SearchAction\",\"target\":{\"@type\":\"EntryPoint\",\"urlTemplate\":\"https:\/\/addio.eu\/da\/?s={search_term_string}\"},\"query-input\":{\"@type\":\"PropertyValueSpecification\",\"valueRequired\":true,\"valueName\":\"search_term_string\"}}],\"inLanguage\":\"da-DK\"},{\"@type\":\"Organization\",\"@id\":\"https:\/\/addio.eu\/da\/#organization\",\"name\":\"Addio elektronik\",\"url\":\"https:\/\/addio.eu\/da\/\",\"logo\":{\"@type\":\"ImageObject\",\"inLanguage\":\"da-DK\",\"@id\":\"https:\/\/addio.eu\/da\/#\/schema\/logo\/image\/\",\"url\":\"https:\/\/addio.eu\/wp-content\/uploads\/2024\/10\/Lager_1-1.svg\",\"contentUrl\":\"https:\/\/addio.eu\/wp-content\/uploads\/2024\/10\/Lager_1-1.svg\",\"caption\":\"Addio elektronik\"},\"image\":{\"@id\":\"https:\/\/addio.eu\/da\/#\/schema\/logo\/image\/\"},\"sameAs\":[\"https:\/\/www.facebook.com\/AddioElectronicsAB\/\",\"https:\/\/www.linkedin.com\/company\/addio-electronics-ab\"]}]}<\/script>\n<!-- \/ Yoast SEO plugin. -->","yoast_head_json":{"title":"PIR-sensor - Addio Electronics","robots":{"index":"index","follow":"follow","max-snippet":"max-snippet:-1","max-image-preview":"max-image-preview:large","max-video-preview":"max-video-preview:-1"},"canonical":"https:\/\/addio.eu\/da\/vare\/pir-sensor\/","og_locale":"da_DK","og_type":"article","og_title":"PIR-sensor - Addio Electronics","og_description":"N\u00e5r der registreres bev\u00e6gelse, t\u00e6ndes belysningen, og slukningstiden kan konfigureres. Standard er 2 min. \u2022 Indgangssp\u00e6nding: 12 &amp; 24V\u2022 Maksimal belastning: 84W\u2022 Detektionsvinkel: 140\u00b0 horisontalt, 140\u00b0 vertikalt\u2022 R\u00e6kkevidde: 5m\u2022 Slukketimer justerbar i 1-minuts intervaller\u2022 Mulighed for at deaktivere IR-sensorens output via terminalindgang\u2022 Dimensioner: 67x59x30mm (inklusive \u00f8rer, terminal og sensor)\" Denne sensor fungerer uafh\u00e6ngigt eller sammen med vores DRB'er.","og_url":"https:\/\/addio.eu\/da\/vare\/pir-sensor\/","og_site_name":"Addio Electronics","article_publisher":"https:\/\/www.facebook.com\/AddioElectronicsAB\/","og_image":[{"width":2560,"height":2415,"url":"https:\/\/addio.eu\/wp-content\/uploads\/2025\/03\/IMG_1610-scaled.jpg","type":"image\/jpeg"}],"twitter_card":"summary_large_image","schema":{"@context":"https:\/\/schema.org","@graph":[{"@type":"WebPage","@id":"https:\/\/addio.eu\/da\/vare\/pir-sensor\/","url":"https:\/\/addio.eu\/da\/vare\/pir-sensor\/","name":"PIR-sensor - Addio Electronics","isPartOf":{"@id":"https:\/\/addio.eu\/da\/#website"},"primaryImageOfPage":{"@id":"https:\/\/addio.eu\/da\/vare\/pir-sensor\/#primaryimage"},"image":{"@id":"https:\/\/addio.eu\/da\/vare\/pir-sensor\/#primaryimage"},"thumbnailUrl":"https:\/\/addio.eu\/wp-content\/uploads\/2025\/03\/IMG_1610-scaled.jpg","datePublished":"2025-03-07T11:15:14+00:00","breadcrumb":{"@id":"https:\/\/addio.eu\/da\/vare\/pir-sensor\/#breadcrumb"},"inLanguage":"da-DK","potentialAction":[{"@type":"ReadAction","target":["https:\/\/addio.eu\/da\/vare\/pir-sensor\/"]}]},{"@type":"ImageObject","inLanguage":"da-DK","@id":"https:\/\/addio.eu\/da\/vare\/pir-sensor\/#primaryimage","url":"https:\/\/addio.eu\/wp-content\/uploads\/2025\/03\/IMG_1610-scaled.jpg","contentUrl":"https:\/\/addio.eu\/wp-content\/uploads\/2025\/03\/IMG_1610-scaled.jpg","width":2560,"height":2415},{"@type":"BreadcrumbList","@id":"https:\/\/addio.eu\/da\/vare\/pir-sensor\/#breadcrumb","itemListElement":[{"@type":"ListItem","position":1,"name":"Home","item":"https:\/\/addio.eu\/da\/addio-forside\/"},{"@type":"ListItem","position":2,"name":"Produkter","item":"https:\/\/addio.eu\/da\/produkter\/"},{"@type":"ListItem","position":3,"name":"PIR-sensor"}]},{"@type":"WebSite","@id":"https:\/\/addio.eu\/da\/#website","url":"https:\/\/addio.eu\/da\/","name":"addio.eu","description":"","publisher":{"@id":"https:\/\/addio.eu\/da\/#organization"},"potentialAction":[{"@type":"SearchAction","target":{"@type":"EntryPoint","urlTemplate":"https:\/\/addio.eu\/da\/?s={search_term_string}"},"query-input":{"@type":"PropertyValueSpecification","valueRequired":true,"valueName":"search_term_string"}}],"inLanguage":"da-DK"},{"@type":"Organization","@id":"https:\/\/addio.eu\/da\/#organization","name":"Addio elektronik","url":"https:\/\/addio.eu\/da\/","logo":{"@type":"ImageObject","inLanguage":"da-DK","@id":"https:\/\/addio.eu\/da\/#\/schema\/logo\/image\/","url":"https:\/\/addio.eu\/wp-content\/uploads\/2024\/10\/Lager_1-1.svg","contentUrl":"https:\/\/addio.eu\/wp-content\/uploads\/2024\/10\/Lager_1-1.svg","caption":"Addio elektronik"},"image":{"@id":"https:\/\/addio.eu\/da\/#\/schema\/logo\/image\/"},"sameAs":["https:\/\/www.facebook.com\/AddioElectronicsAB\/","https:\/\/www.linkedin.com\/company\/addio-electronics-ab"]}]}},"_links":{"self":[{"href":"https:\/\/addio.eu\/da\/wp-json\/wp\/v2\/product\/13912","targetHints":{"allow":["GET"]}}],"collection":[{"href":"https:\/\/addio.eu\/da\/wp-json\/wp\/v2\/product"}],"about":[{"href":"https:\/\/addio.eu\/da\/wp-json\/wp\/v2\/types\/product"}],"replies":[{"embeddable":true,"href":"https:\/\/addio.eu\/da\/wp-json\/wp\/v2\/comments?post=13912"}],"wp:featuredmedia":[{"embeddable":true,"href":"https:\/\/addio.eu\/da\/wp-json\/wp\/v2\/media\/5934"}],"wp:attachment":[{"href":"https:\/\/addio.eu\/da\/wp-json\/wp\/v2\/media?parent=13912"}],"wp:term":[{"taxonomy":"product_brand","embeddable":true,"href":"https:\/\/addio.eu\/da\/wp-json\/wp\/v2\/product_brand?post=13912"},{"taxonomy":"product_cat","embeddable":true,"href":"https:\/\/addio.eu\/da\/wp-json\/wp\/v2\/product_cat?post=13912"},{"taxonomy":"product_tag","embeddable":true,"href":"https:\/\/addio.eu\/da\/wp-json\/wp\/v2\/product_tag?post=13912"}],"curies":[{"name":"wp","href":"https:\/\/api.w.org\/{rel}","templated":true}]}}