{"id":13415,"date":"2025-03-24T11:20:39","date_gmt":"2025-03-24T11:20:39","guid":{"rendered":"https:\/\/addio.eu\/product\/can-master-saet\/"},"modified":"2025-03-24T11:20:39","modified_gmt":"2025-03-24T11:20:39","slug":"can-master-saet","status":"publish","type":"product","link":"https:\/\/addio.eu\/da\/vare\/can-master-saet\/","title":{"rendered":"CAN Master-s\u00e6t"},"content":{"rendered":"<p data-start=\"1346\" data-end=\"1380\"><strong>Installation<\/strong><br \/>\nTilslut CAN Master til bilen med Addio Induktiv CAN-l\u00e6ser eller direkte forbindelse til CAN-bus ledningsf\u00f8ringen.<\/p>\n<p data-start=\"1346\" data-end=\"1380\"><strong>Kompatibilitet<\/strong><br \/>\nCAN Master er kompatibel med vores 12V og 24V ADV DRB&#8217;er.<\/p>\n<p class=\"\" data-start=\"1346\" data-end=\"1380\"><strong data-start=\"1346\" data-end=\"1380\">Installation og konfiguration<br \/>\n<\/strong>CAN Master Software og Addio CC.<\/p>\n<p data-start=\"1382\" data-end=\"1525\"><strong>Inkluderet i \u00e6sken<\/strong><br \/>\nCAN Master, 0,5 meter kabel, RJ-adapter.<\/p>\n<p><strong>St\u00f8rrelse<\/strong><br \/>\n68*67*21 mm<\/p>\n","protected":false},"excerpt":{"rendered":"<p><strong>Addio CAN Master lader Deres Addio-system forbinde, scanne og bruge Deres k\u00f8ret\u00f8jssignaler.<\/strong><\/p>\n<p>Addio tilbyder muligheden for at skabe automatiserede funktioner med integration til Deres k\u00f8ret\u00f8j. CAN-signalerne i Deres k\u00f8ret\u00f8j kan bruges som indgangssignaler til Addio-systemet. Med dette kan De skabe automatiserede funktioner skr\u00e6ddersyet til brugerens behov. Klassiske eksempler er baglys eller kamera t\u00e6ndt med bakgear som indgang.  <\/p>\n<p><strong>CAN Master Softwaren<\/strong> bruges n\u00e5r installat\u00f8ren \u00f8nsker at integrere med CAN-signaler fra k\u00f8ret\u00f8jet. Scannerfunktionen kan analysere og registrere signaler fra ethvert k\u00f8ret\u00f8j s\u00e5som forlygter, d\u00f8re, h\u00e5ndbremse, bakgear, hastighed og meget mere. <\/p>\n<p>Gem signalerne i Addio-databasen for nem og problemfri installation i fremtiden.<\/p>\n<p>&nbsp;<\/p>\n","protected":false},"featured_media":5958,"comment_status":"open","ping_status":"closed","template":"","meta":[],"product_brand":[],"product_cat":[290,417],"product_tag":[],"class_list":{"0":"post-13415","1":"product","2":"type-product","3":"status-publish","4":"has-post-thumbnail","6":"product_cat-can-forbindelse","7":"product_cat-can-integration","9":"first","10":"instock","11":"shipping-taxable","12":"product-type-simple"},"yoast_head":"<!-- This site is optimized with the Yoast SEO plugin v26.0 - https:\/\/yoast.com\/wordpress\/plugins\/seo\/ -->\n<title>CAN Master-s\u00e6t - Addio Electronics<\/title>\n<meta name=\"robots\" content=\"index, follow, max-snippet:-1, max-image-preview:large, max-video-preview:-1\" \/>\n<link rel=\"canonical\" href=\"https:\/\/addio.eu\/da\/vare\/can-master-saet\/\" \/>\n<meta property=\"og:locale\" content=\"da_DK\" \/>\n<meta property=\"og:type\" content=\"article\" \/>\n<meta property=\"og:title\" content=\"CAN Master-s\u00e6t - Addio Electronics\" \/>\n<meta property=\"og:description\" content=\"Addio CAN Master lader Deres Addio-system forbinde, scanne og bruge Deres k\u00f8ret\u00f8jssignaler. Addio tilbyder muligheden for at skabe automatiserede funktioner med integration til Deres k\u00f8ret\u00f8j. CAN-signalerne i Deres k\u00f8ret\u00f8j kan bruges som indgangssignaler til Addio-systemet. Med dette kan De skabe automatiserede funktioner skr\u00e6ddersyet til brugerens behov. Klassiske eksempler er baglys eller kamera t\u00e6ndt med bakgear som indgang.  CAN Master Softwaren bruges n\u00e5r installat\u00f8ren \u00f8nsker at integrere med CAN-signaler fra k\u00f8ret\u00f8jet. Scannerfunktionen kan analysere og registrere signaler fra ethvert k\u00f8ret\u00f8j s\u00e5som forlygter, d\u00f8re, h\u00e5ndbremse, bakgear, hastighed og meget mere.  Gem signalerne i Addio-databasen for nem og problemfri installation i fremtiden. &nbsp;\" \/>\n<meta property=\"og:url\" content=\"https:\/\/addio.eu\/da\/vare\/can-master-saet\/\" \/>\n<meta property=\"og:site_name\" content=\"Addio Electronics\" \/>\n<meta property=\"article:publisher\" content=\"https:\/\/www.facebook.com\/AddioElectronicsAB\/\" \/>\n<meta property=\"og:image\" content=\"https:\/\/addio.eu\/wp-content\/uploads\/2025\/03\/IMG_1824-scaled.jpg\" \/>\n\t<meta property=\"og:image:width\" content=\"2560\" \/>\n\t<meta property=\"og:image:height\" content=\"2215\" \/>\n\t<meta property=\"og:image:type\" content=\"image\/jpeg\" \/>\n<meta name=\"twitter:card\" content=\"summary_large_image\" \/>\n<script type=\"application\/ld+json\" class=\"yoast-schema-graph\">{\"@context\":\"https:\/\/schema.org\",\"@graph\":[{\"@type\":\"WebPage\",\"@id\":\"https:\/\/addio.eu\/da\/vare\/can-master-saet\/\",\"url\":\"https:\/\/addio.eu\/da\/vare\/can-master-saet\/\",\"name\":\"CAN Master-s\u00e6t - Addio Electronics\",\"isPartOf\":{\"@id\":\"https:\/\/addio.eu\/da\/#website\"},\"primaryImageOfPage\":{\"@id\":\"https:\/\/addio.eu\/da\/vare\/can-master-saet\/#primaryimage\"},\"image\":{\"@id\":\"https:\/\/addio.eu\/da\/vare\/can-master-saet\/#primaryimage\"},\"thumbnailUrl\":\"https:\/\/addio.eu\/wp-content\/uploads\/2025\/03\/IMG_1824-scaled.jpg\",\"datePublished\":\"2025-03-24T11:20:39+00:00\",\"breadcrumb\":{\"@id\":\"https:\/\/addio.eu\/da\/vare\/can-master-saet\/#breadcrumb\"},\"inLanguage\":\"da-DK\",\"potentialAction\":[{\"@type\":\"ReadAction\",\"target\":[\"https:\/\/addio.eu\/da\/vare\/can-master-saet\/\"]}]},{\"@type\":\"ImageObject\",\"inLanguage\":\"da-DK\",\"@id\":\"https:\/\/addio.eu\/da\/vare\/can-master-saet\/#primaryimage\",\"url\":\"https:\/\/addio.eu\/wp-content\/uploads\/2025\/03\/IMG_1824-scaled.jpg\",\"contentUrl\":\"https:\/\/addio.eu\/wp-content\/uploads\/2025\/03\/IMG_1824-scaled.jpg\",\"width\":2560,\"height\":2215},{\"@type\":\"BreadcrumbList\",\"@id\":\"https:\/\/addio.eu\/da\/vare\/can-master-saet\/#breadcrumb\",\"itemListElement\":[{\"@type\":\"ListItem\",\"position\":1,\"name\":\"Home\",\"item\":\"https:\/\/addio.eu\/da\/addio-forside\/\"},{\"@type\":\"ListItem\",\"position\":2,\"name\":\"Produkter\",\"item\":\"https:\/\/addio.eu\/da\/produkter\/\"},{\"@type\":\"ListItem\",\"position\":3,\"name\":\"CAN Master-s\u00e6t\"}]},{\"@type\":\"WebSite\",\"@id\":\"https:\/\/addio.eu\/da\/#website\",\"url\":\"https:\/\/addio.eu\/da\/\",\"name\":\"addio.eu\",\"description\":\"\",\"publisher\":{\"@id\":\"https:\/\/addio.eu\/da\/#organization\"},\"potentialAction\":[{\"@type\":\"SearchAction\",\"target\":{\"@type\":\"EntryPoint\",\"urlTemplate\":\"https:\/\/addio.eu\/da\/?s={search_term_string}\"},\"query-input\":{\"@type\":\"PropertyValueSpecification\",\"valueRequired\":true,\"valueName\":\"search_term_string\"}}],\"inLanguage\":\"da-DK\"},{\"@type\":\"Organization\",\"@id\":\"https:\/\/addio.eu\/da\/#organization\",\"name\":\"Addio elektronik\",\"url\":\"https:\/\/addio.eu\/da\/\",\"logo\":{\"@type\":\"ImageObject\",\"inLanguage\":\"da-DK\",\"@id\":\"https:\/\/addio.eu\/da\/#\/schema\/logo\/image\/\",\"url\":\"https:\/\/addio.eu\/wp-content\/uploads\/2024\/10\/Lager_1-1.svg\",\"contentUrl\":\"https:\/\/addio.eu\/wp-content\/uploads\/2024\/10\/Lager_1-1.svg\",\"caption\":\"Addio elektronik\"},\"image\":{\"@id\":\"https:\/\/addio.eu\/da\/#\/schema\/logo\/image\/\"},\"sameAs\":[\"https:\/\/www.facebook.com\/AddioElectronicsAB\/\",\"https:\/\/www.linkedin.com\/company\/addio-electronics-ab\"]}]}<\/script>\n<!-- \/ Yoast SEO plugin. -->","yoast_head_json":{"title":"CAN Master-s\u00e6t - Addio Electronics","robots":{"index":"index","follow":"follow","max-snippet":"max-snippet:-1","max-image-preview":"max-image-preview:large","max-video-preview":"max-video-preview:-1"},"canonical":"https:\/\/addio.eu\/da\/vare\/can-master-saet\/","og_locale":"da_DK","og_type":"article","og_title":"CAN Master-s\u00e6t - Addio Electronics","og_description":"Addio CAN Master lader Deres Addio-system forbinde, scanne og bruge Deres k\u00f8ret\u00f8jssignaler. Addio tilbyder muligheden for at skabe automatiserede funktioner med integration til Deres k\u00f8ret\u00f8j. CAN-signalerne i Deres k\u00f8ret\u00f8j kan bruges som indgangssignaler til Addio-systemet. Med dette kan De skabe automatiserede funktioner skr\u00e6ddersyet til brugerens behov. Klassiske eksempler er baglys eller kamera t\u00e6ndt med bakgear som indgang.  CAN Master Softwaren bruges n\u00e5r installat\u00f8ren \u00f8nsker at integrere med CAN-signaler fra k\u00f8ret\u00f8jet. Scannerfunktionen kan analysere og registrere signaler fra ethvert k\u00f8ret\u00f8j s\u00e5som forlygter, d\u00f8re, h\u00e5ndbremse, bakgear, hastighed og meget mere.  Gem signalerne i Addio-databasen for nem og problemfri installation i fremtiden. &nbsp;","og_url":"https:\/\/addio.eu\/da\/vare\/can-master-saet\/","og_site_name":"Addio Electronics","article_publisher":"https:\/\/www.facebook.com\/AddioElectronicsAB\/","og_image":[{"width":2560,"height":2215,"url":"https:\/\/addio.eu\/wp-content\/uploads\/2025\/03\/IMG_1824-scaled.jpg","type":"image\/jpeg"}],"twitter_card":"summary_large_image","schema":{"@context":"https:\/\/schema.org","@graph":[{"@type":"WebPage","@id":"https:\/\/addio.eu\/da\/vare\/can-master-saet\/","url":"https:\/\/addio.eu\/da\/vare\/can-master-saet\/","name":"CAN Master-s\u00e6t - Addio Electronics","isPartOf":{"@id":"https:\/\/addio.eu\/da\/#website"},"primaryImageOfPage":{"@id":"https:\/\/addio.eu\/da\/vare\/can-master-saet\/#primaryimage"},"image":{"@id":"https:\/\/addio.eu\/da\/vare\/can-master-saet\/#primaryimage"},"thumbnailUrl":"https:\/\/addio.eu\/wp-content\/uploads\/2025\/03\/IMG_1824-scaled.jpg","datePublished":"2025-03-24T11:20:39+00:00","breadcrumb":{"@id":"https:\/\/addio.eu\/da\/vare\/can-master-saet\/#breadcrumb"},"inLanguage":"da-DK","potentialAction":[{"@type":"ReadAction","target":["https:\/\/addio.eu\/da\/vare\/can-master-saet\/"]}]},{"@type":"ImageObject","inLanguage":"da-DK","@id":"https:\/\/addio.eu\/da\/vare\/can-master-saet\/#primaryimage","url":"https:\/\/addio.eu\/wp-content\/uploads\/2025\/03\/IMG_1824-scaled.jpg","contentUrl":"https:\/\/addio.eu\/wp-content\/uploads\/2025\/03\/IMG_1824-scaled.jpg","width":2560,"height":2215},{"@type":"BreadcrumbList","@id":"https:\/\/addio.eu\/da\/vare\/can-master-saet\/#breadcrumb","itemListElement":[{"@type":"ListItem","position":1,"name":"Home","item":"https:\/\/addio.eu\/da\/addio-forside\/"},{"@type":"ListItem","position":2,"name":"Produkter","item":"https:\/\/addio.eu\/da\/produkter\/"},{"@type":"ListItem","position":3,"name":"CAN Master-s\u00e6t"}]},{"@type":"WebSite","@id":"https:\/\/addio.eu\/da\/#website","url":"https:\/\/addio.eu\/da\/","name":"addio.eu","description":"","publisher":{"@id":"https:\/\/addio.eu\/da\/#organization"},"potentialAction":[{"@type":"SearchAction","target":{"@type":"EntryPoint","urlTemplate":"https:\/\/addio.eu\/da\/?s={search_term_string}"},"query-input":{"@type":"PropertyValueSpecification","valueRequired":true,"valueName":"search_term_string"}}],"inLanguage":"da-DK"},{"@type":"Organization","@id":"https:\/\/addio.eu\/da\/#organization","name":"Addio elektronik","url":"https:\/\/addio.eu\/da\/","logo":{"@type":"ImageObject","inLanguage":"da-DK","@id":"https:\/\/addio.eu\/da\/#\/schema\/logo\/image\/","url":"https:\/\/addio.eu\/wp-content\/uploads\/2024\/10\/Lager_1-1.svg","contentUrl":"https:\/\/addio.eu\/wp-content\/uploads\/2024\/10\/Lager_1-1.svg","caption":"Addio elektronik"},"image":{"@id":"https:\/\/addio.eu\/da\/#\/schema\/logo\/image\/"},"sameAs":["https:\/\/www.facebook.com\/AddioElectronicsAB\/","https:\/\/www.linkedin.com\/company\/addio-electronics-ab"]}]}},"_links":{"self":[{"href":"https:\/\/addio.eu\/da\/wp-json\/wp\/v2\/product\/13415","targetHints":{"allow":["GET"]}}],"collection":[{"href":"https:\/\/addio.eu\/da\/wp-json\/wp\/v2\/product"}],"about":[{"href":"https:\/\/addio.eu\/da\/wp-json\/wp\/v2\/types\/product"}],"replies":[{"embeddable":true,"href":"https:\/\/addio.eu\/da\/wp-json\/wp\/v2\/comments?post=13415"}],"wp:featuredmedia":[{"embeddable":true,"href":"https:\/\/addio.eu\/da\/wp-json\/wp\/v2\/media\/5958"}],"wp:attachment":[{"href":"https:\/\/addio.eu\/da\/wp-json\/wp\/v2\/media?parent=13415"}],"wp:term":[{"taxonomy":"product_brand","embeddable":true,"href":"https:\/\/addio.eu\/da\/wp-json\/wp\/v2\/product_brand?post=13415"},{"taxonomy":"product_cat","embeddable":true,"href":"https:\/\/addio.eu\/da\/wp-json\/wp\/v2\/product_cat?post=13415"},{"taxonomy":"product_tag","embeddable":true,"href":"https:\/\/addio.eu\/da\/wp-json\/wp\/v2\/product_tag?post=13415"}],"curies":[{"name":"wp","href":"https:\/\/api.w.org\/{rel}","templated":true}]}}