{"id":13253,"date":"2025-03-02T08:15:23","date_gmt":"2025-03-02T08:15:23","guid":{"rendered":"https:\/\/addio.eu\/product\/drb-9012-8-adv\/"},"modified":"2026-02-10T17:01:20","modified_gmt":"2026-02-10T17:01:20","slug":"drb-9012-8-adv","status":"publish","type":"product","link":"https:\/\/addio.eu\/da\/vare\/drb-9012-8-adv\/","title":{"rendered":"DRB 9012-8 ADV"},"content":{"rendered":"<p>For automatiserede funktioner kan Addio CAN Master tilsluttes og bruges til integration med k\u00f8ret\u00f8jssignaler, der anvendes som input.<\/p>\n<p>DRB&#8217;en konfigureres via vores software ADDIO CC.<\/p>\n<p>&nbsp;<\/p>\n<table width=\"360\">\n<tbody>\n<tr>\n<td width=\"234\">Model<\/td>\n<td width=\"126\">DRB-9012-8 ADV<\/td>\n<\/tr>\n<tr>\n<td width=\"234\">Str\u00f8mforsyning<\/td>\n<td width=\"126\">10-22 VDC<\/td>\n<\/tr>\n<tr>\n<td width=\"234\">Intern str\u00f8mforbrug (ca.) Normal tilstand uden output<\/td>\n<td width=\"126\">~ 30 mA<\/td>\n<\/tr>\n<tr>\n<td width=\"234\">Undersp\u00e6ndingsbeskyttelse (justerbar)<\/td>\n<td width=\"126\">10\u201313 V, i trin af 0,5 V<\/td>\n<\/tr>\n<tr>\n<td width=\"234\">Oversp\u00e6ndingsbeskyttelse (justerbar)<\/td>\n<td width=\"126\">16-26V, 2V trin<\/td>\n<\/tr>\n<tr>\n<td width=\"234\">Maks. total str\u00f8m 1 minut<\/td>\n<td width=\"126\">90A<\/td>\n<\/tr>\n<tr>\n<td width=\"234\">Maks. total str\u00f8m kontinuerligt<\/td>\n<td width=\"126\">70A<\/td>\n<\/tr>\n<tr>\n<td width=\"234\">Samlet antal indgange<\/td>\n<td width=\"126\">8<\/td>\n<\/tr>\n<tr>\n<td width=\"234\">Digitale indgange<\/td>\n<td width=\"126\">4 stk.<\/td>\n<\/tr>\n<tr>\n<td width=\"234\">Analoge indgange<\/td>\n<td width=\"126\">4 stk.<\/td>\n<\/tr>\n<tr>\n<td width=\"234\">Forbindelser indgange (jackbar)<\/td>\n<td width=\"126\">8-polede<\/td>\n<\/tr>\n<tr>\n<td width=\"234\">Forbindelser indgange (jackbar)<\/td>\n<td width=\"126\">22k\u03a9<\/td>\n<\/tr>\n<tr>\n<td width=\"234\">Antal udgange<\/td>\n<td width=\"126\">8<\/td>\n<\/tr>\n<tr>\n<td width=\"234\">Forbindelser udgange<\/td>\n<td width=\"126\">Kabelkrympeforbindelse<\/td>\n<\/tr>\n<tr>\n<td width=\"234\">Sikringsst\u00f8rrelse A, udgange<\/td>\n<td width=\"126\">5, 10, 15, 20, (25 kun U7, U8)<\/td>\n<\/tr>\n<tr>\n<td width=\"234\">Forbindelse str\u00f8mforsyning<\/td>\n<td width=\"126\">Maks. 50A<\/td>\n<\/tr>\n<tr>\n<td width=\"234\">Bluetooth<\/td>\n<td width=\"126\">Ja<\/td>\n<\/tr>\n<tr>\n<td width=\"234\">Motorstyring, Switche<\/td>\n<td width=\"126\">Ja, maks. 12A<\/td>\n<\/tr>\n<tr>\n<td width=\"234\">Fejlindikator<\/td>\n<td width=\"126\">Delt RGB LED<\/td>\n<\/tr>\n<tr>\n<td width=\"234\">LED pr. udgang (justerbar farve)<\/td>\n<td width=\"126\">Ja<\/td>\n<\/tr>\n<tr>\n<td width=\"234\">Kommunikationsbus (CAN-bus)<\/td>\n<td width=\"126\">Ja, 2 kanaler<\/td>\n<\/tr>\n<tr>\n<td width=\"234\">Forbindelser udgange<\/td>\n<td width=\"126\">USB Mini<\/td>\n<\/tr>\n<tr>\n<td width=\"234\">Jordsignaler<\/td>\n<td width=\"126\">Ja med intern pull-up. Indgang 1-4<\/td>\n<\/tr>\n<tr>\n<td width=\"234\">H\u00e5ndkontrol, Skiftekontakt<\/td>\n<td width=\"126\">Ja, maks 12A<\/td>\n<\/tr>\n<tr>\n<td width=\"234\">St\u00f8rrelse (mm)<\/td>\n<td width=\"126\">191 x 120 x 50<\/td>\n<\/tr>\n<tr>\n<td width=\"234\">V\u00e6gt<\/td>\n<td width=\"126\">174<\/td>\n<\/tr>\n<\/tbody>\n<\/table>\n","protected":false},"excerpt":{"rendered":"<p class=\"\" data-start=\"112\" data-end=\"430\">DRB 9012-8 ADV er vores bedst s\u00e6lgende enhed med 8 udgange og 8 indgange, og en kontinuerlig samlet str\u00f8m p\u00e5 90 Ampere fordelt p\u00e5 alle udgange.<\/p>\n<p>Som alle vores DRB&#8217;er tilbyder 9012-8 ADV en bred vifte af funktioner s\u00e5som:<\/p>\n<ul>\n<li>Rel\u00e6funktioner som blink, dimmer og timer<\/li>\n<li>Sikringsfunktion via h\u00f8jstr\u00f8msafbrydere<\/li>\n<li>Batteribeskyttelse gennem timere eller sp\u00e6ndingsbeskyttelse, individuelt pr. udgang.<\/li>\n<li>Regelbaserede logiske funktioner<\/li>\n<li>Op til tre forskellige funktioner pr. udgang, s\u00e5som konstant eller blinkende<\/li>\n<\/ul>\n<p class=\"\" data-start=\"112\" data-end=\"430\">Udgangene er digitalt beskyttet op til 25 ampere pr. udgang (justerbar i intervaller p\u00e5 5 A)<\/p>\n<p class=\"\" data-start=\"432\" data-end=\"679\">Enheden styres ideelt af vores 8-knaps kontrolpanel (tilbeh\u00f8r) tilsluttet via CAN-Bus, men almindelige kontakter eller andre typer signaler, b\u00e5de digitale (h\u00f8j\/lav) og analoge (variable sp\u00e6ndinger), kan ogs\u00e5 konfigureres til at styre hver udgang.<\/p>\n","protected":false},"featured_media":13256,"comment_status":"open","ping_status":"closed","template":"","meta":[],"product_brand":[],"product_cat":[218],"product_tag":[219,220,231,232],"class_list":{"0":"post-13253","1":"product","2":"type-product","3":"status-publish","4":"has-post-thumbnail","6":"product_cat-digitale-relaebokse","7":"product_tag-12v","8":"product_tag-2-can-porte","9":"product_tag-8-indgange","10":"product_tag-antal-udgange-8-stk","12":"first","13":"instock","14":"shipping-taxable","15":"product-type-simple"},"yoast_head":"<!-- This site is optimized with the Yoast SEO plugin v26.0 - https:\/\/yoast.com\/wordpress\/plugins\/seo\/ -->\n<title>DRB 9012-8 ADV - Addio Electronics<\/title>\n<meta name=\"robots\" content=\"index, follow, max-snippet:-1, max-image-preview:large, max-video-preview:-1\" \/>\n<link rel=\"canonical\" href=\"https:\/\/addio.eu\/da\/vare\/drb-9012-8-adv\/\" \/>\n<meta property=\"og:locale\" content=\"da_DK\" \/>\n<meta property=\"og:type\" content=\"article\" \/>\n<meta property=\"og:title\" content=\"DRB 9012-8 ADV - Addio Electronics\" \/>\n<meta property=\"og:description\" content=\"DRB 9012-8 ADV er vores bedst s\u00e6lgende enhed med 8 udgange og 8 indgange, og en kontinuerlig samlet str\u00f8m p\u00e5 90 Ampere fordelt p\u00e5 alle udgange. Som alle vores DRB&#039;er tilbyder 9012-8 ADV en bred vifte af funktioner s\u00e5som:  Rel\u00e6funktioner som blink, dimmer og timer  Sikringsfunktion via h\u00f8jstr\u00f8msafbrydere  Batteribeskyttelse gennem timere eller sp\u00e6ndingsbeskyttelse, individuelt pr. udgang.  Regelbaserede logiske funktioner  Op til tre forskellige funktioner pr. udgang, s\u00e5som konstant eller blinkende Udgangene er digitalt beskyttet op til 25 ampere pr. udgang (justerbar i intervaller p\u00e5 5 A) Enheden styres ideelt af vores 8-knaps kontrolpanel (tilbeh\u00f8r) tilsluttet via CAN-Bus, men almindelige kontakter eller andre typer signaler, b\u00e5de digitale (h\u00f8j\/lav) og analoge (variable sp\u00e6ndinger), kan ogs\u00e5 konfigureres til at styre hver udgang.\" \/>\n<meta property=\"og:url\" content=\"https:\/\/addio.eu\/da\/vare\/drb-9012-8-adv\/\" \/>\n<meta property=\"og:site_name\" content=\"Addio Electronics\" \/>\n<meta property=\"article:publisher\" content=\"https:\/\/www.facebook.com\/AddioElectronicsAB\/\" \/>\n<meta property=\"article:modified_time\" content=\"2026-02-10T17:01:20+00:00\" \/>\n<meta property=\"og:image\" content=\"https:\/\/addio.eu\/wp-content\/uploads\/2025\/03\/IMG_1765-scaled.jpg\" \/>\n\t<meta property=\"og:image:width\" content=\"2560\" \/>\n\t<meta property=\"og:image:height\" content=\"1598\" \/>\n\t<meta property=\"og:image:type\" content=\"image\/jpeg\" \/>\n<meta name=\"twitter:card\" content=\"summary_large_image\" \/>\n<meta name=\"twitter:label1\" content=\"Estimeret l\u00e6setid\" \/>\n\t<meta name=\"twitter:data1\" content=\"1 minut\" \/>\n<script type=\"application\/ld+json\" class=\"yoast-schema-graph\">{\"@context\":\"https:\/\/schema.org\",\"@graph\":[{\"@type\":\"WebPage\",\"@id\":\"https:\/\/addio.eu\/da\/vare\/drb-9012-8-adv\/\",\"url\":\"https:\/\/addio.eu\/da\/vare\/drb-9012-8-adv\/\",\"name\":\"DRB 9012-8 ADV - Addio Electronics\",\"isPartOf\":{\"@id\":\"https:\/\/addio.eu\/da\/#website\"},\"primaryImageOfPage\":{\"@id\":\"https:\/\/addio.eu\/da\/vare\/drb-9012-8-adv\/#primaryimage\"},\"image\":{\"@id\":\"https:\/\/addio.eu\/da\/vare\/drb-9012-8-adv\/#primaryimage\"},\"thumbnailUrl\":\"https:\/\/addio.eu\/wp-content\/uploads\/2025\/03\/IMG_1765-scaled.jpg\",\"datePublished\":\"2025-03-02T08:15:23+00:00\",\"dateModified\":\"2026-02-10T17:01:20+00:00\",\"breadcrumb\":{\"@id\":\"https:\/\/addio.eu\/da\/vare\/drb-9012-8-adv\/#breadcrumb\"},\"inLanguage\":\"da-DK\",\"potentialAction\":[{\"@type\":\"ReadAction\",\"target\":[\"https:\/\/addio.eu\/da\/vare\/drb-9012-8-adv\/\"]}]},{\"@type\":\"ImageObject\",\"inLanguage\":\"da-DK\",\"@id\":\"https:\/\/addio.eu\/da\/vare\/drb-9012-8-adv\/#primaryimage\",\"url\":\"https:\/\/addio.eu\/wp-content\/uploads\/2025\/03\/IMG_1765-scaled.jpg\",\"contentUrl\":\"https:\/\/addio.eu\/wp-content\/uploads\/2025\/03\/IMG_1765-scaled.jpg\",\"width\":2560,\"height\":1598},{\"@type\":\"BreadcrumbList\",\"@id\":\"https:\/\/addio.eu\/da\/vare\/drb-9012-8-adv\/#breadcrumb\",\"itemListElement\":[{\"@type\":\"ListItem\",\"position\":1,\"name\":\"Home\",\"item\":\"https:\/\/addio.eu\/da\/addio-forside\/\"},{\"@type\":\"ListItem\",\"position\":2,\"name\":\"Produkter\",\"item\":\"https:\/\/addio.eu\/da\/produkter\/\"},{\"@type\":\"ListItem\",\"position\":3,\"name\":\"DRB 9012-8 ADV\"}]},{\"@type\":\"WebSite\",\"@id\":\"https:\/\/addio.eu\/da\/#website\",\"url\":\"https:\/\/addio.eu\/da\/\",\"name\":\"addio.eu\",\"description\":\"\",\"publisher\":{\"@id\":\"https:\/\/addio.eu\/da\/#organization\"},\"potentialAction\":[{\"@type\":\"SearchAction\",\"target\":{\"@type\":\"EntryPoint\",\"urlTemplate\":\"https:\/\/addio.eu\/da\/?s={search_term_string}\"},\"query-input\":{\"@type\":\"PropertyValueSpecification\",\"valueRequired\":true,\"valueName\":\"search_term_string\"}}],\"inLanguage\":\"da-DK\"},{\"@type\":\"Organization\",\"@id\":\"https:\/\/addio.eu\/da\/#organization\",\"name\":\"Addio elektronik\",\"url\":\"https:\/\/addio.eu\/da\/\",\"logo\":{\"@type\":\"ImageObject\",\"inLanguage\":\"da-DK\",\"@id\":\"https:\/\/addio.eu\/da\/#\/schema\/logo\/image\/\",\"url\":\"https:\/\/addio.eu\/wp-content\/uploads\/2024\/10\/Lager_1-1.svg\",\"contentUrl\":\"https:\/\/addio.eu\/wp-content\/uploads\/2024\/10\/Lager_1-1.svg\",\"caption\":\"Addio elektronik\"},\"image\":{\"@id\":\"https:\/\/addio.eu\/da\/#\/schema\/logo\/image\/\"},\"sameAs\":[\"https:\/\/www.facebook.com\/AddioElectronicsAB\/\",\"https:\/\/www.linkedin.com\/company\/addio-electronics-ab\"]}]}<\/script>\n<!-- \/ Yoast SEO plugin. -->","yoast_head_json":{"title":"DRB 9012-8 ADV - Addio Electronics","robots":{"index":"index","follow":"follow","max-snippet":"max-snippet:-1","max-image-preview":"max-image-preview:large","max-video-preview":"max-video-preview:-1"},"canonical":"https:\/\/addio.eu\/da\/vare\/drb-9012-8-adv\/","og_locale":"da_DK","og_type":"article","og_title":"DRB 9012-8 ADV - Addio Electronics","og_description":"DRB 9012-8 ADV er vores bedst s\u00e6lgende enhed med 8 udgange og 8 indgange, og en kontinuerlig samlet str\u00f8m p\u00e5 90 Ampere fordelt p\u00e5 alle udgange. Som alle vores DRB'er tilbyder 9012-8 ADV en bred vifte af funktioner s\u00e5som:  Rel\u00e6funktioner som blink, dimmer og timer  Sikringsfunktion via h\u00f8jstr\u00f8msafbrydere  Batteribeskyttelse gennem timere eller sp\u00e6ndingsbeskyttelse, individuelt pr. udgang.  Regelbaserede logiske funktioner  Op til tre forskellige funktioner pr. udgang, s\u00e5som konstant eller blinkende Udgangene er digitalt beskyttet op til 25 ampere pr. udgang (justerbar i intervaller p\u00e5 5 A) Enheden styres ideelt af vores 8-knaps kontrolpanel (tilbeh\u00f8r) tilsluttet via CAN-Bus, men almindelige kontakter eller andre typer signaler, b\u00e5de digitale (h\u00f8j\/lav) og analoge (variable sp\u00e6ndinger), kan ogs\u00e5 konfigureres til at styre hver udgang.","og_url":"https:\/\/addio.eu\/da\/vare\/drb-9012-8-adv\/","og_site_name":"Addio Electronics","article_publisher":"https:\/\/www.facebook.com\/AddioElectronicsAB\/","article_modified_time":"2026-02-10T17:01:20+00:00","og_image":[{"width":2560,"height":1598,"url":"https:\/\/addio.eu\/wp-content\/uploads\/2025\/03\/IMG_1765-scaled.jpg","type":"image\/jpeg"}],"twitter_card":"summary_large_image","twitter_misc":{"Estimeret l\u00e6setid":"1 minut"},"schema":{"@context":"https:\/\/schema.org","@graph":[{"@type":"WebPage","@id":"https:\/\/addio.eu\/da\/vare\/drb-9012-8-adv\/","url":"https:\/\/addio.eu\/da\/vare\/drb-9012-8-adv\/","name":"DRB 9012-8 ADV - Addio Electronics","isPartOf":{"@id":"https:\/\/addio.eu\/da\/#website"},"primaryImageOfPage":{"@id":"https:\/\/addio.eu\/da\/vare\/drb-9012-8-adv\/#primaryimage"},"image":{"@id":"https:\/\/addio.eu\/da\/vare\/drb-9012-8-adv\/#primaryimage"},"thumbnailUrl":"https:\/\/addio.eu\/wp-content\/uploads\/2025\/03\/IMG_1765-scaled.jpg","datePublished":"2025-03-02T08:15:23+00:00","dateModified":"2026-02-10T17:01:20+00:00","breadcrumb":{"@id":"https:\/\/addio.eu\/da\/vare\/drb-9012-8-adv\/#breadcrumb"},"inLanguage":"da-DK","potentialAction":[{"@type":"ReadAction","target":["https:\/\/addio.eu\/da\/vare\/drb-9012-8-adv\/"]}]},{"@type":"ImageObject","inLanguage":"da-DK","@id":"https:\/\/addio.eu\/da\/vare\/drb-9012-8-adv\/#primaryimage","url":"https:\/\/addio.eu\/wp-content\/uploads\/2025\/03\/IMG_1765-scaled.jpg","contentUrl":"https:\/\/addio.eu\/wp-content\/uploads\/2025\/03\/IMG_1765-scaled.jpg","width":2560,"height":1598},{"@type":"BreadcrumbList","@id":"https:\/\/addio.eu\/da\/vare\/drb-9012-8-adv\/#breadcrumb","itemListElement":[{"@type":"ListItem","position":1,"name":"Home","item":"https:\/\/addio.eu\/da\/addio-forside\/"},{"@type":"ListItem","position":2,"name":"Produkter","item":"https:\/\/addio.eu\/da\/produkter\/"},{"@type":"ListItem","position":3,"name":"DRB 9012-8 ADV"}]},{"@type":"WebSite","@id":"https:\/\/addio.eu\/da\/#website","url":"https:\/\/addio.eu\/da\/","name":"addio.eu","description":"","publisher":{"@id":"https:\/\/addio.eu\/da\/#organization"},"potentialAction":[{"@type":"SearchAction","target":{"@type":"EntryPoint","urlTemplate":"https:\/\/addio.eu\/da\/?s={search_term_string}"},"query-input":{"@type":"PropertyValueSpecification","valueRequired":true,"valueName":"search_term_string"}}],"inLanguage":"da-DK"},{"@type":"Organization","@id":"https:\/\/addio.eu\/da\/#organization","name":"Addio elektronik","url":"https:\/\/addio.eu\/da\/","logo":{"@type":"ImageObject","inLanguage":"da-DK","@id":"https:\/\/addio.eu\/da\/#\/schema\/logo\/image\/","url":"https:\/\/addio.eu\/wp-content\/uploads\/2024\/10\/Lager_1-1.svg","contentUrl":"https:\/\/addio.eu\/wp-content\/uploads\/2024\/10\/Lager_1-1.svg","caption":"Addio elektronik"},"image":{"@id":"https:\/\/addio.eu\/da\/#\/schema\/logo\/image\/"},"sameAs":["https:\/\/www.facebook.com\/AddioElectronicsAB\/","https:\/\/www.linkedin.com\/company\/addio-electronics-ab"]}]}},"_links":{"self":[{"href":"https:\/\/addio.eu\/da\/wp-json\/wp\/v2\/product\/13253","targetHints":{"allow":["GET"]}}],"collection":[{"href":"https:\/\/addio.eu\/da\/wp-json\/wp\/v2\/product"}],"about":[{"href":"https:\/\/addio.eu\/da\/wp-json\/wp\/v2\/types\/product"}],"replies":[{"embeddable":true,"href":"https:\/\/addio.eu\/da\/wp-json\/wp\/v2\/comments?post=13253"}],"wp:featuredmedia":[{"embeddable":true,"href":"https:\/\/addio.eu\/da\/wp-json\/wp\/v2\/media\/13256"}],"wp:attachment":[{"href":"https:\/\/addio.eu\/da\/wp-json\/wp\/v2\/media?parent=13253"}],"wp:term":[{"taxonomy":"product_brand","embeddable":true,"href":"https:\/\/addio.eu\/da\/wp-json\/wp\/v2\/product_brand?post=13253"},{"taxonomy":"product_cat","embeddable":true,"href":"https:\/\/addio.eu\/da\/wp-json\/wp\/v2\/product_cat?post=13253"},{"taxonomy":"product_tag","embeddable":true,"href":"https:\/\/addio.eu\/da\/wp-json\/wp\/v2\/product_tag?post=13253"}],"curies":[{"name":"wp","href":"https:\/\/api.w.org\/{rel}","templated":true}]}}