{"id":13094,"date":"2025-03-24T09:47:26","date_gmt":"2025-03-24T09:47:26","guid":{"rendered":"https:\/\/addio.eu\/product\/drb-9012-8-std\/"},"modified":"2026-02-10T16:48:01","modified_gmt":"2026-02-10T16:48:01","slug":"drb-9012-8-std","status":"publish","type":"product","link":"https:\/\/addio.eu\/da\/vare\/drb-9012-8-std\/","title":{"rendered":"DRB 9012-8 STD"},"content":{"rendered":"<table width=\"310\">\n<tbody>\n<tr>\n<td width=\"234\">Model<\/td>\n<td width=\"76\">DRB-9012-8 STD<\/td>\n<\/tr>\n<tr>\n<td width=\"234\">Str\u00f8mforsyning<\/td>\n<td width=\"76\">10-22 VDC<\/td>\n<\/tr>\n<tr>\n<td width=\"234\">Internt str\u00f8mforbrug (cirka) Normal tilstand uden aktiv udgang \/ Dvaletilstand<\/td>\n<td width=\"76\">~30mA\/~6mA<\/td>\n<\/tr>\n<tr>\n<td width=\"234\">Undersp\u00e6ndingsbeskyttelse (justerbar)<\/td>\n<td width=\"76\">10\u201313 V, i trin af 0,5 V<\/td>\n<\/tr>\n<tr>\n<td width=\"234\">Oversp\u00e6ndingsbeskyttelse (justerbar)<\/td>\n<td width=\"76\">16-26V, 2V trin<\/td>\n<\/tr>\n<tr>\n<td width=\"234\">Maks. total str\u00f8m 1 minut<\/td>\n<td width=\"76\">90A<\/td>\n<\/tr>\n<tr>\n<td width=\"234\">Maks. total str\u00f8m kontinuerligt<\/td>\n<td width=\"76\">70A<\/td>\n<\/tr>\n<tr>\n<td width=\"234\">Samlet antal indgange<\/td>\n<td width=\"76\">8<\/td>\n<\/tr>\n<tr>\n<td width=\"234\">Digitale indgange<\/td>\n<td width=\"76\">8 af 8 stk<\/td>\n<\/tr>\n<tr>\n<td width=\"234\">Analoge indgange<\/td>\n<td width=\"76\">4 stk.<\/td>\n<\/tr>\n<tr>\n<td width=\"234\">Forbindelser indgange (jackbar)<\/td>\n<td width=\"76\">8-polede<\/td>\n<\/tr>\n<tr>\n<td width=\"234\">Forbindelser indgange (jackbar)<\/td>\n<td width=\"76\">22k\u03a9<\/td>\n<\/tr>\n<tr>\n<td width=\"234\">Antal udgange<\/td>\n<td width=\"76\">8<\/td>\n<\/tr>\n<tr>\n<td width=\"234\">Forbindelser udgange<\/td>\n<td width=\"76\">Kabelkrympeforbindelse<\/td>\n<\/tr>\n<tr>\n<td width=\"234\">Sikringsst\u00f8rrelse A, udgange<\/td>\n<td width=\"76\">5, 10, 15, 20, (25 kun U7, U8)<\/td>\n<\/tr>\n<tr>\n<td width=\"234\">Forbindelse str\u00f8mforsyning<\/td>\n<td width=\"76\">Maks. 50A<\/td>\n<\/tr>\n<tr>\n<td width=\"234\">Bluetooth<\/td>\n<td width=\"76\">Nej<\/td>\n<\/tr>\n<tr>\n<td width=\"234\">Motorstyring H-bro (forel\u00f8big str\u00f8m)<\/td>\n<td width=\"76\">Nej<\/td>\n<\/tr>\n<tr>\n<td width=\"234\">Fejlindikator<\/td>\n<td width=\"76\">Delt RGB LED<\/td>\n<\/tr>\n<tr>\n<td width=\"234\">LED pr. udgang (justerbar farve)<\/td>\n<td width=\"76\">Nej<\/td>\n<\/tr>\n<tr>\n<td width=\"234\">Kommunikationsbus (CAN-bus)<\/td>\n<td width=\"76\">Nej<\/td>\n<\/tr>\n<tr>\n<td width=\"234\">Forbindelser udgange<\/td>\n<td width=\"76\">USB Mini<\/td>\n<\/tr>\n<tr>\n<td width=\"234\">Jordforbindelse signaler<\/td>\n<td width=\"76\">Ja, med ekstern modstand til positiv<\/td>\n<\/tr>\n<tr>\n<td width=\"234\">H\u00e5ndkontroller, kontaktpaneler, sensorer osv.<\/td>\n<td width=\"76\">Nej<\/td>\n<\/tr>\n<tr>\n<td width=\"234\">St\u00f8rrelse (mm)<\/td>\n<td width=\"76\">191 x 120 x 50<\/td>\n<\/tr>\n<tr>\n<td width=\"234\">V\u00e6gt<\/td>\n<td width=\"76\">174g<\/td>\n<\/tr>\n<\/tbody>\n<\/table>\n","protected":false},"excerpt":{"rendered":"<div class=\"elementor-element elementor-element-28a1869 elementor-widget elementor-widget-woocommerce-product-title elementor-page-title elementor-widget-heading\" data-id=\"28a1869\" data-element_type=\"widget\" data-widget_type=\"woocommerce-product-title.default\">\n<div class=\"elementor-widget-container\"><strong><span style=\"font-size: 16px;\">DRB 9012-8 STD er vores omkostningsoptimerede enhed med 8 udgange og 8 indgange, og en kontinuerlig total str\u00f8m p\u00e5 90 ampere fordelt p\u00e5 alle udgange.<\/span><\/strong><\/div>\n<div><\/div>\n<div class=\"elementor-widget-container\">Sammenlignet med ADV-enhederne har STD ikke CAN-bus-kommunikation, ingen indbygget H-bro (motorkontrol), ingen LED&#8217;er pr. udgang og ingen indbyggede pull-ups p\u00e5 indgangene til GND-indgangssignaler.<strong>STD-enheden kan ikke styres af vores kontaktpaneler eller h\u00e5ndkontrol, da den ikke har nogen CAN\/COM-porte.<\/strong><\/div>\n<\/div>\n<div class=\"elementor-element elementor-element-b951bf8 elementor-widget elementor-widget-woocommerce-product-short-description\" data-id=\"b951bf8\" data-element_type=\"widget\" data-widget_type=\"woocommerce-product-short-description.default\">\n<div class=\"elementor-widget-container\">\n<div class=\"woocommerce-product-details__short-description\">\n<p>Ligesom alle vores DRB&#8217;er tilbyder 9012-8 STD en bred vifte af funktioner s\u00e5som:<\/p>\n<ul>\n<li>Rel\u00e6funktioner som blink, dimmer og timer<\/li>\n<li>Sikringsfunktion via h\u00f8jstr\u00f8msafbrydere<\/li>\n<li>Batteribeskyttelse gennem timere eller sp\u00e6ndingsbeskyttelse, individuelt pr. udgang.<\/li>\n<li>Regelbaserede logiske funktioner<\/li>\n<li>Op til tre forskellige funktioner pr. udgang, s\u00e5som konstant eller blinkende<\/li>\n<\/ul>\n<p class=\"\" data-start=\"112\" data-end=\"430\">Udgangene er digitalt beskyttet op til 25 ampere pr. udgang (justerbar i intervaller p\u00e5 5 A)<\/p>\n<\/div>\n<\/div>\n<\/div>\n","protected":false},"featured_media":13101,"comment_status":"open","ping_status":"closed","template":"","meta":[],"product_brand":[],"product_cat":[218],"product_tag":[219,231,232],"class_list":{"0":"post-13094","1":"product","2":"type-product","3":"status-publish","4":"has-post-thumbnail","6":"product_cat-digitale-relaebokse","7":"product_tag-12v","8":"product_tag-8-indgange","9":"product_tag-antal-udgange-8-stk","11":"first","12":"instock","13":"shipping-taxable","14":"product-type-simple"},"yoast_head":"<!-- This site is optimized with the Yoast SEO plugin v26.0 - https:\/\/yoast.com\/wordpress\/plugins\/seo\/ -->\n<title>DRB 9012-8 STD - Addio Electronics<\/title>\n<meta name=\"robots\" content=\"index, follow, max-snippet:-1, max-image-preview:large, max-video-preview:-1\" \/>\n<link rel=\"canonical\" href=\"https:\/\/addio.eu\/da\/vare\/drb-9012-8-std\/\" \/>\n<meta property=\"og:locale\" content=\"da_DK\" \/>\n<meta property=\"og:type\" content=\"article\" \/>\n<meta property=\"og:title\" content=\"DRB 9012-8 STD - Addio Electronics\" \/>\n<meta property=\"og:description\" content=\"DRB 9012-8 STD er vores omkostningsoptimerede enhed med 8 udgange og 8 indgange, og en kontinuerlig total str\u00f8m p\u00e5 90 ampere fordelt p\u00e5 alle udgange. Sammenlignet med ADV-enhederne har STD ikke CAN-bus-kommunikation, ingen indbygget H-bro (motorkontrol), ingen LED&#039;er pr. udgang og ingen indbyggede pull-ups p\u00e5 indgangene til GND-indgangssignaler.STD-enheden kan ikke styres af vores kontaktpaneler eller h\u00e5ndkontrol, da den ikke har nogen CAN\/COM-porte.   Ligesom alle vores DRB&#039;er tilbyder 9012-8 STD en bred vifte af funktioner s\u00e5som:  Rel\u00e6funktioner som blink, dimmer og timer  Sikringsfunktion via h\u00f8jstr\u00f8msafbrydere  Batteribeskyttelse gennem timere eller sp\u00e6ndingsbeskyttelse, individuelt pr. udgang.  Regelbaserede logiske funktioner  Op til tre forskellige funktioner pr. udgang, s\u00e5som konstant eller blinkende Udgangene er digitalt beskyttet op til 25 ampere pr. udgang (justerbar i intervaller p\u00e5 5 A)\" \/>\n<meta property=\"og:url\" content=\"https:\/\/addio.eu\/da\/vare\/drb-9012-8-std\/\" \/>\n<meta property=\"og:site_name\" content=\"Addio Electronics\" \/>\n<meta property=\"article:publisher\" content=\"https:\/\/www.facebook.com\/AddioElectronicsAB\/\" \/>\n<meta property=\"article:modified_time\" content=\"2026-02-10T16:48:01+00:00\" \/>\n<meta property=\"og:image\" content=\"https:\/\/addio.eu\/wp-content\/uploads\/2025\/03\/IMG_1788-scaled.jpg\" \/>\n\t<meta property=\"og:image:width\" content=\"2560\" \/>\n\t<meta property=\"og:image:height\" content=\"1654\" \/>\n\t<meta property=\"og:image:type\" content=\"image\/jpeg\" \/>\n<meta name=\"twitter:card\" content=\"summary_large_image\" \/>\n<meta name=\"twitter:label1\" content=\"Estimeret l\u00e6setid\" \/>\n\t<meta name=\"twitter:data1\" content=\"1 minut\" \/>\n<script type=\"application\/ld+json\" class=\"yoast-schema-graph\">{\"@context\":\"https:\/\/schema.org\",\"@graph\":[{\"@type\":\"WebPage\",\"@id\":\"https:\/\/addio.eu\/da\/vare\/drb-9012-8-std\/\",\"url\":\"https:\/\/addio.eu\/da\/vare\/drb-9012-8-std\/\",\"name\":\"DRB 9012-8 STD - Addio Electronics\",\"isPartOf\":{\"@id\":\"https:\/\/addio.eu\/da\/#website\"},\"primaryImageOfPage\":{\"@id\":\"https:\/\/addio.eu\/da\/vare\/drb-9012-8-std\/#primaryimage\"},\"image\":{\"@id\":\"https:\/\/addio.eu\/da\/vare\/drb-9012-8-std\/#primaryimage\"},\"thumbnailUrl\":\"https:\/\/addio.eu\/wp-content\/uploads\/2025\/03\/IMG_1788-scaled.jpg\",\"datePublished\":\"2025-03-24T09:47:26+00:00\",\"dateModified\":\"2026-02-10T16:48:01+00:00\",\"breadcrumb\":{\"@id\":\"https:\/\/addio.eu\/da\/vare\/drb-9012-8-std\/#breadcrumb\"},\"inLanguage\":\"da-DK\",\"potentialAction\":[{\"@type\":\"ReadAction\",\"target\":[\"https:\/\/addio.eu\/da\/vare\/drb-9012-8-std\/\"]}]},{\"@type\":\"ImageObject\",\"inLanguage\":\"da-DK\",\"@id\":\"https:\/\/addio.eu\/da\/vare\/drb-9012-8-std\/#primaryimage\",\"url\":\"https:\/\/addio.eu\/wp-content\/uploads\/2025\/03\/IMG_1788-scaled.jpg\",\"contentUrl\":\"https:\/\/addio.eu\/wp-content\/uploads\/2025\/03\/IMG_1788-scaled.jpg\",\"width\":2560,\"height\":1654},{\"@type\":\"BreadcrumbList\",\"@id\":\"https:\/\/addio.eu\/da\/vare\/drb-9012-8-std\/#breadcrumb\",\"itemListElement\":[{\"@type\":\"ListItem\",\"position\":1,\"name\":\"Home\",\"item\":\"https:\/\/addio.eu\/da\/addio-forside\/\"},{\"@type\":\"ListItem\",\"position\":2,\"name\":\"Produkter\",\"item\":\"https:\/\/addio.eu\/da\/produkter\/\"},{\"@type\":\"ListItem\",\"position\":3,\"name\":\"DRB 9012-8 STD\"}]},{\"@type\":\"WebSite\",\"@id\":\"https:\/\/addio.eu\/da\/#website\",\"url\":\"https:\/\/addio.eu\/da\/\",\"name\":\"addio.eu\",\"description\":\"\",\"publisher\":{\"@id\":\"https:\/\/addio.eu\/da\/#organization\"},\"potentialAction\":[{\"@type\":\"SearchAction\",\"target\":{\"@type\":\"EntryPoint\",\"urlTemplate\":\"https:\/\/addio.eu\/da\/?s={search_term_string}\"},\"query-input\":{\"@type\":\"PropertyValueSpecification\",\"valueRequired\":true,\"valueName\":\"search_term_string\"}}],\"inLanguage\":\"da-DK\"},{\"@type\":\"Organization\",\"@id\":\"https:\/\/addio.eu\/da\/#organization\",\"name\":\"Addio elektronik\",\"url\":\"https:\/\/addio.eu\/da\/\",\"logo\":{\"@type\":\"ImageObject\",\"inLanguage\":\"da-DK\",\"@id\":\"https:\/\/addio.eu\/da\/#\/schema\/logo\/image\/\",\"url\":\"https:\/\/addio.eu\/wp-content\/uploads\/2024\/10\/Lager_1-1.svg\",\"contentUrl\":\"https:\/\/addio.eu\/wp-content\/uploads\/2024\/10\/Lager_1-1.svg\",\"caption\":\"Addio elektronik\"},\"image\":{\"@id\":\"https:\/\/addio.eu\/da\/#\/schema\/logo\/image\/\"},\"sameAs\":[\"https:\/\/www.facebook.com\/AddioElectronicsAB\/\",\"https:\/\/www.linkedin.com\/company\/addio-electronics-ab\"]}]}<\/script>\n<!-- \/ Yoast SEO plugin. -->","yoast_head_json":{"title":"DRB 9012-8 STD - Addio Electronics","robots":{"index":"index","follow":"follow","max-snippet":"max-snippet:-1","max-image-preview":"max-image-preview:large","max-video-preview":"max-video-preview:-1"},"canonical":"https:\/\/addio.eu\/da\/vare\/drb-9012-8-std\/","og_locale":"da_DK","og_type":"article","og_title":"DRB 9012-8 STD - Addio Electronics","og_description":"DRB 9012-8 STD er vores omkostningsoptimerede enhed med 8 udgange og 8 indgange, og en kontinuerlig total str\u00f8m p\u00e5 90 ampere fordelt p\u00e5 alle udgange. Sammenlignet med ADV-enhederne har STD ikke CAN-bus-kommunikation, ingen indbygget H-bro (motorkontrol), ingen LED'er pr. udgang og ingen indbyggede pull-ups p\u00e5 indgangene til GND-indgangssignaler.STD-enheden kan ikke styres af vores kontaktpaneler eller h\u00e5ndkontrol, da den ikke har nogen CAN\/COM-porte.   Ligesom alle vores DRB'er tilbyder 9012-8 STD en bred vifte af funktioner s\u00e5som:  Rel\u00e6funktioner som blink, dimmer og timer  Sikringsfunktion via h\u00f8jstr\u00f8msafbrydere  Batteribeskyttelse gennem timere eller sp\u00e6ndingsbeskyttelse, individuelt pr. udgang.  Regelbaserede logiske funktioner  Op til tre forskellige funktioner pr. udgang, s\u00e5som konstant eller blinkende Udgangene er digitalt beskyttet op til 25 ampere pr. udgang (justerbar i intervaller p\u00e5 5 A)","og_url":"https:\/\/addio.eu\/da\/vare\/drb-9012-8-std\/","og_site_name":"Addio Electronics","article_publisher":"https:\/\/www.facebook.com\/AddioElectronicsAB\/","article_modified_time":"2026-02-10T16:48:01+00:00","og_image":[{"width":2560,"height":1654,"url":"https:\/\/addio.eu\/wp-content\/uploads\/2025\/03\/IMG_1788-scaled.jpg","type":"image\/jpeg"}],"twitter_card":"summary_large_image","twitter_misc":{"Estimeret l\u00e6setid":"1 minut"},"schema":{"@context":"https:\/\/schema.org","@graph":[{"@type":"WebPage","@id":"https:\/\/addio.eu\/da\/vare\/drb-9012-8-std\/","url":"https:\/\/addio.eu\/da\/vare\/drb-9012-8-std\/","name":"DRB 9012-8 STD - Addio Electronics","isPartOf":{"@id":"https:\/\/addio.eu\/da\/#website"},"primaryImageOfPage":{"@id":"https:\/\/addio.eu\/da\/vare\/drb-9012-8-std\/#primaryimage"},"image":{"@id":"https:\/\/addio.eu\/da\/vare\/drb-9012-8-std\/#primaryimage"},"thumbnailUrl":"https:\/\/addio.eu\/wp-content\/uploads\/2025\/03\/IMG_1788-scaled.jpg","datePublished":"2025-03-24T09:47:26+00:00","dateModified":"2026-02-10T16:48:01+00:00","breadcrumb":{"@id":"https:\/\/addio.eu\/da\/vare\/drb-9012-8-std\/#breadcrumb"},"inLanguage":"da-DK","potentialAction":[{"@type":"ReadAction","target":["https:\/\/addio.eu\/da\/vare\/drb-9012-8-std\/"]}]},{"@type":"ImageObject","inLanguage":"da-DK","@id":"https:\/\/addio.eu\/da\/vare\/drb-9012-8-std\/#primaryimage","url":"https:\/\/addio.eu\/wp-content\/uploads\/2025\/03\/IMG_1788-scaled.jpg","contentUrl":"https:\/\/addio.eu\/wp-content\/uploads\/2025\/03\/IMG_1788-scaled.jpg","width":2560,"height":1654},{"@type":"BreadcrumbList","@id":"https:\/\/addio.eu\/da\/vare\/drb-9012-8-std\/#breadcrumb","itemListElement":[{"@type":"ListItem","position":1,"name":"Home","item":"https:\/\/addio.eu\/da\/addio-forside\/"},{"@type":"ListItem","position":2,"name":"Produkter","item":"https:\/\/addio.eu\/da\/produkter\/"},{"@type":"ListItem","position":3,"name":"DRB 9012-8 STD"}]},{"@type":"WebSite","@id":"https:\/\/addio.eu\/da\/#website","url":"https:\/\/addio.eu\/da\/","name":"addio.eu","description":"","publisher":{"@id":"https:\/\/addio.eu\/da\/#organization"},"potentialAction":[{"@type":"SearchAction","target":{"@type":"EntryPoint","urlTemplate":"https:\/\/addio.eu\/da\/?s={search_term_string}"},"query-input":{"@type":"PropertyValueSpecification","valueRequired":true,"valueName":"search_term_string"}}],"inLanguage":"da-DK"},{"@type":"Organization","@id":"https:\/\/addio.eu\/da\/#organization","name":"Addio elektronik","url":"https:\/\/addio.eu\/da\/","logo":{"@type":"ImageObject","inLanguage":"da-DK","@id":"https:\/\/addio.eu\/da\/#\/schema\/logo\/image\/","url":"https:\/\/addio.eu\/wp-content\/uploads\/2024\/10\/Lager_1-1.svg","contentUrl":"https:\/\/addio.eu\/wp-content\/uploads\/2024\/10\/Lager_1-1.svg","caption":"Addio elektronik"},"image":{"@id":"https:\/\/addio.eu\/da\/#\/schema\/logo\/image\/"},"sameAs":["https:\/\/www.facebook.com\/AddioElectronicsAB\/","https:\/\/www.linkedin.com\/company\/addio-electronics-ab"]}]}},"_links":{"self":[{"href":"https:\/\/addio.eu\/da\/wp-json\/wp\/v2\/product\/13094","targetHints":{"allow":["GET"]}}],"collection":[{"href":"https:\/\/addio.eu\/da\/wp-json\/wp\/v2\/product"}],"about":[{"href":"https:\/\/addio.eu\/da\/wp-json\/wp\/v2\/types\/product"}],"replies":[{"embeddable":true,"href":"https:\/\/addio.eu\/da\/wp-json\/wp\/v2\/comments?post=13094"}],"wp:featuredmedia":[{"embeddable":true,"href":"https:\/\/addio.eu\/da\/wp-json\/wp\/v2\/media\/13101"}],"wp:attachment":[{"href":"https:\/\/addio.eu\/da\/wp-json\/wp\/v2\/media?parent=13094"}],"wp:term":[{"taxonomy":"product_brand","embeddable":true,"href":"https:\/\/addio.eu\/da\/wp-json\/wp\/v2\/product_brand?post=13094"},{"taxonomy":"product_cat","embeddable":true,"href":"https:\/\/addio.eu\/da\/wp-json\/wp\/v2\/product_cat?post=13094"},{"taxonomy":"product_tag","embeddable":true,"href":"https:\/\/addio.eu\/da\/wp-json\/wp\/v2\/product_tag?post=13094"}],"curies":[{"name":"wp","href":"https:\/\/api.w.org\/{rel}","templated":true}]}}