{"id":12682,"date":"2025-03-25T10:31:55","date_gmt":"2025-03-25T10:31:55","guid":{"rendered":"https:\/\/addio.eu\/product\/kontaktpanel-8\/"},"modified":"2025-03-25T10:31:55","modified_gmt":"2025-03-25T10:31:55","slug":"kontaktpanel-8","status":"publish","type":"product","link":"https:\/\/addio.eu\/da\/vare\/kontaktpanel-8\/","title":{"rendered":"Kontaktpanel 8"},"content":{"rendered":"<p class=\"\" data-start=\"660\" data-end=\"682\"><strong data-start=\"660\" data-end=\"682\">Farve og belysning<\/strong><\/p>\n<p class=\"\" data-start=\"684\" data-end=\"919\">Alle knapper p\u00e5 kontrolpanelet er belyste og kan konfigureres med f\u00f8lgende farver: gr\u00f8n, bl\u00e5, gul, orange, hvid og r\u00f8d. B\u00e5de baggrundslysets farve og den aktive farve kan indstilles i menuen for hver knap. <\/p>\n<p class=\"\" data-start=\"921\" data-end=\"1055\">Knappernes lysintensitet justeres automatisk baseret p\u00e5 de omgivende lysforhold, takket v\u00e6re en indbygget lyssensor.<\/p>\n<p class=\"\" data-start=\"1057\" data-end=\"1085\"><strong data-start=\"1057\" data-end=\"1085\">Summer og knaplyde<\/strong><\/p>\n<p class=\"\" data-start=\"1087\" data-end=\"1344\">Kontrolpanelet har en indbygget summer, som kan give feedback med et kort bip, n\u00e5r der trykkes p\u00e5 en knap. Summeren kan ogs\u00e5 styres fra en ekstern kilde, s\u00e5som en indgang, udgang eller virtuel udgang, for at udl\u00f8se alarmfunktioner og mere. <\/p>\n<p class=\"\" data-start=\"1346\" data-end=\"1380\"><strong data-start=\"1346\" data-end=\"1380\">Installation og konfiguration<\/strong><\/p>\n<p class=\"\" data-start=\"1382\" data-end=\"1525\">Konfiguration af knapfunktioner, aktive og passive farver og mere gemmes i vores rel\u00e6bokse og udf\u00f8res via vores software, Addio CC.<\/p>\n<p data-start=\"1382\" data-end=\"1525\"><strong>Inkluderet i \u00e6sken<\/strong><br \/>\nAddio-kontaktpanelerne leveres med et 5 meter kabel og kl\u00e6bende knapklisterm\u00e6rker.<br \/>\nEt alternativt varenr. inkluderer ogs\u00e5 et beslag. <\/p>\n","protected":false},"excerpt":{"rendered":"<p class=\"\" data-start=\"62\" data-end=\"120\"><strong data-start=\"62\" data-end=\"120\">Nem ledningsf\u00f8ring og installation med Addio-kontrolpaneler<\/strong><\/p>\n<p>Addio-kontrolpaneler er nemme at installere ved hj\u00e6lp af den medf\u00f8lgende dobbeltsidet tape eller med et monteringsbeslag (f\u00e5s som tilbeh\u00f8r). Tastaturerne forbindes til rel\u00e6boksens COM\/CAN-port via det medf\u00f8lgende kabel. <\/p>\n<p>Addio kontaktpanelerne er kompatible med b\u00e5de vores 12V og vores 24V DRB&#8217;er.<\/p>\n<div id=\"tw-target-rmn-container\" class=\"tw-target-rmn tw-ta-container tw-nfl\" tabindex=\"0\" role=\"text\">\n<p id=\"tw-target-rmn\" class=\"tw-data-placeholder tw-text-small tw-ta\" dir=\"ltr\"><strong data-start=\"333\" data-end=\"345\">Funktioner<\/strong><\/p>\n<\/div>\n<p class=\"\" data-start=\"347\" data-end=\"523\">Hver knap kan indstilles til at styre flere funktioner og kan aktivere et output og\/eller fungere som en indikator til at vise, om et specifikt input, output eller anden intern funktion er aktiv.<\/p>\n<p class=\"\" data-start=\"525\" data-end=\"658\">Op til fire kontrolpaneler kan bruges i et system, og de kan konfigureres individuelt eller fungere parallelt (trappevirksomhed).<\/p>\n","protected":false},"featured_media":6239,"comment_status":"open","ping_status":"closed","template":"","meta":[],"product_brand":[],"product_cat":[254],"product_tag":[369],"class_list":{"0":"post-12682","1":"product","2":"type-product","3":"status-publish","4":"has-post-thumbnail","6":"product_cat-kontaktpaneler","7":"product_tag-8-knapper","9":"first","10":"instock","11":"shipping-taxable","12":"product-type-simple"},"yoast_head":"<!-- This site is optimized with the Yoast SEO plugin v26.0 - https:\/\/yoast.com\/wordpress\/plugins\/seo\/ -->\n<title>Kontaktpanel 8 - Addio Electronics<\/title>\n<meta name=\"robots\" content=\"index, follow, max-snippet:-1, max-image-preview:large, max-video-preview:-1\" \/>\n<link rel=\"canonical\" href=\"https:\/\/addio.eu\/da\/vare\/kontaktpanel-8\/\" \/>\n<meta property=\"og:locale\" content=\"da_DK\" \/>\n<meta property=\"og:type\" content=\"article\" \/>\n<meta property=\"og:title\" content=\"Kontaktpanel 8 - Addio Electronics\" \/>\n<meta property=\"og:description\" content=\"Nem ledningsf\u00f8ring og installation med Addio-kontrolpaneler Addio-kontrolpaneler er nemme at installere ved hj\u00e6lp af den medf\u00f8lgende dobbeltsidet tape eller med et monteringsbeslag (f\u00e5s som tilbeh\u00f8r). Tastaturerne forbindes til rel\u00e6boksens COM\/CAN-port via det medf\u00f8lgende kabel.  Addio kontaktpanelerne er kompatible med b\u00e5de vores 12V og vores 24V DRB&#039;er. Funktioner  Hver knap kan indstilles til at styre flere funktioner og kan aktivere et output og\/eller fungere som en indikator til at vise, om et specifikt input, output eller anden intern funktion er aktiv. Op til fire kontrolpaneler kan bruges i et system, og de kan konfigureres individuelt eller fungere parallelt (trappevirksomhed).\" \/>\n<meta property=\"og:url\" content=\"https:\/\/addio.eu\/da\/vare\/kontaktpanel-8\/\" \/>\n<meta property=\"og:site_name\" content=\"Addio Electronics\" \/>\n<meta property=\"article:publisher\" content=\"https:\/\/www.facebook.com\/AddioElectronicsAB\/\" \/>\n<meta property=\"og:image\" content=\"https:\/\/addio.eu\/wp-content\/uploads\/2025\/03\/sw8.png\" \/>\n\t<meta property=\"og:image:width\" content=\"1328\" \/>\n\t<meta property=\"og:image:height\" content=\"638\" \/>\n\t<meta property=\"og:image:type\" content=\"image\/png\" \/>\n<meta name=\"twitter:card\" content=\"summary_large_image\" \/>\n<meta name=\"twitter:label1\" content=\"Estimeret l\u00e6setid\" \/>\n\t<meta name=\"twitter:data1\" content=\"1 minut\" \/>\n<script type=\"application\/ld+json\" class=\"yoast-schema-graph\">{\"@context\":\"https:\/\/schema.org\",\"@graph\":[{\"@type\":\"WebPage\",\"@id\":\"https:\/\/addio.eu\/da\/vare\/kontaktpanel-8\/\",\"url\":\"https:\/\/addio.eu\/da\/vare\/kontaktpanel-8\/\",\"name\":\"Kontaktpanel 8 - Addio Electronics\",\"isPartOf\":{\"@id\":\"https:\/\/addio.eu\/da\/#website\"},\"primaryImageOfPage\":{\"@id\":\"https:\/\/addio.eu\/da\/vare\/kontaktpanel-8\/#primaryimage\"},\"image\":{\"@id\":\"https:\/\/addio.eu\/da\/vare\/kontaktpanel-8\/#primaryimage\"},\"thumbnailUrl\":\"https:\/\/addio.eu\/wp-content\/uploads\/2025\/03\/sw8.png\",\"datePublished\":\"2025-03-25T10:31:55+00:00\",\"breadcrumb\":{\"@id\":\"https:\/\/addio.eu\/da\/vare\/kontaktpanel-8\/#breadcrumb\"},\"inLanguage\":\"da-DK\",\"potentialAction\":[{\"@type\":\"ReadAction\",\"target\":[\"https:\/\/addio.eu\/da\/vare\/kontaktpanel-8\/\"]}]},{\"@type\":\"ImageObject\",\"inLanguage\":\"da-DK\",\"@id\":\"https:\/\/addio.eu\/da\/vare\/kontaktpanel-8\/#primaryimage\",\"url\":\"https:\/\/addio.eu\/wp-content\/uploads\/2025\/03\/sw8.png\",\"contentUrl\":\"https:\/\/addio.eu\/wp-content\/uploads\/2025\/03\/sw8.png\",\"width\":1328,\"height\":638},{\"@type\":\"BreadcrumbList\",\"@id\":\"https:\/\/addio.eu\/da\/vare\/kontaktpanel-8\/#breadcrumb\",\"itemListElement\":[{\"@type\":\"ListItem\",\"position\":1,\"name\":\"Home\",\"item\":\"https:\/\/addio.eu\/da\/addio-forside\/\"},{\"@type\":\"ListItem\",\"position\":2,\"name\":\"Produkter\",\"item\":\"https:\/\/addio.eu\/da\/produkter\/\"},{\"@type\":\"ListItem\",\"position\":3,\"name\":\"Kontaktpanel 8\"}]},{\"@type\":\"WebSite\",\"@id\":\"https:\/\/addio.eu\/da\/#website\",\"url\":\"https:\/\/addio.eu\/da\/\",\"name\":\"addio.eu\",\"description\":\"\",\"publisher\":{\"@id\":\"https:\/\/addio.eu\/da\/#organization\"},\"potentialAction\":[{\"@type\":\"SearchAction\",\"target\":{\"@type\":\"EntryPoint\",\"urlTemplate\":\"https:\/\/addio.eu\/da\/?s={search_term_string}\"},\"query-input\":{\"@type\":\"PropertyValueSpecification\",\"valueRequired\":true,\"valueName\":\"search_term_string\"}}],\"inLanguage\":\"da-DK\"},{\"@type\":\"Organization\",\"@id\":\"https:\/\/addio.eu\/da\/#organization\",\"name\":\"Addio elektronik\",\"url\":\"https:\/\/addio.eu\/da\/\",\"logo\":{\"@type\":\"ImageObject\",\"inLanguage\":\"da-DK\",\"@id\":\"https:\/\/addio.eu\/da\/#\/schema\/logo\/image\/\",\"url\":\"https:\/\/addio.eu\/wp-content\/uploads\/2024\/10\/Lager_1-1.svg\",\"contentUrl\":\"https:\/\/addio.eu\/wp-content\/uploads\/2024\/10\/Lager_1-1.svg\",\"caption\":\"Addio elektronik\"},\"image\":{\"@id\":\"https:\/\/addio.eu\/da\/#\/schema\/logo\/image\/\"},\"sameAs\":[\"https:\/\/www.facebook.com\/AddioElectronicsAB\/\",\"https:\/\/www.linkedin.com\/company\/addio-electronics-ab\"]}]}<\/script>\n<!-- \/ Yoast SEO plugin. -->","yoast_head_json":{"title":"Kontaktpanel 8 - Addio Electronics","robots":{"index":"index","follow":"follow","max-snippet":"max-snippet:-1","max-image-preview":"max-image-preview:large","max-video-preview":"max-video-preview:-1"},"canonical":"https:\/\/addio.eu\/da\/vare\/kontaktpanel-8\/","og_locale":"da_DK","og_type":"article","og_title":"Kontaktpanel 8 - Addio Electronics","og_description":"Nem ledningsf\u00f8ring og installation med Addio-kontrolpaneler Addio-kontrolpaneler er nemme at installere ved hj\u00e6lp af den medf\u00f8lgende dobbeltsidet tape eller med et monteringsbeslag (f\u00e5s som tilbeh\u00f8r). Tastaturerne forbindes til rel\u00e6boksens COM\/CAN-port via det medf\u00f8lgende kabel.  Addio kontaktpanelerne er kompatible med b\u00e5de vores 12V og vores 24V DRB'er. Funktioner  Hver knap kan indstilles til at styre flere funktioner og kan aktivere et output og\/eller fungere som en indikator til at vise, om et specifikt input, output eller anden intern funktion er aktiv. Op til fire kontrolpaneler kan bruges i et system, og de kan konfigureres individuelt eller fungere parallelt (trappevirksomhed).","og_url":"https:\/\/addio.eu\/da\/vare\/kontaktpanel-8\/","og_site_name":"Addio Electronics","article_publisher":"https:\/\/www.facebook.com\/AddioElectronicsAB\/","og_image":[{"width":1328,"height":638,"url":"https:\/\/addio.eu\/wp-content\/uploads\/2025\/03\/sw8.png","type":"image\/png"}],"twitter_card":"summary_large_image","twitter_misc":{"Estimeret l\u00e6setid":"1 minut"},"schema":{"@context":"https:\/\/schema.org","@graph":[{"@type":"WebPage","@id":"https:\/\/addio.eu\/da\/vare\/kontaktpanel-8\/","url":"https:\/\/addio.eu\/da\/vare\/kontaktpanel-8\/","name":"Kontaktpanel 8 - Addio Electronics","isPartOf":{"@id":"https:\/\/addio.eu\/da\/#website"},"primaryImageOfPage":{"@id":"https:\/\/addio.eu\/da\/vare\/kontaktpanel-8\/#primaryimage"},"image":{"@id":"https:\/\/addio.eu\/da\/vare\/kontaktpanel-8\/#primaryimage"},"thumbnailUrl":"https:\/\/addio.eu\/wp-content\/uploads\/2025\/03\/sw8.png","datePublished":"2025-03-25T10:31:55+00:00","breadcrumb":{"@id":"https:\/\/addio.eu\/da\/vare\/kontaktpanel-8\/#breadcrumb"},"inLanguage":"da-DK","potentialAction":[{"@type":"ReadAction","target":["https:\/\/addio.eu\/da\/vare\/kontaktpanel-8\/"]}]},{"@type":"ImageObject","inLanguage":"da-DK","@id":"https:\/\/addio.eu\/da\/vare\/kontaktpanel-8\/#primaryimage","url":"https:\/\/addio.eu\/wp-content\/uploads\/2025\/03\/sw8.png","contentUrl":"https:\/\/addio.eu\/wp-content\/uploads\/2025\/03\/sw8.png","width":1328,"height":638},{"@type":"BreadcrumbList","@id":"https:\/\/addio.eu\/da\/vare\/kontaktpanel-8\/#breadcrumb","itemListElement":[{"@type":"ListItem","position":1,"name":"Home","item":"https:\/\/addio.eu\/da\/addio-forside\/"},{"@type":"ListItem","position":2,"name":"Produkter","item":"https:\/\/addio.eu\/da\/produkter\/"},{"@type":"ListItem","position":3,"name":"Kontaktpanel 8"}]},{"@type":"WebSite","@id":"https:\/\/addio.eu\/da\/#website","url":"https:\/\/addio.eu\/da\/","name":"addio.eu","description":"","publisher":{"@id":"https:\/\/addio.eu\/da\/#organization"},"potentialAction":[{"@type":"SearchAction","target":{"@type":"EntryPoint","urlTemplate":"https:\/\/addio.eu\/da\/?s={search_term_string}"},"query-input":{"@type":"PropertyValueSpecification","valueRequired":true,"valueName":"search_term_string"}}],"inLanguage":"da-DK"},{"@type":"Organization","@id":"https:\/\/addio.eu\/da\/#organization","name":"Addio elektronik","url":"https:\/\/addio.eu\/da\/","logo":{"@type":"ImageObject","inLanguage":"da-DK","@id":"https:\/\/addio.eu\/da\/#\/schema\/logo\/image\/","url":"https:\/\/addio.eu\/wp-content\/uploads\/2024\/10\/Lager_1-1.svg","contentUrl":"https:\/\/addio.eu\/wp-content\/uploads\/2024\/10\/Lager_1-1.svg","caption":"Addio elektronik"},"image":{"@id":"https:\/\/addio.eu\/da\/#\/schema\/logo\/image\/"},"sameAs":["https:\/\/www.facebook.com\/AddioElectronicsAB\/","https:\/\/www.linkedin.com\/company\/addio-electronics-ab"]}]}},"_links":{"self":[{"href":"https:\/\/addio.eu\/da\/wp-json\/wp\/v2\/product\/12682","targetHints":{"allow":["GET"]}}],"collection":[{"href":"https:\/\/addio.eu\/da\/wp-json\/wp\/v2\/product"}],"about":[{"href":"https:\/\/addio.eu\/da\/wp-json\/wp\/v2\/types\/product"}],"replies":[{"embeddable":true,"href":"https:\/\/addio.eu\/da\/wp-json\/wp\/v2\/comments?post=12682"}],"wp:featuredmedia":[{"embeddable":true,"href":"https:\/\/addio.eu\/da\/wp-json\/wp\/v2\/media\/6239"}],"wp:attachment":[{"href":"https:\/\/addio.eu\/da\/wp-json\/wp\/v2\/media?parent=12682"}],"wp:term":[{"taxonomy":"product_brand","embeddable":true,"href":"https:\/\/addio.eu\/da\/wp-json\/wp\/v2\/product_brand?post=12682"},{"taxonomy":"product_cat","embeddable":true,"href":"https:\/\/addio.eu\/da\/wp-json\/wp\/v2\/product_cat?post=12682"},{"taxonomy":"product_tag","embeddable":true,"href":"https:\/\/addio.eu\/da\/wp-json\/wp\/v2\/product_tag?post=12682"}],"curies":[{"name":"wp","href":"https:\/\/api.w.org\/{rel}","templated":true}]}}