{"id":11708,"date":"2025-03-07T11:01:36","date_gmt":"2025-03-07T11:01:36","guid":{"rendered":"https:\/\/addio.eu\/product\/22-kanals-inputenhed\/"},"modified":"2025-03-07T11:01:36","modified_gmt":"2025-03-07T11:01:36","slug":"22-kanals-inputenhed","status":"publish","type":"product","link":"https:\/\/addio.eu\/da\/vare\/22-kanals-inputenhed\/","title":{"rendered":"22-kanals inputenhed"},"content":{"rendered":"<p><strong>St\u00f8rrelse<\/strong><br \/>\n74*71*21 mm<\/p>\n<p><strong>V\u00e6gt<\/strong><br \/>\n53 g<\/p>\n","protected":false},"excerpt":{"rendered":"<p class=\"\" data-start=\"72\" data-end=\"283\">Som tilbeh\u00f8r til ADV DRB&#8217;erne findes der en inputenhed med 22 indgange, der tilsluttes DRB&#8217;ernes COM\/CAN-port.<\/p>\n<p class=\"\" data-start=\"285\" data-end=\"538\">Enheden har 3 aftagelige 8-pins stik. Indgangene er m\u00e6rket A, B og C, hvor indgang A har 6 indgange sammen med plus- og minusforbindelser, der kan bruges til at forsyne eksterne trykknapper. Indgang B og C har hver 8 indgange, nummereret 1-8.  <\/p>\n<p class=\"\" data-start=\"540\" data-end=\"683\">Kommunikationsporten best\u00e5r af to RJ-10-stik, som er identiske og forbundet parallelt, s\u00e5 begge stik kan bruges.<\/p>\n<p class=\"\" data-start=\"30\" data-end=\"270\"><strong>Lav dit eget tastatur<\/strong><br \/>\nHvis du \u00f8nsker at lave dit eget tastatur med op til 22 programmerbare knapper, s\u00e5som robuste knapper til udend\u00f8rs brug, kan du tilslutte de enkelte knapper til denne enhed, som derefter forbindes til DRB-enheden via et simpelt kabel (via CANBus).<\/p>\n<p class=\"\" data-start=\"272\" data-end=\"401\">I et Addio-system kan 2 enheder tilsluttes, hvilket giver mulighed for at have 22 unikke funktioner parallelt p\u00e5 tv\u00e6rs af to identiske tastaturer<\/p>\n","protected":false},"featured_media":5891,"comment_status":"open","ping_status":"closed","template":"","meta":[],"product_brand":[],"product_cat":[290],"product_tag":[],"class_list":{"0":"post-11708","1":"product","2":"type-product","3":"status-publish","4":"has-post-thumbnail","6":"product_cat-can-forbindelse","8":"first","9":"instock","10":"shipping-taxable","11":"product-type-simple"},"yoast_head":"<!-- This site is optimized with the Yoast SEO plugin v26.0 - https:\/\/yoast.com\/wordpress\/plugins\/seo\/ -->\n<title>22-kanals inputenhed - Addio Electronics<\/title>\n<meta name=\"robots\" content=\"index, follow, max-snippet:-1, max-image-preview:large, max-video-preview:-1\" \/>\n<link rel=\"canonical\" href=\"https:\/\/addio.eu\/da\/vare\/22-kanals-inputenhed\/\" \/>\n<meta property=\"og:locale\" content=\"da_DK\" \/>\n<meta property=\"og:type\" content=\"article\" \/>\n<meta property=\"og:title\" content=\"22-kanals inputenhed - Addio Electronics\" \/>\n<meta property=\"og:description\" content=\"Som tilbeh\u00f8r til ADV DRB&#039;erne findes der en inputenhed med 22 indgange, der tilsluttes DRB&#039;ernes COM\/CAN-port. Enheden har 3 aftagelige 8-pins stik. Indgangene er m\u00e6rket A, B og C, hvor indgang A har 6 indgange sammen med plus- og minusforbindelser, der kan bruges til at forsyne eksterne trykknapper. Indgang B og C har hver 8 indgange, nummereret 1-8.  Kommunikationsporten best\u00e5r af to RJ-10-stik, som er identiske og forbundet parallelt, s\u00e5 begge stik kan bruges. Lav dit eget tastatur Hvis du \u00f8nsker at lave dit eget tastatur med op til 22 programmerbare knapper, s\u00e5som robuste knapper til udend\u00f8rs brug, kan du tilslutte de enkelte knapper til denne enhed, som derefter forbindes til DRB-enheden via et simpelt kabel (via CANBus). I et Addio-system kan 2 enheder tilsluttes, hvilket giver mulighed for at have 22 unikke funktioner parallelt p\u00e5 tv\u00e6rs af to identiske tastaturer\" \/>\n<meta property=\"og:url\" content=\"https:\/\/addio.eu\/da\/vare\/22-kanals-inputenhed\/\" \/>\n<meta property=\"og:site_name\" content=\"Addio Electronics\" \/>\n<meta property=\"article:publisher\" content=\"https:\/\/www.facebook.com\/AddioElectronicsAB\/\" \/>\n<meta property=\"og:image\" content=\"https:\/\/addio.eu\/wp-content\/uploads\/2025\/03\/IMG_1659-scaled.jpg\" \/>\n\t<meta property=\"og:image:width\" content=\"2560\" \/>\n\t<meta property=\"og:image:height\" content=\"1920\" \/>\n\t<meta property=\"og:image:type\" content=\"image\/jpeg\" \/>\n<meta name=\"twitter:card\" content=\"summary_large_image\" \/>\n<script type=\"application\/ld+json\" class=\"yoast-schema-graph\">{\"@context\":\"https:\/\/schema.org\",\"@graph\":[{\"@type\":\"WebPage\",\"@id\":\"https:\/\/addio.eu\/da\/vare\/22-kanals-inputenhed\/\",\"url\":\"https:\/\/addio.eu\/da\/vare\/22-kanals-inputenhed\/\",\"name\":\"22-kanals inputenhed - Addio Electronics\",\"isPartOf\":{\"@id\":\"https:\/\/addio.eu\/da\/#website\"},\"primaryImageOfPage\":{\"@id\":\"https:\/\/addio.eu\/da\/vare\/22-kanals-inputenhed\/#primaryimage\"},\"image\":{\"@id\":\"https:\/\/addio.eu\/da\/vare\/22-kanals-inputenhed\/#primaryimage\"},\"thumbnailUrl\":\"https:\/\/addio.eu\/wp-content\/uploads\/2025\/03\/IMG_1659-scaled.jpg\",\"datePublished\":\"2025-03-07T11:01:36+00:00\",\"breadcrumb\":{\"@id\":\"https:\/\/addio.eu\/da\/vare\/22-kanals-inputenhed\/#breadcrumb\"},\"inLanguage\":\"da-DK\",\"potentialAction\":[{\"@type\":\"ReadAction\",\"target\":[\"https:\/\/addio.eu\/da\/vare\/22-kanals-inputenhed\/\"]}]},{\"@type\":\"ImageObject\",\"inLanguage\":\"da-DK\",\"@id\":\"https:\/\/addio.eu\/da\/vare\/22-kanals-inputenhed\/#primaryimage\",\"url\":\"https:\/\/addio.eu\/wp-content\/uploads\/2025\/03\/IMG_1659-scaled.jpg\",\"contentUrl\":\"https:\/\/addio.eu\/wp-content\/uploads\/2025\/03\/IMG_1659-scaled.jpg\",\"width\":2560,\"height\":1920},{\"@type\":\"BreadcrumbList\",\"@id\":\"https:\/\/addio.eu\/da\/vare\/22-kanals-inputenhed\/#breadcrumb\",\"itemListElement\":[{\"@type\":\"ListItem\",\"position\":1,\"name\":\"Home\",\"item\":\"https:\/\/addio.eu\/da\/addio-forside\/\"},{\"@type\":\"ListItem\",\"position\":2,\"name\":\"Produkter\",\"item\":\"https:\/\/addio.eu\/da\/produkter\/\"},{\"@type\":\"ListItem\",\"position\":3,\"name\":\"22-kanals inputenhed\"}]},{\"@type\":\"WebSite\",\"@id\":\"https:\/\/addio.eu\/da\/#website\",\"url\":\"https:\/\/addio.eu\/da\/\",\"name\":\"addio.eu\",\"description\":\"\",\"publisher\":{\"@id\":\"https:\/\/addio.eu\/da\/#organization\"},\"potentialAction\":[{\"@type\":\"SearchAction\",\"target\":{\"@type\":\"EntryPoint\",\"urlTemplate\":\"https:\/\/addio.eu\/da\/?s={search_term_string}\"},\"query-input\":{\"@type\":\"PropertyValueSpecification\",\"valueRequired\":true,\"valueName\":\"search_term_string\"}}],\"inLanguage\":\"da-DK\"},{\"@type\":\"Organization\",\"@id\":\"https:\/\/addio.eu\/da\/#organization\",\"name\":\"Addio elektronik\",\"url\":\"https:\/\/addio.eu\/da\/\",\"logo\":{\"@type\":\"ImageObject\",\"inLanguage\":\"da-DK\",\"@id\":\"https:\/\/addio.eu\/da\/#\/schema\/logo\/image\/\",\"url\":\"https:\/\/addio.eu\/wp-content\/uploads\/2024\/10\/Lager_1-1.svg\",\"contentUrl\":\"https:\/\/addio.eu\/wp-content\/uploads\/2024\/10\/Lager_1-1.svg\",\"caption\":\"Addio elektronik\"},\"image\":{\"@id\":\"https:\/\/addio.eu\/da\/#\/schema\/logo\/image\/\"},\"sameAs\":[\"https:\/\/www.facebook.com\/AddioElectronicsAB\/\",\"https:\/\/www.linkedin.com\/company\/addio-electronics-ab\"]}]}<\/script>\n<!-- \/ Yoast SEO plugin. -->","yoast_head_json":{"title":"22-kanals inputenhed - Addio Electronics","robots":{"index":"index","follow":"follow","max-snippet":"max-snippet:-1","max-image-preview":"max-image-preview:large","max-video-preview":"max-video-preview:-1"},"canonical":"https:\/\/addio.eu\/da\/vare\/22-kanals-inputenhed\/","og_locale":"da_DK","og_type":"article","og_title":"22-kanals inputenhed - Addio Electronics","og_description":"Som tilbeh\u00f8r til ADV DRB'erne findes der en inputenhed med 22 indgange, der tilsluttes DRB'ernes COM\/CAN-port. Enheden har 3 aftagelige 8-pins stik. Indgangene er m\u00e6rket A, B og C, hvor indgang A har 6 indgange sammen med plus- og minusforbindelser, der kan bruges til at forsyne eksterne trykknapper. Indgang B og C har hver 8 indgange, nummereret 1-8.  Kommunikationsporten best\u00e5r af to RJ-10-stik, som er identiske og forbundet parallelt, s\u00e5 begge stik kan bruges. Lav dit eget tastatur Hvis du \u00f8nsker at lave dit eget tastatur med op til 22 programmerbare knapper, s\u00e5som robuste knapper til udend\u00f8rs brug, kan du tilslutte de enkelte knapper til denne enhed, som derefter forbindes til DRB-enheden via et simpelt kabel (via CANBus). I et Addio-system kan 2 enheder tilsluttes, hvilket giver mulighed for at have 22 unikke funktioner parallelt p\u00e5 tv\u00e6rs af to identiske tastaturer","og_url":"https:\/\/addio.eu\/da\/vare\/22-kanals-inputenhed\/","og_site_name":"Addio Electronics","article_publisher":"https:\/\/www.facebook.com\/AddioElectronicsAB\/","og_image":[{"width":2560,"height":1920,"url":"https:\/\/addio.eu\/wp-content\/uploads\/2025\/03\/IMG_1659-scaled.jpg","type":"image\/jpeg"}],"twitter_card":"summary_large_image","schema":{"@context":"https:\/\/schema.org","@graph":[{"@type":"WebPage","@id":"https:\/\/addio.eu\/da\/vare\/22-kanals-inputenhed\/","url":"https:\/\/addio.eu\/da\/vare\/22-kanals-inputenhed\/","name":"22-kanals inputenhed - Addio Electronics","isPartOf":{"@id":"https:\/\/addio.eu\/da\/#website"},"primaryImageOfPage":{"@id":"https:\/\/addio.eu\/da\/vare\/22-kanals-inputenhed\/#primaryimage"},"image":{"@id":"https:\/\/addio.eu\/da\/vare\/22-kanals-inputenhed\/#primaryimage"},"thumbnailUrl":"https:\/\/addio.eu\/wp-content\/uploads\/2025\/03\/IMG_1659-scaled.jpg","datePublished":"2025-03-07T11:01:36+00:00","breadcrumb":{"@id":"https:\/\/addio.eu\/da\/vare\/22-kanals-inputenhed\/#breadcrumb"},"inLanguage":"da-DK","potentialAction":[{"@type":"ReadAction","target":["https:\/\/addio.eu\/da\/vare\/22-kanals-inputenhed\/"]}]},{"@type":"ImageObject","inLanguage":"da-DK","@id":"https:\/\/addio.eu\/da\/vare\/22-kanals-inputenhed\/#primaryimage","url":"https:\/\/addio.eu\/wp-content\/uploads\/2025\/03\/IMG_1659-scaled.jpg","contentUrl":"https:\/\/addio.eu\/wp-content\/uploads\/2025\/03\/IMG_1659-scaled.jpg","width":2560,"height":1920},{"@type":"BreadcrumbList","@id":"https:\/\/addio.eu\/da\/vare\/22-kanals-inputenhed\/#breadcrumb","itemListElement":[{"@type":"ListItem","position":1,"name":"Home","item":"https:\/\/addio.eu\/da\/addio-forside\/"},{"@type":"ListItem","position":2,"name":"Produkter","item":"https:\/\/addio.eu\/da\/produkter\/"},{"@type":"ListItem","position":3,"name":"22-kanals inputenhed"}]},{"@type":"WebSite","@id":"https:\/\/addio.eu\/da\/#website","url":"https:\/\/addio.eu\/da\/","name":"addio.eu","description":"","publisher":{"@id":"https:\/\/addio.eu\/da\/#organization"},"potentialAction":[{"@type":"SearchAction","target":{"@type":"EntryPoint","urlTemplate":"https:\/\/addio.eu\/da\/?s={search_term_string}"},"query-input":{"@type":"PropertyValueSpecification","valueRequired":true,"valueName":"search_term_string"}}],"inLanguage":"da-DK"},{"@type":"Organization","@id":"https:\/\/addio.eu\/da\/#organization","name":"Addio elektronik","url":"https:\/\/addio.eu\/da\/","logo":{"@type":"ImageObject","inLanguage":"da-DK","@id":"https:\/\/addio.eu\/da\/#\/schema\/logo\/image\/","url":"https:\/\/addio.eu\/wp-content\/uploads\/2024\/10\/Lager_1-1.svg","contentUrl":"https:\/\/addio.eu\/wp-content\/uploads\/2024\/10\/Lager_1-1.svg","caption":"Addio elektronik"},"image":{"@id":"https:\/\/addio.eu\/da\/#\/schema\/logo\/image\/"},"sameAs":["https:\/\/www.facebook.com\/AddioElectronicsAB\/","https:\/\/www.linkedin.com\/company\/addio-electronics-ab"]}]}},"_links":{"self":[{"href":"https:\/\/addio.eu\/da\/wp-json\/wp\/v2\/product\/11708","targetHints":{"allow":["GET"]}}],"collection":[{"href":"https:\/\/addio.eu\/da\/wp-json\/wp\/v2\/product"}],"about":[{"href":"https:\/\/addio.eu\/da\/wp-json\/wp\/v2\/types\/product"}],"replies":[{"embeddable":true,"href":"https:\/\/addio.eu\/da\/wp-json\/wp\/v2\/comments?post=11708"}],"wp:featuredmedia":[{"embeddable":true,"href":"https:\/\/addio.eu\/da\/wp-json\/wp\/v2\/media\/5891"}],"wp:attachment":[{"href":"https:\/\/addio.eu\/da\/wp-json\/wp\/v2\/media?parent=11708"}],"wp:term":[{"taxonomy":"product_brand","embeddable":true,"href":"https:\/\/addio.eu\/da\/wp-json\/wp\/v2\/product_brand?post=11708"},{"taxonomy":"product_cat","embeddable":true,"href":"https:\/\/addio.eu\/da\/wp-json\/wp\/v2\/product_cat?post=11708"},{"taxonomy":"product_tag","embeddable":true,"href":"https:\/\/addio.eu\/da\/wp-json\/wp\/v2\/product_tag?post=11708"}],"curies":[{"name":"wp","href":"https:\/\/api.w.org\/{rel}","templated":true}]}}