{"id":11603,"date":"2025-03-07T10:42:15","date_gmt":"2025-03-07T10:42:15","guid":{"rendered":"https:\/\/addio.eu\/product\/bluetooth-ble-5-0-can\/"},"modified":"2025-03-07T10:42:15","modified_gmt":"2025-03-07T10:42:15","slug":"bluetooth-ble-5-0-can","status":"publish","type":"product","link":"https:\/\/addio.eu\/da\/vare\/bluetooth-ble-5-0-can\/","title":{"rendered":"Bluetooth BLE 5.0 CAN"},"content":{"rendered":"<p><strong>St\u00f8rrelse<\/strong><br \/>\n50*25*16mm<\/p>\n<p><strong>V\u00e6gt<\/strong><br \/>\n13g<\/p>\n","protected":false},"excerpt":{"rendered":"<p class=\"\" data-start=\"47\" data-end=\"110\"><strong data-start=\"47\" data-end=\"110\">Bluetooth-enhed til styring af dit system via mobiltelefon<\/strong><\/p>\n<p class=\"\" data-start=\"112\" data-end=\"367\">Som tilbeh\u00f8r til alle ADV-enheder kan et Bluetooth-modul tilsluttes via CAN-porten for tr\u00e5dl\u00f8s styring via en mobilapplikation til iOS (Apple) og Android-enheder. Den mobile enhed skal underst\u00f8tte Bluetooth 4.0 eller nyere for at etablere en forbindelse. <\/p>\n<p class=\"\" data-start=\"369\" data-end=\"632\">Det er vigtigt at placere modulet et sted, hvor det kan opretholde den bedst mulige forbindelse med den mobile enhed. Med en klar sigtelinje kan der opn\u00e5s en r\u00e6kkevidde p\u00e5 over 150 meter, selvom dette er meget afh\u00e6ngigt af den anvendte mobile enhed. <\/p>\n<p class=\"\" data-start=\"634\" data-end=\"763\">Kommunikationsporten best\u00e5r af et RJ-10-stik p\u00e5 modulets korte side, som tilsluttes enhedens COM\/CAN-port.<\/p>\n","protected":false},"featured_media":5873,"comment_status":"open","ping_status":"closed","template":"","meta":[],"product_brand":[],"product_cat":[273],"product_tag":[274],"class_list":{"0":"post-11603","1":"product","2":"type-product","3":"status-publish","4":"has-post-thumbnail","6":"product_cat-bluetooth","7":"product_tag-bluetooth","9":"first","10":"instock","11":"shipping-taxable","12":"product-type-simple"},"yoast_head":"<!-- This site is optimized with the Yoast SEO plugin v26.0 - https:\/\/yoast.com\/wordpress\/plugins\/seo\/ -->\n<title>Bluetooth BLE 5.0 CAN - Addio Electronics<\/title>\n<meta name=\"robots\" content=\"index, follow, max-snippet:-1, max-image-preview:large, max-video-preview:-1\" \/>\n<link rel=\"canonical\" href=\"https:\/\/addio.eu\/da\/vare\/bluetooth-ble-5-0-can\/\" \/>\n<meta property=\"og:locale\" content=\"da_DK\" \/>\n<meta property=\"og:type\" content=\"article\" \/>\n<meta property=\"og:title\" content=\"Bluetooth BLE 5.0 CAN - Addio Electronics\" \/>\n<meta property=\"og:description\" content=\"Bluetooth-enhed til styring af dit system via mobiltelefon Som tilbeh\u00f8r til alle ADV-enheder kan et Bluetooth-modul tilsluttes via CAN-porten for tr\u00e5dl\u00f8s styring via en mobilapplikation til iOS (Apple) og Android-enheder. Den mobile enhed skal underst\u00f8tte Bluetooth 4.0 eller nyere for at etablere en forbindelse. Det er vigtigt at placere modulet et sted, hvor det kan opretholde den bedst mulige forbindelse med den mobile enhed. Med en klar sigtelinje kan der opn\u00e5s en r\u00e6kkevidde p\u00e5 over 150 meter, selvom dette er meget afh\u00e6ngigt af den anvendte mobile enhed. Kommunikationsporten best\u00e5r af et RJ-10-stik p\u00e5 modulets korte side, som tilsluttes enhedens COM\/CAN-port.\" \/>\n<meta property=\"og:url\" content=\"https:\/\/addio.eu\/da\/vare\/bluetooth-ble-5-0-can\/\" \/>\n<meta property=\"og:site_name\" content=\"Addio Electronics\" \/>\n<meta property=\"article:publisher\" content=\"https:\/\/www.facebook.com\/AddioElectronicsAB\/\" \/>\n<meta property=\"og:image\" content=\"https:\/\/addio.eu\/wp-content\/uploads\/2025\/03\/IMG_1545.jpg\" \/>\n\t<meta property=\"og:image:width\" content=\"1065\" \/>\n\t<meta property=\"og:image:height\" content=\"774\" \/>\n\t<meta property=\"og:image:type\" content=\"image\/jpeg\" \/>\n<meta name=\"twitter:card\" content=\"summary_large_image\" \/>\n<script type=\"application\/ld+json\" class=\"yoast-schema-graph\">{\"@context\":\"https:\/\/schema.org\",\"@graph\":[{\"@type\":\"WebPage\",\"@id\":\"https:\/\/addio.eu\/da\/vare\/bluetooth-ble-5-0-can\/\",\"url\":\"https:\/\/addio.eu\/da\/vare\/bluetooth-ble-5-0-can\/\",\"name\":\"Bluetooth BLE 5.0 CAN - Addio Electronics\",\"isPartOf\":{\"@id\":\"https:\/\/addio.eu\/da\/#website\"},\"primaryImageOfPage\":{\"@id\":\"https:\/\/addio.eu\/da\/vare\/bluetooth-ble-5-0-can\/#primaryimage\"},\"image\":{\"@id\":\"https:\/\/addio.eu\/da\/vare\/bluetooth-ble-5-0-can\/#primaryimage\"},\"thumbnailUrl\":\"https:\/\/addio.eu\/wp-content\/uploads\/2025\/03\/IMG_1545.jpg\",\"datePublished\":\"2025-03-07T10:42:15+00:00\",\"breadcrumb\":{\"@id\":\"https:\/\/addio.eu\/da\/vare\/bluetooth-ble-5-0-can\/#breadcrumb\"},\"inLanguage\":\"da-DK\",\"potentialAction\":[{\"@type\":\"ReadAction\",\"target\":[\"https:\/\/addio.eu\/da\/vare\/bluetooth-ble-5-0-can\/\"]}]},{\"@type\":\"ImageObject\",\"inLanguage\":\"da-DK\",\"@id\":\"https:\/\/addio.eu\/da\/vare\/bluetooth-ble-5-0-can\/#primaryimage\",\"url\":\"https:\/\/addio.eu\/wp-content\/uploads\/2025\/03\/IMG_1545.jpg\",\"contentUrl\":\"https:\/\/addio.eu\/wp-content\/uploads\/2025\/03\/IMG_1545.jpg\",\"width\":1065,\"height\":774},{\"@type\":\"BreadcrumbList\",\"@id\":\"https:\/\/addio.eu\/da\/vare\/bluetooth-ble-5-0-can\/#breadcrumb\",\"itemListElement\":[{\"@type\":\"ListItem\",\"position\":1,\"name\":\"Home\",\"item\":\"https:\/\/addio.eu\/da\/addio-forside\/\"},{\"@type\":\"ListItem\",\"position\":2,\"name\":\"Produkter\",\"item\":\"https:\/\/addio.eu\/da\/produkter\/\"},{\"@type\":\"ListItem\",\"position\":3,\"name\":\"Bluetooth BLE 5.0 CAN\"}]},{\"@type\":\"WebSite\",\"@id\":\"https:\/\/addio.eu\/da\/#website\",\"url\":\"https:\/\/addio.eu\/da\/\",\"name\":\"addio.eu\",\"description\":\"\",\"publisher\":{\"@id\":\"https:\/\/addio.eu\/da\/#organization\"},\"potentialAction\":[{\"@type\":\"SearchAction\",\"target\":{\"@type\":\"EntryPoint\",\"urlTemplate\":\"https:\/\/addio.eu\/da\/?s={search_term_string}\"},\"query-input\":{\"@type\":\"PropertyValueSpecification\",\"valueRequired\":true,\"valueName\":\"search_term_string\"}}],\"inLanguage\":\"da-DK\"},{\"@type\":\"Organization\",\"@id\":\"https:\/\/addio.eu\/da\/#organization\",\"name\":\"Addio elektronik\",\"url\":\"https:\/\/addio.eu\/da\/\",\"logo\":{\"@type\":\"ImageObject\",\"inLanguage\":\"da-DK\",\"@id\":\"https:\/\/addio.eu\/da\/#\/schema\/logo\/image\/\",\"url\":\"https:\/\/addio.eu\/wp-content\/uploads\/2024\/10\/Lager_1-1.svg\",\"contentUrl\":\"https:\/\/addio.eu\/wp-content\/uploads\/2024\/10\/Lager_1-1.svg\",\"caption\":\"Addio elektronik\"},\"image\":{\"@id\":\"https:\/\/addio.eu\/da\/#\/schema\/logo\/image\/\"},\"sameAs\":[\"https:\/\/www.facebook.com\/AddioElectronicsAB\/\",\"https:\/\/www.linkedin.com\/company\/addio-electronics-ab\"]}]}<\/script>\n<!-- \/ Yoast SEO plugin. -->","yoast_head_json":{"title":"Bluetooth BLE 5.0 CAN - Addio Electronics","robots":{"index":"index","follow":"follow","max-snippet":"max-snippet:-1","max-image-preview":"max-image-preview:large","max-video-preview":"max-video-preview:-1"},"canonical":"https:\/\/addio.eu\/da\/vare\/bluetooth-ble-5-0-can\/","og_locale":"da_DK","og_type":"article","og_title":"Bluetooth BLE 5.0 CAN - Addio Electronics","og_description":"Bluetooth-enhed til styring af dit system via mobiltelefon Som tilbeh\u00f8r til alle ADV-enheder kan et Bluetooth-modul tilsluttes via CAN-porten for tr\u00e5dl\u00f8s styring via en mobilapplikation til iOS (Apple) og Android-enheder. Den mobile enhed skal underst\u00f8tte Bluetooth 4.0 eller nyere for at etablere en forbindelse. Det er vigtigt at placere modulet et sted, hvor det kan opretholde den bedst mulige forbindelse med den mobile enhed. Med en klar sigtelinje kan der opn\u00e5s en r\u00e6kkevidde p\u00e5 over 150 meter, selvom dette er meget afh\u00e6ngigt af den anvendte mobile enhed. Kommunikationsporten best\u00e5r af et RJ-10-stik p\u00e5 modulets korte side, som tilsluttes enhedens COM\/CAN-port.","og_url":"https:\/\/addio.eu\/da\/vare\/bluetooth-ble-5-0-can\/","og_site_name":"Addio Electronics","article_publisher":"https:\/\/www.facebook.com\/AddioElectronicsAB\/","og_image":[{"width":1065,"height":774,"url":"https:\/\/addio.eu\/wp-content\/uploads\/2025\/03\/IMG_1545.jpg","type":"image\/jpeg"}],"twitter_card":"summary_large_image","schema":{"@context":"https:\/\/schema.org","@graph":[{"@type":"WebPage","@id":"https:\/\/addio.eu\/da\/vare\/bluetooth-ble-5-0-can\/","url":"https:\/\/addio.eu\/da\/vare\/bluetooth-ble-5-0-can\/","name":"Bluetooth BLE 5.0 CAN - Addio Electronics","isPartOf":{"@id":"https:\/\/addio.eu\/da\/#website"},"primaryImageOfPage":{"@id":"https:\/\/addio.eu\/da\/vare\/bluetooth-ble-5-0-can\/#primaryimage"},"image":{"@id":"https:\/\/addio.eu\/da\/vare\/bluetooth-ble-5-0-can\/#primaryimage"},"thumbnailUrl":"https:\/\/addio.eu\/wp-content\/uploads\/2025\/03\/IMG_1545.jpg","datePublished":"2025-03-07T10:42:15+00:00","breadcrumb":{"@id":"https:\/\/addio.eu\/da\/vare\/bluetooth-ble-5-0-can\/#breadcrumb"},"inLanguage":"da-DK","potentialAction":[{"@type":"ReadAction","target":["https:\/\/addio.eu\/da\/vare\/bluetooth-ble-5-0-can\/"]}]},{"@type":"ImageObject","inLanguage":"da-DK","@id":"https:\/\/addio.eu\/da\/vare\/bluetooth-ble-5-0-can\/#primaryimage","url":"https:\/\/addio.eu\/wp-content\/uploads\/2025\/03\/IMG_1545.jpg","contentUrl":"https:\/\/addio.eu\/wp-content\/uploads\/2025\/03\/IMG_1545.jpg","width":1065,"height":774},{"@type":"BreadcrumbList","@id":"https:\/\/addio.eu\/da\/vare\/bluetooth-ble-5-0-can\/#breadcrumb","itemListElement":[{"@type":"ListItem","position":1,"name":"Home","item":"https:\/\/addio.eu\/da\/addio-forside\/"},{"@type":"ListItem","position":2,"name":"Produkter","item":"https:\/\/addio.eu\/da\/produkter\/"},{"@type":"ListItem","position":3,"name":"Bluetooth BLE 5.0 CAN"}]},{"@type":"WebSite","@id":"https:\/\/addio.eu\/da\/#website","url":"https:\/\/addio.eu\/da\/","name":"addio.eu","description":"","publisher":{"@id":"https:\/\/addio.eu\/da\/#organization"},"potentialAction":[{"@type":"SearchAction","target":{"@type":"EntryPoint","urlTemplate":"https:\/\/addio.eu\/da\/?s={search_term_string}"},"query-input":{"@type":"PropertyValueSpecification","valueRequired":true,"valueName":"search_term_string"}}],"inLanguage":"da-DK"},{"@type":"Organization","@id":"https:\/\/addio.eu\/da\/#organization","name":"Addio elektronik","url":"https:\/\/addio.eu\/da\/","logo":{"@type":"ImageObject","inLanguage":"da-DK","@id":"https:\/\/addio.eu\/da\/#\/schema\/logo\/image\/","url":"https:\/\/addio.eu\/wp-content\/uploads\/2024\/10\/Lager_1-1.svg","contentUrl":"https:\/\/addio.eu\/wp-content\/uploads\/2024\/10\/Lager_1-1.svg","caption":"Addio elektronik"},"image":{"@id":"https:\/\/addio.eu\/da\/#\/schema\/logo\/image\/"},"sameAs":["https:\/\/www.facebook.com\/AddioElectronicsAB\/","https:\/\/www.linkedin.com\/company\/addio-electronics-ab"]}]}},"_links":{"self":[{"href":"https:\/\/addio.eu\/da\/wp-json\/wp\/v2\/product\/11603","targetHints":{"allow":["GET"]}}],"collection":[{"href":"https:\/\/addio.eu\/da\/wp-json\/wp\/v2\/product"}],"about":[{"href":"https:\/\/addio.eu\/da\/wp-json\/wp\/v2\/types\/product"}],"replies":[{"embeddable":true,"href":"https:\/\/addio.eu\/da\/wp-json\/wp\/v2\/comments?post=11603"}],"wp:featuredmedia":[{"embeddable":true,"href":"https:\/\/addio.eu\/da\/wp-json\/wp\/v2\/media\/5873"}],"wp:attachment":[{"href":"https:\/\/addio.eu\/da\/wp-json\/wp\/v2\/media?parent=11603"}],"wp:term":[{"taxonomy":"product_brand","embeddable":true,"href":"https:\/\/addio.eu\/da\/wp-json\/wp\/v2\/product_brand?post=11603"},{"taxonomy":"product_cat","embeddable":true,"href":"https:\/\/addio.eu\/da\/wp-json\/wp\/v2\/product_cat?post=11603"},{"taxonomy":"product_tag","embeddable":true,"href":"https:\/\/addio.eu\/da\/wp-json\/wp\/v2\/product_tag?post=11603"}],"curies":[{"name":"wp","href":"https:\/\/api.w.org\/{rel}","templated":true}]}}