{"id":11326,"date":"2025-03-07T10:19:14","date_gmt":"2025-03-07T10:19:14","guid":{"rendered":"https:\/\/addio.eu\/product\/drb-5024-8-adv\/"},"modified":"2026-02-10T17:00:14","modified_gmt":"2026-02-10T17:00:14","slug":"drb-5024-8-adv","status":"publish","type":"product","link":"https:\/\/addio.eu\/da\/vare\/drb-5024-8-adv\/","title":{"rendered":"DRB 5024-8 ADV"},"content":{"rendered":"<p>For automatiserede funktioner kan Addio CAN Master tilsluttes og bruges til integration med k\u00f8ret\u00f8jssignaler, der anvendes som input.<\/p>\n<p>DRB&#8217;en konfigureres via vores software ADDIO CC.<\/p>\n<table width=\"298\">\n<tbody>\n<tr>\n<td width=\"234\">Model<\/td>\n<td width=\"64\">DRB-5024-8 ADV<\/td>\n<\/tr>\n<tr>\n<td width=\"234\">Str\u00f8mforsyning<\/td>\n<td width=\"64\">18-31 VDC<\/td>\n<\/tr>\n<tr>\n<td width=\"234\">Intern str\u00f8mforbrug (ca.) Normal tilstand uden output<\/td>\n<td width=\"64\">~ 30 mA<\/td>\n<\/tr>\n<tr>\n<td width=\"234\">Undersp\u00e6ndingsbeskyttelse (justerbar)<\/td>\n<td width=\"64\">~ 8 VDC<\/td>\n<\/tr>\n<tr>\n<td width=\"234\">Oversp\u00e6ndingsbeskyttelse (justerbar)<\/td>\n<td width=\"64\">~ 32 VDC<\/td>\n<\/tr>\n<tr>\n<td width=\"234\">Maks. total str\u00f8m 1 minut<\/td>\n<td width=\"64\">50A<\/td>\n<\/tr>\n<tr>\n<td width=\"234\">Maks. total str\u00f8m kontinuerlig<\/td>\n<td width=\"64\">50A<\/td>\n<\/tr>\n<tr>\n<td width=\"234\">Samlet antal indgange<\/td>\n<td width=\"64\">8<\/td>\n<\/tr>\n<tr>\n<td width=\"234\">Digitale indgange<\/td>\n<td width=\"64\">4 stk.<\/td>\n<\/tr>\n<tr>\n<td width=\"234\">Analoge indgange<\/td>\n<td width=\"64\">4 stk.<\/td>\n<\/tr>\n<tr>\n<td width=\"234\">Forbindelser indgange (jackbar)<\/td>\n<td width=\"64\">8-polede<\/td>\n<\/tr>\n<tr>\n<td width=\"234\">Forbindelser indgange (jackbar)<\/td>\n<td width=\"64\">22k\u03a9<\/td>\n<\/tr>\n<tr>\n<td width=\"234\">Antal udgange<\/td>\n<td width=\"64\">8<\/td>\n<\/tr>\n<tr>\n<td width=\"234\">Forbindelser udgange<\/td>\n<td width=\"64\">Kabelkrympeforbindelse<\/td>\n<\/tr>\n<tr>\n<td width=\"234\">Sikring<\/td>\n<td width=\"64\">5, 10, 15<\/td>\n<\/tr>\n<tr>\n<td width=\"234\">Forbindelse str\u00f8mforsyning<\/td>\n<td width=\"64\">Maks. 50A<\/td>\n<\/tr>\n<tr>\n<td width=\"234\">Bluetooth<\/td>\n<td width=\"64\">Ja<\/td>\n<\/tr>\n<tr>\n<td width=\"234\">Motorstyring, Switche<\/td>\n<td width=\"64\">Ja, maks. 12A<\/td>\n<\/tr>\n<tr>\n<td width=\"234\">Fejlindikator<\/td>\n<td width=\"64\">Delt RGB LED<\/td>\n<\/tr>\n<tr>\n<td width=\"234\">LED pr. udgang (justerbar farve)<\/td>\n<td width=\"64\">Ja<\/td>\n<\/tr>\n<tr>\n<td width=\"234\">Kommunikationsbus (CAN-bus)<\/td>\n<td width=\"64\">Ja, 2 kanaler<\/td>\n<\/tr>\n<tr>\n<td width=\"234\">Forbindelser udgange<\/td>\n<td width=\"64\">USB Mini<\/td>\n<\/tr>\n<tr>\n<td width=\"234\">Jordforbindelse, Switche<\/td>\n<td width=\"64\">Ja, maks 12A<\/td>\n<\/tr>\n<tr>\n<td width=\"234\">H\u00e5ndkontrol, Skiftekontakt<\/td>\n<td width=\"64\">Ja, maks 12A<\/td>\n<\/tr>\n<tr>\n<td width=\"234\">St\u00f8rrelse (mm)<\/td>\n<td width=\"64\">191 x 120 x 50<\/td>\n<\/tr>\n<tr>\n<td width=\"234\">V\u00e6gt<\/td>\n<td width=\"64\">191 g<\/td>\n<\/tr>\n<\/tbody>\n<\/table>\n","protected":false},"excerpt":{"rendered":"<div class=\"elementor-element elementor-element-28a1869 elementor-widget elementor-widget-woocommerce-product-title elementor-page-title elementor-widget-heading\" data-id=\"28a1869\" data-element_type=\"widget\" data-widget_type=\"woocommerce-product-title.default\">\n<div class=\"elementor-widget-container\"><\/div>\n<\/div>\n<div class=\"elementor-element elementor-element-b951bf8 elementor-widget elementor-widget-woocommerce-product-short-description\" data-id=\"b951bf8\" data-element_type=\"widget\" data-widget_type=\"woocommerce-product-short-description.default\">\n<div class=\"elementor-widget-container\">\n<div class=\"woocommerce-product-details__short-description\">\n<div class=\"elementor-element elementor-element-28a1869 elementor-widget elementor-widget-woocommerce-product-title elementor-page-title elementor-widget-heading\" data-id=\"28a1869\" data-element_type=\"widget\" data-widget_type=\"woocommerce-product-title.default\">\n<div class=\"elementor-widget-container\">DRB 5024-8 ADV er, ligesom alle vores DRB&#8217;er, konfigureret til at v\u00e6re fleksibel og kan tilpasses til en bred vifte af applikationer.<\/div>\n<\/div>\n<div class=\"elementor-element elementor-element-b951bf8 elementor-widget elementor-widget-woocommerce-product-short-description\" data-id=\"b951bf8\" data-element_type=\"widget\" data-widget_type=\"woocommerce-product-short-description.default\">\n<div class=\"elementor-widget-container\">\n<div class=\"woocommerce-product-details__short-description\">\n<p>Ligesom alle vores DRB&#8217;er tilbyder 5024-8 ADV en sikringsfunktion via h\u00f8jstr\u00f8mskontakter.<\/p>\n<ul>\n<li>Rel\u00e6funktioner som blink, dimmer og timer<\/li>\n<li>Sikringsfunktion via h\u00f8jstr\u00f8msafbrydere<\/li>\n<li>Batteribeskyttelse gennem timere eller sp\u00e6ndingsbeskyttelse, individuelt pr. udgang.<\/li>\n<li>Regelbaserede logiske funktioner<\/li>\n<li>Op til tre forskellige funktioner pr. udgang, s\u00e5som konstant eller blinkende<\/li>\n<\/ul>\n<p class=\"\" data-start=\"112\" data-end=\"430\">Udgangene er digitalt beskyttet op til 15 ampere pr. udgang.<\/p>\n<p class=\"\" data-start=\"432\" data-end=\"679\">Udgange kan konfigureres til op til 15 ampere pr. udgang.<\/p>\n<\/div>\n<\/div>\n<\/div>\n<\/div>\n<\/div>\n<\/div>\n","protected":false},"featured_media":11329,"comment_status":"open","ping_status":"closed","template":"","meta":[],"product_brand":[],"product_cat":[218],"product_tag":[220,233,231,232],"class_list":{"0":"post-11326","1":"product","2":"type-product","3":"status-publish","4":"has-post-thumbnail","6":"product_cat-digitale-relaebokse","7":"product_tag-2-can-porte","8":"product_tag-24v","9":"product_tag-8-indgange","10":"product_tag-antal-udgange-8-stk","12":"first","13":"instock","14":"shipping-taxable","15":"product-type-simple"},"yoast_head":"<!-- This site is optimized with the Yoast SEO plugin v26.0 - https:\/\/yoast.com\/wordpress\/plugins\/seo\/ -->\n<title>DRB 5024-8 ADV - Addio Electronics<\/title>\n<meta name=\"robots\" content=\"index, follow, max-snippet:-1, max-image-preview:large, max-video-preview:-1\" \/>\n<link rel=\"canonical\" href=\"https:\/\/addio.eu\/da\/vare\/drb-5024-8-adv\/\" \/>\n<meta property=\"og:locale\" content=\"da_DK\" \/>\n<meta property=\"og:type\" content=\"article\" \/>\n<meta property=\"og:title\" content=\"DRB 5024-8 ADV - Addio Electronics\" \/>\n<meta property=\"og:description\" content=\"DRB 5024-8 ADV er, ligesom alle vores DRB&#039;er, konfigureret til at v\u00e6re fleksibel og kan tilpasses til en bred vifte af applikationer.   Ligesom alle vores DRB&#039;er tilbyder 5024-8 ADV en sikringsfunktion via h\u00f8jstr\u00f8mskontakter.  Rel\u00e6funktioner som blink, dimmer og timer  Sikringsfunktion via h\u00f8jstr\u00f8msafbrydere  Batteribeskyttelse gennem timere eller sp\u00e6ndingsbeskyttelse, individuelt pr. udgang.  Regelbaserede logiske funktioner  Op til tre forskellige funktioner pr. udgang, s\u00e5som konstant eller blinkende Udgangene er digitalt beskyttet op til 15 ampere pr. udgang. Udgange kan konfigureres til op til 15 ampere pr. udgang.\" \/>\n<meta property=\"og:url\" content=\"https:\/\/addio.eu\/da\/vare\/drb-5024-8-adv\/\" \/>\n<meta property=\"og:site_name\" content=\"Addio Electronics\" \/>\n<meta property=\"article:publisher\" content=\"https:\/\/www.facebook.com\/AddioElectronicsAB\/\" \/>\n<meta property=\"article:modified_time\" content=\"2026-02-10T17:00:14+00:00\" \/>\n<meta property=\"og:image\" content=\"https:\/\/addio.eu\/wp-content\/uploads\/2025\/03\/IMG_1796-scaled.jpg\" \/>\n\t<meta property=\"og:image:width\" content=\"2560\" \/>\n\t<meta property=\"og:image:height\" content=\"1618\" \/>\n\t<meta property=\"og:image:type\" content=\"image\/jpeg\" \/>\n<meta name=\"twitter:card\" content=\"summary_large_image\" \/>\n<meta name=\"twitter:label1\" content=\"Estimeret l\u00e6setid\" \/>\n\t<meta name=\"twitter:data1\" content=\"1 minut\" \/>\n<script type=\"application\/ld+json\" class=\"yoast-schema-graph\">{\"@context\":\"https:\/\/schema.org\",\"@graph\":[{\"@type\":\"WebPage\",\"@id\":\"https:\/\/addio.eu\/da\/vare\/drb-5024-8-adv\/\",\"url\":\"https:\/\/addio.eu\/da\/vare\/drb-5024-8-adv\/\",\"name\":\"DRB 5024-8 ADV - Addio Electronics\",\"isPartOf\":{\"@id\":\"https:\/\/addio.eu\/da\/#website\"},\"primaryImageOfPage\":{\"@id\":\"https:\/\/addio.eu\/da\/vare\/drb-5024-8-adv\/#primaryimage\"},\"image\":{\"@id\":\"https:\/\/addio.eu\/da\/vare\/drb-5024-8-adv\/#primaryimage\"},\"thumbnailUrl\":\"https:\/\/addio.eu\/wp-content\/uploads\/2025\/03\/IMG_1796-scaled.jpg\",\"datePublished\":\"2025-03-07T10:19:14+00:00\",\"dateModified\":\"2026-02-10T17:00:14+00:00\",\"breadcrumb\":{\"@id\":\"https:\/\/addio.eu\/da\/vare\/drb-5024-8-adv\/#breadcrumb\"},\"inLanguage\":\"da-DK\",\"potentialAction\":[{\"@type\":\"ReadAction\",\"target\":[\"https:\/\/addio.eu\/da\/vare\/drb-5024-8-adv\/\"]}]},{\"@type\":\"ImageObject\",\"inLanguage\":\"da-DK\",\"@id\":\"https:\/\/addio.eu\/da\/vare\/drb-5024-8-adv\/#primaryimage\",\"url\":\"https:\/\/addio.eu\/wp-content\/uploads\/2025\/03\/IMG_1796-scaled.jpg\",\"contentUrl\":\"https:\/\/addio.eu\/wp-content\/uploads\/2025\/03\/IMG_1796-scaled.jpg\",\"width\":2560,\"height\":1618},{\"@type\":\"BreadcrumbList\",\"@id\":\"https:\/\/addio.eu\/da\/vare\/drb-5024-8-adv\/#breadcrumb\",\"itemListElement\":[{\"@type\":\"ListItem\",\"position\":1,\"name\":\"Home\",\"item\":\"https:\/\/addio.eu\/da\/addio-forside\/\"},{\"@type\":\"ListItem\",\"position\":2,\"name\":\"Produkter\",\"item\":\"https:\/\/addio.eu\/da\/produkter\/\"},{\"@type\":\"ListItem\",\"position\":3,\"name\":\"DRB 5024-8 ADV\"}]},{\"@type\":\"WebSite\",\"@id\":\"https:\/\/addio.eu\/da\/#website\",\"url\":\"https:\/\/addio.eu\/da\/\",\"name\":\"addio.eu\",\"description\":\"\",\"publisher\":{\"@id\":\"https:\/\/addio.eu\/da\/#organization\"},\"potentialAction\":[{\"@type\":\"SearchAction\",\"target\":{\"@type\":\"EntryPoint\",\"urlTemplate\":\"https:\/\/addio.eu\/da\/?s={search_term_string}\"},\"query-input\":{\"@type\":\"PropertyValueSpecification\",\"valueRequired\":true,\"valueName\":\"search_term_string\"}}],\"inLanguage\":\"da-DK\"},{\"@type\":\"Organization\",\"@id\":\"https:\/\/addio.eu\/da\/#organization\",\"name\":\"Addio elektronik\",\"url\":\"https:\/\/addio.eu\/da\/\",\"logo\":{\"@type\":\"ImageObject\",\"inLanguage\":\"da-DK\",\"@id\":\"https:\/\/addio.eu\/da\/#\/schema\/logo\/image\/\",\"url\":\"https:\/\/addio.eu\/wp-content\/uploads\/2024\/10\/Lager_1-1.svg\",\"contentUrl\":\"https:\/\/addio.eu\/wp-content\/uploads\/2024\/10\/Lager_1-1.svg\",\"caption\":\"Addio elektronik\"},\"image\":{\"@id\":\"https:\/\/addio.eu\/da\/#\/schema\/logo\/image\/\"},\"sameAs\":[\"https:\/\/www.facebook.com\/AddioElectronicsAB\/\",\"https:\/\/www.linkedin.com\/company\/addio-electronics-ab\"]}]}<\/script>\n<!-- \/ Yoast SEO plugin. -->","yoast_head_json":{"title":"DRB 5024-8 ADV - Addio Electronics","robots":{"index":"index","follow":"follow","max-snippet":"max-snippet:-1","max-image-preview":"max-image-preview:large","max-video-preview":"max-video-preview:-1"},"canonical":"https:\/\/addio.eu\/da\/vare\/drb-5024-8-adv\/","og_locale":"da_DK","og_type":"article","og_title":"DRB 5024-8 ADV - Addio Electronics","og_description":"DRB 5024-8 ADV er, ligesom alle vores DRB'er, konfigureret til at v\u00e6re fleksibel og kan tilpasses til en bred vifte af applikationer.   Ligesom alle vores DRB'er tilbyder 5024-8 ADV en sikringsfunktion via h\u00f8jstr\u00f8mskontakter.  Rel\u00e6funktioner som blink, dimmer og timer  Sikringsfunktion via h\u00f8jstr\u00f8msafbrydere  Batteribeskyttelse gennem timere eller sp\u00e6ndingsbeskyttelse, individuelt pr. udgang.  Regelbaserede logiske funktioner  Op til tre forskellige funktioner pr. udgang, s\u00e5som konstant eller blinkende Udgangene er digitalt beskyttet op til 15 ampere pr. udgang. Udgange kan konfigureres til op til 15 ampere pr. udgang.","og_url":"https:\/\/addio.eu\/da\/vare\/drb-5024-8-adv\/","og_site_name":"Addio Electronics","article_publisher":"https:\/\/www.facebook.com\/AddioElectronicsAB\/","article_modified_time":"2026-02-10T17:00:14+00:00","og_image":[{"width":2560,"height":1618,"url":"https:\/\/addio.eu\/wp-content\/uploads\/2025\/03\/IMG_1796-scaled.jpg","type":"image\/jpeg"}],"twitter_card":"summary_large_image","twitter_misc":{"Estimeret l\u00e6setid":"1 minut"},"schema":{"@context":"https:\/\/schema.org","@graph":[{"@type":"WebPage","@id":"https:\/\/addio.eu\/da\/vare\/drb-5024-8-adv\/","url":"https:\/\/addio.eu\/da\/vare\/drb-5024-8-adv\/","name":"DRB 5024-8 ADV - Addio Electronics","isPartOf":{"@id":"https:\/\/addio.eu\/da\/#website"},"primaryImageOfPage":{"@id":"https:\/\/addio.eu\/da\/vare\/drb-5024-8-adv\/#primaryimage"},"image":{"@id":"https:\/\/addio.eu\/da\/vare\/drb-5024-8-adv\/#primaryimage"},"thumbnailUrl":"https:\/\/addio.eu\/wp-content\/uploads\/2025\/03\/IMG_1796-scaled.jpg","datePublished":"2025-03-07T10:19:14+00:00","dateModified":"2026-02-10T17:00:14+00:00","breadcrumb":{"@id":"https:\/\/addio.eu\/da\/vare\/drb-5024-8-adv\/#breadcrumb"},"inLanguage":"da-DK","potentialAction":[{"@type":"ReadAction","target":["https:\/\/addio.eu\/da\/vare\/drb-5024-8-adv\/"]}]},{"@type":"ImageObject","inLanguage":"da-DK","@id":"https:\/\/addio.eu\/da\/vare\/drb-5024-8-adv\/#primaryimage","url":"https:\/\/addio.eu\/wp-content\/uploads\/2025\/03\/IMG_1796-scaled.jpg","contentUrl":"https:\/\/addio.eu\/wp-content\/uploads\/2025\/03\/IMG_1796-scaled.jpg","width":2560,"height":1618},{"@type":"BreadcrumbList","@id":"https:\/\/addio.eu\/da\/vare\/drb-5024-8-adv\/#breadcrumb","itemListElement":[{"@type":"ListItem","position":1,"name":"Home","item":"https:\/\/addio.eu\/da\/addio-forside\/"},{"@type":"ListItem","position":2,"name":"Produkter","item":"https:\/\/addio.eu\/da\/produkter\/"},{"@type":"ListItem","position":3,"name":"DRB 5024-8 ADV"}]},{"@type":"WebSite","@id":"https:\/\/addio.eu\/da\/#website","url":"https:\/\/addio.eu\/da\/","name":"addio.eu","description":"","publisher":{"@id":"https:\/\/addio.eu\/da\/#organization"},"potentialAction":[{"@type":"SearchAction","target":{"@type":"EntryPoint","urlTemplate":"https:\/\/addio.eu\/da\/?s={search_term_string}"},"query-input":{"@type":"PropertyValueSpecification","valueRequired":true,"valueName":"search_term_string"}}],"inLanguage":"da-DK"},{"@type":"Organization","@id":"https:\/\/addio.eu\/da\/#organization","name":"Addio elektronik","url":"https:\/\/addio.eu\/da\/","logo":{"@type":"ImageObject","inLanguage":"da-DK","@id":"https:\/\/addio.eu\/da\/#\/schema\/logo\/image\/","url":"https:\/\/addio.eu\/wp-content\/uploads\/2024\/10\/Lager_1-1.svg","contentUrl":"https:\/\/addio.eu\/wp-content\/uploads\/2024\/10\/Lager_1-1.svg","caption":"Addio elektronik"},"image":{"@id":"https:\/\/addio.eu\/da\/#\/schema\/logo\/image\/"},"sameAs":["https:\/\/www.facebook.com\/AddioElectronicsAB\/","https:\/\/www.linkedin.com\/company\/addio-electronics-ab"]}]}},"_links":{"self":[{"href":"https:\/\/addio.eu\/da\/wp-json\/wp\/v2\/product\/11326","targetHints":{"allow":["GET"]}}],"collection":[{"href":"https:\/\/addio.eu\/da\/wp-json\/wp\/v2\/product"}],"about":[{"href":"https:\/\/addio.eu\/da\/wp-json\/wp\/v2\/types\/product"}],"replies":[{"embeddable":true,"href":"https:\/\/addio.eu\/da\/wp-json\/wp\/v2\/comments?post=11326"}],"wp:featuredmedia":[{"embeddable":true,"href":"https:\/\/addio.eu\/da\/wp-json\/wp\/v2\/media\/11329"}],"wp:attachment":[{"href":"https:\/\/addio.eu\/da\/wp-json\/wp\/v2\/media?parent=11326"}],"wp:term":[{"taxonomy":"product_brand","embeddable":true,"href":"https:\/\/addio.eu\/da\/wp-json\/wp\/v2\/product_brand?post=11326"},{"taxonomy":"product_cat","embeddable":true,"href":"https:\/\/addio.eu\/da\/wp-json\/wp\/v2\/product_cat?post=11326"},{"taxonomy":"product_tag","embeddable":true,"href":"https:\/\/addio.eu\/da\/wp-json\/wp\/v2\/product_tag?post=11326"}],"curies":[{"name":"wp","href":"https:\/\/api.w.org\/{rel}","templated":true}]}}