{"id":9826,"date":"2024-10-18T20:08:19","date_gmt":"2024-10-18T20:08:19","guid":{"rendered":"https:\/\/addio.eu\/privatlivspolitik\/"},"modified":"2025-10-07T11:35:14","modified_gmt":"2025-10-07T11:35:14","slug":"privatlivspolitik","status":"publish","type":"page","link":"https:\/\/addio.eu\/da\/privatlivspolitik\/","title":{"rendered":"Privatlivspolitik"},"content":{"rendered":"\t\t<div data-elementor-type=\"wp-page\" data-elementor-id=\"9826\" class=\"elementor elementor-9826 elementor-2381\" data-elementor-post-type=\"page\">\n\t\t\t\t<div class=\"elementor-element elementor-element-80633f2 e-flex e-con-boxed e-con e-parent\" data-id=\"80633f2\" data-element_type=\"container\">\n\t\t\t\t\t<div class=\"e-con-inner\">\n\t\t<div class=\"elementor-element elementor-element-190492a e-con-full e-flex e-con e-child\" data-id=\"190492a\" data-element_type=\"container\">\n\t\t<div class=\"elementor-element elementor-element-4b1b113 e-con-full e-flex e-con e-child\" data-id=\"4b1b113\" data-element_type=\"container\">\n\t\t\t\t<div class=\"elementor-element elementor-element-351288c elementor-widget elementor-widget-text-editor\" data-id=\"351288c\" data-element_type=\"widget\" data-widget_type=\"text-editor.default\">\n\t\t\t\t<div class=\"elementor-widget-container\">\n\t\t\t\t\t\t\t\t\t<p><strong>Opdateret 30. september<\/strong><\/p><p><strong>Hos Addio er vi forpligtet til at beskytte Deres privatliv og sikre sikkerheden af Deres personlige oplysninger. Denne privatlivspolitik beskriver, hvordan vi indsamler, bruger, opbevarer og beskytter de personlige data, vi indsamler gennem vores hjemmeside (<g id=\"gid_0\">https:\/\/addio.eu<\/g>) og i forbindelse med salg af vores digitale rel\u00e6bokse verden over. Ved at bruge vores tjenester accepterer De indsamling og brug af oplysninger som beskrevet i denne politik.  <\/strong><\/p><p><strong>1. Dataindsamling og -brug<\/strong><\/p><p><strong>1.1 Personlige data<\/strong><br>N\u00e5r De k\u00f8ber et produkt fra os eller opretter en konto p\u00e5 vores hjemmeside, indsamler og opbevarer vi personlige oplysninger, der er n\u00f8dvendige for at gennemf\u00f8re transaktionen og levere vores tjenester. Disse oplysninger kan omfatte: <\/p><ul><li>Fulde navn<\/li><li>E-mailadresse<\/li><li>Fakturerings- og leveringsadresse<\/li><li>adresse<\/li><li>Betalingsoplysninger<\/li><li>Kontakttelefonnummer<\/li><\/ul><p>Disse oplysninger giver os mulighed for at behandle Deres ordrer, levere Deres produkter og administrere Deres kundekonto p\u00e5 vores platform.<\/p><p><strong>1.2 Automatisk indsamlede data<br>Vi bruger cookies og lignende teknologier til at forbedre Deres oplevelse p\u00e5 vores hjemmeside. Disse teknologier giver os mulighed for at:<\/strong> <\/p><ul><li>Spore browseraktivitet og brugerpr\u00e6ferencer<\/li><li>Forbedre hjemmesidens funktionalitet og ydeevne<\/li><li>Indsamle analysedata for bedre at forst\u00e5 brugeradf\u00e6rd<br><br><\/li><\/ul><p>Disse oplysninger giver os mulighed for at behandle Deres ordrer, levere Deres produkter og administrere Deres kundekonto p\u00e5 vores platform.<\/p><p><strong>2. Kontooprettelse og betalingsbehandling<\/strong><\/p><p><br><strong>2.1 Kontooprettelse<br>N\u00e5r De foretager Deres f\u00f8rste k\u00f8b ved hj\u00e6lp af Stripe, opretter vi en kundekonto til Dem for at str\u00f8mline fremtidige transaktioner. Efter Deres f\u00f8rste k\u00f8b vil De modtage en bekr\u00e6ftelses-e-mail. De skal gennemf\u00f8re bekr\u00e6ftelsesprocessen, f\u00f8r De f\u00e5r adgang til Deres konto i vores kundeportal.<br>Deres konto er beskyttet af en sikker adgangskode, som De er ansvarlig for at vedligeholde. S\u00f8rg venligst for, at Deres loginoplysninger forbliver fortrolige for at forhindre uautoriseret adgang til Deres konto.<\/strong>   <\/p><p><strong>2.2 Betalingsoplysninger<br>Alle betalinger p\u00e5 vores hjemmeside behandles sikkert via Stripe. Vi opbevarer ikke f\u00f8lsomme betalingsoplysninger s\u00e5som kreditkortnumre. Stripe er fuldt kompatibel med Payment Card Industry Data Security Standard (PCI DSS), hvilket sikrer beskyttelse af Deres betalingsoplysninger.<\/strong>  <\/p><p><strong>3. Samtykke til vilk\u00e5r og betingelser<\/strong><br>For at afgive en ordre, oprette en konto eller f\u00e5 adgang til nogen af vores tjenester skal kunder acceptere vores vilk\u00e5r og betingelser samt denne privatlivspolitik. Ved at forts\u00e6tte med en transaktion anerkender De, at De har l\u00e6st, forst\u00e5et og accepteret disse vilk\u00e5r. <br><br><strong>4. Datadeling og internationale overf\u00f8rsler<br>Vi deler eller s\u00e6lger ikke personlige data til tredjeparter til markedsf\u00f8rings- eller ikke-relaterede forretningsform\u00e5l. De data, De leverer, deles kun med tredjeparter, n\u00e5r det er n\u00f8dvendigt for at gennemf\u00f8re en transaktion eller for at overholde juridiske krav. Dette omfatter:<\/strong>  <\/p><ul><li>Tredjepartsbetalingsbehandlere (f.eks. Stripe) til at h\u00e5ndtere transaktioner<\/li><li>Forsendelses- og logistikudbydere til levering af produkter<br><br><\/li><\/ul><p><strong>GDPR-overholdelse<\/strong><br>Da vi er baseret i Den Europ\u00e6iske Union (EU), overholder vi den generelle databeskyttelsesforordning (GDPR). For dataoverf\u00f8rsler til lande uden for EU\/E\u00d8S sikrer vi, at passende sikkerhedsforanstaltninger, s\u00e5som standardkontraktbestemmelser (SCC&#8217;er), er p\u00e5 plads for at beskytte Deres data og overholde lokale regler. <\/p><p><strong>Databehandlere<br>Alle tredjepartsdatabehandlere, vi arbejder med, er kontrolleret for at sikre, at de opfylder vores databeskyttelsesstandarder og overholder g\u00e6ldende regler.<\/strong><\/p><p><strong>5. Dataopbevaring<br>Vi opbevarer Deres personlige data, s\u00e5 l\u00e6nge Deres konto er aktiv og n\u00f8dvendig til de form\u00e5l, der er beskrevet i denne politik. Hvis De ikke logger ind p\u00e5 Deres konto i en periode p\u00e5 24 m\u00e5neder, vil vi begynde processen med at slette Deres konto og tilh\u00f8rende data. F\u00f8r vi forts\u00e6tter med sletning, vil vi underrette Dem via e-mail og give Dem 3 m\u00e5neder til at logge ind og forhindre sletningen.<\/strong>  <\/p><p><strong>6. Deres datarettigheder<br>Under GDPR og andre g\u00e6ldende privatlivslovgivninger har De f\u00f8lgende rettigheder med hensyn til Deres personlige data:<\/strong><\/p><ul><li>Ret til adgang: De kan anmode om en kopi af de personlige data, vi har om Dem.<\/li><li>Ret til berigtigelse: De kan anmode om, at vi retter un\u00f8jagtige eller ufuldst\u00e6ndige data.<\/li><li>Ret til sletning (&#8220;Ret til at blive glemt&#8221;): De kan anmode om, at vi sletter Deres personlige data under visse betingelser.<\/li><li>Ret til dataportabilitet: De kan anmode om en kopi af Deres personlige data i et struktureret, almindeligt anvendt og maskinl\u00e6sbart format.<\/li><li>Ret til at begr\u00e6nse behandling: De kan anmode om, at vi begr\u00e6nser behandlingen af Deres data under visse omst\u00e6ndigheder.<\/li><li>Ret til indsigelse: De kan g\u00f8re indsigelse mod behandlingen af Deres data til visse form\u00e5l, s\u00e5som direkte markedsf\u00f8ring.<br><br><\/li><\/ul><p>For at ud\u00f8ve nogen af Deres rettigheder bedes De kontakte os p\u00e5 info@addio.eu. Vi sigter mod at svare p\u00e5 alle anmodninger inden for 30 dage <\/p><p><strong>7. Sikkerhedsforanstaltninger<\/strong><br>Vi tager sikkerheden af Deres personlige data alvorligt og implementerer en r\u00e6kke foranstaltninger for at beskytte dem:<\/p><ul><li>Datakryptering: Vi krypterer f\u00f8lsomme oplysninger, herunder betalingsdata, for at sikre sikker transmission over internettet.<\/li><li>Sikker adgang: Adgang til personlige data er begr\u00e6nset til kun autoriseret personale.<br>Regelm\u00e6ssige revisioner: Vi udf\u00f8rer regelm\u00e6ssige sikkerhedsrevisioner og s\u00e5rbarhedsvurderinger for at sikre, at vores systemer forbliver sikre.<\/li><li>To-faktor-autentificering (2FA): Vi opfordrer brugere til at aktivere 2FA for et ekstra lag af kontosikkerhed.<\/li><li>Dataminimering: Vi indsamler og opbevarer kun de data, der er n\u00f8dvendige for vores forretningsdrift og tjenester.<br><br><\/li><\/ul><p><strong>8. Cookies og sporingsteknologier<\/strong><br>Vi bruger cookies til at spore brugeraktivitet, pr\u00e6ferencer og forbedre Deres oplevelse p\u00e5 vores hjemmeside. De kan administrere Deres cookie-pr\u00e6ferencer og samtykke gennem vores <a href=\"https:\/\/addio.eu\/cookie-policy\/\">Cookie-politik<\/a>. <\/p><p><strong>9. Kundesupport og kommunikation<br>For sp\u00f8rgsm\u00e5l, bekymringer eller anmodninger relateret til Deres data eller denne privatlivspolitik bedes De kontakte vores kundesupportteam p\u00e5 info@addio.eu eller bes\u00f8ge vores kundesupportside for mere information.<\/strong><\/p><p><strong>\u00c6ndringer til denne privatlivspolitik<br>Vi forbeholder os retten til at opdatere denne privatlivspolitik for at afspejle \u00e6ndringer i vores praksis, juridiske krav eller operationelle behov. Eventuelle opdateringer vil blive offentliggjort p\u00e5 denne side med en opdateret ikrafttr\u00e6delsesdato. Vi anbefaler at gennemg\u00e5 denne politik regelm\u00e6ssigt for at holde sig informeret om, hvordan vi beskytter Deres personlige data.<\/strong>  <\/p>\t\t\t\t\t\t\t\t<\/div>\n\t\t\t\t<\/div>\n\t\t\t\t<\/div>\n\t\t<div class=\"elementor-element elementor-element-df3def4 e-con-full e-flex e-con e-child\" data-id=\"df3def4\" data-element_type=\"container\">\n\t\t\t\t<div class=\"elementor-element elementor-element-6840190 elementor-icon-list--layout-traditional elementor-list-item-link-full_width elementor-widget elementor-widget-icon-list\" data-id=\"6840190\" data-element_type=\"widget\" data-widget_type=\"icon-list.default\">\n\t\t\t\t<div class=\"elementor-widget-container\">\n\t\t\t\t\t\t\t<ul class=\"elementor-icon-list-items\">\n\t\t\t\t\t\t\t<li class=\"elementor-icon-list-item\">\n\t\t\t\t\t\t\t\t\t\t\t<a href=\"https:\/\/addio.eu\/cookie-policy\/\">\n\n\t\t\t\t\t\t\t\t\t\t\t\t<span class=\"elementor-icon-list-icon\">\n\t\t\t\t\t\t\t<svg xmlns=\"http:\/\/www.w3.org\/2000\/svg\" width=\"24\" height=\"24\" viewBox=\"0 0 24 24\" fill=\"none\"><path d=\"M17.9199 6.62C17.8185 6.37565 17.6243 6.18147 17.3799 6.08C17.2597 6.02876 17.1306 6.00158 16.9999 6H6.99994C6.73472 6 6.48037 6.10536 6.29283 6.29289C6.1053 6.48043 5.99994 6.73478 5.99994 7C5.99994 7.26522 6.1053 7.51957 6.29283 7.70711C6.48037 7.89464 6.73472 8 6.99994 8H14.5899L6.28994 16.29C6.19621 16.383 6.12182 16.4936 6.07105 16.6154C6.02028 16.7373 5.99414 16.868 5.99414 17C5.99414 17.132 6.02028 17.2627 6.07105 17.3846C6.12182 17.5064 6.19621 17.617 6.28994 17.71C6.3829 17.8037 6.4935 17.8781 6.61536 17.9289C6.73722 17.9797 6.86793 18.0058 6.99994 18.0058C7.13195 18.0058 7.26266 17.9797 7.38452 17.9289C7.50638 17.8781 7.61698 17.8037 7.70994 17.71L15.9999 9.41V17C15.9999 17.2652 16.1053 17.5196 16.2928 17.7071C16.4804 17.8946 16.7347 18 16.9999 18C17.2652 18 17.5195 17.8946 17.707 17.7071C17.8946 17.5196 17.9999 17.2652 17.9999 17V7C17.9984 6.86932 17.9712 6.74022 17.9199 6.62Z\" fill=\"#393939\"><\/path><\/svg>\t\t\t\t\t\t<\/span>\n\t\t\t\t\t\t\t\t\t\t<span class=\"elementor-icon-list-text\">Cookiepolitik<\/span>\n\t\t\t\t\t\t\t\t\t\t\t<\/a>\n\t\t\t\t\t\t\t\t\t<\/li>\n\t\t\t\t\t\t<\/ul>\n\t\t\t\t\t\t<\/div>\n\t\t\t\t<\/div>\n\t\t\t\t<div class=\"elementor-element elementor-element-37f3efb elementor-icon-list--layout-traditional elementor-list-item-link-full_width elementor-widget elementor-widget-icon-list\" data-id=\"37f3efb\" data-element_type=\"widget\" data-widget_type=\"icon-list.default\">\n\t\t\t\t<div class=\"elementor-widget-container\">\n\t\t\t\t\t\t\t<ul class=\"elementor-icon-list-items\">\n\t\t\t\t\t\t\t<li class=\"elementor-icon-list-item\">\n\t\t\t\t\t\t\t\t\t\t\t<span class=\"elementor-icon-list-icon\">\n\t\t\t\t\t\t\t<svg xmlns=\"http:\/\/www.w3.org\/2000\/svg\" width=\"34\" height=\"34\" viewBox=\"0 0 34 34\" fill=\"none\"><g clip-path=\"url(#clip0_102_8520)\"><path d=\"M8.9802 16.6182C8.87917 16.8627 8.87917 17.1373 8.9802 17.3818C9.02898 17.5031 9.10105 17.6136 9.19233 17.7071L16.2634 24.7782C16.4509 24.9657 16.7053 25.0711 16.9705 25.0711C17.2357 25.0711 17.4901 24.9657 17.6776 24.7782C17.8652 24.5906 17.9705 24.3363 17.9705 24.0711C17.9705 23.8058 17.8652 23.5515 17.6776 23.364L12.3107 17.997L24.0416 18.0041C24.1736 18.0046 24.3044 17.979 24.4265 17.9288C24.5485 17.8785 24.6594 17.8046 24.7528 17.7112C24.8461 17.6179 24.9201 17.507 24.9703 17.3849C25.0206 17.2628 25.0462 17.132 25.0457 17C25.0462 16.868 25.0206 16.7372 24.9703 16.6151C24.9201 16.493 24.8461 16.3821 24.7528 16.2888C24.6594 16.1954 24.5485 16.1215 24.4265 16.0712C24.3044 16.021 24.1736 15.9954 24.0416 15.9959L12.3107 16.003L17.6776 10.636C17.8652 10.4485 17.9705 10.1941 17.9705 9.92893C17.9705 9.66371 17.8652 9.40936 17.6776 9.22182C17.4901 9.03429 17.2357 8.92893 16.9705 8.92893C16.7053 8.92893 16.4509 9.03429 16.2634 9.22182L9.19233 16.2929C9.10105 16.3864 9.02898 16.4969 8.9802 16.6182Z\" fill=\"#00DB72\"><\/path><\/g><defs><clipPath id=\"clip0_102_8520\"><rect width=\"24\" height=\"24\" fill=\"white\" transform=\"translate(16.9707 33.9706) rotate(-135)\"><\/rect><\/clipPath><\/defs><\/svg>\t\t\t\t\t\t<\/span>\n\t\t\t\t\t\t\t\t\t\t<span class=\"elementor-icon-list-text\">Privatlivspolitik<\/span>\n\t\t\t\t\t\t\t\t\t<\/li>\n\t\t\t\t\t\t<\/ul>\n\t\t\t\t\t\t<\/div>\n\t\t\t\t<\/div>\n\t\t\t\t<div class=\"elementor-element elementor-element-1afe948 elementor-icon-list--layout-traditional elementor-list-item-link-full_width elementor-widget elementor-widget-icon-list\" data-id=\"1afe948\" data-element_type=\"widget\" data-widget_type=\"icon-list.default\">\n\t\t\t\t<div class=\"elementor-widget-container\">\n\t\t\t\t\t\t\t<ul class=\"elementor-icon-list-items\">\n\t\t\t\t\t\t\t<li class=\"elementor-icon-list-item\">\n\t\t\t\t\t\t\t\t\t\t\t<a href=\"https:\/\/addio.eu\/terms-and-conditions\/\">\n\n\t\t\t\t\t\t\t\t\t\t\t\t<span class=\"elementor-icon-list-icon\">\n\t\t\t\t\t\t\t<svg xmlns=\"http:\/\/www.w3.org\/2000\/svg\" width=\"24\" height=\"24\" viewBox=\"0 0 24 24\" fill=\"none\"><path d=\"M17.9199 6.62C17.8185 6.37565 17.6243 6.18147 17.3799 6.08C17.2597 6.02876 17.1306 6.00158 16.9999 6H6.99994C6.73472 6 6.48037 6.10536 6.29283 6.29289C6.1053 6.48043 5.99994 6.73478 5.99994 7C5.99994 7.26522 6.1053 7.51957 6.29283 7.70711C6.48037 7.89464 6.73472 8 6.99994 8H14.5899L6.28994 16.29C6.19621 16.383 6.12182 16.4936 6.07105 16.6154C6.02028 16.7373 5.99414 16.868 5.99414 17C5.99414 17.132 6.02028 17.2627 6.07105 17.3846C6.12182 17.5064 6.19621 17.617 6.28994 17.71C6.3829 17.8037 6.4935 17.8781 6.61536 17.9289C6.73722 17.9797 6.86793 18.0058 6.99994 18.0058C7.13195 18.0058 7.26266 17.9797 7.38452 17.9289C7.50638 17.8781 7.61698 17.8037 7.70994 17.71L15.9999 9.41V17C15.9999 17.2652 16.1053 17.5196 16.2928 17.7071C16.4804 17.8946 16.7347 18 16.9999 18C17.2652 18 17.5195 17.8946 17.707 17.7071C17.8946 17.5196 17.9999 17.2652 17.9999 17V7C17.9984 6.86932 17.9712 6.74022 17.9199 6.62Z\" fill=\"#393939\"><\/path><\/svg>\t\t\t\t\t\t<\/span>\n\t\t\t\t\t\t\t\t\t\t<span class=\"elementor-icon-list-text\">Vilk\u00e5r og betingelser<\/span>\n\t\t\t\t\t\t\t\t\t\t\t<\/a>\n\t\t\t\t\t\t\t\t\t<\/li>\n\t\t\t\t\t\t<\/ul>\n\t\t\t\t\t\t<\/div>\n\t\t\t\t<\/div>\n\t\t\t\t<\/div>\n\t\t\t\t<\/div>\n\t\t\t\t\t<\/div>\n\t\t\t\t<\/div>\n\t\t\t\t<\/div>\n\t\t","protected":false},"excerpt":{"rendered":"<p>Opdateret 30. september Hos Addio er vi forpligtet til at beskytte Deres privatliv og sikre sikkerheden af Deres personlige oplysninger. Denne privatlivspolitik beskriver, hvordan vi indsamler, bruger, opbevarer og beskytter de personlige data, vi indsamler gennem vores hjemmeside (https:\/\/addio.eu) og i forbindelse med salg af vores digitale rel\u00e6bokse verden over. Ved at bruge vores tjenester [&hellip;]<\/p>\n","protected":false},"author":3,"featured_media":0,"parent":0,"menu_order":0,"comment_status":"closed","ping_status":"closed","template":"","meta":{"footnotes":""},"class_list":["post-9826","page","type-page","status-publish","hentry"],"yoast_head":"<!-- This site is optimized with the Yoast SEO plugin v26.0 - https:\/\/yoast.com\/wordpress\/plugins\/seo\/ -->\n<title>Privatlivspolitik - Addio Electronics<\/title>\n<meta name=\"robots\" content=\"index, follow, max-snippet:-1, max-image-preview:large, max-video-preview:-1\" \/>\n<link rel=\"canonical\" href=\"https:\/\/addio.eu\/da\/privatlivspolitik\/\" \/>\n<meta property=\"og:locale\" content=\"da_DK\" \/>\n<meta property=\"og:type\" content=\"article\" \/>\n<meta property=\"og:title\" content=\"Privatlivspolitik - Addio Electronics\" \/>\n<meta property=\"og:description\" content=\"Opdateret 30. september Hos Addio er vi forpligtet til at beskytte Deres privatliv og sikre sikkerheden af Deres personlige oplysninger. Denne privatlivspolitik beskriver, hvordan vi indsamler, bruger, opbevarer og beskytter de personlige data, vi indsamler gennem vores hjemmeside (https:\/\/addio.eu) og i forbindelse med salg af vores digitale rel\u00e6bokse verden over. Ved at bruge vores tjenester [&hellip;]\" \/>\n<meta property=\"og:url\" content=\"https:\/\/addio.eu\/da\/privatlivspolitik\/\" \/>\n<meta property=\"og:site_name\" content=\"Addio Electronics\" \/>\n<meta property=\"article:publisher\" content=\"https:\/\/www.facebook.com\/AddioElectronicsAB\/\" \/>\n<meta property=\"article:modified_time\" content=\"2025-10-07T11:35:14+00:00\" \/>\n<meta name=\"twitter:card\" content=\"summary_large_image\" \/>\n<meta name=\"twitter:label1\" content=\"Estimeret l\u00e6setid\" \/>\n\t<meta name=\"twitter:data1\" content=\"5 minut\" \/>\n<script type=\"application\/ld+json\" class=\"yoast-schema-graph\">{\"@context\":\"https:\/\/schema.org\",\"@graph\":[{\"@type\":\"WebPage\",\"@id\":\"https:\/\/addio.eu\/da\/privatlivspolitik\/\",\"url\":\"https:\/\/addio.eu\/da\/privatlivspolitik\/\",\"name\":\"Privatlivspolitik - Addio Electronics\",\"isPartOf\":{\"@id\":\"https:\/\/addio.eu\/da\/#website\"},\"datePublished\":\"2024-10-18T20:08:19+00:00\",\"dateModified\":\"2025-10-07T11:35:14+00:00\",\"breadcrumb\":{\"@id\":\"https:\/\/addio.eu\/da\/privatlivspolitik\/#breadcrumb\"},\"inLanguage\":\"da-DK\",\"potentialAction\":[{\"@type\":\"ReadAction\",\"target\":[\"https:\/\/addio.eu\/da\/privatlivspolitik\/\"]}]},{\"@type\":\"BreadcrumbList\",\"@id\":\"https:\/\/addio.eu\/da\/privatlivspolitik\/#breadcrumb\",\"itemListElement\":[{\"@type\":\"ListItem\",\"position\":1,\"name\":\"Home\",\"item\":\"https:\/\/addio.eu\/da\/addio-forside\/\"},{\"@type\":\"ListItem\",\"position\":2,\"name\":\"Privatlivspolitik\"}]},{\"@type\":\"WebSite\",\"@id\":\"https:\/\/addio.eu\/da\/#website\",\"url\":\"https:\/\/addio.eu\/da\/\",\"name\":\"addio.eu\",\"description\":\"\",\"publisher\":{\"@id\":\"https:\/\/addio.eu\/da\/#organization\"},\"potentialAction\":[{\"@type\":\"SearchAction\",\"target\":{\"@type\":\"EntryPoint\",\"urlTemplate\":\"https:\/\/addio.eu\/da\/?s={search_term_string}\"},\"query-input\":{\"@type\":\"PropertyValueSpecification\",\"valueRequired\":true,\"valueName\":\"search_term_string\"}}],\"inLanguage\":\"da-DK\"},{\"@type\":\"Organization\",\"@id\":\"https:\/\/addio.eu\/da\/#organization\",\"name\":\"Addio elektronik\",\"url\":\"https:\/\/addio.eu\/da\/\",\"logo\":{\"@type\":\"ImageObject\",\"inLanguage\":\"da-DK\",\"@id\":\"https:\/\/addio.eu\/da\/#\/schema\/logo\/image\/\",\"url\":\"https:\/\/addio.eu\/wp-content\/uploads\/2024\/10\/Lager_1-1.svg\",\"contentUrl\":\"https:\/\/addio.eu\/wp-content\/uploads\/2024\/10\/Lager_1-1.svg\",\"caption\":\"Addio elektronik\"},\"image\":{\"@id\":\"https:\/\/addio.eu\/da\/#\/schema\/logo\/image\/\"},\"sameAs\":[\"https:\/\/www.facebook.com\/AddioElectronicsAB\/\",\"https:\/\/www.linkedin.com\/company\/addio-electronics-ab\"]}]}<\/script>\n<!-- \/ Yoast SEO plugin. -->","yoast_head_json":{"title":"Privatlivspolitik - Addio Electronics","robots":{"index":"index","follow":"follow","max-snippet":"max-snippet:-1","max-image-preview":"max-image-preview:large","max-video-preview":"max-video-preview:-1"},"canonical":"https:\/\/addio.eu\/da\/privatlivspolitik\/","og_locale":"da_DK","og_type":"article","og_title":"Privatlivspolitik - Addio Electronics","og_description":"Opdateret 30. september Hos Addio er vi forpligtet til at beskytte Deres privatliv og sikre sikkerheden af Deres personlige oplysninger. Denne privatlivspolitik beskriver, hvordan vi indsamler, bruger, opbevarer og beskytter de personlige data, vi indsamler gennem vores hjemmeside (https:\/\/addio.eu) og i forbindelse med salg af vores digitale rel\u00e6bokse verden over. Ved at bruge vores tjenester [&hellip;]","og_url":"https:\/\/addio.eu\/da\/privatlivspolitik\/","og_site_name":"Addio Electronics","article_publisher":"https:\/\/www.facebook.com\/AddioElectronicsAB\/","article_modified_time":"2025-10-07T11:35:14+00:00","twitter_card":"summary_large_image","twitter_misc":{"Estimeret l\u00e6setid":"5 minut"},"schema":{"@context":"https:\/\/schema.org","@graph":[{"@type":"WebPage","@id":"https:\/\/addio.eu\/da\/privatlivspolitik\/","url":"https:\/\/addio.eu\/da\/privatlivspolitik\/","name":"Privatlivspolitik - Addio Electronics","isPartOf":{"@id":"https:\/\/addio.eu\/da\/#website"},"datePublished":"2024-10-18T20:08:19+00:00","dateModified":"2025-10-07T11:35:14+00:00","breadcrumb":{"@id":"https:\/\/addio.eu\/da\/privatlivspolitik\/#breadcrumb"},"inLanguage":"da-DK","potentialAction":[{"@type":"ReadAction","target":["https:\/\/addio.eu\/da\/privatlivspolitik\/"]}]},{"@type":"BreadcrumbList","@id":"https:\/\/addio.eu\/da\/privatlivspolitik\/#breadcrumb","itemListElement":[{"@type":"ListItem","position":1,"name":"Home","item":"https:\/\/addio.eu\/da\/addio-forside\/"},{"@type":"ListItem","position":2,"name":"Privatlivspolitik"}]},{"@type":"WebSite","@id":"https:\/\/addio.eu\/da\/#website","url":"https:\/\/addio.eu\/da\/","name":"addio.eu","description":"","publisher":{"@id":"https:\/\/addio.eu\/da\/#organization"},"potentialAction":[{"@type":"SearchAction","target":{"@type":"EntryPoint","urlTemplate":"https:\/\/addio.eu\/da\/?s={search_term_string}"},"query-input":{"@type":"PropertyValueSpecification","valueRequired":true,"valueName":"search_term_string"}}],"inLanguage":"da-DK"},{"@type":"Organization","@id":"https:\/\/addio.eu\/da\/#organization","name":"Addio elektronik","url":"https:\/\/addio.eu\/da\/","logo":{"@type":"ImageObject","inLanguage":"da-DK","@id":"https:\/\/addio.eu\/da\/#\/schema\/logo\/image\/","url":"https:\/\/addio.eu\/wp-content\/uploads\/2024\/10\/Lager_1-1.svg","contentUrl":"https:\/\/addio.eu\/wp-content\/uploads\/2024\/10\/Lager_1-1.svg","caption":"Addio elektronik"},"image":{"@id":"https:\/\/addio.eu\/da\/#\/schema\/logo\/image\/"},"sameAs":["https:\/\/www.facebook.com\/AddioElectronicsAB\/","https:\/\/www.linkedin.com\/company\/addio-electronics-ab"]}]}},"_links":{"self":[{"href":"https:\/\/addio.eu\/da\/wp-json\/wp\/v2\/pages\/9826","targetHints":{"allow":["GET"]}}],"collection":[{"href":"https:\/\/addio.eu\/da\/wp-json\/wp\/v2\/pages"}],"about":[{"href":"https:\/\/addio.eu\/da\/wp-json\/wp\/v2\/types\/page"}],"author":[{"embeddable":true,"href":"https:\/\/addio.eu\/da\/wp-json\/wp\/v2\/users\/3"}],"replies":[{"embeddable":true,"href":"https:\/\/addio.eu\/da\/wp-json\/wp\/v2\/comments?post=9826"}],"version-history":[{"count":9,"href":"https:\/\/addio.eu\/da\/wp-json\/wp\/v2\/pages\/9826\/revisions"}],"predecessor-version":[{"id":9900,"href":"https:\/\/addio.eu\/da\/wp-json\/wp\/v2\/pages\/9826\/revisions\/9900"}],"wp:attachment":[{"href":"https:\/\/addio.eu\/da\/wp-json\/wp\/v2\/media?parent=9826"}],"curies":[{"name":"wp","href":"https:\/\/api.w.org\/{rel}","templated":true}]}}