{"id":9010,"date":"2025-04-03T08:20:46","date_gmt":"2025-04-03T08:20:46","guid":{"rendered":"https:\/\/addio.eu\/privatlivspolitik-for-car-electric-ble-remote\/"},"modified":"2025-10-07T11:23:06","modified_gmt":"2025-10-07T11:23:06","slug":"privatlivspolitik-for-car-electric-ble-remote","status":"publish","type":"page","link":"https:\/\/addio.eu\/da\/privatlivspolitik-for-car-electric-ble-remote\/","title":{"rendered":"Privatlivspolitik for &#8220;car electric &#8211; BLE remote&#8221;"},"content":{"rendered":"\t\t<div data-elementor-type=\"wp-page\" data-elementor-id=\"9010\" class=\"elementor elementor-9010 elementor-6270\" data-elementor-post-type=\"page\">\n\t\t\t\t<div class=\"elementor-element elementor-element-0c2cb60 e-flex e-con-boxed e-con e-parent\" data-id=\"0c2cb60\" data-element_type=\"container\">\n\t\t\t\t\t<div class=\"e-con-inner\">\n\t\t\t\t<div class=\"elementor-element elementor-element-758cfa2 elementor-widget elementor-widget-heading\" data-id=\"758cfa2\" data-element_type=\"widget\" data-widget_type=\"heading.default\">\n\t\t\t\t<div class=\"elementor-widget-container\">\n\t\t\t\t\t<h1 class=\"elementor-heading-title elementor-size-default\">Privatlivspolitik for &#8220;car electric &#8211; BLE remote&#8221;<\/h1>\t\t\t\t<\/div>\n\t\t\t\t<\/div>\n\t\t<div class=\"elementor-element elementor-element-1f616ec e-con-full e-flex e-con e-child\" data-id=\"1f616ec\" data-element_type=\"container\">\n\t\t<div class=\"elementor-element elementor-element-8e80135 e-con-full e-flex e-con e-child\" data-id=\"8e80135\" data-element_type=\"container\">\n\t\t\t\t<div class=\"elementor-element elementor-element-17537e1 elementor-widget elementor-widget-text-editor\" data-id=\"17537e1\" data-element_type=\"widget\" data-widget_type=\"text-editor.default\">\n\t\t\t\t<div class=\"elementor-widget-container\">\n\t\t\t\t\t\t\t\t\t<p>Denne applikation er udviklet og vedligeholdt af Addio Electronics AB. Denne applikation indsamler nogle personlige data fra sine brugere. <\/p><p><br>Dette dokument kan udskrives til reference ved at bruge udskriftskommandoen i indstillingerne i enhver browser.<\/p><p><br><b>Politikoversigt<br>Personlige data behandlet til f\u00f8lgende form\u00e5l og ved brug af f\u00f8lgende tjenester:<br>Lokationsbaserede interaktioner<br>Geolokation og ikke-kontinuerlig geolokation<br>Personlige data: geografisk position<\/b><\/p><p><br><b>Fuld politik<br>Addio Electronics AB har bygget Car Electric &#8211; BLE Remote-appen som en gratis app. Denne TJENESTE leveres af Addio Electronics AB uden omkostninger og er beregnet til brug som den er. Desuden er denne app udviklet til de dedikerede kunder, som bruger vores elektroniske produkt kaldet Digital Relay Box.<\/b>  <\/p><p><br>Denne side bruges til at informere bes\u00f8gende om vores politikker vedr\u00f8rende indsamling, brug og videregivelse af personlige oplysninger, hvis nogen beslutter at bruge vores tjeneste.<\/p><p><br>Hvis De v\u00e6lger at bruge vores tjeneste, accepterer De indsamling og brug af oplysninger i forhold til denne politik. De personlige oplysninger, som vi indsamler, bruges til at levere og forbedre tjenesten. Vi vil ikke bruge eller dele Deres oplysninger med nogen undtagen som beskrevet i denne privatlivspolitik.  <\/p><p><br>De termer, der bruges i denne privatlivspolitik, har samme betydninger som i vores vilk\u00e5r og betingelser, som er tilg\u00e6ngelige p\u00e5 Car Electric &#8211; BLE Remote, medmindre andet er defineret i denne privatlivspolitik.<\/p><p><b>Indsamling og brug af oplysninger<br>For en bedre oplevelse kan vi, mens De bruger vores tjeneste, kr\u00e6ve, at De giver os visse personligt identificerbare oplysninger, herunder men ikke begr\u00e6nset til Bluetooth, lager, geolokation. De oplysninger, som vi anmoder om, vil blive bevaret af os og brugt som beskrevet i denne privatlivspolitik.<\/b> <\/p><p><br>Appen bruger tredjepartstjenester, der kan indsamle oplysninger, som bruges til at identificere Dem.<br>Link til privatlivspolitik for tredjepartsudbydere, der bruges af appen<br>https:\/\/policies.google.com\/privacy<\/p><p><br><b>Google play-tjenester<\/b><\/p><p><b>Logdata<br>Vi \u00f8nsker at informere Dem om, at n\u00e5r De bruger vores tjeneste, indsamler vi i tilf\u00e6lde af en fejl i appen data og oplysninger (gennem tredjepartsprodukter) p\u00e5 Deres telefon kaldet logdata. Disse logdata kan omfatte oplysninger som Deres enheds internetprotokol (&#8220;IP&#8221;) adresse, enhedsnavn, operativsystemversion, konfigurationen af appen, n\u00e5r De bruger vores tjeneste, tidspunkt og dato for Deres brug af tjenesten og andre statistikker.<\/b> <\/p><p><b>Cookies<\/b><br>Cookies er filer med en lille m\u00e6ngde data, der almindeligvis bruges som anonyme unikke identifikatorer. Disse sendes til Deres browser fra de websteder, De bes\u00f8ger, og gemmes p\u00e5 Deres enheds interne hukommelse.<br>Denne tjeneste bruger ikke disse &#8220;cookies&#8221; eksplicit. Appen kan dog bruge tredjepartskode og biblioteker, der bruger &#8220;cookies&#8221; til at indsamle oplysninger og forbedre deres tjenester. De har mulighed for enten at acceptere eller afvise disse cookies og vide, hvorn\u00e5r en cookie sendes til Deres enhed. Hvis De v\u00e6lger at afvise vores cookies, kan De muligvis ikke bruge nogle dele af denne tjeneste.    <\/p><p><b>Tjenesteudbydere<br>Vi kan ans\u00e6tte tredjepartsvirksomheder og enkeltpersoner af f\u00f8lgende \u00e5rsager:<br>For at lette vores tjeneste;<br>For at levere tjenesten p\u00e5 vores vegne;<br>For at udf\u00f8re tjenesterelaterede ydelser; eller<br>For at hj\u00e6lpe os med at analysere, hvordan vores tjeneste bruges.<br>Vi \u00f8nsker at informere brugere af denne tjeneste om, at disse tredjeparter har adgang til Deres personlige oplysninger. \u00c5rsagen er at udf\u00f8re de opgaver, der er tildelt dem p\u00e5 vores vegne. De er dog forpligtet til ikke at videregive eller bruge oplysningerne til andre form\u00e5l.<\/b>  <\/p><p><b>Sikkerhed<\/b><br>Vi v\u00e6rds\u00e6tter Deres tillid til at give os Deres personlige oplysninger, derfor str\u00e6ber vi efter at bruge kommercielt acceptable midler til at beskytte dem. Men husk, at ingen metode til transmission over internettet eller metode til elektronisk lagring er 100% sikker og p\u00e5lidelig, og vi kan ikke garantere dens absolutte sikkerhed. <\/p><p><b>Links til andre websteder<br>Denne tjeneste kan indeholde links til andre websteder. Hvis De klikker p\u00e5 et tredjepartslink, vil De blive dirigeret til det p\u00e5g\u00e6ldende websted. Bem\u00e6rk, at disse eksterne websteder ikke drives af os. Derfor anbefaler vi kraftigt, at De gennemg\u00e5r privatlivspolitikken for disse websteder. Vi har ingen kontrol over og p\u00e5tager os intet ansvar for indholdet, privatlivspolitikkerne eller praksisserne p\u00e5 tredjepartswebsteder eller -tjenester.<\/b>    <\/p><p><b>B\u00f8rns privatliv<br>Disse tjenester henvender sig ikke til nogen under 13 \u00e5r. Vi indsamler ikke bevidst personligt identificerbare oplysninger fra b\u00f8rn under 13 \u00e5r. I tilf\u00e6lde af at vi opdager, at et barn under 13 \u00e5r har givet os personlige oplysninger, sletter vi straks dette fra vores servere. Hvis De er for\u00e6lder eller v\u00e6rge, og De er klar over, at Deres barn har givet os personlige oplysninger, bedes De kontakte os, s\u00e5 vi kan foretage de n\u00f8dvendige handlinger.<\/b>   <\/p><p><b>\u00c6ndringer af denne privatlivspolitik<br>Vi kan opdatere vores privatlivspolitik fra tid til anden. Derfor r\u00e5des De til at gennemg\u00e5 denne side periodisk for eventuelle \u00e6ndringer. Vi vil underrette Dem om eventuelle \u00e6ndringer ved at offentligg\u00f8re den nye privatlivspolitik p\u00e5 denne side.<br>Denne politik er g\u00e6ldende fra 2022-02-28<\/b>  <\/p><p><b>Kontakt os<br>Hvis De har sp\u00f8rgsm\u00e5l eller forslag til vores privatlivspolitik, t\u00f8v ikke med at kontakte os p\u00e5 info@addio.eu.<\/b><\/p>\t\t\t\t\t\t\t\t<\/div>\n\t\t\t\t<\/div>\n\t\t\t\t<\/div>\n\t\t<div class=\"elementor-element elementor-element-1c4e995 e-con-full e-flex e-con e-child\" data-id=\"1c4e995\" data-element_type=\"container\">\n\t\t\t\t<div class=\"elementor-element elementor-element-37670bc elementor-icon-list--layout-traditional elementor-list-item-link-full_width elementor-widget elementor-widget-icon-list\" data-id=\"37670bc\" data-element_type=\"widget\" data-widget_type=\"icon-list.default\">\n\t\t\t\t<div class=\"elementor-widget-container\">\n\t\t\t\t\t\t\t<ul class=\"elementor-icon-list-items\">\n\t\t\t\t\t\t\t<li class=\"elementor-icon-list-item\">\n\t\t\t\t\t\t\t\t\t\t\t<a href=\"https:\/\/addio.eu\/cookie-policy\/\">\n\n\t\t\t\t\t\t\t\t\t\t\t\t<span class=\"elementor-icon-list-icon\">\n\t\t\t\t\t\t\t<svg xmlns=\"http:\/\/www.w3.org\/2000\/svg\" width=\"24\" height=\"24\" viewBox=\"0 0 24 24\" fill=\"none\"><path d=\"M17.9199 6.62C17.8185 6.37565 17.6243 6.18147 17.3799 6.08C17.2597 6.02876 17.1306 6.00158 16.9999 6H6.99994C6.73472 6 6.48037 6.10536 6.29283 6.29289C6.1053 6.48043 5.99994 6.73478 5.99994 7C5.99994 7.26522 6.1053 7.51957 6.29283 7.70711C6.48037 7.89464 6.73472 8 6.99994 8H14.5899L6.28994 16.29C6.19621 16.383 6.12182 16.4936 6.07105 16.6154C6.02028 16.7373 5.99414 16.868 5.99414 17C5.99414 17.132 6.02028 17.2627 6.07105 17.3846C6.12182 17.5064 6.19621 17.617 6.28994 17.71C6.3829 17.8037 6.4935 17.8781 6.61536 17.9289C6.73722 17.9797 6.86793 18.0058 6.99994 18.0058C7.13195 18.0058 7.26266 17.9797 7.38452 17.9289C7.50638 17.8781 7.61698 17.8037 7.70994 17.71L15.9999 9.41V17C15.9999 17.2652 16.1053 17.5196 16.2928 17.7071C16.4804 17.8946 16.7347 18 16.9999 18C17.2652 18 17.5195 17.8946 17.707 17.7071C17.8946 17.5196 17.9999 17.2652 17.9999 17V7C17.9984 6.86932 17.9712 6.74022 17.9199 6.62Z\" fill=\"#393939\"><\/path><\/svg>\t\t\t\t\t\t<\/span>\n\t\t\t\t\t\t\t\t\t\t<span class=\"elementor-icon-list-text\">Cookiepolitik<\/span>\n\t\t\t\t\t\t\t\t\t\t\t<\/a>\n\t\t\t\t\t\t\t\t\t<\/li>\n\t\t\t\t\t\t<\/ul>\n\t\t\t\t\t\t<\/div>\n\t\t\t\t<\/div>\n\t\t\t\t<div class=\"elementor-element elementor-element-270a44c elementor-icon-list--layout-traditional elementor-list-item-link-full_width elementor-widget elementor-widget-icon-list\" data-id=\"270a44c\" data-element_type=\"widget\" data-widget_type=\"icon-list.default\">\n\t\t\t\t<div class=\"elementor-widget-container\">\n\t\t\t\t\t\t\t<ul class=\"elementor-icon-list-items\">\n\t\t\t\t\t\t\t<li class=\"elementor-icon-list-item\">\n\t\t\t\t\t\t\t\t\t\t\t<a href=\"https:\/\/addio.eu\/privacy-policy\/\">\n\n\t\t\t\t\t\t\t\t\t\t\t\t<span class=\"elementor-icon-list-icon\">\n\t\t\t\t\t\t\t<svg xmlns=\"http:\/\/www.w3.org\/2000\/svg\" width=\"24\" height=\"24\" viewBox=\"0 0 24 24\" fill=\"none\"><path d=\"M17.9199 6.62C17.8185 6.37565 17.6243 6.18147 17.3799 6.08C17.2597 6.02876 17.1306 6.00158 16.9999 6H6.99994C6.73472 6 6.48037 6.10536 6.29283 6.29289C6.1053 6.48043 5.99994 6.73478 5.99994 7C5.99994 7.26522 6.1053 7.51957 6.29283 7.70711C6.48037 7.89464 6.73472 8 6.99994 8H14.5899L6.28994 16.29C6.19621 16.383 6.12182 16.4936 6.07105 16.6154C6.02028 16.7373 5.99414 16.868 5.99414 17C5.99414 17.132 6.02028 17.2627 6.07105 17.3846C6.12182 17.5064 6.19621 17.617 6.28994 17.71C6.3829 17.8037 6.4935 17.8781 6.61536 17.9289C6.73722 17.9797 6.86793 18.0058 6.99994 18.0058C7.13195 18.0058 7.26266 17.9797 7.38452 17.9289C7.50638 17.8781 7.61698 17.8037 7.70994 17.71L15.9999 9.41V17C15.9999 17.2652 16.1053 17.5196 16.2928 17.7071C16.4804 17.8946 16.7347 18 16.9999 18C17.2652 18 17.5195 17.8946 17.707 17.7071C17.8946 17.5196 17.9999 17.2652 17.9999 17V7C17.9984 6.86932 17.9712 6.74022 17.9199 6.62Z\" fill=\"#393939\"><\/path><\/svg>\t\t\t\t\t\t<\/span>\n\t\t\t\t\t\t\t\t\t\t<span class=\"elementor-icon-list-text\">Privatlivspolitik<\/span>\n\t\t\t\t\t\t\t\t\t\t\t<\/a>\n\t\t\t\t\t\t\t\t\t<\/li>\n\t\t\t\t\t\t<\/ul>\n\t\t\t\t\t\t<\/div>\n\t\t\t\t<\/div>\n\t\t\t\t<div class=\"elementor-element elementor-element-8af7789 elementor-icon-list--layout-traditional elementor-list-item-link-full_width elementor-widget elementor-widget-icon-list\" data-id=\"8af7789\" data-element_type=\"widget\" data-widget_type=\"icon-list.default\">\n\t\t\t\t<div class=\"elementor-widget-container\">\n\t\t\t\t\t\t\t<ul class=\"elementor-icon-list-items\">\n\t\t\t\t\t\t\t<li class=\"elementor-icon-list-item\">\n\t\t\t\t\t\t\t\t\t\t\t<a href=\"https:\/\/addio.eu\/terms-and-conditions\/\">\n\n\t\t\t\t\t\t\t\t\t\t\t\t<span class=\"elementor-icon-list-icon\">\n\t\t\t\t\t\t\t<svg xmlns=\"http:\/\/www.w3.org\/2000\/svg\" width=\"24\" height=\"24\" viewBox=\"0 0 24 24\" fill=\"none\"><path d=\"M17.9199 6.62C17.8185 6.37565 17.6243 6.18147 17.3799 6.08C17.2597 6.02876 17.1306 6.00158 16.9999 6H6.99994C6.73472 6 6.48037 6.10536 6.29283 6.29289C6.1053 6.48043 5.99994 6.73478 5.99994 7C5.99994 7.26522 6.1053 7.51957 6.29283 7.70711C6.48037 7.89464 6.73472 8 6.99994 8H14.5899L6.28994 16.29C6.19621 16.383 6.12182 16.4936 6.07105 16.6154C6.02028 16.7373 5.99414 16.868 5.99414 17C5.99414 17.132 6.02028 17.2627 6.07105 17.3846C6.12182 17.5064 6.19621 17.617 6.28994 17.71C6.3829 17.8037 6.4935 17.8781 6.61536 17.9289C6.73722 17.9797 6.86793 18.0058 6.99994 18.0058C7.13195 18.0058 7.26266 17.9797 7.38452 17.9289C7.50638 17.8781 7.61698 17.8037 7.70994 17.71L15.9999 9.41V17C15.9999 17.2652 16.1053 17.5196 16.2928 17.7071C16.4804 17.8946 16.7347 18 16.9999 18C17.2652 18 17.5195 17.8946 17.707 17.7071C17.8946 17.5196 17.9999 17.2652 17.9999 17V7C17.9984 6.86932 17.9712 6.74022 17.9199 6.62Z\" fill=\"#393939\"><\/path><\/svg>\t\t\t\t\t\t<\/span>\n\t\t\t\t\t\t\t\t\t\t<span class=\"elementor-icon-list-text\">Vilk\u00e5r og betingelser<\/span>\n\t\t\t\t\t\t\t\t\t\t\t<\/a>\n\t\t\t\t\t\t\t\t\t<\/li>\n\t\t\t\t\t\t<\/ul>\n\t\t\t\t\t\t<\/div>\n\t\t\t\t<\/div>\n\t\t\t\t<\/div>\n\t\t\t\t<\/div>\n\t\t\t\t\t<\/div>\n\t\t\t\t<\/div>\n\t\t\t\t<\/div>\n\t\t","protected":false},"excerpt":{"rendered":"<p>Denne applikation er udviklet og vedligeholdt af Addio Electronics AB. Denne applikation indsamler nogle personlige data fra sine brugere. Dette dokument kan udskrives til reference ved at bruge udskriftskommandoen i indstillingerne i enhver browser. PolitikoversigtPersonlige data behandlet til f\u00f8lgende form\u00e5l og ved brug af f\u00f8lgende tjenester:Lokationsbaserede interaktionerGeolokation og ikke-kontinuerlig geolokationPersonlige data: geografisk position Fuld politikAddio [&hellip;]<\/p>\n","protected":false},"author":1,"featured_media":0,"parent":0,"menu_order":0,"comment_status":"closed","ping_status":"closed","template":"","meta":{"footnotes":""},"class_list":["post-9010","page","type-page","status-publish","hentry"],"yoast_head":"<!-- This site is optimized with the Yoast SEO plugin v26.0 - https:\/\/yoast.com\/wordpress\/plugins\/seo\/ -->\n<title>Privatlivspolitik for &quot;car electric - BLE remote&quot; - Addio Electronics<\/title>\n<meta name=\"robots\" content=\"index, follow, max-snippet:-1, max-image-preview:large, max-video-preview:-1\" \/>\n<link rel=\"canonical\" href=\"https:\/\/addio.eu\/da\/privatlivspolitik-for-car-electric-ble-remote\/\" \/>\n<meta property=\"og:locale\" content=\"da_DK\" \/>\n<meta property=\"og:type\" content=\"article\" \/>\n<meta property=\"og:title\" content=\"Privatlivspolitik for &quot;car electric - BLE remote&quot; - Addio Electronics\" \/>\n<meta property=\"og:description\" content=\"Denne applikation er udviklet og vedligeholdt af Addio Electronics AB. Denne applikation indsamler nogle personlige data fra sine brugere. Dette dokument kan udskrives til reference ved at bruge udskriftskommandoen i indstillingerne i enhver browser. PolitikoversigtPersonlige data behandlet til f\u00f8lgende form\u00e5l og ved brug af f\u00f8lgende tjenester:Lokationsbaserede interaktionerGeolokation og ikke-kontinuerlig geolokationPersonlige data: geografisk position Fuld politikAddio [&hellip;]\" \/>\n<meta property=\"og:url\" content=\"https:\/\/addio.eu\/da\/privatlivspolitik-for-car-electric-ble-remote\/\" \/>\n<meta property=\"og:site_name\" content=\"Addio Electronics\" \/>\n<meta property=\"article:publisher\" content=\"https:\/\/www.facebook.com\/AddioElectronicsAB\/\" \/>\n<meta property=\"article:modified_time\" content=\"2025-10-07T11:23:06+00:00\" \/>\n<meta name=\"twitter:card\" content=\"summary_large_image\" \/>\n<meta name=\"twitter:label1\" content=\"Estimeret l\u00e6setid\" \/>\n\t<meta name=\"twitter:data1\" content=\"4 minut\" \/>\n<script type=\"application\/ld+json\" class=\"yoast-schema-graph\">{\"@context\":\"https:\/\/schema.org\",\"@graph\":[{\"@type\":\"WebPage\",\"@id\":\"https:\/\/addio.eu\/da\/privatlivspolitik-for-car-electric-ble-remote\/\",\"url\":\"https:\/\/addio.eu\/da\/privatlivspolitik-for-car-electric-ble-remote\/\",\"name\":\"Privatlivspolitik for \\\"car electric - BLE remote\\\" - Addio Electronics\",\"isPartOf\":{\"@id\":\"https:\/\/addio.eu\/da\/#website\"},\"datePublished\":\"2025-04-03T08:20:46+00:00\",\"dateModified\":\"2025-10-07T11:23:06+00:00\",\"breadcrumb\":{\"@id\":\"https:\/\/addio.eu\/da\/privatlivspolitik-for-car-electric-ble-remote\/#breadcrumb\"},\"inLanguage\":\"da-DK\",\"potentialAction\":[{\"@type\":\"ReadAction\",\"target\":[\"https:\/\/addio.eu\/da\/privatlivspolitik-for-car-electric-ble-remote\/\"]}]},{\"@type\":\"BreadcrumbList\",\"@id\":\"https:\/\/addio.eu\/da\/privatlivspolitik-for-car-electric-ble-remote\/#breadcrumb\",\"itemListElement\":[{\"@type\":\"ListItem\",\"position\":1,\"name\":\"Home\",\"item\":\"https:\/\/addio.eu\/da\/addio-forside\/\"},{\"@type\":\"ListItem\",\"position\":2,\"name\":\"Privatlivspolitik for &#8220;car electric &#8211; BLE remote&#8221;\"}]},{\"@type\":\"WebSite\",\"@id\":\"https:\/\/addio.eu\/da\/#website\",\"url\":\"https:\/\/addio.eu\/da\/\",\"name\":\"addio.eu\",\"description\":\"\",\"publisher\":{\"@id\":\"https:\/\/addio.eu\/da\/#organization\"},\"potentialAction\":[{\"@type\":\"SearchAction\",\"target\":{\"@type\":\"EntryPoint\",\"urlTemplate\":\"https:\/\/addio.eu\/da\/?s={search_term_string}\"},\"query-input\":{\"@type\":\"PropertyValueSpecification\",\"valueRequired\":true,\"valueName\":\"search_term_string\"}}],\"inLanguage\":\"da-DK\"},{\"@type\":\"Organization\",\"@id\":\"https:\/\/addio.eu\/da\/#organization\",\"name\":\"Addio elektronik\",\"url\":\"https:\/\/addio.eu\/da\/\",\"logo\":{\"@type\":\"ImageObject\",\"inLanguage\":\"da-DK\",\"@id\":\"https:\/\/addio.eu\/da\/#\/schema\/logo\/image\/\",\"url\":\"https:\/\/addio.eu\/wp-content\/uploads\/2024\/10\/Lager_1-1.svg\",\"contentUrl\":\"https:\/\/addio.eu\/wp-content\/uploads\/2024\/10\/Lager_1-1.svg\",\"caption\":\"Addio elektronik\"},\"image\":{\"@id\":\"https:\/\/addio.eu\/da\/#\/schema\/logo\/image\/\"},\"sameAs\":[\"https:\/\/www.facebook.com\/AddioElectronicsAB\/\",\"https:\/\/www.linkedin.com\/company\/addio-electronics-ab\"]}]}<\/script>\n<!-- \/ Yoast SEO plugin. -->","yoast_head_json":{"title":"Privatlivspolitik for \"car electric - BLE remote\" - Addio Electronics","robots":{"index":"index","follow":"follow","max-snippet":"max-snippet:-1","max-image-preview":"max-image-preview:large","max-video-preview":"max-video-preview:-1"},"canonical":"https:\/\/addio.eu\/da\/privatlivspolitik-for-car-electric-ble-remote\/","og_locale":"da_DK","og_type":"article","og_title":"Privatlivspolitik for \"car electric - BLE remote\" - Addio Electronics","og_description":"Denne applikation er udviklet og vedligeholdt af Addio Electronics AB. Denne applikation indsamler nogle personlige data fra sine brugere. Dette dokument kan udskrives til reference ved at bruge udskriftskommandoen i indstillingerne i enhver browser. PolitikoversigtPersonlige data behandlet til f\u00f8lgende form\u00e5l og ved brug af f\u00f8lgende tjenester:Lokationsbaserede interaktionerGeolokation og ikke-kontinuerlig geolokationPersonlige data: geografisk position Fuld politikAddio [&hellip;]","og_url":"https:\/\/addio.eu\/da\/privatlivspolitik-for-car-electric-ble-remote\/","og_site_name":"Addio Electronics","article_publisher":"https:\/\/www.facebook.com\/AddioElectronicsAB\/","article_modified_time":"2025-10-07T11:23:06+00:00","twitter_card":"summary_large_image","twitter_misc":{"Estimeret l\u00e6setid":"4 minut"},"schema":{"@context":"https:\/\/schema.org","@graph":[{"@type":"WebPage","@id":"https:\/\/addio.eu\/da\/privatlivspolitik-for-car-electric-ble-remote\/","url":"https:\/\/addio.eu\/da\/privatlivspolitik-for-car-electric-ble-remote\/","name":"Privatlivspolitik for \"car electric - BLE remote\" - Addio Electronics","isPartOf":{"@id":"https:\/\/addio.eu\/da\/#website"},"datePublished":"2025-04-03T08:20:46+00:00","dateModified":"2025-10-07T11:23:06+00:00","breadcrumb":{"@id":"https:\/\/addio.eu\/da\/privatlivspolitik-for-car-electric-ble-remote\/#breadcrumb"},"inLanguage":"da-DK","potentialAction":[{"@type":"ReadAction","target":["https:\/\/addio.eu\/da\/privatlivspolitik-for-car-electric-ble-remote\/"]}]},{"@type":"BreadcrumbList","@id":"https:\/\/addio.eu\/da\/privatlivspolitik-for-car-electric-ble-remote\/#breadcrumb","itemListElement":[{"@type":"ListItem","position":1,"name":"Home","item":"https:\/\/addio.eu\/da\/addio-forside\/"},{"@type":"ListItem","position":2,"name":"Privatlivspolitik for &#8220;car electric &#8211; BLE remote&#8221;"}]},{"@type":"WebSite","@id":"https:\/\/addio.eu\/da\/#website","url":"https:\/\/addio.eu\/da\/","name":"addio.eu","description":"","publisher":{"@id":"https:\/\/addio.eu\/da\/#organization"},"potentialAction":[{"@type":"SearchAction","target":{"@type":"EntryPoint","urlTemplate":"https:\/\/addio.eu\/da\/?s={search_term_string}"},"query-input":{"@type":"PropertyValueSpecification","valueRequired":true,"valueName":"search_term_string"}}],"inLanguage":"da-DK"},{"@type":"Organization","@id":"https:\/\/addio.eu\/da\/#organization","name":"Addio elektronik","url":"https:\/\/addio.eu\/da\/","logo":{"@type":"ImageObject","inLanguage":"da-DK","@id":"https:\/\/addio.eu\/da\/#\/schema\/logo\/image\/","url":"https:\/\/addio.eu\/wp-content\/uploads\/2024\/10\/Lager_1-1.svg","contentUrl":"https:\/\/addio.eu\/wp-content\/uploads\/2024\/10\/Lager_1-1.svg","caption":"Addio elektronik"},"image":{"@id":"https:\/\/addio.eu\/da\/#\/schema\/logo\/image\/"},"sameAs":["https:\/\/www.facebook.com\/AddioElectronicsAB\/","https:\/\/www.linkedin.com\/company\/addio-electronics-ab"]}]}},"_links":{"self":[{"href":"https:\/\/addio.eu\/da\/wp-json\/wp\/v2\/pages\/9010","targetHints":{"allow":["GET"]}}],"collection":[{"href":"https:\/\/addio.eu\/da\/wp-json\/wp\/v2\/pages"}],"about":[{"href":"https:\/\/addio.eu\/da\/wp-json\/wp\/v2\/types\/page"}],"author":[{"embeddable":true,"href":"https:\/\/addio.eu\/da\/wp-json\/wp\/v2\/users\/1"}],"replies":[{"embeddable":true,"href":"https:\/\/addio.eu\/da\/wp-json\/wp\/v2\/comments?post=9010"}],"version-history":[{"count":1,"href":"https:\/\/addio.eu\/da\/wp-json\/wp\/v2\/pages\/9010\/revisions"}],"predecessor-version":[{"id":9011,"href":"https:\/\/addio.eu\/da\/wp-json\/wp\/v2\/pages\/9010\/revisions\/9011"}],"wp:attachment":[{"href":"https:\/\/addio.eu\/da\/wp-json\/wp\/v2\/media?parent=9010"}],"curies":[{"name":"wp","href":"https:\/\/api.w.org\/{rel}","templated":true}]}}