{"id":8417,"date":"2024-10-18T18:10:36","date_gmt":"2024-10-18T18:10:36","guid":{"rendered":"https:\/\/addio.eu\/cookiepolitik\/"},"modified":"2025-10-07T11:16:55","modified_gmt":"2025-10-07T11:16:55","slug":"cookiepolitik","status":"publish","type":"page","link":"https:\/\/addio.eu\/da\/cookiepolitik\/","title":{"rendered":"Cookiepolitik"},"content":{"rendered":"\t\t<div data-elementor-type=\"wp-page\" data-elementor-id=\"8417\" class=\"elementor elementor-8417 elementor-2366\" data-elementor-post-type=\"page\">\n\t\t\t\t<div class=\"elementor-element elementor-element-482efb4 e-flex e-con-boxed e-con e-parent\" data-id=\"482efb4\" data-element_type=\"container\">\n\t\t\t\t\t<div class=\"e-con-inner\">\n\t\t<div class=\"elementor-element elementor-element-4abc206 e-con-full e-flex e-con e-child\" data-id=\"4abc206\" data-element_type=\"container\">\n\t\t<div class=\"elementor-element elementor-element-79a61e0 e-con-full e-flex e-con e-child\" data-id=\"79a61e0\" data-element_type=\"container\">\n\t\t\t\t<div class=\"elementor-element elementor-element-2ef6fc3 elementor-widget elementor-widget-text-editor\" data-id=\"2ef6fc3\" data-element_type=\"widget\" data-widget_type=\"text-editor.default\">\n\t\t\t\t<div class=\"elementor-widget-container\">\n\t\t\t\t\t\t\t\t\t<p><strong>Opdateret 30. september<\/strong><\/p><p><strong>Hos Addio bruger vi cookies og lignende sporingsteknologier p\u00e5 vores hjemmeside (https:\/\/addio.eu) for at forbedre din oplevelse, analysere brugen og sikre, at vores tjenester fungerer effektivt. Denne cookiepolitik forklarer, hvad cookies er, hvordan vi bruger dem, dine valgmuligheder vedr\u00f8rende deres brug, og hvordan du kan administrere dine cookie-pr\u00e6ferencer. <\/strong><\/p><p><strong>1. Hvad er cookies?<\/strong><br>Cookies er sm\u00e5 tekstfiler, der gemmes p\u00e5 din enhed (computer, tablet eller smartphone), n\u00e5r du bes\u00f8ger en hjemmeside. De g\u00f8r det muligt for hjemmesiden at huske dine handlinger og pr\u00e6ferencer (s\u00e5som loginoplysninger, sprog og visningsindstillinger) over en periode, s\u00e5 du ikke beh\u00f8ver at indtaste dem igen, hver gang du bes\u00f8ger siden eller navigerer mellem sider.<br>Der er forskellige typer cookies, som vi bruger p\u00e5 vores hjemmeside, og hver har et specifikt form\u00e5l. <\/p><p><strong>2. Typer af cookies vi bruger<\/strong><br>\n  <strong>2.1 Essentielle cookies<br>Disse cookies er n\u00f8dvendige for, at hjemmesiden kan fungere korrekt. Uden dem vil du muligvis ikke kunne bruge visse funktioner, s\u00e5som at f\u00e5 adgang til sikre omr\u00e5der af hjemmesiden eller gennemf\u00f8re transaktioner. Eksempler omfatter:<\/strong>\n<\/p><ul><li>Sessionsstyringscookies, der g\u00f8r det muligt for dig at logge ind og bruge kundeportalen.<\/li><li>Cookies til at opretholde sikkerheden og integriteten af vores tjenester.<br><br><\/li><\/ul><p><strong>2.2 Ydelses- og analysecookies<\/strong><br>Disse cookies hj\u00e6lper os med at forst\u00e5, hvordan bes\u00f8gende interagerer med vores hjemmeside ved at indsamle information anonymt. Vi bruger disse cookies til at analysere bes\u00f8gendes adf\u00e6rd, spore brugsm\u00f8nstre og forbedre hjemmesidens overordnede funktionalitet og ydeevne. Eksempler omfatter:<\/p><ul><li>Google Analytics-cookies til at spore hjemmesidetrafik og brugstendens.<br><br><\/li><\/ul><p><strong>2.3 Funktionalitetscookies<\/strong><br>Funktionalitetscookies g\u00f8r det muligt for os at huske dine pr\u00e6ferencer og tilbyde personlige funktioner. Disse cookies hj\u00e6lper med at forbedre brugeroplevelsen ved at huske valg, du har foretaget, s\u00e5som sprogindstillinger eller tidligere indk\u00f8bspr\u00e6ferencer. <\/p><p><br><strong>2.4 Reklame- og m\u00e5lretningscookies<br>Disse cookies bruges til at levere relevante annoncer til dig baseret p\u00e5 dine interesser. De sporer dine browsingvaner og g\u00f8r det muligt for os at vise dig m\u00e5lrettede annoncer p\u00e5 vores side eller tredjepartsplatforme. Disse cookies begr\u00e6nser ogs\u00e5 antallet af gange, du ser en annonce, og hj\u00e6lper med at m\u00e5le effektiviteten af vores reklamekampagner.<\/strong>  <\/p><p><strong>2.5 Tredjepartscookies<\/strong><br>Vi kan tillade tredjepartstjenesteudbydere, s\u00e5som Google, at placere cookies p\u00e5 din enhed til analyse- og reklameform\u00e5l. Disse tredjepartscookies er underlagt deres egne privatlivs- og cookiepolitikker, og vi har ikke kontrol over de oplysninger, de indsamler. <\/p><p><strong>3. Hvordan vi bruger cookies<br>Vi bruger cookies af forskellige \u00e5rsager, herunder:<\/strong><\/p><ul><li>At huske dine loginoplysninger og holde dig logget ind.<\/li><li>At lette behandlingen af dine ordrer og sikre vores transaktioners sikkerhed.<\/li><li>At analysere og forbedre vores hjemmesides ydeevne og design.<\/li><li>At forst\u00e5 hvordan brugere interagerer med vores hjemmeside og forbedre brugervenligheden.<\/li><li>At vise personligt indhold og annoncer baseret p\u00e5 din browsingadf\u00e6rd.<br><br><\/li><\/ul><p><strong>4. Dit valg vedr\u00f8rende cookies <\/strong><br>Du har ret til at acceptere eller afvise cookies p\u00e5 vores hjemmeside. Ved dit f\u00f8rste bes\u00f8g p\u00e5 vores hjemmeside vil du blive pr\u00e6senteret for en cookie-samtykkebanner, der giver dig mulighed for at administrere dine pr\u00e6ferencer. <\/p><p><strong>4.1 Administration af cookie-pr\u00e6ferencer<br>Du kan administrere eller deaktivere cookies n\u00e5r som helst ved at justere indstillingerne i din browser. Hver browser har forskellige m\u00e5der at konfigurere cookie-pr\u00e6ferencer p\u00e5. Herunder er links til at administrere cookies i popul\u00e6re browsere:<\/strong>  <\/p><ul><li>Google Chrome<\/li><li><a href=\"https:\/\/support.mozilla.org\/en-US\/kb\/enable-and-disable-cookies-website-preferences\">M<\/a><a href=\"https:\/\/support.mozilla.org\/en-US\/kb\/enable-and-disable-cookies-website-preferences\">ozilla Firefox<\/a><\/li><li><a href=\"https:\/\/support.apple.com\/guide\/safari\/manage-cookies-and-website-data-sfri11471\/mac\">Apple Safari<\/a><\/li><li><a href=\"https:\/\/support.microsoft.com\/en-us\/help\/4027947\/microsoft-edge-delete-cookies\">Microsoft Edge<\/a><\/li><\/ul><p>Bem\u00e6rk venligst, at deaktivering af cookies kan p\u00e5virke funktionaliteten af vores hjemmeside, og du vil muligvis ikke kunne f\u00e5 adgang til visse funktioner. <br>\n  <br>\n    <strong>4.2 Tilbagetr\u00e6kning af cookie-samtykke<br>Hvis du tidligere har givet samtykke til brugen af cookies og \u00f8nsker at tr\u00e6kke dit samtykke tilbage, kan du g\u00f8re dette ved at rydde de cookies, der er gemt i dine browserindstillinger, eller ved at justere dine cookie-pr\u00e6ferencer gennem cookie-indstillingspopup&#8217;en p\u00e5 vores hjemmeside.<\/strong>\n  \n<\/p><p><strong>5. Tredjepartstjenester<\/strong><br>Vi bruger tredjepartstjenesteudbydere s\u00e5som Google Analytics til at hj\u00e6lpe os med at forst\u00e5, hvordan bes\u00f8gende bruger vores hjemmeside. Disse tredjepartstjenester kan ogs\u00e5 bruge cookies til at indsamle anonyme data, s\u00e5som antallet af bes\u00f8gende p\u00e5 siden og popul\u00e6re sider.<br>For mere information om hvordan Google indsamler og behandler data gennem deres cookies, kan du bes\u00f8ge deres privatlivspolitik p\u00e5 <a href=\"https:\/\/policies.google.com\/privacy.\">https:\/\/policies.google.com\/privacy.<\/a> <\/p><p><strong>6. Opdateringer til denne cookiepolitik<\/strong><br>Vi kan opdatere denne cookiepolitik fra tid til anden for at afspejle \u00e6ndringer i vores cookie-brugspraksis eller af juridiske \u00e5rsager. N\u00e5r vi foretager v\u00e6sentlige \u00e6ndringer, vil vi offentligg\u00f8re en opdateret version af denne politik p\u00e5 vores hjemmeside med en revideret ikrafttr\u00e6delsesdato.<br>Vi opfordrer dig til at gennemg\u00e5 denne politik regelm\u00e6ssigt for at holde dig informeret om, hvordan vi bruger cookies og dine relaterede valgmuligheder. <\/p><p><strong>6. Kontakt os <\/strong><br>Hvis du har sp\u00f8rgsm\u00e5l eller bekymringer om vores brug af cookies eller denne cookiepolitik, bedes du kontakte os p\u00e5:<\/p><p><strong>Addio <br>Email: <a href=\"mailto:info@addio.eu\">info@addio.eu<\/a><\/strong><\/p>\t\t\t\t\t\t\t\t<\/div>\n\t\t\t\t<\/div>\n\t\t\t\t<\/div>\n\t\t<div class=\"elementor-element elementor-element-a36d95e e-con-full e-flex e-con e-child\" data-id=\"a36d95e\" data-element_type=\"container\">\n\t\t\t\t<div class=\"elementor-element elementor-element-5cc2df3 elementor-icon-list--layout-traditional elementor-list-item-link-full_width elementor-widget elementor-widget-icon-list\" data-id=\"5cc2df3\" data-element_type=\"widget\" data-widget_type=\"icon-list.default\">\n\t\t\t\t<div class=\"elementor-widget-container\">\n\t\t\t\t\t\t\t<ul class=\"elementor-icon-list-items\">\n\t\t\t\t\t\t\t<li class=\"elementor-icon-list-item\">\n\t\t\t\t\t\t\t\t\t\t\t<span class=\"elementor-icon-list-icon\">\n\t\t\t\t\t\t\t<svg xmlns=\"http:\/\/www.w3.org\/2000\/svg\" width=\"34\" height=\"34\" viewBox=\"0 0 34 34\" fill=\"none\"><g clip-path=\"url(#clip0_102_8520)\"><path d=\"M8.9802 16.6182C8.87917 16.8627 8.87917 17.1373 8.9802 17.3818C9.02898 17.5031 9.10105 17.6136 9.19233 17.7071L16.2634 24.7782C16.4509 24.9657 16.7053 25.0711 16.9705 25.0711C17.2357 25.0711 17.4901 24.9657 17.6776 24.7782C17.8652 24.5906 17.9705 24.3363 17.9705 24.0711C17.9705 23.8058 17.8652 23.5515 17.6776 23.364L12.3107 17.997L24.0416 18.0041C24.1736 18.0046 24.3044 17.979 24.4265 17.9288C24.5485 17.8785 24.6594 17.8046 24.7528 17.7112C24.8461 17.6179 24.9201 17.507 24.9703 17.3849C25.0206 17.2628 25.0462 17.132 25.0457 17C25.0462 16.868 25.0206 16.7372 24.9703 16.6151C24.9201 16.493 24.8461 16.3821 24.7528 16.2888C24.6594 16.1954 24.5485 16.1215 24.4265 16.0712C24.3044 16.021 24.1736 15.9954 24.0416 15.9959L12.3107 16.003L17.6776 10.636C17.8652 10.4485 17.9705 10.1941 17.9705 9.92893C17.9705 9.66371 17.8652 9.40936 17.6776 9.22182C17.4901 9.03429 17.2357 8.92893 16.9705 8.92893C16.7053 8.92893 16.4509 9.03429 16.2634 9.22182L9.19233 16.2929C9.10105 16.3864 9.02898 16.4969 8.9802 16.6182Z\" fill=\"#00DB72\"><\/path><\/g><defs><clipPath id=\"clip0_102_8520\"><rect width=\"24\" height=\"24\" fill=\"white\" transform=\"translate(16.9707 33.9706) rotate(-135)\"><\/rect><\/clipPath><\/defs><\/svg>\t\t\t\t\t\t<\/span>\n\t\t\t\t\t\t\t\t\t\t<span class=\"elementor-icon-list-text\">Cookiepolitik<\/span>\n\t\t\t\t\t\t\t\t\t<\/li>\n\t\t\t\t\t\t<\/ul>\n\t\t\t\t\t\t<\/div>\n\t\t\t\t<\/div>\n\t\t\t\t<div class=\"elementor-element elementor-element-8a5470c elementor-icon-list--layout-traditional elementor-list-item-link-full_width elementor-widget elementor-widget-icon-list\" data-id=\"8a5470c\" data-element_type=\"widget\" data-widget_type=\"icon-list.default\">\n\t\t\t\t<div class=\"elementor-widget-container\">\n\t\t\t\t\t\t\t<ul class=\"elementor-icon-list-items\">\n\t\t\t\t\t\t\t<li class=\"elementor-icon-list-item\">\n\t\t\t\t\t\t\t\t\t\t\t<a href=\"https:\/\/addio.eu\/privacy-policy\/\">\n\n\t\t\t\t\t\t\t\t\t\t\t\t<span class=\"elementor-icon-list-icon\">\n\t\t\t\t\t\t\t<svg xmlns=\"http:\/\/www.w3.org\/2000\/svg\" width=\"24\" height=\"24\" viewBox=\"0 0 24 24\" fill=\"none\"><path d=\"M17.9199 6.62C17.8185 6.37565 17.6243 6.18147 17.3799 6.08C17.2597 6.02876 17.1306 6.00158 16.9999 6H6.99994C6.73472 6 6.48037 6.10536 6.29283 6.29289C6.1053 6.48043 5.99994 6.73478 5.99994 7C5.99994 7.26522 6.1053 7.51957 6.29283 7.70711C6.48037 7.89464 6.73472 8 6.99994 8H14.5899L6.28994 16.29C6.19621 16.383 6.12182 16.4936 6.07105 16.6154C6.02028 16.7373 5.99414 16.868 5.99414 17C5.99414 17.132 6.02028 17.2627 6.07105 17.3846C6.12182 17.5064 6.19621 17.617 6.28994 17.71C6.3829 17.8037 6.4935 17.8781 6.61536 17.9289C6.73722 17.9797 6.86793 18.0058 6.99994 18.0058C7.13195 18.0058 7.26266 17.9797 7.38452 17.9289C7.50638 17.8781 7.61698 17.8037 7.70994 17.71L15.9999 9.41V17C15.9999 17.2652 16.1053 17.5196 16.2928 17.7071C16.4804 17.8946 16.7347 18 16.9999 18C17.2652 18 17.5195 17.8946 17.707 17.7071C17.8946 17.5196 17.9999 17.2652 17.9999 17V7C17.9984 6.86932 17.9712 6.74022 17.9199 6.62Z\" fill=\"#393939\"><\/path><\/svg>\t\t\t\t\t\t<\/span>\n\t\t\t\t\t\t\t\t\t\t<span class=\"elementor-icon-list-text\">Privatlivspolitik<\/span>\n\t\t\t\t\t\t\t\t\t\t\t<\/a>\n\t\t\t\t\t\t\t\t\t<\/li>\n\t\t\t\t\t\t<\/ul>\n\t\t\t\t\t\t<\/div>\n\t\t\t\t<\/div>\n\t\t\t\t<div class=\"elementor-element elementor-element-4fc5578 elementor-icon-list--layout-traditional elementor-list-item-link-full_width elementor-widget elementor-widget-icon-list\" data-id=\"4fc5578\" data-element_type=\"widget\" data-widget_type=\"icon-list.default\">\n\t\t\t\t<div class=\"elementor-widget-container\">\n\t\t\t\t\t\t\t<ul class=\"elementor-icon-list-items\">\n\t\t\t\t\t\t\t<li class=\"elementor-icon-list-item\">\n\t\t\t\t\t\t\t\t\t\t\t<a href=\"https:\/\/addio.eu\/terms-and-conditions\/\">\n\n\t\t\t\t\t\t\t\t\t\t\t\t<span class=\"elementor-icon-list-icon\">\n\t\t\t\t\t\t\t<svg xmlns=\"http:\/\/www.w3.org\/2000\/svg\" width=\"24\" height=\"24\" viewBox=\"0 0 24 24\" fill=\"none\"><path d=\"M17.9199 6.62C17.8185 6.37565 17.6243 6.18147 17.3799 6.08C17.2597 6.02876 17.1306 6.00158 16.9999 6H6.99994C6.73472 6 6.48037 6.10536 6.29283 6.29289C6.1053 6.48043 5.99994 6.73478 5.99994 7C5.99994 7.26522 6.1053 7.51957 6.29283 7.70711C6.48037 7.89464 6.73472 8 6.99994 8H14.5899L6.28994 16.29C6.19621 16.383 6.12182 16.4936 6.07105 16.6154C6.02028 16.7373 5.99414 16.868 5.99414 17C5.99414 17.132 6.02028 17.2627 6.07105 17.3846C6.12182 17.5064 6.19621 17.617 6.28994 17.71C6.3829 17.8037 6.4935 17.8781 6.61536 17.9289C6.73722 17.9797 6.86793 18.0058 6.99994 18.0058C7.13195 18.0058 7.26266 17.9797 7.38452 17.9289C7.50638 17.8781 7.61698 17.8037 7.70994 17.71L15.9999 9.41V17C15.9999 17.2652 16.1053 17.5196 16.2928 17.7071C16.4804 17.8946 16.7347 18 16.9999 18C17.2652 18 17.5195 17.8946 17.707 17.7071C17.8946 17.5196 17.9999 17.2652 17.9999 17V7C17.9984 6.86932 17.9712 6.74022 17.9199 6.62Z\" fill=\"#393939\"><\/path><\/svg>\t\t\t\t\t\t<\/span>\n\t\t\t\t\t\t\t\t\t\t<span class=\"elementor-icon-list-text\">Vilk\u00e5r og betingelser<\/span>\n\t\t\t\t\t\t\t\t\t\t\t<\/a>\n\t\t\t\t\t\t\t\t\t<\/li>\n\t\t\t\t\t\t<\/ul>\n\t\t\t\t\t\t<\/div>\n\t\t\t\t<\/div>\n\t\t\t\t<\/div>\n\t\t\t\t<\/div>\n\t\t\t\t\t<\/div>\n\t\t\t\t<\/div>\n\t\t\t\t<\/div>\n\t\t","protected":false},"excerpt":{"rendered":"<p>Opdateret 30. september Hos Addio bruger vi cookies og lignende sporingsteknologier p\u00e5 vores hjemmeside (https:\/\/addio.eu) for at forbedre din oplevelse, analysere brugen og sikre, at vores tjenester fungerer effektivt. Denne cookiepolitik forklarer, hvad cookies er, hvordan vi bruger dem, dine valgmuligheder vedr\u00f8rende deres brug, og hvordan du kan administrere dine cookie-pr\u00e6ferencer. 1. Hvad er cookies?Cookies [&hellip;]<\/p>\n","protected":false},"author":3,"featured_media":0,"parent":0,"menu_order":0,"comment_status":"closed","ping_status":"closed","template":"","meta":{"footnotes":""},"class_list":["post-8417","page","type-page","status-publish","hentry"],"yoast_head":"<!-- This site is optimized with the Yoast SEO plugin v26.0 - https:\/\/yoast.com\/wordpress\/plugins\/seo\/ -->\n<title>Cookiepolitik - Addio Electronics<\/title>\n<meta name=\"robots\" content=\"index, follow, max-snippet:-1, max-image-preview:large, max-video-preview:-1\" \/>\n<link rel=\"canonical\" href=\"https:\/\/addio.eu\/da\/cookiepolitik\/\" \/>\n<meta property=\"og:locale\" content=\"da_DK\" \/>\n<meta property=\"og:type\" content=\"article\" \/>\n<meta property=\"og:title\" content=\"Cookiepolitik - Addio Electronics\" \/>\n<meta property=\"og:description\" content=\"Opdateret 30. september Hos Addio bruger vi cookies og lignende sporingsteknologier p\u00e5 vores hjemmeside (https:\/\/addio.eu) for at forbedre din oplevelse, analysere brugen og sikre, at vores tjenester fungerer effektivt. Denne cookiepolitik forklarer, hvad cookies er, hvordan vi bruger dem, dine valgmuligheder vedr\u00f8rende deres brug, og hvordan du kan administrere dine cookie-pr\u00e6ferencer. 1. Hvad er cookies?Cookies [&hellip;]\" \/>\n<meta property=\"og:url\" content=\"https:\/\/addio.eu\/da\/cookiepolitik\/\" \/>\n<meta property=\"og:site_name\" content=\"Addio Electronics\" \/>\n<meta property=\"article:publisher\" content=\"https:\/\/www.facebook.com\/AddioElectronicsAB\/\" \/>\n<meta property=\"article:modified_time\" content=\"2025-10-07T11:16:55+00:00\" \/>\n<meta name=\"twitter:card\" content=\"summary_large_image\" \/>\n<meta name=\"twitter:label1\" content=\"Estimeret l\u00e6setid\" \/>\n\t<meta name=\"twitter:data1\" content=\"4 minut\" \/>\n<script type=\"application\/ld+json\" class=\"yoast-schema-graph\">{\"@context\":\"https:\/\/schema.org\",\"@graph\":[{\"@type\":\"WebPage\",\"@id\":\"https:\/\/addio.eu\/da\/cookiepolitik\/\",\"url\":\"https:\/\/addio.eu\/da\/cookiepolitik\/\",\"name\":\"Cookiepolitik - Addio Electronics\",\"isPartOf\":{\"@id\":\"https:\/\/addio.eu\/da\/#website\"},\"datePublished\":\"2024-10-18T18:10:36+00:00\",\"dateModified\":\"2025-10-07T11:16:55+00:00\",\"breadcrumb\":{\"@id\":\"https:\/\/addio.eu\/da\/cookiepolitik\/#breadcrumb\"},\"inLanguage\":\"da-DK\",\"potentialAction\":[{\"@type\":\"ReadAction\",\"target\":[\"https:\/\/addio.eu\/da\/cookiepolitik\/\"]}]},{\"@type\":\"BreadcrumbList\",\"@id\":\"https:\/\/addio.eu\/da\/cookiepolitik\/#breadcrumb\",\"itemListElement\":[{\"@type\":\"ListItem\",\"position\":1,\"name\":\"Home\",\"item\":\"https:\/\/addio.eu\/da\/addio-forside\/\"},{\"@type\":\"ListItem\",\"position\":2,\"name\":\"Cookiepolitik\"}]},{\"@type\":\"WebSite\",\"@id\":\"https:\/\/addio.eu\/da\/#website\",\"url\":\"https:\/\/addio.eu\/da\/\",\"name\":\"addio.eu\",\"description\":\"\",\"publisher\":{\"@id\":\"https:\/\/addio.eu\/da\/#organization\"},\"potentialAction\":[{\"@type\":\"SearchAction\",\"target\":{\"@type\":\"EntryPoint\",\"urlTemplate\":\"https:\/\/addio.eu\/da\/?s={search_term_string}\"},\"query-input\":{\"@type\":\"PropertyValueSpecification\",\"valueRequired\":true,\"valueName\":\"search_term_string\"}}],\"inLanguage\":\"da-DK\"},{\"@type\":\"Organization\",\"@id\":\"https:\/\/addio.eu\/da\/#organization\",\"name\":\"Addio elektronik\",\"url\":\"https:\/\/addio.eu\/da\/\",\"logo\":{\"@type\":\"ImageObject\",\"inLanguage\":\"da-DK\",\"@id\":\"https:\/\/addio.eu\/da\/#\/schema\/logo\/image\/\",\"url\":\"https:\/\/addio.eu\/wp-content\/uploads\/2024\/10\/Lager_1-1.svg\",\"contentUrl\":\"https:\/\/addio.eu\/wp-content\/uploads\/2024\/10\/Lager_1-1.svg\",\"caption\":\"Addio elektronik\"},\"image\":{\"@id\":\"https:\/\/addio.eu\/da\/#\/schema\/logo\/image\/\"},\"sameAs\":[\"https:\/\/www.facebook.com\/AddioElectronicsAB\/\",\"https:\/\/www.linkedin.com\/company\/addio-electronics-ab\"]}]}<\/script>\n<!-- \/ Yoast SEO plugin. -->","yoast_head_json":{"title":"Cookiepolitik - Addio Electronics","robots":{"index":"index","follow":"follow","max-snippet":"max-snippet:-1","max-image-preview":"max-image-preview:large","max-video-preview":"max-video-preview:-1"},"canonical":"https:\/\/addio.eu\/da\/cookiepolitik\/","og_locale":"da_DK","og_type":"article","og_title":"Cookiepolitik - Addio Electronics","og_description":"Opdateret 30. september Hos Addio bruger vi cookies og lignende sporingsteknologier p\u00e5 vores hjemmeside (https:\/\/addio.eu) for at forbedre din oplevelse, analysere brugen og sikre, at vores tjenester fungerer effektivt. Denne cookiepolitik forklarer, hvad cookies er, hvordan vi bruger dem, dine valgmuligheder vedr\u00f8rende deres brug, og hvordan du kan administrere dine cookie-pr\u00e6ferencer. 1. Hvad er cookies?Cookies [&hellip;]","og_url":"https:\/\/addio.eu\/da\/cookiepolitik\/","og_site_name":"Addio Electronics","article_publisher":"https:\/\/www.facebook.com\/AddioElectronicsAB\/","article_modified_time":"2025-10-07T11:16:55+00:00","twitter_card":"summary_large_image","twitter_misc":{"Estimeret l\u00e6setid":"4 minut"},"schema":{"@context":"https:\/\/schema.org","@graph":[{"@type":"WebPage","@id":"https:\/\/addio.eu\/da\/cookiepolitik\/","url":"https:\/\/addio.eu\/da\/cookiepolitik\/","name":"Cookiepolitik - Addio Electronics","isPartOf":{"@id":"https:\/\/addio.eu\/da\/#website"},"datePublished":"2024-10-18T18:10:36+00:00","dateModified":"2025-10-07T11:16:55+00:00","breadcrumb":{"@id":"https:\/\/addio.eu\/da\/cookiepolitik\/#breadcrumb"},"inLanguage":"da-DK","potentialAction":[{"@type":"ReadAction","target":["https:\/\/addio.eu\/da\/cookiepolitik\/"]}]},{"@type":"BreadcrumbList","@id":"https:\/\/addio.eu\/da\/cookiepolitik\/#breadcrumb","itemListElement":[{"@type":"ListItem","position":1,"name":"Home","item":"https:\/\/addio.eu\/da\/addio-forside\/"},{"@type":"ListItem","position":2,"name":"Cookiepolitik"}]},{"@type":"WebSite","@id":"https:\/\/addio.eu\/da\/#website","url":"https:\/\/addio.eu\/da\/","name":"addio.eu","description":"","publisher":{"@id":"https:\/\/addio.eu\/da\/#organization"},"potentialAction":[{"@type":"SearchAction","target":{"@type":"EntryPoint","urlTemplate":"https:\/\/addio.eu\/da\/?s={search_term_string}"},"query-input":{"@type":"PropertyValueSpecification","valueRequired":true,"valueName":"search_term_string"}}],"inLanguage":"da-DK"},{"@type":"Organization","@id":"https:\/\/addio.eu\/da\/#organization","name":"Addio elektronik","url":"https:\/\/addio.eu\/da\/","logo":{"@type":"ImageObject","inLanguage":"da-DK","@id":"https:\/\/addio.eu\/da\/#\/schema\/logo\/image\/","url":"https:\/\/addio.eu\/wp-content\/uploads\/2024\/10\/Lager_1-1.svg","contentUrl":"https:\/\/addio.eu\/wp-content\/uploads\/2024\/10\/Lager_1-1.svg","caption":"Addio elektronik"},"image":{"@id":"https:\/\/addio.eu\/da\/#\/schema\/logo\/image\/"},"sameAs":["https:\/\/www.facebook.com\/AddioElectronicsAB\/","https:\/\/www.linkedin.com\/company\/addio-electronics-ab"]}]}},"_links":{"self":[{"href":"https:\/\/addio.eu\/da\/wp-json\/wp\/v2\/pages\/8417","targetHints":{"allow":["GET"]}}],"collection":[{"href":"https:\/\/addio.eu\/da\/wp-json\/wp\/v2\/pages"}],"about":[{"href":"https:\/\/addio.eu\/da\/wp-json\/wp\/v2\/types\/page"}],"author":[{"embeddable":true,"href":"https:\/\/addio.eu\/da\/wp-json\/wp\/v2\/users\/3"}],"replies":[{"embeddable":true,"href":"https:\/\/addio.eu\/da\/wp-json\/wp\/v2\/comments?post=8417"}],"version-history":[{"count":1,"href":"https:\/\/addio.eu\/da\/wp-json\/wp\/v2\/pages\/8417\/revisions"}],"predecessor-version":[{"id":8418,"href":"https:\/\/addio.eu\/da\/wp-json\/wp\/v2\/pages\/8417\/revisions\/8418"}],"wp:attachment":[{"href":"https:\/\/addio.eu\/da\/wp-json\/wp\/v2\/media?parent=8417"}],"curies":[{"name":"wp","href":"https:\/\/api.w.org\/{rel}","templated":true}]}}